{"id":335409,"date":"2022-11-01T16:45:02","date_gmt":"2024-04-19T08:13:21","guid":{"rendered":"https:\/\/www.moskito.cz\/produkt\/pevny-noz-cold-steel-counter-tac-ii\/"},"modified":"2025-05-07T11:12:28","modified_gmt":"2025-05-07T10:12:28","slug":"pevny-noz-cold-steel-counter-tac-ii","status":"publish","type":"product","link":"https:\/\/www.moskito.cz\/sk\/produkt\/pevny-noz-cold-steel-counter-tac-ii\/","title":{"rendered":"Pevn\u00fd N\u00f4\u017e Cold Steel COUNTER TAC II"},"content":{"rendered":"<p>Pevn\u00fd N\u00f4\u017e <strong>Cold Steel<\/strong> COUNTER TAC II.<\/p>\n<p>Na\u0161e botov\u00e9 no\u017ee Counter TAC boli navrhnut\u00e9 s oh\u013eadom na jednoduch\u00fa filozofiu. Funk\u010dnos\u0165. Jednoducho &#8211; funguj\u00fa a vynikaj\u00fa v tom, \u010do robia! Ich ostr\u00e9 \u010depele AUS 8A s plnou \u0161pi\u010dkou s\u00fa v\u00e1kuovo tepelne spracovan\u00e9 a kalen\u00e9 pod nulou pre pevnos\u0165 a odolnos\u0165. Ergonomick\u00fd dizajn rukov\u00e4te Kray-Ex\u2122 je pohodln\u00fd a prisp\u00f4sobite\u013en\u00fd ka\u017ed\u00e9mu \u00fachopu a hlboko \u0161trukt\u00farovan\u00fd povrch a dvojit\u00fd kryt zaist\u00ed, \u017ee v\u00e1m n\u00f4\u017e za \u017eiadnych okolnost\u00ed nevyk\u013azne z ruky. Nakoniec je ka\u017ed\u00fd Counter TAC dod\u00e1van\u00fd s najmodernej\u0161\u00edm puzdrom Secure-Ex, doplnen\u00fdm odn\u00edmate\u013enou sponou na top\u00e1nky\/opasok a priv\u00e4zovac\u00edmi otvormi, tak\u017ee ho m\u00f4\u017eete nosi\u0165 prakticky kdeko\u013evek.<\/p>\n<p>PARAMETRE PRODUKTU<br \/>\nCelkov\u00e1 ve\u013ekos\u0165: 171,45 mm<br \/>\nMateri\u00e1l rukov\u00e4te: Long Kray-Ex\u2122<br \/>\nOce\u013e: Japanese AUS 8A Stainless with Stone Washed Finish<br \/>\nD\u013a\u017eka rukov\u00e4te: 114,3 mm<br \/>\nD\u013a\u017eka \u010depele: 85,7 mm<br \/>\nFarba: \u010cierna\/Strieborn\u00e1<br \/>\nHmotnos\u0165: 59,5 g<br \/>\nHr\u00fabka \u010depele: 4 mm<br \/>\nMateri\u00e1l puzdra: Secure-Ex \u2122 Sheath<\/p>\n","protected":false},"excerpt":{"rendered":"<p>Pevn\u00e9 no\u017ee Counter TAC od firmy COLD STEEL s\u00fa ur\u010den\u00e9 predov\u0161etk\u00fdm na skryt\u00e9 nosenie v top\u00e1nke.<\/p>\n","protected":false},"featured_media":229083,"comment_status":"open","ping_status":"closed","template":"","meta":[],"pwb-brand":[3598],"product_brand":[],"product_cat":[3186,3187],"product_tag":[],"class_list":{"0":"post-335409","1":"product","2":"type-product","3":"status-publish","4":"has-post-thumbnail","6":"pwb-brand-cold-steel-sk","7":"product_cat-noze-sk","8":"product_cat-pevne-noze-sk","10":"first","11":"outofstock","12":"taxable","13":"shipping-taxable","14":"purchasable","15":"product-type-simple"},"brands":[{"id":3598,"name":"Cold Steel","slug":"cold-steel-sk"}],"_links":{"self":[{"href":"https:\/\/www.moskito.cz\/sk\/wp-json\/wp\/v2\/product\/335409","targetHints":{"allow":["GET"]}}],"collection":[{"href":"https:\/\/www.moskito.cz\/sk\/wp-json\/wp\/v2\/product"}],"about":[{"href":"https:\/\/www.moskito.cz\/sk\/wp-json\/wp\/v2\/types\/product"}],"replies":[{"embeddable":true,"href":"https:\/\/www.moskito.cz\/sk\/wp-json\/wp\/v2\/comments?post=335409"}],"wp:featuredmedia":[{"embeddable":true,"href":"https:\/\/www.moskito.cz\/sk\/wp-json\/wp\/v2\/media\/229083"}],"wp:attachment":[{"href":"https:\/\/www.moskito.cz\/sk\/wp-json\/wp\/v2\/media?parent=335409"}],"wp:term":[{"taxonomy":"pwb-brand","embeddable":true,"href":"https:\/\/www.moskito.cz\/sk\/wp-json\/wp\/v2\/pwb-brand?post=335409"},{"taxonomy":"product_brand","embeddable":true,"href":"https:\/\/www.moskito.cz\/sk\/wp-json\/wp\/v2\/product_brand?post=335409"},{"taxonomy":"product_cat","embeddable":true,"href":"https:\/\/www.moskito.cz\/sk\/wp-json\/wp\/v2\/product_cat?post=335409"},{"taxonomy":"product_tag","embeddable":true,"href":"https:\/\/www.moskito.cz\/sk\/wp-json\/wp\/v2\/product_tag?post=335409"}],"curies":[{"name":"wp","href":"https:\/\/api.w.org\/{rel}","templated":true}]}}