{"id":335445,"date":"2022-11-07T13:43:09","date_gmt":"2022-11-07T12:43:09","guid":{"rendered":"https:\/\/www.moskito.cz\/produkt\/pevny-noz-cold-steel-leatherneck-sf\/"},"modified":"2025-05-07T11:12:30","modified_gmt":"2025-05-07T10:12:30","slug":"pevny-noz-cold-steel-leatherneck-sf","status":"publish","type":"product","link":"https:\/\/www.moskito.cz\/sk\/produkt\/pevny-noz-cold-steel-leatherneck-sf\/","title":{"rendered":"Pevn\u00fd N\u00f4\u017e Cold Steel LEATHERNECK SF"},"content":{"rendered":"<p>Pevn\u00fd N\u00f4\u017e <strong>Cold Steel<\/strong> LEATHERNECK SF.<\/p>\n<p>Rad Cold Steel Leatherneck sa sklad\u00e1 z dvoch odli\u0161n\u00fdch a ikonick\u00fdch \u0161t\u00fdlov \u010depel\u00ed, z ktor\u00fdch obaja sa uk\u00e1zali ako mimoriadne ob\u013e\u00faben\u00e9 u na\u0161ich bratov a sestier v ozbrojen\u00fdch sil\u00e1ch: Leatherneck-SF (pre Semper-Fi) m\u00e1 kr\u00e1snu ru\u010dne br\u00fasen\u00fa \u0161ab\u013eu. br\u00fasen\u00e1 \u010depe\u013e Clip Point a Leatherneck Tanto s\u00fa vybaven\u00e9 na\u0161ou typickou \u010depe\u013eou Cold Steel &#8222;American Tanto&#8220; s pevnou zosilnenou \u0161pi\u010dkou pre extra pevnos\u0165. Oba s\u00fa vyroben\u00e9 z h\u00fa\u017eevnatej n\u00e1strojovej ocele D2 s nereflexn\u00fdm \u010diernym pr\u00e1\u0161kov\u00fdm lakom. Aby prsty pou\u017e\u00edvate\u013ea nesk\u013azli dopredu na ich ostr\u00fd okraj, Leathernecks s\u00fa dod\u00e1van\u00e9 s pevn\u00fdm oce\u013eov\u00fdm dvojit\u00fdm quillonov\u00fdm chr\u00e1ni\u010dom. Rukov\u00e4te s\u00fa vyroben\u00e9 z hlboko kockovan\u00e9ho Kray-Ex\u2122, ktor\u00fd \u00faplne pokr\u00fdva extra \u0161irok\u00e9 a pln\u00e9 ko\u017een\u00e9 krky. Rukov\u00e4\u0165 Leatherneck je zakon\u010den\u00e1 silnou, obroben\u00e1 oce\u013eov\u00e1 p\u00e4tka (nie lacn\u00fd odliatok alebo plast ako niektor\u00e9 in\u00e9 na trhu), tak\u017ee m\u00f4\u017eu v pr\u00edpade n\u00fadze fungova\u0165 aj ako kladivo! Na bezpe\u010dn\u00e9 a pohodln\u00e9 nosenie no\u017eov Leatherneck je ka\u017ed\u00e1 \u010depe\u013e dod\u00e1van\u00e1 s pevn\u00fdm a v\u0161estrann\u00fdm puzdrom Secure-Ex vo vojenskom \u0161t\u00fdle s plne odn\u00edmate\u013en\u00fdm a obojstrann\u00fdm p\u00fatkom na opasok.<\/p>\n<p>PARAMETRE PRODUKTU<br \/>\nHr\u00fabka \u010depele: 5 mm<br \/>\nD\u013a\u017eka rukov\u00e4te: 123 mm<br \/>\nCelkov\u00e1 ve\u013ekos\u0165: 300 mm<br \/>\nHmotnos\u0165: 331,68 g<br \/>\nD\u013a\u017eka \u010depele: 177 mm<br \/>\nFarba: \u010cierna<br \/>\nMateri\u00e1l rukov\u00e4te: Long Griv-Ex\u2122<br \/>\nOce\u013e: German D2 Steel with Black Powder Coating<\/p>\n<p>&nbsp;<\/p>\n","protected":false},"excerpt":{"rendered":"<p>Leatherneck-SF od firmy COLD STEEL je po\u013en\u00fd n\u00f4\u017e s pevnou \u010depe\u013eou. SF v ozna\u010den\u00ed no\u017ea je skratka Semper Fi (heslo americk\u00fdch mari\u0148\u00e1kov &#8222;V\u017edy vern\u00fd&#8220;)<\/p>\n","protected":false},"featured_media":229602,"comment_status":"open","ping_status":"closed","template":"","meta":[],"pwb-brand":[3598],"product_brand":[],"product_cat":[3187,3186],"product_tag":[],"class_list":{"0":"post-335445","1":"product","2":"type-product","3":"status-publish","4":"has-post-thumbnail","6":"pwb-brand-cold-steel-sk","7":"product_cat-pevne-noze-sk","8":"product_cat-noze-sk","10":"first","11":"instock","12":"taxable","13":"shipping-taxable","14":"purchasable","15":"product-type-simple"},"brands":[{"id":3598,"name":"Cold Steel","slug":"cold-steel-sk"}],"_links":{"self":[{"href":"https:\/\/www.moskito.cz\/sk\/wp-json\/wp\/v2\/product\/335445","targetHints":{"allow":["GET"]}}],"collection":[{"href":"https:\/\/www.moskito.cz\/sk\/wp-json\/wp\/v2\/product"}],"about":[{"href":"https:\/\/www.moskito.cz\/sk\/wp-json\/wp\/v2\/types\/product"}],"replies":[{"embeddable":true,"href":"https:\/\/www.moskito.cz\/sk\/wp-json\/wp\/v2\/comments?post=335445"}],"wp:featuredmedia":[{"embeddable":true,"href":"https:\/\/www.moskito.cz\/sk\/wp-json\/wp\/v2\/media\/229602"}],"wp:attachment":[{"href":"https:\/\/www.moskito.cz\/sk\/wp-json\/wp\/v2\/media?parent=335445"}],"wp:term":[{"taxonomy":"pwb-brand","embeddable":true,"href":"https:\/\/www.moskito.cz\/sk\/wp-json\/wp\/v2\/pwb-brand?post=335445"},{"taxonomy":"product_brand","embeddable":true,"href":"https:\/\/www.moskito.cz\/sk\/wp-json\/wp\/v2\/product_brand?post=335445"},{"taxonomy":"product_cat","embeddable":true,"href":"https:\/\/www.moskito.cz\/sk\/wp-json\/wp\/v2\/product_cat?post=335445"},{"taxonomy":"product_tag","embeddable":true,"href":"https:\/\/www.moskito.cz\/sk\/wp-json\/wp\/v2\/product_tag?post=335445"}],"curies":[{"name":"wp","href":"https:\/\/api.w.org\/{rel}","templated":true}]}}