{"id":335452,"date":"2022-11-02T19:22:48","date_gmt":"2022-11-02T18:22:48","guid":{"rendered":"https:\/\/www.moskito.cz\/produkt\/zatvaraci-noz-cold-steel-large-espada-s35vn\/"},"modified":"2025-05-07T11:12:31","modified_gmt":"2025-05-07T10:12:31","slug":"zatvaraci-noz-cold-steel-large-espada-s35vn","status":"publish","type":"product","link":"https:\/\/www.moskito.cz\/sk\/produkt\/zatvaraci-noz-cold-steel-large-espada-s35vn\/","title":{"rendered":"Zatv\u00e1rac\u00ed N\u00f4\u017e Cold Steel LARGE ESPADA (S35VN)"},"content":{"rendered":"<p>Zatv\u00e1rac\u00ed N\u00f4\u017e <strong>Cold Steel<\/strong> LARGE ESPADA (S35VN).<\/p>\n<p>Nikdy sme sa neb\u00e1li poru\u0161i\u0165 konvencie. To je d\u00f4vod, pre\u010do, ke\u010f v\u0161etci ostatn\u00ed v na\u0161om odbore vyrobili tie najmen\u0161ie, najchudobnej\u0161ie a najjemnej\u0161ie mal\u00e9 no\u017ee, ak\u00e9 mohli, vydali sme s\u00e9riu \u010depel\u00ed, ktor\u00e9 by sa dali pop\u00edsa\u0165 iba ako jedna vec \u2013 vreckov\u00e9 me\u010de! Cold Steel Espada bola in\u0161pirovan\u00e1 klasickou Navajou. no\u017ee zo \u0160panielska, ale bol \u00faplne modern\u00fd ako vzh\u013eadom, tak materi\u00e1ly. Tieto mega-zlo\u017eky vzali trh \u00fatokom! Na\u0161a Espada vznikli v spolupr\u00e1ci medzi z\u00e1kazkov\u00fdm v\u00fdrobcom no\u017eov Andrewom Demkom a prezidentom Cold Steel Lynn C. Thompsonom a s\u00fa k dispoz\u00edcii v dvoch ve\u013ekostiach, aby vyhovovali ako odv\u00e1\u017enym, tak aj t\u00fdm najodv\u00e1\u017enej\u0161\u00edm jedincom! Napriek svojej impozantnej ve\u013ekosti s\u00fa na\u0161e Espada odborne navrhnut\u00e9 tak, aby sa pohodlne a diskr\u00e9tne zmestili do v\u00e1\u0161ho vrecka. \u010coskoro zabudnete, \u017ee nos\u00edte tak\u00fa ve\u013ek\u00fa a p\u00f4sobiv\u00fa \u010depe\u013e. Ve\u013ek\u00e9 a extra ve\u013ek\u00e9 espady, vybaven\u00e9 patentovanou do\u0161ti\u010dkou Demko Thumb Plate, je mo\u017en\u00e9 uchopi\u0165 do vrecka, otvori\u0165 n\u00f4\u017e, ke\u010f ho vytiahnete \u2013 a otvori\u0165 v okamihu oka! N\u00e1dhern\u00e9 \u010depele Espada s\u00fa vyroben\u00e9 z prvotriednej americkej zliatinovej ocele S35VN &#8211; vybran\u00e9 pre svoju schopnos\u0165 nielen zauja\u0165 super jemn\u00fa rezn\u00fa hranu, ale udr\u017ea\u0165 ju po v\u00fdnimo\u010dne dlh\u00fa dobu. Vyzna\u010duj\u00fa sa tie\u017e odborne le\u0161ten\u00fdmi stupnicami G-10 a zrkadlovo le\u0161ten\u00fdmi podperami a r\u00e1mom z hlin\u00edka 7075. Ka\u017ed\u00e1 Espada je vybaven\u00e1 na\u0161\u00edm patentovan\u00fdm uzamykac\u00edm mechanizmom Tri-Ad, o ktorom sa preuk\u00e1zalo, \u017ee m\u00e1 \u00fa\u017easn\u00fa odolnos\u0165 proti n\u00e1razom a pevnos\u0165. Pri na\u0161om vlastnom notoricky brut\u00e1lnom testovan\u00ed produktu bola XL Espada nielen schopn\u00e1 udr\u017ea\u0165 600 libier vo\u013ene visiaceho z\u00e1va\u017eia, ale dokonca sme ju pou\u017eili na podporu zavesen\u00e9ho bloku motora! ve\u013ek\u00e9 a extra ve\u013ek\u00e9 espady je mo\u017en\u00e9 uchopi\u0165 do vrecka, n\u00f4\u017e sa pri tasen\u00ed otv\u00e1ra &#8211; a otv\u00e1ra sa mrknut\u00edm oka! N\u00e1dhern\u00e9 \u010depele Espady s\u00fa vyroben\u00e9 z pr\u00e9miovej americkej zliatinovej ocele S35VN &#8211; vybran\u00e9 pre svoju schopnos\u0165 nielen maj\u00fa ve\u013emi jemn\u00fa rezn\u00fa hranu, ale udr\u017eia ju v\u00fdnimo\u010dne dlh\u00fa dobu. Vyzna\u010duj\u00fa sa tie\u017e odborne le\u0161ten\u00fdmi stupnicami G-10 a zrkadlovo le\u0161ten\u00fdmi podperami a r\u00e1mom z hlin\u00edka 7075. Ka\u017ed\u00e1 Espada je vybaven\u00e1 na\u0161\u00edm patentovan\u00fdm uzamykac\u00edm mechanizmom Tri-Ad, o ktorom sa preuk\u00e1zalo, \u017ee m\u00e1 \u00fa\u017easn\u00fa odolnos\u0165 proti n\u00e1razom a pevnos\u0165. Pri na\u0161om vlastnom notoricky brut\u00e1lnom testovan\u00ed produktu bola XL Espada nielen schopn\u00e1 udr\u017ea\u0165 600 libier vo\u013ene visiaceho z\u00e1va\u017eia, ale dokonca sme ju pou\u017eili na podporu zavesen\u00e9ho bloku motora! ve\u013ek\u00e9 a extra ve\u013ek\u00e9 espady je mo\u017en\u00e9 uchopi\u0165 do vrecka, n\u00f4\u017e sa pri tasen\u00ed otv\u00e1ra &#8211; a otv\u00e1ra sa mrknut\u00edm oka! N\u00e1dhern\u00e9 \u010depele Espady s\u00fa vyroben\u00e9 z pr\u00e9miovej americkej zliatinovej ocele S35VN &#8211; vybran\u00e9 pre svoju schopnos\u0165 nielen maj\u00fa ve\u013emi jemn\u00fa rezn\u00fa hranu, ale udr\u017eia ju v\u00fdnimo\u010dne dlh\u00fa dobu. Vyzna\u010duj\u00fa sa tie\u017e odborne le\u0161ten\u00fdmi stupnicami G-10 a zrkadlovo le\u0161ten\u00fdmi podperami a r\u00e1mom z hlin\u00edka 7075. Ka\u017ed\u00e1 Espada je vybaven\u00e1 na\u0161\u00edm patentovan\u00fdm uzamykac\u00edm mechanizmom Tri-Ad, o ktorom sa preuk\u00e1zalo, \u017ee m\u00e1 \u00fa\u017easn\u00fa odolnos\u0165 proti n\u00e1razom a pevnos\u0165. Pri na\u0161om vlastnom notoricky brut\u00e1lnom testovan\u00ed produktu bola XL Espada nielen schopn\u00e1 udr\u017ea\u0165 600 libier vo\u013ene visiaceho z\u00e1va\u017eia, ale dokonca sme ju pou\u017eili na podporu zavesen\u00e9ho bloku motora! N\u00e1dhern\u00e9 \u010depele s\u00fa vyroben\u00e9 z prvotriednej americkej zliatinovej ocele S35VN &#8211; vybran\u00e9 pre svoju schopnos\u0165 nielen zauja\u0165 ve\u013emi jemn\u00fdm ostr\u00edm, ale udr\u017ea\u0165 ho po v\u00fdnimo\u010dne dlh\u00fa dobu. Vyzna\u010duj\u00fa sa tie\u017e odborne le\u0161ten\u00fdmi stupnicami G-10 a zrkadlovo le\u0161ten\u00fdmi 7075 Hlin\u00edkov\u00e9 podpery a r\u00e1m. Ka\u017ed\u00e1 Espada je vybaven\u00e1 na\u0161\u00edm patentovan\u00fdm uzamykac\u00edm mechanizmom Tri-Ad, o ktorom sa preuk\u00e1zalo, \u017ee m\u00e1 \u00fa\u017easn\u00fa odolnos\u0165 proti n\u00e1razom a pevnos\u0165. Pri na\u0161om vlastnom notoricky brut\u00e1lnom testovan\u00ed produktu bola XL Espada nielen schopn\u00e1 udr\u017ea\u0165 600 libier vo\u013ene visiaceho z\u00e1va\u017eia, ale dokonca sme ju pou\u017eili na podporu zavesen\u00e9ho bloku motora! N\u00e1dhern\u00e9 \u010depele s\u00fa vyroben\u00e9 z prvotriednej americkej zliatinovej ocele S35VN &#8211; vybran\u00e9 pre svoju schopnos\u0165 nielen zauja\u0165 ve\u013emi jemn\u00fdm ostr\u00edm, ale udr\u017ea\u0165 ho po v\u00fdnimo\u010dne dlh\u00fa dobu. Vyzna\u010duj\u00fa sa tie\u017e odborne le\u0161ten\u00fdmi stupnicami G-10 a zrkadlovo le\u0161ten\u00fdmi 7075 Hlin\u00edkov\u00e9 podpery a r\u00e1m. Ka\u017ed\u00e1 Espada je vybaven\u00e1 na\u0161\u00edm patentovan\u00fdm uzamykac\u00edm mechanizmom Tri-Ad, o ktorom sa preuk\u00e1zalo, \u017ee m\u00e1 \u00fa\u017easn\u00fa odolnos\u0165 proti n\u00e1razom a pevnos\u0165. Pri na\u0161om vlastnom notoricky brut\u00e1lnom testovan\u00ed produktu bola XL Espada nielen schopn\u00e1 udr\u017ea\u0165 600 libier vo\u013ene visiaceho z\u00e1va\u017eia, ale dokonca sme ju pou\u017eili na podporu zavesen\u00e9ho bloku motora! Ka\u017ed\u00e1 Espada je vybaven\u00e1 na\u0161\u00edm patentovan\u00fdm uzamykac\u00edm mechanizmom Tri-Ad, o ktorom sa preuk\u00e1zalo, \u017ee m\u00e1 \u00fa\u017easn\u00fa odolnos\u0165 proti n\u00e1razom a pevnos\u0165. Pri na\u0161om vlastnom notoricky brut\u00e1lnom testovan\u00ed produktu bola XL Espada nielen schopn\u00e1 udr\u017ea\u0165 600 libier vo\u013ene visiaceho z\u00e1va\u017eia, ale dokonca sme ju pou\u017eili na podporu zavesen\u00e9ho bloku motora! Ka\u017ed\u00e1 Espada je vybaven\u00e1 na\u0161\u00edm patentovan\u00fdm uzamykac\u00edm mechanizmom Tri-Ad, o ktorom sa preuk\u00e1zalo, \u017ee m\u00e1 \u00fa\u017easn\u00fa odolnos\u0165 proti n\u00e1razom a pevnos\u0165. Pri na\u0161om vlastnom notoricky brut\u00e1lnom testovan\u00ed produktu bola XL Espada nielen schopn\u00e1 udr\u017ea\u0165 600 libier vo\u013ene visiaceho z\u00e1va\u017eia, ale dokonca sme ju pou\u017eili na podporu zavesen\u00e9ho bloku motora!<br \/>\nHmotnos\u0165: 9 oz Hr\u00fabka \u010depele: 4 mm D\u013a\u017eka \u010depele: 5-1\/2&#8243; Oce\u013eov\u00e9 \u010depele: Americk\u00fd S35VN D\u013a\u017eka rukov\u00e4te\/materi\u00e1l: 6 3\/4&#8243; dlh\u00fd le\u0161ten\u00fd G-10 s le\u0161ten\u00fdm hlin\u00edkom 7075 podpera a r\u00e1m Celkov\u00e1 1\/4&#8243; \u010eal\u0161ie funkcie: Obojstrann\u00e9 vrecko \/ spona na opasok Typ no\u017ea: Zlo\u017eka Rozsah d\u013a\u017eok \u010depele: 5+ palcov Rodina ocele: CPM Tvar \u010depele: Bod klipu Uzamykac\u00ed mechanizmus: Z\u00e1mok troch rekl\u00e1m Produktov\u00fd rad: Espada<\/p>\n<p>Materi\u00e1l \u010depele: nerezov\u00e1 oce\u013e CPM S35VN<br \/>\nD\u013a\u017eka \u010depele: 140 mm<br \/>\nSila \u010depele: 4 mm<br \/>\nCelkov\u00e1 d\u013a\u017eka: 312 mm<br \/>\nMateri\u00e1l r\u00fa\u010dky: Superdural + G-10 a zliatina z leteck\u00e9ho hlin\u00edka<br \/>\nPoistka: Cold Steel\u00ae Tri-Ad lock\u00ae<br \/>\nOtv\u00e1ranie no\u017ea: do\u0161ti\u010dka na otvorenie palcom<br \/>\nHmotnos\u0165: 255 g<br \/>\nNo\u017ee Cold Steel s\u00fa osaden\u00e9 klipom pre mo\u017enos\u0165 nosenia za opaskom, vreckom a podobne.<\/p>\n","protected":false},"excerpt":{"rendered":"<p><strong>Vreckov\u00fd me\u010d!<\/strong><\/p>\n","protected":false},"featured_media":229237,"comment_status":"open","ping_status":"closed","template":"","meta":[],"pwb-brand":[3598],"product_brand":[],"product_cat":[3233,3186],"product_tag":[],"class_list":{"0":"post-335452","1":"product","2":"type-product","3":"status-publish","4":"has-post-thumbnail","6":"pwb-brand-cold-steel-sk","7":"product_cat-zatvaracie-noze","8":"product_cat-noze-sk","10":"first","11":"instock","12":"taxable","13":"shipping-taxable","14":"purchasable","15":"product-type-simple"},"brands":[{"id":3598,"name":"Cold Steel","slug":"cold-steel-sk"}],"_links":{"self":[{"href":"https:\/\/www.moskito.cz\/sk\/wp-json\/wp\/v2\/product\/335452","targetHints":{"allow":["GET"]}}],"collection":[{"href":"https:\/\/www.moskito.cz\/sk\/wp-json\/wp\/v2\/product"}],"about":[{"href":"https:\/\/www.moskito.cz\/sk\/wp-json\/wp\/v2\/types\/product"}],"replies":[{"embeddable":true,"href":"https:\/\/www.moskito.cz\/sk\/wp-json\/wp\/v2\/comments?post=335452"}],"wp:featuredmedia":[{"embeddable":true,"href":"https:\/\/www.moskito.cz\/sk\/wp-json\/wp\/v2\/media\/229237"}],"wp:attachment":[{"href":"https:\/\/www.moskito.cz\/sk\/wp-json\/wp\/v2\/media?parent=335452"}],"wp:term":[{"taxonomy":"pwb-brand","embeddable":true,"href":"https:\/\/www.moskito.cz\/sk\/wp-json\/wp\/v2\/pwb-brand?post=335452"},{"taxonomy":"product_brand","embeddable":true,"href":"https:\/\/www.moskito.cz\/sk\/wp-json\/wp\/v2\/product_brand?post=335452"},{"taxonomy":"product_cat","embeddable":true,"href":"https:\/\/www.moskito.cz\/sk\/wp-json\/wp\/v2\/product_cat?post=335452"},{"taxonomy":"product_tag","embeddable":true,"href":"https:\/\/www.moskito.cz\/sk\/wp-json\/wp\/v2\/product_tag?post=335452"}],"curies":[{"name":"wp","href":"https:\/\/api.w.org\/{rel}","templated":true}]}}