{"id":335491,"date":"2022-04-20T21:46:07","date_gmt":"2024-04-19T08:40:09","guid":{"rendered":"https:\/\/www.moskito.cz\/produkt\/pevny-noz-cold-steel-range-boss-black-handle\/"},"modified":"2025-05-07T11:12:33","modified_gmt":"2025-05-07T10:12:33","slug":"pevny-noz-cold-steel-range-boss-black-handle","status":"publish","type":"product","link":"https:\/\/www.moskito.cz\/sk\/produkt\/pevny-noz-cold-steel-range-boss-black-handle\/","title":{"rendered":"Pevn\u00fd N\u00f4\u017e Cold Steel Range Boss Black Handle"},"content":{"rendered":"<p>Pevn\u00fd N\u00f4\u017e <strong>Cold Steel<\/strong> Range Boss Black Handle.<\/p>\n<p>\u010ci u\u017e idete tax\u00edkom na Manhattane alebo na koni v Montane, sme si ist\u00ed, \u017ee ocen\u00edte n\u00e1\u0161ho Range Boss. Navrhnut\u00e9 na celodenn\u00e9 nosenie vo vrecku alebo pri p\u00e1se, je \u013eahk\u00e9 a \u013eahko sa nos\u00ed. Nezaberie ve\u013ea miesta a d\u00e1 sa pren\u00e1\u0161a\u0165 prakticky bez pov\u0161imnutia, k\u00fdm ho neotvor\u00edte. \u010cepe\u013e Range Boss je hladko br\u00fasen\u00e1 do tenk\u00e9ho ostrie, ktor\u00e9 je tak ostr\u00e9, \u017ee v\u00e1s ohrom\u00ed. Je umyt\u00fd kame\u0148om, aby odolal hrdzi, a jeho v\u0161estrannos\u0165 z neho rob\u00ed \u010dertovsky dobr\u00fd n\u00f4\u017e na odstra\u0148ovanie ko\u017ee, nehovoriac o pr\u00edprave jedla. Nylonov\u00e1 rukov\u00e4\u0165 vystu\u017een\u00e1 sklom m\u00e1 text\u00faru s bodkovan\u00fdm vzorom pre dobr\u00fd \u00fachop a je vybaven\u00e1 zn\u00e1mym z\u00e1mkom Tri-Ad\u00ae pre vynikaj\u00facu pevnos\u0165.<\/p>\n<p>&#8222;V\u017edy budem milova\u0165 super tenk\u00fd, ultra\u013eahk\u00fd n\u00f4\u017e s dlhou \u010depe\u013eou a u\u017eito\u010dn\u00fdm hrotom. Preto bude Range Boss jedn\u00fdm z mojich ka\u017edodenn\u00fdch nosen\u00ed. Rovnako ako 3&#8220; Hold Out je dostato\u010dne \u013eahk\u00fd, aby 24 hod\u00edn denne 7 dn\u00ed v t\u00fd\u017edni vo vrecku na ko\u0161eli a na rozdiel od Hold Out sa vyzna\u010duje univerz\u00e1lnej\u0161\u00edm klipom, ktor\u00fd som osobne pova\u017eoval za ve\u013emi vhodn\u00fd pre po\u013en\u00e9 obliekanie a s\u0165ahovanie z ko\u017ee aj ve\u013ek\u00fdch diviakov do hmotnosti 250 libier. Prirodzen\u00e9 pre farmu alebo obchod pou\u017e\u00edvajte a pom\u00e1hajte nov\u00e9mu lumpovi v mestskej d\u017eungli. Je to ve\u013emi rozumn\u00e1 cena a mysl\u00edm, \u017ee pon\u00faka ohromn\u00fa hodnotu, najm\u00e4 ke\u010f vezmete do \u00favahy, \u017ee prich\u00e1dza so sl\u00e1vnym z\u00e1mkom Tri-AD od Cold Steel!!!\u201c &#8211; Lynn Thompsonov\u00e1<\/p>\n<p>PARAMETRE PRODUKTU<br \/>\nHr\u00fabka \u010depele: 3,5 mm<br \/>\nMateri\u00e1l rukov\u00e4te : Long Zy-Ex\u2122<br \/>\nFarba : \u010cierna<br \/>\nDruh poistky: Tri-Ad Lock<br \/>\nHmotnos\u0165 : 96 g<br \/>\nD\u013a\u017eka rukov\u00e4te: 134 mm<br \/>\nD\u013a\u017eka \u010depele: 101 mm<br \/>\nCelkov\u00e1 ve\u013ekos\u0165: 235 mm<br \/>\nOce\u013e : 4034SS Steel<\/p>\n<p>Ktor\u00fdm ste jazdili v tax\u00edku v Manhattane alebo jazde na koni v Mont\u00e1ne, sme sa te\u0161ia, ako \u00eds\u0165 na prekvapenie na\u0161ej Range Boss. Designed to jazda na cel\u00fd de\u0148 vo va\u0161om pocket alebo waistband, to je svetlo a jemn\u00e9 to carry. It doesn&#8217;t take up m\u00fach room a m\u00f4\u017ee by\u0165 vydan\u00fd virtu\u00e1lne unnoticed until you snap it open. The Range Boss&#8217;s klip bod blade je flat ground to a thin edge that is so sharp it will astonish you. It is stone washed to resist rast, and its versatility makes it a darn good skinning n\u00f4\u017e, no to mention food preparation too. Sklenen\u00e1 reinforced nylon rukov\u00e4\u0165 je text\u00farovan\u00fd s \u0161tiep\u013eovan\u00fd vzor pre dobr\u00fd grip, a to features alebo obnoven\u00e9 Tri-Ad\u00ae lock pre superlative strength.<\/p>\n<p>&#8222;I&#8217;ll bude be sucker pre super thin, ultra-light n\u00f4\u017e s long blade and useful point. To sa why the Range Boss bude jednu z mojich daily carry. Ako 3\u201d Hold Out, it&#8217;s light enough to jazda 24\/7 v mojom ko\u0161eli pocket a unlike Hold Out it features a viac versatile klip bod, ktor\u00fd I&#8217;ve personally nach\u00e1dza ve\u013emi dobre pre field dressing a skinning even big wild boars up to 250 lbs A natural for farm ranch . use and aid nov\u00fd po\u010d\u00favanie v mestskej jungle. &#8211; Lynn Thompson<\/p>\n<p>Hmotnos\u0165: 3.4 oz Blade Thickness: 3.5mm Handle Length\/Material: 5 1\/4in Long Zy-Ex\u2122 Handle Blade Steel: 4034SS Steel Blade Length: 4in Overall Length: 9 1\/4in Knife Type: Folder Blade Leng 5 in Steel Family: 4034 Blade Shape: Clip Point Locking Mechanizmus: Tri-Ad Lock Product Family: Range Boss<\/p>\n","protected":false},"excerpt":{"rendered":"<p>Range Boss je zatv\u00e1rac\u00ed n\u00f4\u017e s hladk\u00fdm ostrie a ploch\u00fdm v\u00fdbrusom. Ide o klasick\u00e9 EDC, teda n\u00f4\u017e na ka\u017edodenn\u00e9 nosenie. Relat\u00edvne ve\u013ek\u00fd, ale pr\u00edjemne \u013eahk\u00fd pracovn\u00fd n\u00e1stroj.<\/p>\n","protected":false},"featured_media":215155,"comment_status":"open","ping_status":"closed","template":"","meta":[],"pwb-brand":[3598],"product_brand":[],"product_cat":[3186,3233],"product_tag":[],"class_list":{"0":"post-335491","1":"product","2":"type-product","3":"status-publish","4":"has-post-thumbnail","6":"pwb-brand-cold-steel-sk","7":"product_cat-noze-sk","8":"product_cat-zatvaracie-noze","10":"first","11":"instock","12":"taxable","13":"shipping-taxable","14":"purchasable","15":"product-type-simple"},"brands":[{"id":3598,"name":"Cold Steel","slug":"cold-steel-sk"}],"_links":{"self":[{"href":"https:\/\/www.moskito.cz\/sk\/wp-json\/wp\/v2\/product\/335491","targetHints":{"allow":["GET"]}}],"collection":[{"href":"https:\/\/www.moskito.cz\/sk\/wp-json\/wp\/v2\/product"}],"about":[{"href":"https:\/\/www.moskito.cz\/sk\/wp-json\/wp\/v2\/types\/product"}],"replies":[{"embeddable":true,"href":"https:\/\/www.moskito.cz\/sk\/wp-json\/wp\/v2\/comments?post=335491"}],"wp:featuredmedia":[{"embeddable":true,"href":"https:\/\/www.moskito.cz\/sk\/wp-json\/wp\/v2\/media\/215155"}],"wp:attachment":[{"href":"https:\/\/www.moskito.cz\/sk\/wp-json\/wp\/v2\/media?parent=335491"}],"wp:term":[{"taxonomy":"pwb-brand","embeddable":true,"href":"https:\/\/www.moskito.cz\/sk\/wp-json\/wp\/v2\/pwb-brand?post=335491"},{"taxonomy":"product_brand","embeddable":true,"href":"https:\/\/www.moskito.cz\/sk\/wp-json\/wp\/v2\/product_brand?post=335491"},{"taxonomy":"product_cat","embeddable":true,"href":"https:\/\/www.moskito.cz\/sk\/wp-json\/wp\/v2\/product_cat?post=335491"},{"taxonomy":"product_tag","embeddable":true,"href":"https:\/\/www.moskito.cz\/sk\/wp-json\/wp\/v2\/product_tag?post=335491"}],"curies":[{"name":"wp","href":"https:\/\/api.w.org\/{rel}","templated":true}]}}