{"id":335520,"date":"2021-07-23T13:50:16","date_gmt":"2024-04-19T08:46:27","guid":{"rendered":"https:\/\/www.moskito.cz\/produkt\/zatvaraci-noz-cold-steel-ad-10\/"},"modified":"2025-05-07T11:12:34","modified_gmt":"2025-05-07T10:12:34","slug":"zatvaraci-noz-cold-steel-ad-10","status":"publish","type":"product","link":"https:\/\/www.moskito.cz\/sk\/produkt\/zatvaraci-noz-cold-steel-ad-10\/","title":{"rendered":"Zatv\u00e1rac\u00ed N\u00f4\u017e Cold Steel AD-10"},"content":{"rendered":"<p>Zatv\u00e1rac\u00ed N\u00f4\u017e <strong>Cold Steel<\/strong> AD-10.<\/p>\n<p><span class=\"VIiyi\" lang=\"cs\"><span class=\"JLqJ4b\" data-language-for-alternatives=\"cs\" data-language-to-translate-into=\"en\" data-phrase-index=\"0\">Pokia\u013e pl\u00e1nujete ve\u013ek\u00fd lov, nebezpe\u010dn\u00fa exped\u00edciu alebo vzru\u0161uj\u00face dobrodru\u017estvo a chcete si vzia\u0165 vysoko v\u00fdkonn\u00fd zatv\u00e1rac\u00ed n\u00f4\u017e, ktor\u00fd nebude pri\u0165ahova\u0165 nechcen\u00fa pozornos\u0165, neh\u013eadajte ni\u010d in\u00e9 ako Andrew Demkos AD-10. Podob\u00e1 sa Andrewsovo mas\u00edvnemu 4-Maxu, ale s men\u0161ou ve\u013ekos\u0165ou a hmotnos\u0165ou, m\u00e1 AD-10 ultra \u0161irok\u00fa br\u00fasen\u00fa \u010depe\u013e, ktor\u00e1 kon\u010d\u00ed robustn\u00fdm (napriek tomu ne\u0161kodn\u00fdm) bodom sklopenia. Br\u00fasen\u00fd tenk\u00fd na okraji a vyladen\u00fd na ostros\u0165 britvy, AD-10 poskytuje bezprecedentn\u00fa rezaciu, strihaciu a prepichovaciu silu v \u010depeli, ale zost\u00e1va pozoruhodne odoln\u00e1 proti oh\u00fdbaniu, l\u00e1maniu alebo od\u0161tepovaniu. Rukov\u00e4\u0165 modelu AD-10 je tie\u017e siln\u00e1 a u\u017e\u00edvate\u013esky pr\u00edvetiv\u00e1, s tepelne upraven\u00fdmi hlin\u00edkov\u00fdmi vlo\u017ekami po celej d\u013a\u017eke, 3D strojne vyr\u00e1ban\u00fdmi \u010drienkami G-10 a nadmerne ve\u013ek\u00fdmi \u010dapmi a skrutkami; v\u010faka svojej presnej kont\u00fare a integrovan\u00e9mu chr\u00e1ni\u010du prstov padne pohodlne a bezpe\u010dne do ruky. \u017diadna \u010depe\u013e by nebola \u00fapln\u00e1 bez spo\u013eahliv\u00e9ho uzamykacieho mechanizmu, preto sme za\u010dlenili sl\u00e1vny Andrewsov z\u00e1mok Tri-Ad. Postupom \u010dasu sa uk\u00e1zalo, \u017ee je neprekonate\u013en\u00fd v sile, odolnosti proti n\u00e1razom a trvanlivosti, a pon\u00faka bezkonkuren\u010dn\u00fa ochranu va\u0161im nenahradite\u013en\u00fdm prstom. A aby sme zaistili r\u00fdchle nasadenie blesku a pohodln\u00e9 nosenie, vybavili sme AD-10 obojstrann\u00fdm gomb\u00edkom palca a dvojit\u00fdmi vreckov\u00fdmi sponami.<br \/>\n<\/span><\/span><\/p>\n<p>D\u013a\u017eka v zatvorenom stave: 13 cm<br \/>\nD\u013a\u017eka \u010depele: 9 cm<br \/>\nOce\u013e: S35VN nerez<br \/>\nPoistka: Lockback<br \/>\nRukov\u00e4\u0165: G10 \u010dierna<\/p>\n<p><strong>Cold Steel<\/strong> je spolo\u010dnos\u0165 zaoberaj\u00faca sa v\u00fdrobou najsilnej\u0161\u00edch a najostrej\u0161\u00edch no\u017eov na svete. Za posledn\u00e9 tri desa\u0165ro\u010dia bola spolo\u010dnos\u0165 Cold Steel na \u010dele mnoh\u00fdch inov\u00e1ci\u00ed, ktor\u00e9 pomohli definova\u0165 no\u017eiarsky priemysel. Postupn\u00e9 \u00faspechy, vr\u00e1tane zavedenia skontrolovan\u00fdch rukov\u00e4t\u00ed Kraton\u00ae, a \u0161t\u00fdly \u010depel\u00ed tant point, sa od zvedavo zauj\u00edmav\u00fdch funkci\u00ed dostali k priemyseln\u00fdm znakom kvality a prepracovanosti. Nov\u00fd smer bol tie\u017e zlomen\u00fd zaveden\u00edm jedine\u010dn\u00fdch nov\u00fdch oce\u013eov\u00fdch \u010depel\u00ed, ako je San Mai III a Tri-Ad \u2122 Lock &amp; zais\u0165ovac\u00ed mechanizmus pre skladacie no\u017ee. Napr\u00edklad Tri-Ad\u2122 Lock sa nikdy nevyrovnal \u017eiadnemu z konkurentov Cold Steel a nebolo preuk\u00e1zan\u00e9, \u017ee by ni\u010d z toho, \u010do doteraz vyrobili, prekonalo. Cold Steel sa samozrejme v\u017edy bude pozera\u0165 do bud\u00facnosti a bude sa neust\u00e1le sna\u017ei\u0165 vyr\u00e1ba\u0165 najsilnej\u0161ie a najostrej\u0161ie no\u017ee na svete. Tento cie\u013e, rovnako nepolapite\u013en\u00fd a \u0165a\u017eko dosiahnute\u013en\u00fd, je za posledn\u00fdch \u0161tyridsa\u0165 rokov rovnak\u00fd. Cold Steel Inc. je spolo\u010dnos\u0165 zameran\u00e1 na v\u00fdrobu najsilnej\u0161\u00edch a najostrej\u0161\u00edch no\u017eov, me\u010dov, tomahawkov, ma\u010det, pr\u00edborov a n\u00e1strojov pre ka\u017edodenn\u00e9 nosenie: EDC. Spolo\u010dnos\u0165 Cold Steel, ktor\u00e1 bola r\u00fdchlo prijat\u00e1 vojakmi, \u0161peci\u00e1lnymi jednotkami pre vym\u00e1hanie pr\u00e1va, pracovn\u00edkmi pohotovostn\u00fdch slu\u017eieb, odborn\u00edkmi na sebaobranu i \u010dlenmi komunity bojov\u00fdch umen\u00ed, sa r\u00fdchlo presl\u00e1vila kvalitou, silou, spo\u013eahlivos\u0165ou a spo\u013eahlivos\u0165ou pri ka\u017edodennom nosen\u00ed (EDC). Na\u0161a r\u00f4znorod\u00e1 a rozmanit\u00e1 zostava sa r\u00fdchlo rozr\u00e1stla a zah\u0155\u0148ala nielen mas\u00edvny v\u00fdber skladac\u00edch no\u017eov (od men\u0161\u00edch \u010depel\u00ed \u201eEDC\u201c a\u017e po na\u0161e ikonick\u00e9 obrie \u201emega-zlo\u017eky\u201c), ale aj pevn\u00e9 \u010depele, me\u010de, \u0161able, pali\u010dky a halapartne, rovnako ako loveck\u00e9 potreby, kopije, pu\u0161ky, sekery, ma\u010dety, tomahawky a n\u00e1stroje! V priebehu desa\u0165ro\u010d\u00ed spolo\u010dnos\u0165 Cold Steel predstavila priekopn\u00edcke nov\u00e9 materi\u00e1ly a designy, ktor\u00e9 pomohli utv\u00e1ra\u0165 svet modern\u00fdch no\u017eov, ostr\u00fdch zbran\u00ed a n\u00e1strojov. Od zavedenia kockovan\u00fdch rukov\u00e4t\u00ed Kraton\u00ae a \u201eamerikanizovanej\u201c \u010depele Tanto a\u017e po zaradenie nov\u00fdch inovat\u00edvnych ocel\u00ed \u010depele ako San Mai III\u00ae a uzamykac\u00edch mechanizmov meniacich hru (ako je n\u00e1\u0161 Tri-Ad\u2122 Lock). Ke\u010f sa pozer\u00e1me do bud\u00facnosti, spolo\u010dnos\u0165 Cold Steel na\u010falej prin\u00e1\u0161a na trh nov\u00e9 \u00farovne sily, bezpe\u010dnosti a v\u00fdkonu a poskytuje osved\u010den\u00e9 produkty, na ktor\u00e9 sa m\u00f4\u017eete spo\u013eahn\u00fa\u0165 \u2013 kedyko\u013evek a kdeko\u013evek!<\/p>\n","protected":false},"excerpt":{"rendered":"<div class=\"elementor-element elementor-element-bbb542b elementor-widget elementor-widget-woocommerce-product-short-description\" data-id=\"bbb542b\" data-element_type=\"widget\" data-widget_type=\"woocommerce-product-short-description.default\">\n<div class=\"elementor-widget-container\">\n<div class=\"woocommerce-product-details__short-description\">\n<div class=\"elementor-element elementor-element-bbb542b elementor-widget elementor-widget-woocommerce-product-short-description\" data-id=\"bbb542b\" data-element_type=\"widget\" data-widget_type=\"woocommerce-product-short-description.default\">\n<div class=\"elementor-widget-container\">\n<div class=\"woocommerce-product-details__short-description\">\n<p>Zatv\u00e1rac\u00ed n\u00f4\u017e <strong>Cold Steel<\/strong> s poistkou a klipom na nosenie.<\/p>\n<p><strong>Doprava zadarmo.<\/strong><\/p>\n<\/div>\n<\/div>\n<\/div>\n<\/div>\n<\/div>\n<\/div>\n","protected":false},"featured_media":201108,"comment_status":"open","ping_status":"closed","template":"","meta":[],"pwb-brand":[3598],"product_brand":[],"product_cat":[3186,3233],"product_tag":[],"class_list":{"0":"post-335520","1":"product","2":"type-product","3":"status-publish","4":"has-post-thumbnail","6":"pwb-brand-cold-steel-sk","7":"product_cat-noze-sk","8":"product_cat-zatvaracie-noze","10":"first","11":"instock","12":"taxable","13":"shipping-taxable","14":"purchasable","15":"product-type-simple"},"brands":[{"id":3598,"name":"Cold Steel","slug":"cold-steel-sk"}],"_links":{"self":[{"href":"https:\/\/www.moskito.cz\/sk\/wp-json\/wp\/v2\/product\/335520","targetHints":{"allow":["GET"]}}],"collection":[{"href":"https:\/\/www.moskito.cz\/sk\/wp-json\/wp\/v2\/product"}],"about":[{"href":"https:\/\/www.moskito.cz\/sk\/wp-json\/wp\/v2\/types\/product"}],"replies":[{"embeddable":true,"href":"https:\/\/www.moskito.cz\/sk\/wp-json\/wp\/v2\/comments?post=335520"}],"wp:featuredmedia":[{"embeddable":true,"href":"https:\/\/www.moskito.cz\/sk\/wp-json\/wp\/v2\/media\/201108"}],"wp:attachment":[{"href":"https:\/\/www.moskito.cz\/sk\/wp-json\/wp\/v2\/media?parent=335520"}],"wp:term":[{"taxonomy":"pwb-brand","embeddable":true,"href":"https:\/\/www.moskito.cz\/sk\/wp-json\/wp\/v2\/pwb-brand?post=335520"},{"taxonomy":"product_brand","embeddable":true,"href":"https:\/\/www.moskito.cz\/sk\/wp-json\/wp\/v2\/product_brand?post=335520"},{"taxonomy":"product_cat","embeddable":true,"href":"https:\/\/www.moskito.cz\/sk\/wp-json\/wp\/v2\/product_cat?post=335520"},{"taxonomy":"product_tag","embeddable":true,"href":"https:\/\/www.moskito.cz\/sk\/wp-json\/wp\/v2\/product_tag?post=335520"}],"curies":[{"name":"wp","href":"https:\/\/api.w.org\/{rel}","templated":true}]}}