{"id":335534,"date":"2022-04-16T14:44:59","date_gmt":"2022-04-16T13:44:59","guid":{"rendered":"https:\/\/www.moskito.cz\/produkt\/pevny-noz-cold-steel-tiger-karambit\/"},"modified":"2025-05-07T11:12:34","modified_gmt":"2025-05-07T10:12:34","slug":"pevny-noz-cold-steel-tiger-karambit","status":"publish","type":"product","link":"https:\/\/www.moskito.cz\/sk\/produkt\/pevny-noz-cold-steel-tiger-karambit\/","title":{"rendered":"Pevn\u00fd N\u00f4\u017e Cold Steel Tiger Karambit"},"content":{"rendered":"<p>Pevn\u00fd N\u00f4\u017e <strong>Cold Steel<\/strong> Tiger Karambit<\/p>\n<p>Oce\u013eov\u00fd tiger je modern\u00e1 taktick\u00e1 interpret\u00e1cia indon\u00e9zskeho karambitu. Dizajnov\u00e1 spolupr\u00e1ca medzi Lynn C. Thompson a zosnul\u00fdm v\u00fdrobcom z\u00e1kazkov\u00fdch no\u017eov Stevenom Likarichom, Steel Tiger bol navrhnut\u00fd tak, aby mal v\u0161etky najlep\u0161ie vlastnosti tejto ikonickej zahnutej \u010depele a hladko ich za\u010dlenil do modern\u00fdch materi\u00e1lov a \u0161t\u00fdlu. Hlboko zakriven\u00e1 a ako ihla ostr\u00e1 \u010depe\u013e z nerezovej ocele AUS 8A Steel Tiger je v\u00e1kuovo tepelne spracovan\u00e1 a kalen\u00e1 pod nulu, zu\u017euje sa a je opatren\u00e1 povrchovou \u00fapravou kamenn\u00fdm um\u00fdvan\u00edm pre maxim\u00e1lnu pevnos\u0165, rezn\u00fa silu, zachovanie ostria a v\u00fdkon. Odoln\u00e1 rukov\u00e4\u0165 s jadrom Griv-Ex plne zapuzdruje ch\u0148apku, ktor\u00e1 sa vyn\u00e1ra a vytv\u00e1ra podperu, poli\u010dku na palec a v\u00fdrazn\u00fd prstenec na prst. Toto jadro je n\u00e1sledne vstrekovan\u00e9 pomocou pr\u00e9miov\u00e9ho Kray-Ex\u2122, \u010d\u00edm vznik\u00e1 vynikaj\u00faci, nek\u013azav\u00fd grip, ktor\u00fd v\u00e1s nesklame, ani ke\u010f m\u00e1te studen\u00e9 alebo mokr\u00e9 ruky. Pre bezpe\u010dnos\u0165 a pohodlie je Steel Tiger dod\u00e1van\u00fd s po\u0161vou Secure-Ex vo vojenskom \u0161t\u00fdle, ktor\u00fa m\u00f4\u017eete priviaza\u0165 k v\u00fdstroju alebo si ju ponecha\u0165 na sebe pomocou odn\u00edmate\u013enej spony na top\u00e1nky\/opasok.<\/p>\n<p>Celkov\u00e1 ve\u013ekos\u0165 222 mm<br \/>\nD\u013a\u017eka \u010depele 120 mm<br \/>\nOce\u013e Japanese AUS 8A Stainless with Stone Washed Finish<br \/>\nMateri\u00e1l rukov\u00e4te Griv-Ex\u2122 with Overmolded Kray-Ex\u2122<br \/>\nHr\u00fabka \u010depele 5 mm<br \/>\nHmotnos\u0165 141,47 g<br \/>\nD\u013a\u017eka rukov\u00e4te 127 mm<br \/>\nVe\u013ekos\u0165 hlavice 0<br \/>\nMateri\u00e1l p\u00fazdra Secure-Ex\u00ae Sheath<\/p>\n<p>&nbsp;<\/p>\n<p>The Steel Tiger je thoroughly modern\u00e9 tactical interpretation of the Indonesian Karambit. A dizajn collaboration medzi Lynn C. Thompson a pozd\u013a\u017eny custom n\u00f4\u017e makier Steven Likarich, Steel Tiger bol designovan\u00fd possess all the best features of this iconic hooked blade a integrova\u0165 ich bezprobl\u00e9movo s modern\u00fdmi materi\u00e1lmi a \u0161t\u00fdlom. The Steel Tiger je hlboko zakriven\u00fd a jehly \u017eart AUS 8A nerezov\u00e1 steel blade je vacuum zasiahnut\u00e9 a sub-zero osaden\u00e9, taper zem a d\u00e1va kamenn\u00e9 umytie na maximum strength, rezanie power, edge retention and performance. durable Griv-Ex core handle fully encapsulates tang, sp\u00e1jaj\u00face sa k vytvoreniu bolster, palec-shelf a distinctive finger ring. Tento core je tento injekcie over-molded s premium Kray-Ex \u2122, vytv\u00e1ranie a so\u013eby, non-slip grip, \u017ee vtedy, ke\u010f ste dole e\u0161te v \u010dase, ke\u010f va\u0161e ruky s\u00fa chladn\u00e9 alebo mokr\u00e9. Pre bezpe\u010dn\u00e9 a convenience Steel Tiger Comes with Military \u0161t\u00fdl Secure-Ex sheath, ktor\u00fd m\u00f4\u017ee u\u0161etri\u0165 va\u0161e zariadenie alebo retain na va\u0161ej osobe via removable boot\/belt clip.<\/p>\n","protected":false},"excerpt":{"rendered":"<p>Steel Tiger od firmy COLD STEEL je pevn\u00fd n\u00f4\u017e s hladk\u00fdm ostr\u00edm. Ide o nov\u00fa interpret\u00e1ciu ikonick\u00e9ho indon\u00e9zskeho no\u017ea karamb\u00edt.<\/p>\n","protected":false},"featured_media":214661,"comment_status":"open","ping_status":"closed","template":"","meta":[],"pwb-brand":[3598],"product_brand":[],"product_cat":[3361,3186],"product_tag":[],"class_list":{"0":"post-335534","1":"product","2":"type-product","3":"status-publish","4":"has-post-thumbnail","6":"pwb-brand-cold-steel-sk","7":"product_cat-karambity-sk","8":"product_cat-noze-sk","10":"first","11":"instock","12":"taxable","13":"shipping-taxable","14":"purchasable","15":"product-type-simple"},"brands":[{"id":3598,"name":"Cold Steel","slug":"cold-steel-sk"}],"_links":{"self":[{"href":"https:\/\/www.moskito.cz\/sk\/wp-json\/wp\/v2\/product\/335534","targetHints":{"allow":["GET"]}}],"collection":[{"href":"https:\/\/www.moskito.cz\/sk\/wp-json\/wp\/v2\/product"}],"about":[{"href":"https:\/\/www.moskito.cz\/sk\/wp-json\/wp\/v2\/types\/product"}],"replies":[{"embeddable":true,"href":"https:\/\/www.moskito.cz\/sk\/wp-json\/wp\/v2\/comments?post=335534"}],"wp:featuredmedia":[{"embeddable":true,"href":"https:\/\/www.moskito.cz\/sk\/wp-json\/wp\/v2\/media\/214661"}],"wp:attachment":[{"href":"https:\/\/www.moskito.cz\/sk\/wp-json\/wp\/v2\/media?parent=335534"}],"wp:term":[{"taxonomy":"pwb-brand","embeddable":true,"href":"https:\/\/www.moskito.cz\/sk\/wp-json\/wp\/v2\/pwb-brand?post=335534"},{"taxonomy":"product_brand","embeddable":true,"href":"https:\/\/www.moskito.cz\/sk\/wp-json\/wp\/v2\/product_brand?post=335534"},{"taxonomy":"product_cat","embeddable":true,"href":"https:\/\/www.moskito.cz\/sk\/wp-json\/wp\/v2\/product_cat?post=335534"},{"taxonomy":"product_tag","embeddable":true,"href":"https:\/\/www.moskito.cz\/sk\/wp-json\/wp\/v2\/product_tag?post=335534"}],"curies":[{"name":"wp","href":"https:\/\/api.w.org\/{rel}","templated":true}]}}