{"id":335582,"date":"2022-04-18T21:21:14","date_gmt":"2024-04-19T09:29:09","guid":{"rendered":"https:\/\/www.moskito.cz\/produkt\/zatvaraci-noz-cold-steel-ultimate-hunter-orange-s35vn\/"},"modified":"2025-05-07T11:12:39","modified_gmt":"2025-05-07T10:12:39","slug":"zatvaraci-noz-cold-steel-ultimate-hunter-orange-s35vn","status":"publish","type":"product","link":"https:\/\/www.moskito.cz\/sk\/produkt\/zatvaraci-noz-cold-steel-ultimate-hunter-orange-s35vn\/","title":{"rendered":"Zatv\u00e1rac\u00ed N\u00f4\u017e Cold Steel ULTIMATE HUNTER ORANGE (S35VN)"},"content":{"rendered":"<p>Zatv\u00e1rac\u00ed N\u00f4\u017e <strong>Cold Steel<\/strong> ULTIMATE HUNTER ORANGE (S35VN)<\/p>\n<p>Dizajnov\u00e1 spolupr\u00e1ca medzi z\u00e1kazkov\u00fdm v\u00fdrobcom no\u017eov Andrewom Demkom a Lynn C. Thompsonovou, Ultimate Hunter predstavuje vyvrcholenie takmer 3 rokov v\u00fdvoja designu. Vy\u010derp\u00e1vaj\u00face ter\u00e9nne testovanie na 4 kontinentoch \u2013 Ultimate Hunter sa znova a znova osved\u010dil! Ultimate Hunter, vyroben\u00fd z americkej ocele S35VN, je ru\u010dne br\u00fasen\u00fd na britve, ktor\u00e1 vydr\u017e\u00ed \u00fa\u017easne dlho. Silne otryskan\u00e9, CNC obr\u00e1ban\u00e9 rukov\u00e4te G-10 s\u00fa pohodlne hladk\u00e9 a pritom st\u00e1le poskytuj\u00fa ve\u013emi ist\u00fd a bezpe\u010dn\u00fd \u00fachop. Ultimate Hunter, vybaven\u00fd super siln\u00fdm uzamykac\u00edm mechanizmom Tri-Ad pre extra bezpe\u010dnos\u0165, je \u010distokrvn\u00e1 loveck\u00e1\/outdoorsmansk\u00e1 \u010depe\u013e, ktor\u00e1 je tie\u017e vynikaj\u00facim no\u017eom na ka\u017edodenn\u00e9 nosenie &#8211; praktick\u00fd, funk\u010dn\u00fd a neuverite\u013ene schopn\u00fd!<\/p>\n<p>PARAMETRE PRODUKTU<br \/>\nFarba : Oran\u017eov\u00e1\/Strieborn\u00e1<br \/>\nHmotnos\u0165 : 139 g<br \/>\nD\u013a\u017eka \u010depele: 89 mm<br \/>\nD\u013a\u017eka rukov\u00e4te: 126 mm<br \/>\nHr\u00fabka \u010depele: 3,5 mm<\/p>\n<p>Oce\u013e : CPM-S35VN<br \/>\nCelkov\u00e1 ve\u013ekos\u0165: 215 mm<br \/>\nDruh poistky: Tri-Ad Lock<\/p>\n<p>A dizajn collaboration medzi custom knife-maker Andrew Demko &amp; Lynn C. Thompson, Ultimate Hunter reprezentuj\u00fa culmination najmenej 3 roky design evolution. Exhaustively po\u013ea testovan\u00e9 na 4 kontinentoch &#8211; Ultimate Hunter m\u00e1 uskuto\u010dnen\u00fd jeho \u010das a \u010das! Vyroben\u00e9 z americk\u00e9ho S35VN Steel, Ultimate Hunter je ru\u010dne-ground to a razor edge, \u017ee sa posledn\u00fd amazingly long time. The heavily bead blasted, CNC machined G-10 handles s\u00fa komfortne smooth, while still giving a very secure, bezpe\u010dn\u00e9 grip. Equipped with super-strong Tri-Ad locking mechanizm pre extra bezpe\u010die, Ultimate Hunter je \u010disto thoroughbred hunting \/ outdoorsmans blade, ktor\u00fd tie\u017e rob\u00ed vynikaj\u00face everyday carry n\u00f4\u017e &#8211; pracuj\u00face, funk\u010dn\u00e9 a nepr\u00edjemne schopn\u00e9!<\/p>\n<p>Weight: 4.9oz Blade Thickness: 3.5mm Blade Length: 3-1\/2&#8243; Blade Steel: American S35VN Handle Length\/Material: 5&#8243; 3D Machined G-10 Overall Length: 8-1\/2&#8243; Additional Features: Ambidextrous Pocket Belt Clip Knife Typ: Folder Blade Length Range: 3-5 in Steel Family: CPM Blade Shape: Drop Point Locking Mechanizmus: Tri-Ad Lock<\/p>\n","protected":false},"excerpt":{"rendered":"<p>COLD STEEL Ultimate Hunter Blazem Orange je po\u013eovn\u00fd zatv\u00e1rac\u00ed n\u00f4\u017e na ka\u017edodenn\u00e9 nosenie. Materi\u00e1l aj spracovanie \u010depele, robia n\u00f4\u017e v\u00fdnimo\u010dn\u00fdm. Toto oran\u017eov\u00e9 prevedenie je limitovan\u00e9 s \u010d\u00edslovanou \u010depe\u013eou.<\/p>\n","protected":false},"featured_media":215012,"comment_status":"open","ping_status":"closed","template":"","meta":[],"pwb-brand":[3598],"product_brand":[],"product_cat":[3186,3233],"product_tag":[3668],"class_list":{"0":"post-335582","1":"product","2":"type-product","3":"status-publish","4":"has-post-thumbnail","6":"pwb-brand-cold-steel-sk","7":"product_cat-noze-sk","8":"product_cat-zatvaracie-noze","9":"product_tag-b2b-sk","11":"first","12":"instock","13":"taxable","14":"shipping-taxable","15":"purchasable","16":"product-type-simple"},"brands":[{"id":3598,"name":"Cold Steel","slug":"cold-steel-sk"}],"_links":{"self":[{"href":"https:\/\/www.moskito.cz\/sk\/wp-json\/wp\/v2\/product\/335582","targetHints":{"allow":["GET"]}}],"collection":[{"href":"https:\/\/www.moskito.cz\/sk\/wp-json\/wp\/v2\/product"}],"about":[{"href":"https:\/\/www.moskito.cz\/sk\/wp-json\/wp\/v2\/types\/product"}],"replies":[{"embeddable":true,"href":"https:\/\/www.moskito.cz\/sk\/wp-json\/wp\/v2\/comments?post=335582"}],"wp:featuredmedia":[{"embeddable":true,"href":"https:\/\/www.moskito.cz\/sk\/wp-json\/wp\/v2\/media\/215012"}],"wp:attachment":[{"href":"https:\/\/www.moskito.cz\/sk\/wp-json\/wp\/v2\/media?parent=335582"}],"wp:term":[{"taxonomy":"pwb-brand","embeddable":true,"href":"https:\/\/www.moskito.cz\/sk\/wp-json\/wp\/v2\/pwb-brand?post=335582"},{"taxonomy":"product_brand","embeddable":true,"href":"https:\/\/www.moskito.cz\/sk\/wp-json\/wp\/v2\/product_brand?post=335582"},{"taxonomy":"product_cat","embeddable":true,"href":"https:\/\/www.moskito.cz\/sk\/wp-json\/wp\/v2\/product_cat?post=335582"},{"taxonomy":"product_tag","embeddable":true,"href":"https:\/\/www.moskito.cz\/sk\/wp-json\/wp\/v2\/product_tag?post=335582"}],"curies":[{"name":"wp","href":"https:\/\/api.w.org\/{rel}","templated":true}]}}