{"id":335591,"date":"2021-07-23T11:42:43","date_gmt":"2024-04-19T09:33:51","guid":{"rendered":"https:\/\/www.moskito.cz\/produkt\/zatvaraci-noz-cold-steel-code-4-spear-point\/"},"modified":"2025-05-07T11:12:40","modified_gmt":"2025-05-07T10:12:40","slug":"zatvaraci-noz-cold-steel-code-4-spear-point","status":"publish","type":"product","link":"https:\/\/www.moskito.cz\/sk\/produkt\/zatvaraci-noz-cold-steel-code-4-spear-point\/","title":{"rendered":"Zatv\u00e1rac\u00ed N\u00f4\u017e Cold Steel Code 4 Spear Point"},"content":{"rendered":"<p>Zatv\u00e1rac\u00ed N\u00f4\u017e <strong>Cold Steel<\/strong> Code 4 Spear Point.<\/p>\n<p>Pri v\u00fdvoji <strong>Cold Steel<\/strong>  Code 4 bolo na\u0161\u00edm cie\u013eom vytvori\u0165 ultratenk\u00fd, ultra\u013eahk\u00fd a vysoko funk\u010dn\u00fd \u00fa\u017eitkov\u00fd n\u00f4\u017e, ktor\u00fd je ako hra\u010dka. Z toho, \u017ee ste vedeli, \u017ee nos\u00edte dobr\u00fd n\u00f4\u017e, sa d\u00e1 nazbiera\u0165 ve\u013ek\u00e9 pohodlie, a mnoho na\u0161ich priate\u013eov z oblasti vym\u00e1hania pr\u00e1va hovor\u00ed o tom, ako v\u017edy h\u013eadaj\u00fa ten spo\u013eahliv\u00fd a \u013eahk\u00fd n\u00f4\u017e, ktor\u00fd sa m\u00f4\u017ee sta\u0165 trvalou s\u00fa\u010das\u0165ou ich ka\u017edodenn\u00e9ho \u017eivota. Ver\u00edme, \u017ee n\u00e1\u0161 K\u00f3dex 4 je predur\u010den\u00fd sta\u0165 sa t\u00fdmto no\u017eom! Nebude to za\u0165a\u017eova\u0165 va\u0161u uniformu ani nebude poskytova\u0165 zbyto\u010dn\u00e9 mno\u017estvo. Je rados\u0165 ho nosi\u0165, tak\u017ee je v\u017edy k dispoz\u00edcii, ke\u010f to potrebujete! Ka\u017ed\u00e1 Code 4 je k dispoz\u00edcii v r\u00f4znych konfigur\u00e1ci\u00e1ch \u010depel\u00ed, s obojstrann\u00fdmi sponami na vreck\u00e1 a gomb\u00edky na palec, a m\u00e1 robustn\u00fa rukov\u00e4\u0165, n\u00e1\u0161 svetovo presl\u00e1ven\u00fd uzamykac\u00ed mechanizmus Tri-Ad a vysoko sat\u00e9novou le\u0161tenou S35VN \u010depe\u013e.<\/p>\n<p>Materi\u00e1l \u010depele: CPM-S35VN<br \/>\nD\u013a\u017eka \u010depele: 89 mm<br \/>\nHr\u00fabka \u010depele: 3,5 mm<br \/>\nCelkov\u00e1 d\u013a\u017eka: 216 mm<br \/>\nHmotnos\u0165: 122 g<br \/>\nMateri\u00e1l \u010drienky: dural 6061, \u010dierna farba<br \/>\nPoistka: Back Lock<\/p>\n<p><strong>Cold Steel<\/strong> je spolo\u010dnos\u0165 zaoberaj\u00faca sa v\u00fdrobou najsilnej\u0161\u00edch a najostrej\u0161\u00edch no\u017eov na svete. Za posledn\u00e9 tri desa\u0165ro\u010dia bola spolo\u010dnos\u0165 Cold Steel na \u010dele mnoh\u00fdch inov\u00e1ci\u00ed, ktor\u00e9 pomohli definova\u0165 no\u017eiarsky priemysel. Postupn\u00e9 \u00faspechy, vr\u00e1tane zavedenia skontrolovan\u00fdch rukov\u00e4t\u00ed Kraton\u00ae, a \u0161t\u00fdly \u010depel\u00ed tant point, sa od zvedavo zauj\u00edmav\u00fdch funkci\u00ed dostali k priemyseln\u00fdm znakom kvality a prepracovanosti. Nov\u00fd smer bol tie\u017e zlomen\u00fd zaveden\u00edm jedine\u010dn\u00fdch nov\u00fdch oce\u013eov\u00fdch \u010depel\u00ed, ako je San Mai III a Tri-Ad \u2122 Lock &amp; zais\u0165ovac\u00ed mechanizmus pre skladacie no\u017ee. Napr\u00edklad Tri-Ad\u2122 Lock sa nikdy nevyrovnal \u017eiadnemu z konkurentov Cold Steel a nebolo preuk\u00e1zan\u00e9, \u017ee by ni\u010d z toho, \u010do doteraz vyrobili, prekonalo. Cold Steel sa samozrejme v\u017edy bude pozera\u0165 do bud\u00facnosti a bude sa neust\u00e1le sna\u017ei\u0165 vyr\u00e1ba\u0165 najsilnej\u0161ie a najostrej\u0161ie no\u017ee na svete. Tento cie\u013e, rovnako nepolapite\u013en\u00fd a \u0165a\u017eko dosiahnute\u013en\u00fd, je za posledn\u00fdch \u0161tyridsa\u0165 rokov rovnak\u00fd. Cold Steel Inc. je spolo\u010dnos\u0165 zameran\u00e1 na v\u00fdrobu najsilnej\u0161\u00edch a najostrej\u0161\u00edch no\u017eov, me\u010dov, tomahawkov, ma\u010det, pr\u00edborov a n\u00e1strojov pre ka\u017edodenn\u00e9 nosenie: EDC. Spolo\u010dnos\u0165 Cold Steel, ktor\u00e1 bola r\u00fdchlo prijat\u00e1 vojakmi, \u0161peci\u00e1lnymi jednotkami pre vym\u00e1hanie pr\u00e1va, pracovn\u00edkmi pohotovostn\u00fdch slu\u017eieb, odborn\u00edkmi na sebaobranu i \u010dlenmi komunity bojov\u00fdch umen\u00ed, sa r\u00fdchlo presl\u00e1vila kvalitou, silou, spo\u013eahlivos\u0165ou a spo\u013eahlivos\u0165ou pri ka\u017edodennom nosen\u00ed (EDC). Na\u0161a r\u00f4znorod\u00e1 a rozmanit\u00e1 zostava sa r\u00fdchlo rozr\u00e1stla a zah\u0155\u0148ala nielen mas\u00edvny v\u00fdber skladac\u00edch no\u017eov (od men\u0161\u00edch \u010depel\u00ed \u201eEDC\u201c a\u017e po na\u0161e ikonick\u00e9 obrie \u201emega-zlo\u017eky\u201c), ale aj pevn\u00e9 \u010depele, me\u010de, \u0161able, pali\u010dky a halapartne, rovnako ako loveck\u00e9 potreby, kopije, pu\u0161ky, sekery, ma\u010dety, tomahawky a n\u00e1stroje! V priebehu desa\u0165ro\u010d\u00ed spolo\u010dnos\u0165 Cold Steel predstavila priekopn\u00edcke nov\u00e9 materi\u00e1ly a designy, ktor\u00e9 pomohli utv\u00e1ra\u0165 svet modern\u00fdch no\u017eov, ostr\u00fdch zbran\u00ed a n\u00e1strojov. Od zavedenia kockovan\u00fdch rukov\u00e4t\u00ed Kraton\u00ae a \u201eamerikanizovanej\u201c \u010depele Tanto a\u017e po zaradenie nov\u00fdch inovat\u00edvnych ocel\u00ed \u010depele ako San Mai III\u00ae a uzamykac\u00edch mechanizmov meniacich hru (ako je n\u00e1\u0161 Tri-Ad\u2122 Lock). Ke\u010f sa pozer\u00e1me do bud\u00facnosti, spolo\u010dnos\u0165 Cold Steel na\u010falej prin\u00e1\u0161a na trh nov\u00e9 \u00farovne sily, bezpe\u010dnosti a v\u00fdkonu a poskytuje osved\u010den\u00e9 produkty, na ktor\u00e9 sa m\u00f4\u017eete spo\u013eahn\u00fa\u0165 \u2013 kedyko\u013evek a kdeko\u013evek!<\/p>\n<p>Ke\u010f developing Cold Steel Code 4, n\u00e1\u0161 aim bol vytvoren\u00fd ultra-thin, ultra-light, vysoko functional utility n\u00f4\u017e that is a breeze to carry. Je to skvel\u00fd komfort, aby sa glased from knowing you are carrying a good night, and many of our friends in Law Enforcement talk o tom, \u017ee oni bud\u00fa h\u013eada\u0165, \u017ee jedna odoln\u00e1, lightweight blade, ktor\u00e1 m\u00f4\u017ee by\u0165 permanentn\u00e1 \u010das\u0165 .We believe that our Code 4 is destined to become that knife! It won&#8217;t weigh down your uniform or provide unnecessary bulk. It&#8217;s a pleasure to carry so it&#8217;s always there when you need it! Available in variety of blade configurations, with ambidextrous pocket clips and thumb studs, each Code 4 features sturdy, hard-anodized gun metal grey 6061 Aluminum handles, our world-renowned Tri-Ad locking mechanism, and high satin polish blades.<\/p>\n<p>Hmotnos\u0165: 4.3oz Blade Thickness: 3.5mm Blade Length: 3-1\/2&#8243; Blade Steel: American S35VN Handle Length\/Material: 5&#8243; 6061 Aluminum Overall Length: 8-1\/2&#8243; Additional Features: Ambidextrous Pocket \/ Belt Typ: Folder Blade Length Range: 3-5 in Steel Family: CPM Blade Shape: Clip Point Locking Mechanizmus: Tri-Ad Lock Product Family: Code 4<\/p>\n","protected":false},"excerpt":{"rendered":"<p>Code 4 Clip pt. Plain Edge od firmy COLD STEEL je ve\u013emi \u013eahk\u00fd a ve\u013emi pevn\u00fd zatv\u00e1rac\u00ed n\u00f4\u017e s hladk\u00fdm ostr\u00edm. Code 4 je n\u00f4\u017e pre v\u0161etk\u00fdch ktor\u00ed pracuj\u00fa v priv\u00e1tnej bezpe\u010dnosti alebo pri ozbrojen\u00fdch zlo\u017ek\u00e1ch.<\/p>\n","protected":false},"featured_media":201092,"comment_status":"open","ping_status":"closed","template":"","meta":[],"pwb-brand":[3598],"product_brand":[],"product_cat":[3186,3233],"product_tag":[],"class_list":{"0":"post-335591","1":"product","2":"type-product","3":"status-publish","4":"has-post-thumbnail","6":"pwb-brand-cold-steel-sk","7":"product_cat-noze-sk","8":"product_cat-zatvaracie-noze","10":"first","11":"instock","12":"taxable","13":"shipping-taxable","14":"purchasable","15":"product-type-simple"},"brands":[{"id":3598,"name":"Cold Steel","slug":"cold-steel-sk"}],"_links":{"self":[{"href":"https:\/\/www.moskito.cz\/sk\/wp-json\/wp\/v2\/product\/335591","targetHints":{"allow":["GET"]}}],"collection":[{"href":"https:\/\/www.moskito.cz\/sk\/wp-json\/wp\/v2\/product"}],"about":[{"href":"https:\/\/www.moskito.cz\/sk\/wp-json\/wp\/v2\/types\/product"}],"replies":[{"embeddable":true,"href":"https:\/\/www.moskito.cz\/sk\/wp-json\/wp\/v2\/comments?post=335591"}],"wp:featuredmedia":[{"embeddable":true,"href":"https:\/\/www.moskito.cz\/sk\/wp-json\/wp\/v2\/media\/201092"}],"wp:attachment":[{"href":"https:\/\/www.moskito.cz\/sk\/wp-json\/wp\/v2\/media?parent=335591"}],"wp:term":[{"taxonomy":"pwb-brand","embeddable":true,"href":"https:\/\/www.moskito.cz\/sk\/wp-json\/wp\/v2\/pwb-brand?post=335591"},{"taxonomy":"product_brand","embeddable":true,"href":"https:\/\/www.moskito.cz\/sk\/wp-json\/wp\/v2\/product_brand?post=335591"},{"taxonomy":"product_cat","embeddable":true,"href":"https:\/\/www.moskito.cz\/sk\/wp-json\/wp\/v2\/product_cat?post=335591"},{"taxonomy":"product_tag","embeddable":true,"href":"https:\/\/www.moskito.cz\/sk\/wp-json\/wp\/v2\/product_tag?post=335591"}],"curies":[{"name":"wp","href":"https:\/\/api.w.org\/{rel}","templated":true}]}}