{"id":335699,"date":"2022-11-07T14:35:30","date_gmt":"2022-11-07T13:35:30","guid":{"rendered":"https:\/\/www.moskito.cz\/produkt\/pevny-noz-cold-steel-mini-tac-bowie\/"},"modified":"2025-05-07T11:12:47","modified_gmt":"2025-05-07T10:12:47","slug":"pevny-noz-cold-steel-mini-tac-bowie","status":"publish","type":"product","link":"https:\/\/www.moskito.cz\/sk\/produkt\/pevny-noz-cold-steel-mini-tac-bowie\/","title":{"rendered":"Pevn\u00fd N\u00f4\u017e Cold Steel MINI TAC BOWIE"},"content":{"rendered":"<p>Pevn\u00fd N\u00f4\u017e <strong>Cold Steel<\/strong> MINI TAC BOWIE.<\/p>\n<p>Mini Tac Bowie navrhnut\u00fd Andrew-Demko, v\u00edtan\u00fd doplnok n\u00e1\u0161ho ob\u013e\u00faben\u00e9ho radu Mini Tac, pon\u00faka dobre zn\u00e1mu v\u0161estrannos\u0165 ostr\u00e9ho a robustn\u00e9ho klipu, v\u010faka \u010domu je ide\u00e1lny na pou\u017eitie v ter\u00e9ne alebo na ka\u017edodenn\u00e9 nosenie. Dod\u00e1va sa s puzdrom Secure-Ex\u2122 a \u0161n\u00farkou z oce\u013eov\u00fdch kor\u00e1likov, tak\u017ee v\u00e1m ur\u010dite bude sl\u00fa\u017ei\u0165 mnoho rokov.<\/p>\n<p>PARAMETRE PRODUKTU<br \/>\nHr\u00fabka \u010depele: 2,5 mm<br \/>\nFarba: \u010cierna<br \/>\nD\u013a\u017eka rukov\u00e4te: 83 mm<br \/>\nHmotnos\u0165: 74 g<br \/>\nCelkov\u00e1 ve\u013ekos\u0165: 175 mm<br \/>\nD\u013a\u017eka \u010depele: 92 mm<br \/>\nMateri\u00e1l rukov\u00e4te: Long G-10 Styled Griv-Ex\u2122<br \/>\nMateri\u00e1l puzdra: Secure-Ex\u00ae Sheath<br \/>\nOce\u013e: 8Cr13MoV<\/p>\n","protected":false},"excerpt":{"rendered":"<p>Mini Tac Bowie od firmy COLD STEEL je pevn\u00fd po\u013eovn\u00fd n\u00f4\u017e s hladk\u00fdm ostr\u00edm do lesa na s\u0165ahovanie zveri, alebo na rezanie dr\u00f4tov. Je v\u00fdborn\u00fd na skryt\u00e9 nosenie alebo zavesenie na krk.<\/p>\n","protected":false},"featured_media":229610,"comment_status":"open","ping_status":"closed","template":"","meta":[],"pwb-brand":[3598],"product_brand":[],"product_cat":[3187,3186],"product_tag":[],"class_list":{"0":"post-335699","1":"product","2":"type-product","3":"status-publish","4":"has-post-thumbnail","6":"pwb-brand-cold-steel-sk","7":"product_cat-pevne-noze-sk","8":"product_cat-noze-sk","10":"first","11":"instock","12":"taxable","13":"shipping-taxable","14":"purchasable","15":"product-type-simple"},"brands":[{"id":3598,"name":"Cold Steel","slug":"cold-steel-sk"}],"_links":{"self":[{"href":"https:\/\/www.moskito.cz\/sk\/wp-json\/wp\/v2\/product\/335699","targetHints":{"allow":["GET"]}}],"collection":[{"href":"https:\/\/www.moskito.cz\/sk\/wp-json\/wp\/v2\/product"}],"about":[{"href":"https:\/\/www.moskito.cz\/sk\/wp-json\/wp\/v2\/types\/product"}],"replies":[{"embeddable":true,"href":"https:\/\/www.moskito.cz\/sk\/wp-json\/wp\/v2\/comments?post=335699"}],"wp:featuredmedia":[{"embeddable":true,"href":"https:\/\/www.moskito.cz\/sk\/wp-json\/wp\/v2\/media\/229610"}],"wp:attachment":[{"href":"https:\/\/www.moskito.cz\/sk\/wp-json\/wp\/v2\/media?parent=335699"}],"wp:term":[{"taxonomy":"pwb-brand","embeddable":true,"href":"https:\/\/www.moskito.cz\/sk\/wp-json\/wp\/v2\/pwb-brand?post=335699"},{"taxonomy":"product_brand","embeddable":true,"href":"https:\/\/www.moskito.cz\/sk\/wp-json\/wp\/v2\/product_brand?post=335699"},{"taxonomy":"product_cat","embeddable":true,"href":"https:\/\/www.moskito.cz\/sk\/wp-json\/wp\/v2\/product_cat?post=335699"},{"taxonomy":"product_tag","embeddable":true,"href":"https:\/\/www.moskito.cz\/sk\/wp-json\/wp\/v2\/product_tag?post=335699"}],"curies":[{"name":"wp","href":"https:\/\/api.w.org\/{rel}","templated":true}]}}