{"id":335715,"date":"2021-07-01T10:19:33","date_gmt":"2021-07-01T09:19:33","guid":{"rendered":"https:\/\/www.moskito.cz\/produkt\/poplasne-naboje-start-cal-6mm-100-ks\/"},"modified":"2025-12-11T14:53:17","modified_gmt":"2025-12-11T13:53:17","slug":"poplasne-naboje-start-cal-6mm-100-ks","status":"publish","type":"product","link":"https:\/\/www.moskito.cz\/sk\/produkt\/poplasne-naboje-start-cal-6mm-100-ks\/","title":{"rendered":"Popla\u0161n\u00e9 n\u00e1boje Start cal. 6mm 100 ks"},"content":{"rendered":"<p><strong>Popla\u0161n\u00e9<\/strong> n\u00e1boje Start cal. 6mm 100 ks.<\/p>\n<p>Popla\u0161n\u00e9 n\u00e1boje v kalibru 6mm. Akustick\u00fd effekt pri v\u00fdstrele. Balen\u00e9 po 100 ks.<\/p>\n<p><strong>Predaj od 18 rokov.<\/strong><\/p>\n","protected":false},"excerpt":{"rendered":"<p>Ur\u010dno iba pre akustick\u00fd efekt pri v\u00fdstrele.<\/p>\n","protected":false},"featured_media":200169,"comment_status":"open","ping_status":"closed","template":"","meta":[],"pwb-brand":[3441],"product_brand":[],"product_cat":[3438],"product_tag":[3668],"class_list":{"0":"post-335715","1":"product","2":"type-product","3":"status-publish","4":"has-post-thumbnail","6":"pwb-brand-sellierbellot-sk","7":"product_cat-naboje-skupiny-d-sk","8":"product_tag-b2b-sk","10":"first","11":"outofstock","12":"taxable","13":"shipping-taxable","14":"purchasable","15":"product-type-simple"},"brands":[{"id":3441,"name":"Sellier&amp;Bellot","slug":"sellierbellot-sk"}],"_links":{"self":[{"href":"https:\/\/www.moskito.cz\/sk\/wp-json\/wp\/v2\/product\/335715","targetHints":{"allow":["GET"]}}],"collection":[{"href":"https:\/\/www.moskito.cz\/sk\/wp-json\/wp\/v2\/product"}],"about":[{"href":"https:\/\/www.moskito.cz\/sk\/wp-json\/wp\/v2\/types\/product"}],"replies":[{"embeddable":true,"href":"https:\/\/www.moskito.cz\/sk\/wp-json\/wp\/v2\/comments?post=335715"}],"wp:featuredmedia":[{"embeddable":true,"href":"https:\/\/www.moskito.cz\/sk\/wp-json\/wp\/v2\/media\/200169"}],"wp:attachment":[{"href":"https:\/\/www.moskito.cz\/sk\/wp-json\/wp\/v2\/media?parent=335715"}],"wp:term":[{"taxonomy":"pwb-brand","embeddable":true,"href":"https:\/\/www.moskito.cz\/sk\/wp-json\/wp\/v2\/pwb-brand?post=335715"},{"taxonomy":"product_brand","embeddable":true,"href":"https:\/\/www.moskito.cz\/sk\/wp-json\/wp\/v2\/product_brand?post=335715"},{"taxonomy":"product_cat","embeddable":true,"href":"https:\/\/www.moskito.cz\/sk\/wp-json\/wp\/v2\/product_cat?post=335715"},{"taxonomy":"product_tag","embeddable":true,"href":"https:\/\/www.moskito.cz\/sk\/wp-json\/wp\/v2\/product_tag?post=335715"}],"curies":[{"name":"wp","href":"https:\/\/api.w.org\/{rel}","templated":true}]}}