{"id":335738,"date":"2022-04-19T21:36:28","date_gmt":"2024-04-19T11:52:35","guid":{"rendered":"https:\/\/www.moskito.cz\/produkt\/zatvaraci-noz-cold-steel-voyager-xl-tanto-point-plain-edge-aus10a\/"},"modified":"2025-05-07T11:12:50","modified_gmt":"2025-05-07T10:12:50","slug":"zatvaraci-noz-cold-steel-voyager-xl-tanto-point-plain-edge-aus10a","status":"publish","type":"product","link":"https:\/\/www.moskito.cz\/sk\/produkt\/zatvaraci-noz-cold-steel-voyager-xl-tanto-point-plain-edge-aus10a\/","title":{"rendered":"Zatv\u00e1rac\u00ed N\u00f4\u017e Cold Steel VOYAGER XL TANTO POINT &#8211; PLAIN EDGE (AUS10A)"},"content":{"rendered":"<p>Zatv\u00e1rac\u00ed N\u00f4\u017e <strong>Cold Steel<\/strong> VOYAGER XL TANTO POINT &#8211; PLAIN EDGE (AUS10A)<\/p>\n<p>Rad Cold Steel Voyager je navrhnut\u00fd tak, aby bol skuto\u010dn\u00fdm no\u017eom pre ka\u017ed\u00e9ho. \u013dahk\u00e9, pohodln\u00e9 a super ostr\u00e9, s\u00fa robustn\u00e9, spo\u013eahliv\u00e9 a perfektn\u00e9 pre lov a kempovanie, rovnako ako na be\u017en\u00e9 pou\u017eitie a ka\u017edodenn\u00e9 kosenie. Voyagery vynikaj\u00fa v mnoh\u00fdch aplik\u00e1ci\u00e1ch na pre\u017eitie a z\u00e1chrany a uk\u00e1zalo sa, \u017ee s\u00fa ve\u013emi ob\u013e\u00faben\u00e9 u policajn\u00e9ho a vojensk\u00e9ho person\u00e1lu, ktor\u00fd oce\u0148uje kombin\u00e1ciu rezn\u00e9ho v\u00fdkonu a bezpe\u010dnosti, ktor\u00fa pon\u00fakaj\u00fa. Ka\u017ed\u00fd n\u00f4\u017e z n\u00e1\u0161ho rozsiahleho radu Voyager je prec\u00edzne skon\u0161truovan\u00fd a zodpoved\u00e1 na\u0161im najpr\u00edsnej\u0161\u00edm \u0161tandardom. Rad Voyager obsahuje japonsk\u00e9 \u010depele zo zliatiny AUS10A a n\u00e1\u0161 uzamykac\u00ed mechanizmus Tri-Ad \u2013 \u010do je dos\u0165 mo\u017eno najbezpe\u010dnej\u0161\u00ed, najbezpe\u010dnej\u0161\u00ed a n\u00e1razuvzdorn\u00fd z\u00e1mok na s\u00fa\u010dasnom trhu! Ergonomick\u00e9 rukov\u00e4te Griv-Ex Voyagers (vystu\u017een\u00e9 tepelne spracovan\u00fdmi hlin\u00edkov\u00fdmi vlo\u017ekami 6061) poskytuj\u00fa skvel\u00e9 pohodlie a bezpe\u010dn\u00e9 uchopenie aj pri dlhodobom pou\u017e\u00edvan\u00ed v n\u00e1ro\u010dn\u00fdch podmienkach. K dispoz\u00edcii v dvoch ve\u013ekostiach as po\u010detn\u00fdmi konfigur\u00e1ciami \u010depel\u00ed a ostrie, je tu Voyager pre ka\u017ed\u00e9ho.<\/p>\n<p>PARAMETRE PRODUKTU<br \/>\nMateri\u00e1l rukov\u00e4te : Long Griv-Ex<br \/>\nFarba : \u010cierna\/Strieborn\u00e1<br \/>\nHmotnos\u0165 : 218,29 g<br \/>\nDruh poistky: Tri-Ad Lock<br \/>\nHr\u00fabka \u010depele: 4 mm<br \/>\nOce\u013e : Japanese AUS 10A Stainless<br \/>\nMateri\u00e1l puzdra : Ambidextrous Pocket \/ Belt Clip<br \/>\nCelkov\u00e1 ve\u013ekos\u0165: 304 mm<br \/>\nD\u013a\u017eka rukov\u00e4te: 169 mm<br \/>\nD\u013a\u017eka \u010depele: 135 mm<\/p>\n<p>The Cold Steel Voyager s\u00e9rie s\u00fa navrhnut\u00e9 pre true everyman n\u00f4\u017e. Lightweight, pohodln\u00e9, a super \u017earty, ktor\u00e9 s\u00fa zaru\u010den\u00e9, dependable a perfektn\u00e9 pre hunting a kemping ako dobre ako v\u0161eobecn\u00e9 utility a daily cutting chores. Vojageri excel v mnoh\u00fdch survival a obnova aplik\u00e1ci\u00ed, a maj\u00fa by\u0165 proven to by\u0165 ve\u013emi popul\u00e1rny s Policajnou a mestskou osobou, ktor\u00e1 prispieva k kombin\u00e1cii rezania performance a zabezpe\u010denia, ktor\u00e9 sa t\u00fdkaj\u00fa. Ka\u017ed\u00e1 n\u00f4\u017e v na\u0161ej \u0161irokej \u0161k\u00e1le voyagerov je precision ingeneered and held to our most exacting standards. Voyager series features Japonsk\u00e1 AUS10A Alloy Blades, a na\u0161a Tri-Ad zablokovanie mechanizmu &#8211; ktor\u00e9 s\u00fa pomal\u00e9, possibly the most secure, bezpe\u010dn\u00e9 a \u0161okov\u00e9 reziden\u010dn\u00fd z\u00e1mok na trhu dnes! Vojaci ergonomick\u00fdch Griv-Ex handles (reinforced s hlavou treated 6061 hlin\u00edkov\u00fdch linerov) provide top\u00e1nok ve\u013ek\u00fd komfort a secure grip e\u0161te pod roz\u0161\u00edren\u00fdm pou\u017e\u00edvan\u00edm v tvrd\u00fdch podmienkach. Available v dvoch ve\u013ekostiach a s r\u00f4znymi blade a okrajmi konfigur\u00e1ci\u00ed, s\u00fa a Voyager for everyone.<\/p>\n<p>Hmotnos\u0165: 7.7oz Blade Thickness: 4mm Blade Length: 5-1\/2in Blade Steel: Japonsko AUS10A Handle Length\/Material: 6-3\/4in Griv-Ex w\/ 6061 Aluminum Liners Overall Length: 12-1\/4in Additional Ambidextrous Pocket \/ Belt Clip Knife Typ: Folder Blade Length Range: 5+ in Steel Family: AUS Blade Shape: Tanto Locking Mechanizmus: Tri-Ad Lock Product Family: Voyager<\/p>\n","protected":false},"excerpt":{"rendered":"<p>Voyager Tanto Plain Edge od Cold Steel je zatv\u00e1rac\u00ed n\u00f4\u017e s hladk\u00fdm ostr\u00edm. Tento taktick\u00fd n\u00f4\u017e strednej ve\u013ekosti n\u00e1jde uplatn\u00ed pri pou\u017eit\u00ed vojensk\u00fdm alebo bezpe\u010dnostn\u00fdm person\u00e1lom.<\/p>\n","protected":false},"featured_media":215075,"comment_status":"open","ping_status":"closed","template":"","meta":[],"pwb-brand":[3598],"product_brand":[],"product_cat":[3186,3233],"product_tag":[],"class_list":{"0":"post-335738","1":"product","2":"type-product","3":"status-publish","4":"has-post-thumbnail","6":"pwb-brand-cold-steel-sk","7":"product_cat-noze-sk","8":"product_cat-zatvaracie-noze","10":"first","11":"instock","12":"taxable","13":"shipping-taxable","14":"purchasable","15":"product-type-simple"},"brands":[{"id":3598,"name":"Cold Steel","slug":"cold-steel-sk"}],"_links":{"self":[{"href":"https:\/\/www.moskito.cz\/sk\/wp-json\/wp\/v2\/product\/335738","targetHints":{"allow":["GET"]}}],"collection":[{"href":"https:\/\/www.moskito.cz\/sk\/wp-json\/wp\/v2\/product"}],"about":[{"href":"https:\/\/www.moskito.cz\/sk\/wp-json\/wp\/v2\/types\/product"}],"replies":[{"embeddable":true,"href":"https:\/\/www.moskito.cz\/sk\/wp-json\/wp\/v2\/comments?post=335738"}],"wp:featuredmedia":[{"embeddable":true,"href":"https:\/\/www.moskito.cz\/sk\/wp-json\/wp\/v2\/media\/215075"}],"wp:attachment":[{"href":"https:\/\/www.moskito.cz\/sk\/wp-json\/wp\/v2\/media?parent=335738"}],"wp:term":[{"taxonomy":"pwb-brand","embeddable":true,"href":"https:\/\/www.moskito.cz\/sk\/wp-json\/wp\/v2\/pwb-brand?post=335738"},{"taxonomy":"product_brand","embeddable":true,"href":"https:\/\/www.moskito.cz\/sk\/wp-json\/wp\/v2\/product_brand?post=335738"},{"taxonomy":"product_cat","embeddable":true,"href":"https:\/\/www.moskito.cz\/sk\/wp-json\/wp\/v2\/product_cat?post=335738"},{"taxonomy":"product_tag","embeddable":true,"href":"https:\/\/www.moskito.cz\/sk\/wp-json\/wp\/v2\/product_tag?post=335738"}],"curies":[{"name":"wp","href":"https:\/\/api.w.org\/{rel}","templated":true}]}}