{"id":335781,"date":"2022-10-31T21:11:32","date_gmt":"2024-04-19T12:04:06","guid":{"rendered":"https:\/\/www.moskito.cz\/produkt\/zatvaraci-noz-cold-steel-voyager-xl-tanto-point-serrated-edge-aus10a\/"},"modified":"2025-05-07T11:12:54","modified_gmt":"2025-05-07T10:12:54","slug":"zatvaraci-noz-cold-steel-voyager-xl-tanto-point-serrated-edge-aus10a","status":"publish","type":"product","link":"https:\/\/www.moskito.cz\/sk\/produkt\/zatvaraci-noz-cold-steel-voyager-xl-tanto-point-serrated-edge-aus10a\/","title":{"rendered":"Zatv\u00e1rac\u00ed N\u00f4\u017e Cold Steel VOYAGER XL TANTO POINT &#8211; SERRATED EDGE (AUS10A)"},"content":{"rendered":"<p>Zatv\u00e1rac\u00ed N\u00f4\u017e Cold Steel VOYAGER XL TANTO POINT &#8211; SERRATED EDGE (AUS10A)<\/p>\n<p>Rad Cold Steel Voyager je navrhnut\u00fd tak, aby bol skuto\u010dn\u00fdm no\u017eom pre ka\u017ed\u00e9ho. \u013dahk\u00e9, pohodln\u00e9 a super ostr\u00e9, s\u00fa robustn\u00e9, spo\u013eahliv\u00e9 a perfektn\u00e9 pre lov a kempovanie, rovnako ako na be\u017en\u00e9 pou\u017eitie a ka\u017edodenn\u00e9 kosenie. Voyagery vynikaj\u00fa v mnoh\u00fdch aplik\u00e1ci\u00e1ch na pre\u017eitie a z\u00e1chrany a uk\u00e1zalo sa, \u017ee s\u00fa ve\u013emi ob\u013e\u00faben\u00e9 u policajn\u00e9ho a vojensk\u00e9ho person\u00e1lu, ktor\u00fd oce\u0148uje kombin\u00e1ciu rezn\u00e9ho v\u00fdkonu a bezpe\u010dnosti, ktor\u00fa pon\u00fakaj\u00fa. Ka\u017ed\u00fd n\u00f4\u017e z na\u0161ej rozsiahlej s\u00e9rie Voyager je prec\u00edzne skon\u0161truovan\u00fd a zodpoved\u00e1 na\u0161im najpr\u00edsnej\u0161\u00edm \u0161tandardom. Rad Voyager obsahuje japonsk\u00e9 \u010depele zo zliatiny AUS10A a n\u00e1\u0161 uzamykac\u00ed mechanizmus Tri-Ad \u2013 \u010do je dos\u0165 mo\u017eno najbezpe\u010dnej\u0161\u00ed, najbezpe\u010dnej\u0161\u00ed a n\u00e1razuvzdorn\u00fd z\u00e1mok na s\u00fa\u010dasnom trhu! The Voyager&#8216; Ergonomick\u00e9 rukov\u00e4te Griv-Ex (vystu\u017een\u00e9 tepelne spracovan\u00fdmi hlin\u00edkov\u00fdmi vlo\u017ekami 6061) poskytuj\u00fa skvel\u00e9 pohodlie a bezpe\u010dn\u00e9 uchopenie aj pri dlhodobom pou\u017e\u00edvan\u00ed v n\u00e1ro\u010dn\u00fdch podmienkach. Voyager je k dispoz\u00edcii v dvoch ve\u013ekostiach as po\u010detn\u00fdmi konfigur\u00e1ciami lopatiek a hr\u00e1n, tak\u017ee je tu pre ka\u017ed\u00e9ho.<\/p>\n<p>PARAMETRE PRODUKTU<\/p>\n<p>Oce\u013e: Japanese AUS 10A Stainless<br \/>\nDruh poistky: Tri-Ad Lock<br \/>\nHmotnos\u0165: 219,29 g<br \/>\nMateri\u00e1l rukov\u00e4te: Long Griv-Ex<br \/>\nFarba: \u010cierna\/Strieborn\u00e1<br \/>\nMateri\u00e1l puzdra: Ambidextrous Pocket \/ Belt Clip<br \/>\nHr\u00fabka \u010depele: 4 mm<br \/>\nD\u013a\u017eka rukov\u00e4te: 169 mm<br \/>\nCelkov\u00e1 ve\u013ekos\u0165: 304 mm<br \/>\nD\u013a\u017eka \u010depele: 135 mm<\/p>\n<p>&nbsp;<\/p>\n","protected":false},"excerpt":{"rendered":"<p>Rad Cold Steel Voyager je navrhnut\u00fd tak, aby bol skuto\u010dn\u00fdm no\u017eom pre ka\u017ed\u00e9ho.<\/p>\n","protected":false},"featured_media":229013,"comment_status":"open","ping_status":"closed","template":"","meta":[],"pwb-brand":[3598],"product_brand":[],"product_cat":[3186,3233],"product_tag":[],"class_list":{"0":"post-335781","1":"product","2":"type-product","3":"status-publish","4":"has-post-thumbnail","6":"pwb-brand-cold-steel-sk","7":"product_cat-noze-sk","8":"product_cat-zatvaracie-noze","10":"first","11":"instock","12":"taxable","13":"shipping-taxable","14":"purchasable","15":"product-type-simple"},"brands":[{"id":3598,"name":"Cold Steel","slug":"cold-steel-sk"}],"_links":{"self":[{"href":"https:\/\/www.moskito.cz\/sk\/wp-json\/wp\/v2\/product\/335781","targetHints":{"allow":["GET"]}}],"collection":[{"href":"https:\/\/www.moskito.cz\/sk\/wp-json\/wp\/v2\/product"}],"about":[{"href":"https:\/\/www.moskito.cz\/sk\/wp-json\/wp\/v2\/types\/product"}],"replies":[{"embeddable":true,"href":"https:\/\/www.moskito.cz\/sk\/wp-json\/wp\/v2\/comments?post=335781"}],"wp:featuredmedia":[{"embeddable":true,"href":"https:\/\/www.moskito.cz\/sk\/wp-json\/wp\/v2\/media\/229013"}],"wp:attachment":[{"href":"https:\/\/www.moskito.cz\/sk\/wp-json\/wp\/v2\/media?parent=335781"}],"wp:term":[{"taxonomy":"pwb-brand","embeddable":true,"href":"https:\/\/www.moskito.cz\/sk\/wp-json\/wp\/v2\/pwb-brand?post=335781"},{"taxonomy":"product_brand","embeddable":true,"href":"https:\/\/www.moskito.cz\/sk\/wp-json\/wp\/v2\/product_brand?post=335781"},{"taxonomy":"product_cat","embeddable":true,"href":"https:\/\/www.moskito.cz\/sk\/wp-json\/wp\/v2\/product_cat?post=335781"},{"taxonomy":"product_tag","embeddable":true,"href":"https:\/\/www.moskito.cz\/sk\/wp-json\/wp\/v2\/product_tag?post=335781"}],"curies":[{"name":"wp","href":"https:\/\/api.w.org\/{rel}","templated":true}]}}