{"id":335805,"date":"2022-04-17T20:25:08","date_gmt":"2024-04-19T12:12:49","guid":{"rendered":"https:\/\/www.moskito.cz\/produkt\/pevny-noz-cold-steel-tai-pan-cpm-3v\/"},"modified":"2025-05-07T11:12:56","modified_gmt":"2025-05-07T10:12:56","slug":"pevny-noz-cold-steel-tai-pan-cpm-3v","status":"publish","type":"product","link":"https:\/\/www.moskito.cz\/sk\/produkt\/pevny-noz-cold-steel-tai-pan-cpm-3v\/","title":{"rendered":"Pevn\u00fd N\u00f4\u017e Cold Steel TAI PAN (CPM 3V)"},"content":{"rendered":"<p>Pevn\u00fd N\u00f4\u017e <strong>Cold Steel<\/strong> TAI PAN (CPM 3V)<\/p>\n<p>Rovnako ako jeho had\u00ed menovec je Tai Pan\u00ae agres\u00edvne r\u00fdchly a smrtiaci. Tai Pan\u00ae, navrhnut\u00e1 Lynn C. Thompson v osobitom \u0161t\u00fdle \u201eTanto\u201c, steles\u0148uje v\u0161etky najlep\u0161ie vlastnosti klasickej d\u00fdky a z\u00e1rove\u0148 minimalizuje jej nedostatky. V\u00e4\u010d\u0161ina d\u00fdk je zn\u00e1ma t\u00fdm, \u017ee maj\u00fa tenk\u00e9, krehk\u00e9 hroty, ktor\u00e9 je mo\u017en\u00e9 \u013eahko zlomi\u0165. Na rozdiel od toho m\u00e1 Tai Pan\u00ae robustn\u00fd hrot kopije, ktor\u00fd je dostato\u010dne \u0161irok\u00fd a siln\u00fd, aby odolal zlomeniu bez toho, aby bola ohrozen\u00e1 jeho schopnos\u0165 pon\u00faknu\u0165 hlbok\u00fd, \u013eahk\u00fd prienik.<\/p>\n<p>PARAMETRE PRODUKTU<br \/>\nCelkov\u00e1 ve\u013ekos\u0165: 330,2 mm<br \/>\nD\u013a\u017eka \u010depele: 190,5 mm<br \/>\nMateri\u00e1l rukov\u00e4te : Long Kray-Ex\u2122<br \/>\nHr\u00fabka \u010depele: 5 mm<br \/>\nHmotnos\u0165 : 306,1 g<br \/>\nD\u013a\u017eka rukov\u00e4te: 140 mm<br \/>\nFarba : \u010cierna\/Strieborn\u00e1<br \/>\nOce\u013e : US CPM 3-V High Carbon<br \/>\nMateri\u00e1l puzdra : Secure-Ex\u00ae Sheath<\/p>\n<p>Ako jej serpent namesake, the Tai Pan\u00ae je s aggressively fast and deadly. Designed by Lynn C. Thompson v odli\u0161nom \u0161t\u00fdle &#8222;Tanto&#8220;, Tai Pan\u00ae emb\u00f3die v\u0161etk\u00fdch najlep\u0161\u00edch vlastnost\u00ed klasick\u00fdch dagger pri minimiz\u00e1cii svojich shortcomings. Most daggers s\u00fa notorious pre having thin, fragile body, ktor\u00e9 s\u00fa easily zlomen\u00e9. V kontraste, Tai Pan\u00ae vlastnosti a sturdy \u0161peci\u00e1lny bod, ktor\u00fd je \u0161irok\u00e1 a h\u013abkov\u00e1 zlu\u010dite\u013en\u00e1 s rezistom breaking bez kompromisovania jeho schopnosti doda\u0165 deep, effortless, penetration.<\/p>\n<p>Weight: 10.8oz Blade Thickness: 5mm Blade Length: 7-1\/2&#8243; Blade Steel: CPM 3V Handle Length\/Material: 5-1\/2&#8243; Kray-Ex Overall Length: 9-1\/2&#8243; Additional Features: Secure -Ex\u00ae Sheath Knife Type: Fixed Blade Length Range: 5+ in Steel Family: CPM Blade Shape: Spear Point<\/p>\n","protected":false},"excerpt":{"rendered":"<p><strong>COLD STEEL<\/strong> 3V Tai Pan je pevn\u00e1 d\u00fdka s obojstranne br\u00fasenou \u010depe\u013eou. Je dod\u00e1van\u00fd vr\u00e1tane Secure-Ex\u00ae puzdra.<\/p>\n","protected":false},"featured_media":214938,"comment_status":"open","ping_status":"closed","template":"","meta":[],"pwb-brand":[3598],"product_brand":[],"product_cat":[3186,3187],"product_tag":[3668],"class_list":{"0":"post-335805","1":"product","2":"type-product","3":"status-publish","4":"has-post-thumbnail","6":"pwb-brand-cold-steel-sk","7":"product_cat-noze-sk","8":"product_cat-pevne-noze-sk","9":"product_tag-b2b-sk","11":"first","12":"instock","13":"taxable","14":"shipping-taxable","15":"purchasable","16":"product-type-simple"},"brands":[{"id":3598,"name":"Cold Steel","slug":"cold-steel-sk"}],"_links":{"self":[{"href":"https:\/\/www.moskito.cz\/sk\/wp-json\/wp\/v2\/product\/335805","targetHints":{"allow":["GET"]}}],"collection":[{"href":"https:\/\/www.moskito.cz\/sk\/wp-json\/wp\/v2\/product"}],"about":[{"href":"https:\/\/www.moskito.cz\/sk\/wp-json\/wp\/v2\/types\/product"}],"replies":[{"embeddable":true,"href":"https:\/\/www.moskito.cz\/sk\/wp-json\/wp\/v2\/comments?post=335805"}],"wp:featuredmedia":[{"embeddable":true,"href":"https:\/\/www.moskito.cz\/sk\/wp-json\/wp\/v2\/media\/214938"}],"wp:attachment":[{"href":"https:\/\/www.moskito.cz\/sk\/wp-json\/wp\/v2\/media?parent=335805"}],"wp:term":[{"taxonomy":"pwb-brand","embeddable":true,"href":"https:\/\/www.moskito.cz\/sk\/wp-json\/wp\/v2\/pwb-brand?post=335805"},{"taxonomy":"product_brand","embeddable":true,"href":"https:\/\/www.moskito.cz\/sk\/wp-json\/wp\/v2\/product_brand?post=335805"},{"taxonomy":"product_cat","embeddable":true,"href":"https:\/\/www.moskito.cz\/sk\/wp-json\/wp\/v2\/product_cat?post=335805"},{"taxonomy":"product_tag","embeddable":true,"href":"https:\/\/www.moskito.cz\/sk\/wp-json\/wp\/v2\/product_tag?post=335805"}],"curies":[{"name":"wp","href":"https:\/\/api.w.org\/{rel}","templated":true}]}}