{"id":335819,"date":"2022-04-19T22:20:27","date_gmt":"2022-04-19T21:20:27","guid":{"rendered":"https:\/\/www.moskito.cz\/produkt\/pevny-noz-cold-steel-chaos-bowie\/"},"modified":"2025-05-07T11:12:57","modified_gmt":"2025-05-07T10:12:57","slug":"pevny-noz-cold-steel-chaos-bowie","status":"publish","type":"product","link":"https:\/\/www.moskito.cz\/sk\/produkt\/pevny-noz-cold-steel-chaos-bowie\/","title":{"rendered":"Pevn\u00fd N\u00f4\u017e Cold Steel CHAOS BOWIE"},"content":{"rendered":"<p>Pevn\u00fd N\u00f4\u017e <strong>Cold Steel<\/strong> CHAOS BOWIE.<\/p>\n<p>In\u0161pirovali sme sa klasick\u00fdmi \u201eTrench Knives\u201c z oboch svetov\u00fdch vojen minul\u00e9ho storo\u010dia a vyvinuli sme mno\u017estvo taktick\u00fdch pevn\u00fdch \u010depel\u00ed, ktor\u00e9 s\u00fa vhodn\u00e9 pre v\u00fdzvy, ktor\u00fdm \u010delia dne\u0161n\u00ed modern\u00ed bojovn\u00edci. Na\u0161e pevn\u00e9 \u010depele Chaos s\u00fa vybaven\u00e9 jedine\u010dn\u00fdmi prstencov\u00fdmi chr\u00e1ni\u010dmi &#8222;D&#8220; vyroben\u00fdmi z vystu\u017een\u00e9ho hlin\u00edka 6061, ktor\u00e9 umo\u017e\u0148uj\u00fa neuverite\u013ene bezpe\u010dn\u00fd a pohodln\u00fd \u00fachop a z\u00e1rove\u0148 chr\u00e1nia ruku pred prich\u00e1dzaj\u00facim \u00fatokom a po\u0161koden\u00edm pri \u00fadere alebo rezan\u00ed protivn\u00edka, ktor\u00fd je pokryt\u00fd nepriestrelnou vesty. , baterky, z\u00e1sobn\u00edky a vybavenie! Ich extra siln\u00e9 hlavice z uhl\u00edkovej ocele 1055 s\u00fa z\u00fa\u017een\u00e9, aby s\u00fastredili perkusn\u00fa silu \u00faderu kladivom, a ich \u010depele z vysoko uhl\u00edkovej ocele SK-5 s\u00fa odborne tepelne spracovan\u00e9 pre maxim\u00e1lny v\u00fdkon. Ich pevn\u00e9 puzdr\u00e1 Secure-Ex s\u00fa kompatibiln\u00e9 s Molle-Lok a Tek-Lok s odoln\u00fdmi nastavite\u013en\u00fdmi p\u00fatkami na opasok Cor-Ex a upev\u0148ovac\u00edmi popruhmi pre bezpe\u010dn\u00e9 a spo\u013eahliv\u00e9 uzamknutie, ke\u010f sa nepou\u017e\u00edvaj\u00fa. Chaosseries kombinuje maxim\u00e1lnu bezpe\u010dnos\u0165 a zabezpe\u010denie s extr\u00e9mnym v\u00fdkonom a bojov\u00fdm potenci\u00e1lom.<\/p>\n<p>PARAMETRE PRODUKTU<br \/>\nD\u013a\u017eka rukov\u00e4te: 152 mm<br \/>\nOce\u013e : SK-5 High Carbon<br \/>\nFarba : \u010cierna<br \/>\nMateri\u00e1l puzdra : Secure-Ex\u00ae Sheath<br \/>\nCelkov\u00e1 ve\u013ekos\u0165: 419 mm<br \/>\nHmotnos\u0165 : 655 g<br \/>\nD\u013a\u017eka \u010depele: 267 mm<br \/>\nMateri\u00e1l rukov\u00e4te : 6061 Aluminum<br \/>\nHr\u00fabka \u010depele: 5 mm<\/p>\n<p>S in\u0161pir\u00e1ciou z klasickej &#8222;Trench Knives&#8220; z top\u00e1nok Svetovej vojny v poslednej century, boli vylep\u0161en\u00e9 s\u00e9rie taktick\u00fdch fixovan\u00fdch blades, ktor\u00e9 s\u00fa zlu\u010dite\u013en\u00e9 s challenges, ktor\u00e9 sa uskuto\u010dnia v dne\u0161n\u00fdch modern\u00fdch d\u0148och bojovn\u00edkov. Na\u0161e Chaos fixovan\u00e9 blades s\u00fa vybaven\u00e9 s unik\u00e1tnou &#8222;D&#8220; ring guards vyroben\u00e9 z reinforced 6061 hlin\u00edk, allowing pre bezv\u00fdhradne bezpe\u010dn\u00e9 a pohodln\u00e9 uchopenie pri protekcii ruky r\u00fak z obkladu a n\u00e1sledne pri strihan\u00ed alebo \u0165ahan\u00ed , flashlights, \u010dasopisy a zariadenia! Tieto extra thick 1055 karb\u00f3nov\u00e9 steelov\u00e9 pommels s\u00fa tapered na s\u00fastreden\u00e9 perkus\u00edvne \u0165a\u017eisko striekania, a ich pln\u00fd tang SK-5 High Carbon steel blades s\u00fa expertom hlavou treated pre maximum performance. Tieto tvrd\u00e9 Secure-Ex sheathes s\u00fa Molle-Lok a Tek-Lok compatible s rugged adjustable Cor-Ex belt loops a retaining straps pre secure a reliable lock up when not in use. The Chaosseries kombinuje maximum bezpe\u010dnosti a bezpe\u010dnosti s extr\u00e9mnou performance and combat potential.<\/p>\n<p>Weight: 23.1oz Blade Thickness: 5mm Blade Length: 10-1\/2&#8243; Blade Steel: SK-5 High Carbon Handle Length\/Material: 6&#8243; 6061 Aluminum Overall Length: 16-1\/2&#8243; Additional Features: Secure-Ex\u00ae Sheath Knife Type: Fixed Blade Length Range: 5+ in Steel Family: High Carbon Steels Blade Shape: Clip Point Product Family: Chaos<\/p>\n","protected":false},"excerpt":{"rendered":"<p>Chaos Bowie je pevn\u00fd n\u00f4\u017e s hladk\u00fdm ostr\u00edm. No\u017ei dominuje &#8222;D&#8220; chr\u00e1ni\u010d ruky vyroben\u00fd z pevnostn\u00e9ho hlin\u00edka 6061.<\/p>\n","protected":false},"featured_media":215092,"comment_status":"open","ping_status":"closed","template":"","meta":[],"pwb-brand":[3598],"product_brand":[],"product_cat":[3187,3186],"product_tag":[3668],"class_list":{"0":"post-335819","1":"product","2":"type-product","3":"status-publish","4":"has-post-thumbnail","6":"pwb-brand-cold-steel-sk","7":"product_cat-pevne-noze-sk","8":"product_cat-noze-sk","9":"product_tag-b2b-sk","11":"first","12":"instock","13":"taxable","14":"shipping-taxable","15":"purchasable","16":"product-type-simple"},"brands":[{"id":3598,"name":"Cold Steel","slug":"cold-steel-sk"}],"_links":{"self":[{"href":"https:\/\/www.moskito.cz\/sk\/wp-json\/wp\/v2\/product\/335819","targetHints":{"allow":["GET"]}}],"collection":[{"href":"https:\/\/www.moskito.cz\/sk\/wp-json\/wp\/v2\/product"}],"about":[{"href":"https:\/\/www.moskito.cz\/sk\/wp-json\/wp\/v2\/types\/product"}],"replies":[{"embeddable":true,"href":"https:\/\/www.moskito.cz\/sk\/wp-json\/wp\/v2\/comments?post=335819"}],"wp:featuredmedia":[{"embeddable":true,"href":"https:\/\/www.moskito.cz\/sk\/wp-json\/wp\/v2\/media\/215092"}],"wp:attachment":[{"href":"https:\/\/www.moskito.cz\/sk\/wp-json\/wp\/v2\/media?parent=335819"}],"wp:term":[{"taxonomy":"pwb-brand","embeddable":true,"href":"https:\/\/www.moskito.cz\/sk\/wp-json\/wp\/v2\/pwb-brand?post=335819"},{"taxonomy":"product_brand","embeddable":true,"href":"https:\/\/www.moskito.cz\/sk\/wp-json\/wp\/v2\/product_brand?post=335819"},{"taxonomy":"product_cat","embeddable":true,"href":"https:\/\/www.moskito.cz\/sk\/wp-json\/wp\/v2\/product_cat?post=335819"},{"taxonomy":"product_tag","embeddable":true,"href":"https:\/\/www.moskito.cz\/sk\/wp-json\/wp\/v2\/product_tag?post=335819"}],"curies":[{"name":"wp","href":"https:\/\/api.w.org\/{rel}","templated":true}]}}