{"id":335827,"date":"2022-11-08T21:45:10","date_gmt":"2022-11-08T20:45:10","guid":{"rendered":"https:\/\/www.moskito.cz\/produkt\/pevny-noz-cold-steel-chaos-double-edge\/"},"modified":"2025-05-07T11:12:58","modified_gmt":"2025-05-07T10:12:58","slug":"pevny-noz-cold-steel-chaos-double-edge","status":"publish","type":"product","link":"https:\/\/www.moskito.cz\/sk\/produkt\/pevny-noz-cold-steel-chaos-double-edge\/","title":{"rendered":"Pevn\u00fd N\u00f4\u017e Cold Steel CHAOS DOUBLE EDGE"},"content":{"rendered":"<p>Pevn\u00fd N\u00f4\u017e <strong>Cold Steel<\/strong> CHAOS DOUBLE EDGE.<\/p>\n<p>In\u0161pirovali sme sa klasick\u00fdmi \u201eTrench Knives\u201c z oboch svetov\u00fdch vojen minul\u00e9ho storo\u010dia a vyvinuli sme mno\u017estvo nov\u00fdch taktick\u00fdch pevn\u00fdch \u010depel\u00ed, ktor\u00e9 s\u00fa vhodn\u00e9 pre v\u00fdzvy, ktor\u00fdm \u010delia dne\u0161n\u00ed modern\u00ed bojovn\u00edci. Na\u0161e pevn\u00e9 \u010depele radu Chaos s\u00fa vybaven\u00e9 jedine\u010dn\u00fdmi Ochrann\u00e9 kr\u00fa\u017eky v tvare &#8222;D&#8220; vyroben\u00e9 z vystu\u017een\u00e9ho hlin\u00edka 6061, ktor\u00e9 umo\u017e\u0148uj\u00fa neuverite\u013ene bezpe\u010dn\u00fd a pohodln\u00fd \u00fachop a z\u00e1rove\u0148 chr\u00e1nia ruku pred prich\u00e1dzaj\u00facim \u00fatokom a po\u0161koden\u00edm pri \u00fadere alebo rezan\u00ed protivn\u00edka, ktor\u00fd je pokryt\u00fd neprie , baterkami, z\u00e1sobn\u00edkmi a v\u00fdstrojom! Ich extra siln\u00e9 hlavice z uhl\u00edkovej ocele 1055 s\u00fa skosen\u00e9, aby koncentrovali perkusn\u00fa silu \u00faderu kladivom, a ich \u010depele z vysoko uhl\u00edkovej ocele SK-5 s\u00fa odborne tepelne spracovan\u00e9 pre maxim\u00e1lny v\u00fdkon.<\/p>\n<p>PARAMETRE PRODUKTU<br \/>\nOce\u013e: SK-5 High Carbon<br \/>\nCelkov\u00e1 ve\u013ekos\u0165: 342 mm<br \/>\nD\u013a\u017eka \u010depele: 190 mm<br \/>\nMateri\u00e1l rukov\u00e4te: 6061 Aluminum<br \/>\nD\u013a\u017eka rukov\u00e4te: 152 mm<br \/>\nFarba: \u010cierna:<\/p>\n<p>Hmotnos\u0165: 481,94 g<br \/>\nHr\u00fabka \u010depele: 4,5 mm<br \/>\nMateri\u00e1l puzdra: Secure-Ex\u00ae Sheath<\/p>\n","protected":false},"excerpt":{"rendered":"<p>Predstavujeme Chaos Double Edge od firmy Cold Steel.<\/p>\n","protected":false},"featured_media":229743,"comment_status":"open","ping_status":"closed","template":"","meta":[],"pwb-brand":[3598],"product_brand":[],"product_cat":[3187,3186],"product_tag":[],"class_list":{"0":"post-335827","1":"product","2":"type-product","3":"status-publish","4":"has-post-thumbnail","6":"pwb-brand-cold-steel-sk","7":"product_cat-pevne-noze-sk","8":"product_cat-noze-sk","10":"first","11":"instock","12":"taxable","13":"shipping-taxable","14":"purchasable","15":"product-type-simple"},"brands":[{"id":3598,"name":"Cold Steel","slug":"cold-steel-sk"}],"_links":{"self":[{"href":"https:\/\/www.moskito.cz\/sk\/wp-json\/wp\/v2\/product\/335827","targetHints":{"allow":["GET"]}}],"collection":[{"href":"https:\/\/www.moskito.cz\/sk\/wp-json\/wp\/v2\/product"}],"about":[{"href":"https:\/\/www.moskito.cz\/sk\/wp-json\/wp\/v2\/types\/product"}],"replies":[{"embeddable":true,"href":"https:\/\/www.moskito.cz\/sk\/wp-json\/wp\/v2\/comments?post=335827"}],"wp:featuredmedia":[{"embeddable":true,"href":"https:\/\/www.moskito.cz\/sk\/wp-json\/wp\/v2\/media\/229743"}],"wp:attachment":[{"href":"https:\/\/www.moskito.cz\/sk\/wp-json\/wp\/v2\/media?parent=335827"}],"wp:term":[{"taxonomy":"pwb-brand","embeddable":true,"href":"https:\/\/www.moskito.cz\/sk\/wp-json\/wp\/v2\/pwb-brand?post=335827"},{"taxonomy":"product_brand","embeddable":true,"href":"https:\/\/www.moskito.cz\/sk\/wp-json\/wp\/v2\/product_brand?post=335827"},{"taxonomy":"product_cat","embeddable":true,"href":"https:\/\/www.moskito.cz\/sk\/wp-json\/wp\/v2\/product_cat?post=335827"},{"taxonomy":"product_tag","embeddable":true,"href":"https:\/\/www.moskito.cz\/sk\/wp-json\/wp\/v2\/product_tag?post=335827"}],"curies":[{"name":"wp","href":"https:\/\/api.w.org\/{rel}","templated":true}]}}