{"id":335851,"date":"2022-04-19T22:10:21","date_gmt":"2022-04-19T21:10:21","guid":{"rendered":"https:\/\/www.moskito.cz\/produkt\/pevny-noz-cold-steel-drop-forged-wasp\/"},"modified":"2025-05-07T11:12:59","modified_gmt":"2025-05-07T10:12:59","slug":"pevny-noz-cold-steel-drop-forged-wasp","status":"publish","type":"product","link":"https:\/\/www.moskito.cz\/sk\/produkt\/pevny-noz-cold-steel-drop-forged-wasp\/","title":{"rendered":"Pevn\u00fd N\u00f4\u017e Cold Steel Drop Forged Wasp"},"content":{"rendered":"<p>Pevn\u00fd N\u00f4\u017e <strong>Cold Steel<\/strong> Drop Forged Wasp.<\/p>\n<p>Je to skuto\u010dn\u00e1 v\u00fdzva urobi\u0165 dvojbrit\u00fd n\u00f4\u017e dostato\u010dne siln\u00fd a odoln\u00fd, aby vyhovoval na\u0161im \u0161tandardom, ale n\u00e1\u0161 nov\u00fd Drop Forged Wasp prekonal v\u0161etky na\u0161e o\u010dak\u00e1vania. Vid\u00edte, \u017ee sa ni\u010d nezlom\u00ed, uvo\u013en\u00ed alebo opotrebuje! Jeho monolitick\u00e1 kon\u0161trukcia rob\u00ed z \u010depele, z\u00e1\u0161tity a hrotu jeden neoddelite\u013en\u00fd kus! Iba v\u00e1hy rukov\u00e4te s\u00fa \u201edoplnkom\u201c a je mo\u017en\u00e9 ich r\u00fdchlo a \u013eahko vymeni\u0165 vo ve\u013emi nepravdepodobnom pr\u00edpade, \u017ee sa rozbij\u00fa alebo opotrebuj\u00fa. Dokonale vyv\u00e1\u017een\u00e9 s pevn\u00fdm, ale ostr\u00fdm hrotom a os\u00edm p\u00e1som, tak\u017ee re\u017ee prich\u00e1dzaj\u00face a odch\u00e1dzaj\u00face. Wasp je desivo \u00fa\u010dinn\u00fd n\u00f4\u017e, ktor\u00fd je prakticky d\u00f4kazom bomby! Dod\u00e1van\u00e9 s \u00fa\u017easn\u00fdm puzdrom Secure-Ex. Je dostato\u010dne \u013eahk\u00fd, aby sa dal nosi\u0165 cel\u00fd de\u0148, a pokia\u013e sa mu venuje rozumn\u00e1 \u00fadr\u017eba, ur\u010dite vydr\u017e\u00ed cel\u00fd \u017eivot.<\/p>\n<p>PARAMETRE PRODUKTU<br \/>\nMateri\u00e1l rukov\u00e4te : Long<br \/>\nD\u013a\u017eka \u010depele: 171 mm<br \/>\nD\u013a\u017eka rukov\u00e4te: 140 mm<br \/>\nCelkov\u00e1 ve\u013ekos\u0165: 311 mm<br \/>\nHmotnos\u0165 : 238 g<br \/>\nOce\u013e : 52100 High Carbon<br \/>\nHr\u00fabka \u010depele: 7 mm<br \/>\nFarba : Siv\u00e1<\/p>\n<p>It&#8217;s real challenge to make a double-edged n\u00f4\u017e strong a tough zvl\u00e1dnu\u0165 na\u0161e \u0161tandardy ale na\u0161e nov\u00e9 Drop Forged Wasp m\u00e1 exceeded v\u0161etky na\u0161e expectations. You see there is nothing to break, become loose or wear out! Ich monolitickej v\u00fdstavby vytv\u00e1raj\u00fa blade, str\u00e1\u017e a tang jeden inseparable kus! Len handl\u00e9 v\u00e1hy s\u00fa \u201cadd on\u201d a tieto s\u00fa r\u00fdchlym a \u013eahko replaced v ve\u013emi nepr\u00edjemn\u00fdch pr\u00edpadoch prest\u00e1vka alebo nosi\u0165. Perfectly balanced with a sturdy yet ihly sharp point and wasp waisted so it cuts coming and going. The Wasp je frighteningly effective n\u00f4\u017e that&#8217;s virtually bomb proof! Delivered with terrific Secure-Ex sheath. Je to jasn\u00fd \u017eivot na ceste po cel\u00fd de\u0148 a trv\u00e1 na poslednom \u017eivote, ak m\u00e1 by\u0165 poskytnut\u00e1 reasonable amount of maintenance.<\/p>\n<p>Weight: 8.4oz Blade Thickness: 7mm Blade Length: 6-3\/4&#8243; Blade Steel: Drop Forged 52100 High Carbon Handle Length\/Material: 5-1\/2&#8243; Overall Length: 12-1\/4&#8243; Additional Features: Secure- Ex\u00ae Sheath Knife Typ: Fixed Blade Length Range: 5+ in Steel Family: High Carbon Steels Blade Shape: Spear Point Product Family: Drop Forged<\/p>\n","protected":false},"excerpt":{"rendered":"<p>Dlh\u00e1 \u00fato\u010dn\u00e1 d\u00fdka s obojstranne br\u00fasenou \u010depe\u013eou. D\u00fdky s dlhou \u010depe\u013eou sa najviac presl\u00e1vili v priebehu 2. svetovej vojny, kedy boli vo v\u00fdzbroji britsk\u00fdch Comandos.<\/p>\n","protected":false},"featured_media":215088,"comment_status":"open","ping_status":"closed","template":"","meta":[],"pwb-brand":[3598],"product_brand":[],"product_cat":[3187,3186],"product_tag":[],"class_list":{"0":"post-335851","1":"product","2":"type-product","3":"status-publish","4":"has-post-thumbnail","6":"pwb-brand-cold-steel-sk","7":"product_cat-pevne-noze-sk","8":"product_cat-noze-sk","10":"first","11":"outofstock","12":"taxable","13":"shipping-taxable","14":"purchasable","15":"product-type-simple"},"brands":[{"id":3598,"name":"Cold Steel","slug":"cold-steel-sk"}],"_links":{"self":[{"href":"https:\/\/www.moskito.cz\/sk\/wp-json\/wp\/v2\/product\/335851","targetHints":{"allow":["GET"]}}],"collection":[{"href":"https:\/\/www.moskito.cz\/sk\/wp-json\/wp\/v2\/product"}],"about":[{"href":"https:\/\/www.moskito.cz\/sk\/wp-json\/wp\/v2\/types\/product"}],"replies":[{"embeddable":true,"href":"https:\/\/www.moskito.cz\/sk\/wp-json\/wp\/v2\/comments?post=335851"}],"wp:featuredmedia":[{"embeddable":true,"href":"https:\/\/www.moskito.cz\/sk\/wp-json\/wp\/v2\/media\/215088"}],"wp:attachment":[{"href":"https:\/\/www.moskito.cz\/sk\/wp-json\/wp\/v2\/media?parent=335851"}],"wp:term":[{"taxonomy":"pwb-brand","embeddable":true,"href":"https:\/\/www.moskito.cz\/sk\/wp-json\/wp\/v2\/pwb-brand?post=335851"},{"taxonomy":"product_brand","embeddable":true,"href":"https:\/\/www.moskito.cz\/sk\/wp-json\/wp\/v2\/product_brand?post=335851"},{"taxonomy":"product_cat","embeddable":true,"href":"https:\/\/www.moskito.cz\/sk\/wp-json\/wp\/v2\/product_cat?post=335851"},{"taxonomy":"product_tag","embeddable":true,"href":"https:\/\/www.moskito.cz\/sk\/wp-json\/wp\/v2\/product_tag?post=335851"}],"curies":[{"name":"wp","href":"https:\/\/api.w.org\/{rel}","templated":true}]}}