{"id":335867,"date":"2022-11-04T20:09:14","date_gmt":"2024-04-19T12:26:56","guid":{"rendered":"https:\/\/www.moskito.cz\/produkt\/pevny-noz-cold-steel-magnum-warcraft-tanto-4034\/"},"modified":"2025-05-07T11:13:01","modified_gmt":"2025-05-07T10:13:01","slug":"pevny-noz-cold-steel-magnum-warcraft-tanto-4034","status":"publish","type":"product","link":"https:\/\/www.moskito.cz\/sk\/produkt\/pevny-noz-cold-steel-magnum-warcraft-tanto-4034\/","title":{"rendered":"Pevn\u00fd N\u00f4\u017e Cold Steel MAGNUM WARCRAFT TANTO (4034)"},"content":{"rendered":"<p>Pevn\u00fd N\u00f4\u017e <strong>Cold Steel<\/strong> MAGNUM WARCRAFT TANTO (4034)<\/p>\n<p>Produktov\u00fd rad Warcraft Tanto je zam\u00fd\u0161\u013ean\u00fd ako modern\u00e9 prevedenie vojensk\u00e9ho no\u017ea do v\u00fdzbroje ozbrojen\u00fdch zlo\u017eiek. 5 mm hrub\u00e1 \u010depe\u013e s robustnou full tang kon\u0161trukciou, ktor\u00e1 prech\u00e1dza celou tvarovanou rukov\u00e4\u0165ou, d\u00e1vaj\u00fa no\u017eu v\u00fdnimo\u010dn\u00e9 vlastnosti. N\u00f4\u017e v\u00fdborne padne do ruky a jeho vy\u0161\u0161ia v\u00e1ha d\u00e1vaj\u00fa d\u00f4raz na techniku \u200b\u200bpri vykon\u00e1van\u00ed sekov. Ka\u017ed\u00fd z na\u0161ich Warcraft Tanto no\u017eov je vyroben\u00fd z vyroben\u00fa z japonskej ocele s ozna\u010den\u00edm 4034 Stainless Steel. T\u00e1to nerezov\u00e1 oce\u013e je vlastnos\u0165ami porovnate\u013en\u00e1 s AUS8A alebo 440C. GNF matri\u00e1l rukov\u00e4te je nylon, laminovan\u00fd so sklenen\u00fdm vl\u00e1knom. N\u00f4\u017e je k dispoz\u00edcii v troch ve\u013ekostiach. Warcraft Tanto sa dod\u00e1va s pevn\u00fdm puzdrom z materi\u00e1lu Secure-Ex\u00ae Sheath.<\/p>\n<p>PARAMETRE PRODUKTU<br \/>\nHmotnos\u0165: 510 g<br \/>\nD\u013a\u017eka \u010depele: 305 mm<br \/>\nMateri\u00e1l puzdra: Secure-Ex\u00ae Sheath<br \/>\nOce\u013e: 4034SS Steel<br \/>\nFarba: Strieborn\u00e1<br \/>\nHr\u00fabka \u010depele: 5 mm<br \/>\nD\u013a\u017eka rukov\u00e4te: 127 mm<br \/>\nCelkov\u00e1 ve\u013ekos\u0165: 431,8 mm<br \/>\nMateri\u00e1l rukov\u00e4te: GFN<\/p>\n","protected":false},"excerpt":{"rendered":"<p>N\u00f4\u017e s pevnou \u010depe\u013eou Magnum Warcraft Tanto je v\u010faka svojej d\u013a\u017eke a tvaru \u010depele, aj tvarovanej rukov\u00e4te, predur\u010den\u00fd k technik\u00e1m seku.<\/p>\n","protected":false},"featured_media":229419,"comment_status":"open","ping_status":"closed","template":"","meta":[],"pwb-brand":[3598],"product_brand":[],"product_cat":[3186,3187],"product_tag":[],"class_list":{"0":"post-335867","1":"product","2":"type-product","3":"status-publish","4":"has-post-thumbnail","6":"pwb-brand-cold-steel-sk","7":"product_cat-noze-sk","8":"product_cat-pevne-noze-sk","10":"first","11":"instock","12":"taxable","13":"shipping-taxable","14":"purchasable","15":"product-type-simple"},"brands":[{"id":3598,"name":"Cold Steel","slug":"cold-steel-sk"}],"_links":{"self":[{"href":"https:\/\/www.moskito.cz\/sk\/wp-json\/wp\/v2\/product\/335867","targetHints":{"allow":["GET"]}}],"collection":[{"href":"https:\/\/www.moskito.cz\/sk\/wp-json\/wp\/v2\/product"}],"about":[{"href":"https:\/\/www.moskito.cz\/sk\/wp-json\/wp\/v2\/types\/product"}],"replies":[{"embeddable":true,"href":"https:\/\/www.moskito.cz\/sk\/wp-json\/wp\/v2\/comments?post=335867"}],"wp:featuredmedia":[{"embeddable":true,"href":"https:\/\/www.moskito.cz\/sk\/wp-json\/wp\/v2\/media\/229419"}],"wp:attachment":[{"href":"https:\/\/www.moskito.cz\/sk\/wp-json\/wp\/v2\/media?parent=335867"}],"wp:term":[{"taxonomy":"pwb-brand","embeddable":true,"href":"https:\/\/www.moskito.cz\/sk\/wp-json\/wp\/v2\/pwb-brand?post=335867"},{"taxonomy":"product_brand","embeddable":true,"href":"https:\/\/www.moskito.cz\/sk\/wp-json\/wp\/v2\/product_brand?post=335867"},{"taxonomy":"product_cat","embeddable":true,"href":"https:\/\/www.moskito.cz\/sk\/wp-json\/wp\/v2\/product_cat?post=335867"},{"taxonomy":"product_tag","embeddable":true,"href":"https:\/\/www.moskito.cz\/sk\/wp-json\/wp\/v2\/product_tag?post=335867"}],"curies":[{"name":"wp","href":"https:\/\/api.w.org\/{rel}","templated":true}]}}