{"id":335899,"date":"2023-10-05T15:04:26","date_gmt":"2023-10-05T14:04:26","guid":{"rendered":"https:\/\/www.moskito.cz\/produkt\/pevny-noz-cold-steel-wild-west-bowie-81b\/"},"modified":"2025-05-07T11:13:02","modified_gmt":"2025-05-07T10:13:02","slug":"pevny-noz-cold-steel-wild-west-bowie-81b","status":"publish","type":"product","link":"https:\/\/www.moskito.cz\/sk\/produkt\/pevny-noz-cold-steel-wild-west-bowie-81b\/","title":{"rendered":"Pevn\u00fd N\u00f4\u017e COLD STEEL WILD WEST BOWIE 81B"},"content":{"rendered":"<p>Pevn\u00fd N\u00f4\u017e <strong>COLD STEEL<\/strong> WILD WEST BOWIE 81B<\/p>\n<p>N\u00e1\u0161 Wild West Bowie, \u0161tylizovan\u00fd ako ikonick\u00e9 ve\u013ek\u00e9 \u010depele v z\u00e1padn\u00fdch telev\u00edznych programoch a filmoch, je pozoruhodnou americkou klasikou. \u010cepe\u013e je vyroben\u00e1 z uhl\u00edkovej ocele 1090. Je to dlh\u00e1 \u0161irok\u00e1 \u010depe\u013e s vyv\u00e1\u017een\u00edm vpred a je br\u00fasen\u00e1 \u0161ab\u013eou a zosilnen\u00e1 falo\u0161n\u00fdm ostr\u00edm pre zaistenie maxim\u00e1lnej reznej, sekacej a prieraznej sily. Rukov\u00e4\u0165 m\u00e1 klasick\u00fd profil so \u0161upinami z palisandrov\u00e9ho dreva pripevnen\u00fdmi k pln\u00e9mu hrotu pomocou mosadzn\u00fdch skrutiek a m\u00e1 charakteristick\u00fd mosadzn\u00fd predpa\u017ebie so vzorom S, ktor\u00fd chr\u00e1ni va\u0161e prsty a zvy\u0161uje jeho obrann\u00fd potenci\u00e1l. Wild West Bowie je vybaven\u00fd tradi\u010dn\u00fdm \u010diernym ko\u017een\u00fdm puzdrom, ktor\u00e9 m\u00e1 mosadzn\u00e9 oto\u010dn\u00e9 p\u00fatko na opasok a ko\u017een\u00fd opasok.<\/p>\n<p>Materi\u00e1l \u010depele: 1090<br \/>\nMateri\u00e1l puzdra: Ko\u017een\u00e9<br \/>\nD\u013a\u017eka \u010depele: 27.3 cm<br \/>\nCelkov\u00e1 d\u013a\u017eka: 41 cm<br \/>\nD\u013a\u017eka rukov\u00e4te: 13.3 cm<br \/>\nHr\u00fabka \u010depele: 0.47 cm<br \/>\nHmotnos\u0165: 655 g<br \/>\nTyp \u010depele: Clip Point<\/p>\n<p>&nbsp;<\/p>\n","protected":false},"excerpt":{"rendered":"<p><strong>Wild West Bowie je replika bowie no\u017ea z divok\u00e9ho z\u00e1padu.<\/strong><\/p>\n","protected":false},"featured_media":257400,"comment_status":"open","ping_status":"closed","template":"","meta":[],"pwb-brand":[3598],"product_brand":[],"product_cat":[3187,3186],"product_tag":[],"class_list":{"0":"post-335899","1":"product","2":"type-product","3":"status-publish","4":"has-post-thumbnail","6":"pwb-brand-cold-steel-sk","7":"product_cat-pevne-noze-sk","8":"product_cat-noze-sk","10":"first","11":"outofstock","12":"taxable","13":"shipping-taxable","14":"purchasable","15":"product-type-simple"},"brands":[{"id":3598,"name":"Cold Steel","slug":"cold-steel-sk"}],"_links":{"self":[{"href":"https:\/\/www.moskito.cz\/sk\/wp-json\/wp\/v2\/product\/335899","targetHints":{"allow":["GET"]}}],"collection":[{"href":"https:\/\/www.moskito.cz\/sk\/wp-json\/wp\/v2\/product"}],"about":[{"href":"https:\/\/www.moskito.cz\/sk\/wp-json\/wp\/v2\/types\/product"}],"replies":[{"embeddable":true,"href":"https:\/\/www.moskito.cz\/sk\/wp-json\/wp\/v2\/comments?post=335899"}],"wp:featuredmedia":[{"embeddable":true,"href":"https:\/\/www.moskito.cz\/sk\/wp-json\/wp\/v2\/media\/257400"}],"wp:attachment":[{"href":"https:\/\/www.moskito.cz\/sk\/wp-json\/wp\/v2\/media?parent=335899"}],"wp:term":[{"taxonomy":"pwb-brand","embeddable":true,"href":"https:\/\/www.moskito.cz\/sk\/wp-json\/wp\/v2\/pwb-brand?post=335899"},{"taxonomy":"product_brand","embeddable":true,"href":"https:\/\/www.moskito.cz\/sk\/wp-json\/wp\/v2\/product_brand?post=335899"},{"taxonomy":"product_cat","embeddable":true,"href":"https:\/\/www.moskito.cz\/sk\/wp-json\/wp\/v2\/product_cat?post=335899"},{"taxonomy":"product_tag","embeddable":true,"href":"https:\/\/www.moskito.cz\/sk\/wp-json\/wp\/v2\/product_tag?post=335899"}],"curies":[{"name":"wp","href":"https:\/\/api.w.org\/{rel}","templated":true}]}}