{"id":335918,"date":"2021-07-21T12:14:23","date_gmt":"2021-07-21T11:14:23","guid":{"rendered":"https:\/\/www.moskito.cz\/produkt\/pevny-noz-cold-steel-master-tanto-san-mai\/"},"modified":"2024-04-19T13:38:56","modified_gmt":"2024-04-19T12:38:56","slug":"pevny-noz-cold-steel-master-tanto-san-mai","status":"publish","type":"product","link":"https:\/\/www.moskito.cz\/sk\/produkt\/pevny-noz-cold-steel-master-tanto-san-mai\/","title":{"rendered":"Pevn\u00fd N\u00f4\u017e Cold Steel Master Tanto San Mai"},"content":{"rendered":"<p>Pevn\u00fd N\u00f4\u017e <strong>Cold Steel<\/strong> Master Tanto San Mai.<\/p>\n<p>V s\u00fa\u010dasnej dobe v no\u017eiarskom priemysle nie je \u010dlovek, ktor\u00fd by o Tanto vedel viac ako Cold Steel. Koniec koncov spolo\u010dnos\u0165 Cold Steel vyna\u0161la a popularizovala tento \u0161t\u00fdl no\u017ea na za\u010diatku 80. rokov. Utratili sme mili\u00f3ny dol\u00e1rov presvied\u010dan\u00edm verejnosti o Tantoch mnoh\u00fdmi reklamami, \u017eiv\u00fdmi uk\u00e1\u017ekami alebo videonahr\u00e1vkami. Tantos vyr\u00e1bame u\u017e viac ako 30 rokov a st\u00e1le neexistuje \u017eiadny tov\u00e1rensk\u00fd alebo z\u00e1kazkov\u00fd v\u00fdrobca no\u017eov, ktor\u00fd by vyr\u00e1bal Tanto, ktor\u00fd by sa dok\u00e1zal pribl\u00ed\u017ei\u0165 rezacej, sekacej alebo prepichovacej sile, ktor\u00fa vyr\u00e1ba spolo\u010dnos\u0165 Cold Steel. V\u0161etky na\u0161e Tantos sa vyzna\u010duj\u00fa hlbok\u00fdm leskl\u00fdm sat\u00e9nov\u00fdm povrchom na dut\u00fdch br\u00fasen\u00fdch skoseniach \u010depele a kontrastnou l\u00edniovou povrchovou \u00fapravou na ploch\u00fdch ploch\u00e1ch \u010depele. T\u00e1to technika zd\u00f4raz\u0148uje na\u0161e najmodernej\u0161ie met\u00f3dy br\u00fasenia a zd\u00f4raz\u0148uje jedine\u010dn\u00fd vzh\u013ead Cold Steel Tantos. Tantos navy\u0161e prich\u00e1dza s na\u0161ou sl\u00e1vnou splo\u0161tenou ov\u00e1lnou rukov\u00e4\u0165ou Kraton. Ov\u00e1lny tvar poskytuje pevn\u00e9 uchopenie a pri tvrdom pou\u017e\u00edvan\u00ed odol\u00e1va prevr\u00e1teniu alebo kr\u00fateniu v ruke, \u010do by postupom \u010dasu zni\u010dilo men\u0161\u00ed n\u00f4\u017e. Pou\u017eitie Krat\u00f3nu v rukov\u00e4ti no\u017ea je \u010fal\u0161ou novinkou Cold Steel. Krat\u00f3n je bezkonkuren\u010dn\u00fd materi\u00e1l vesm\u00edrneho veku, ktor\u00fd neprask\u00e1 ani nehnije a je im\u00fanny vo\u010di pusto\u0161eniu zl\u00e9ho po\u010dasia. Z\u00fa\u017een\u00e1, oce\u013eov\u00e1 hlavica je \u010fal\u0161ou d\u00f4le\u017eitou funkciou Tanto, ktor\u00fa by ste nemali ignorova\u0165. Lynn Thompson ho navrhol tak, aby s\u00fastredil pln\u00fa silu drviv\u00e9ho \u00faderu na mal\u00fa oblas\u0165, tak\u017ee aj stredne siln\u00fd \u00fader m\u00f4\u017ee by\u0165 pozoruhodne \u00fa\u010dinn\u00fd pri odzbrojen\u00ed alebo inom zne\u0161kodnen\u00ed \u00fato\u010dn\u00edka. V\u0161etky no\u017ee rady Tanto v San Mai prich\u00e1dzaj\u00fa s hrub\u00fdm, vysoko kvalitn\u00fdm puzdrom Secure-Ex, ktor\u00e9 v\u00e1m ur\u010dite poskytne roky tvrdej slu\u017eby a udr\u017e\u00ed va\u0161e Tanto po boku, pripraven\u00e9 na akciu.<\/p>\n<p>\u010cepe\u013e Tanto z ocele VG-10 San Mai III.<\/p>\n<p>Rukov\u00e4\u0165: Krat\u00f3n.<\/p>\n<p>Puzdro: Kydex.<\/p>\n<p>D\u013a\u017eka \u010depele: 15,2 cm.<\/p>\n<p>Celkov\u00e1 d\u013a\u017eka: 29,2 cm.<\/p>\n<p><strong>Cold Steel<\/strong> je spolo\u010dnos\u0165 zaoberaj\u00faca sa v\u00fdrobou najsilnej\u0161\u00edch a najostrej\u0161\u00edch no\u017eov na svete. Za posledn\u00e9 tri desa\u0165ro\u010dia bola spolo\u010dnos\u0165 Cold Steel na \u010dele mnoh\u00fdch inov\u00e1ci\u00ed, ktor\u00e9 pomohli definova\u0165 no\u017eiarsky priemysel. Postupn\u00e9 \u00faspechy, vr\u00e1tane zavedenia skontrolovan\u00fdch rukov\u00e4t\u00ed Kraton\u00ae, a \u0161t\u00fdly \u010depel\u00ed tant point, sa od zvedavo zauj\u00edmav\u00fdch funkci\u00ed dostali k priemyseln\u00fdm znakom kvality a prepracovanosti. Nov\u00fd smer bol tie\u017e zlomen\u00fd zaveden\u00edm jedine\u010dn\u00fdch nov\u00fdch oce\u013eov\u00fdch \u010depel\u00ed, ako je San Mai III a Tri-Ad \u2122 Lock &amp; zais\u0165ovac\u00ed mechanizmus pre skladacie no\u017ee. Napr\u00edklad Tri-Ad\u2122 Lock sa nikdy nevyrovnal \u017eiadnemu z konkurentov Cold Steel a nebolo preuk\u00e1zan\u00e9, \u017ee by ni\u010d z toho, \u010do doteraz vyrobili, prekonalo. Cold Steel sa samozrejme v\u017edy bude pozera\u0165 do bud\u00facnosti a bude sa neust\u00e1le sna\u017ei\u0165 vyr\u00e1ba\u0165 najsilnej\u0161ie a najostrej\u0161ie no\u017ee na svete. Tento cie\u013e, rovnako nepolapite\u013en\u00fd a \u0165a\u017eko dosiahnute\u013en\u00fd, je za posledn\u00fdch \u0161tyridsa\u0165 rokov rovnak\u00fd. Cold Steel Inc. je spolo\u010dnos\u0165 zameran\u00e1 na v\u00fdrobu najsilnej\u0161\u00edch a najostrej\u0161\u00edch no\u017eov, me\u010dov, tomahawkov, ma\u010det, pr\u00edborov a n\u00e1strojov pre ka\u017edodenn\u00e9 nosenie: EDC. Spolo\u010dnos\u0165 Cold Steel, ktor\u00e1 bola r\u00fdchlo prijat\u00e1 vojakmi, \u0161peci\u00e1lnymi jednotkami pre vym\u00e1hanie pr\u00e1va, pracovn\u00edkmi pohotovostn\u00fdch slu\u017eieb, odborn\u00edkmi na sebaobranu i \u010dlenmi komunity bojov\u00fdch umen\u00ed, sa r\u00fdchlo presl\u00e1vila kvalitou, silou, spo\u013eahlivos\u0165ou a spo\u013eahlivos\u0165ou pri ka\u017edodennom nosen\u00ed (EDC). Na\u0161a r\u00f4znorod\u00e1 a rozmanit\u00e1 zostava sa r\u00fdchlo rozr\u00e1stla a zah\u0155\u0148ala nielen mas\u00edvny v\u00fdber skladac\u00edch no\u017eov (od men\u0161\u00edch \u010depel\u00ed \u201eEDC\u201c a\u017e po na\u0161e ikonick\u00e9 obrie \u201emega-zlo\u017eky\u201c), ale aj pevn\u00e9 \u010depele, me\u010de, \u0161able, pali\u010dky a halapartne, rovnako ako loveck\u00e9 potreby, kopije, pu\u0161ky, sekery, ma\u010dety, tomahawky a n\u00e1stroje! V priebehu desa\u0165ro\u010d\u00ed spolo\u010dnos\u0165 Cold Steel predstavila priekopn\u00edcke nov\u00e9 materi\u00e1ly a designy, ktor\u00e9 pomohli utv\u00e1ra\u0165 svet modern\u00fdch no\u017eov, ostr\u00fdch zbran\u00ed a n\u00e1strojov. Od zavedenia kockovan\u00fdch rukov\u00e4t\u00ed Kraton\u00ae a \u201eamerikanizovanej\u201c \u010depele Tanto a\u017e po zaradenie nov\u00fdch inovat\u00edvnych ocel\u00ed \u010depele ako San Mai III\u00ae a uzamykac\u00edch mechanizmov meniacich hru (ako je n\u00e1\u0161 Tri-Ad\u2122 Lock). Ke\u010f sa pozer\u00e1me do bud\u00facnosti, spolo\u010dnos\u0165 Cold Steel na\u010falej prin\u00e1\u0161a na trh nov\u00e9 \u00farovne sily, bezpe\u010dnosti a v\u00fdkonu a poskytuje osved\u010den\u00e9 produkty, na ktor\u00e9 sa m\u00f4\u017eete spo\u013eahn\u00fa\u0165 \u2013 kedyko\u013evek a kdeko\u013evek!<\/p>\n","protected":false},"excerpt":{"rendered":"<p>Master Tanto v preveden\u00ed San Mai \u00ae od COLD STEEL je jedine\u010dn\u00fd n\u00f4\u017e s pevnou \u010depe\u013eou. Jeho \u010depe\u013e a hrot, a tie\u017e tvar rukov\u00e4te, s\u00fa priamo vyvinut\u00e9 na koncentr\u00e1ciu drvivej sily v seku.<\/p>\n","protected":false},"featured_media":200877,"comment_status":"open","ping_status":"closed","template":"","meta":[],"pwb-brand":[3598],"product_brand":[],"product_cat":[3187,3186],"product_tag":[],"class_list":{"0":"post-335918","1":"product","2":"type-product","3":"status-publish","4":"has-post-thumbnail","6":"pwb-brand-cold-steel-sk","7":"product_cat-pevne-noze-sk","8":"product_cat-noze-sk","10":"first","11":"instock","12":"taxable","13":"shipping-taxable","14":"purchasable","15":"product-type-simple"},"brands":[{"id":3598,"name":"Cold Steel","slug":"cold-steel-sk"}],"_links":{"self":[{"href":"https:\/\/www.moskito.cz\/sk\/wp-json\/wp\/v2\/product\/335918","targetHints":{"allow":["GET"]}}],"collection":[{"href":"https:\/\/www.moskito.cz\/sk\/wp-json\/wp\/v2\/product"}],"about":[{"href":"https:\/\/www.moskito.cz\/sk\/wp-json\/wp\/v2\/types\/product"}],"replies":[{"embeddable":true,"href":"https:\/\/www.moskito.cz\/sk\/wp-json\/wp\/v2\/comments?post=335918"}],"wp:featuredmedia":[{"embeddable":true,"href":"https:\/\/www.moskito.cz\/sk\/wp-json\/wp\/v2\/media\/200877"}],"wp:attachment":[{"href":"https:\/\/www.moskito.cz\/sk\/wp-json\/wp\/v2\/media?parent=335918"}],"wp:term":[{"taxonomy":"pwb-brand","embeddable":true,"href":"https:\/\/www.moskito.cz\/sk\/wp-json\/wp\/v2\/pwb-brand?post=335918"},{"taxonomy":"product_brand","embeddable":true,"href":"https:\/\/www.moskito.cz\/sk\/wp-json\/wp\/v2\/product_brand?post=335918"},{"taxonomy":"product_cat","embeddable":true,"href":"https:\/\/www.moskito.cz\/sk\/wp-json\/wp\/v2\/product_cat?post=335918"},{"taxonomy":"product_tag","embeddable":true,"href":"https:\/\/www.moskito.cz\/sk\/wp-json\/wp\/v2\/product_tag?post=335918"}],"curies":[{"name":"wp","href":"https:\/\/api.w.org\/{rel}","templated":true}]}}