{"id":335938,"date":"2022-11-08T22:52:32","date_gmt":"2024-04-19T12:41:53","guid":{"rendered":"https:\/\/www.moskito.cz\/produkt\/tomahawk-cold-steel-trench-hawk-black\/"},"modified":"2025-05-07T11:13:03","modified_gmt":"2025-05-07T10:13:03","slug":"tomahawk-cold-steel-trench-hawk-black","status":"publish","type":"product","link":"https:\/\/www.moskito.cz\/sk\/produkt\/tomahawk-cold-steel-trench-hawk-black\/","title":{"rendered":"Tomahawk Cold Steel TRENCH HAWK BLACK"},"content":{"rendered":"<p>Tomahawk Cold Steel TRENCH HAWK BLACK.<\/p>\n<p>Cold Steel Trench Hawk sa vyzna\u010duje ostr\u00fdm britom a klinov\u00fdm hrotom, ktor\u00fd pon\u00faka mnoho taktick\u00fdch mo\u017enost\u00ed pre modern\u00fdch bojovn\u00edkov na\u0161ich n\u00e1rodov. Hlava Trench Hawk je kovan\u00e1 z uhl\u00edkovej ocele 5150 a diferenci\u00e1lne kalen\u00e1, odol\u00e1 obrovsk\u00fdm \u00faderom a tie\u017e stra\u0161n\u00e9mu nam\u00e1haniu pri dlhodobom tvrdom pou\u017e\u00edvan\u00ed. Rukov\u00e4\u0165 n\u00e1\u0161ho Trench Hawk je vysoko odoln\u00e1 proti n\u00e1razom a odol\u00e1 hrub\u00e9mu zaobch\u00e1dzaniu, ktor\u00e9 by sa dokonca zlomilo. tuh\u00e1 hickory rukov\u00e4\u0165. A ako \u010fal\u0161ia v\u00fdhoda sa \u013eahko a lacno vymen\u00ed, ke\u010f sa kone\u010dne opotrebuje opakovan\u00fdm h\u00e1dzan\u00edm.* Trench Hawk je dod\u00e1van\u00fd s patentovan\u00fdm k\u013abov\u00fdm puzdrom Secure-Ex.<\/p>\n<p>PARAMETRE PRODUKTU<br \/>\nFarba: \u010cierna<br \/>\nHmotnos\u0165: 822,13 g<br \/>\nCelkov\u00e1 ve\u013ekos\u0165: 482 mm<br \/>\nOce\u013e: Drop Forged 1055 Carbon<br \/>\nMateri\u00e1l rukov\u00e4te: Polypropylene<\/p>\n","protected":false},"excerpt":{"rendered":"<p>COLD STEEL Trench Hawk je tomahawk vyroben\u00fd z modern\u00fdch a ve\u013emi odoln\u00fdch materi\u00e1lov. Vzh\u013eadom na jeho kon\u0161trukciu je pova\u017eovan\u00fd za bojov\u00fa a vrhaciu sekeru.<\/p>\n","protected":false},"featured_media":229774,"comment_status":"open","ping_status":"closed","template":"","meta":[],"pwb-brand":[3598],"product_brand":[],"product_cat":[3190],"product_tag":[],"class_list":{"0":"post-335938","1":"product","2":"type-product","3":"status-publish","4":"has-post-thumbnail","6":"pwb-brand-cold-steel-sk","7":"product_cat-sekery-sk","9":"first","10":"outofstock","11":"taxable","12":"shipping-taxable","13":"purchasable","14":"product-type-simple"},"brands":[{"id":3598,"name":"Cold Steel","slug":"cold-steel-sk"}],"_links":{"self":[{"href":"https:\/\/www.moskito.cz\/sk\/wp-json\/wp\/v2\/product\/335938","targetHints":{"allow":["GET"]}}],"collection":[{"href":"https:\/\/www.moskito.cz\/sk\/wp-json\/wp\/v2\/product"}],"about":[{"href":"https:\/\/www.moskito.cz\/sk\/wp-json\/wp\/v2\/types\/product"}],"replies":[{"embeddable":true,"href":"https:\/\/www.moskito.cz\/sk\/wp-json\/wp\/v2\/comments?post=335938"}],"wp:featuredmedia":[{"embeddable":true,"href":"https:\/\/www.moskito.cz\/sk\/wp-json\/wp\/v2\/media\/229774"}],"wp:attachment":[{"href":"https:\/\/www.moskito.cz\/sk\/wp-json\/wp\/v2\/media?parent=335938"}],"wp:term":[{"taxonomy":"pwb-brand","embeddable":true,"href":"https:\/\/www.moskito.cz\/sk\/wp-json\/wp\/v2\/pwb-brand?post=335938"},{"taxonomy":"product_brand","embeddable":true,"href":"https:\/\/www.moskito.cz\/sk\/wp-json\/wp\/v2\/product_brand?post=335938"},{"taxonomy":"product_cat","embeddable":true,"href":"https:\/\/www.moskito.cz\/sk\/wp-json\/wp\/v2\/product_cat?post=335938"},{"taxonomy":"product_tag","embeddable":true,"href":"https:\/\/www.moskito.cz\/sk\/wp-json\/wp\/v2\/product_tag?post=335938"}],"curies":[{"name":"wp","href":"https:\/\/api.w.org\/{rel}","templated":true}]}}