{"id":335953,"date":"2022-11-08T22:13:14","date_gmt":"2024-04-19T12:45:09","guid":{"rendered":"https:\/\/www.moskito.cz\/produkt\/tomahawk-cold-steel-war-hawk\/"},"modified":"2025-05-07T11:13:04","modified_gmt":"2025-05-07T10:13:04","slug":"tomahawk-cold-steel-war-hawk","status":"publish","type":"product","link":"https:\/\/www.moskito.cz\/sk\/produkt\/tomahawk-cold-steel-war-hawk\/","title":{"rendered":"Tomahawk Cold Steel WAR HAWK"},"content":{"rendered":"<p>Tomahawk <strong>Cold Steel<\/strong> WAR HAWK.<\/p>\n<p>N\u00e1\u0161 War Hawk kombinuje taktick\u00fd \u0161t\u00fdl a materi\u00e1l pou\u017eit\u00fd v na\u0161om ob\u013e\u00fabenom Trench Hawk s historicky in\u0161pirovan\u00fdmi dizajnov\u00fdmi prvkami zo star\u00fdch bojov\u00fdch ru\u010dn\u00fdch sekier. So svojou \u0161irokou f\u00fazatou hlavou sekery a zakriven\u00fdm vystu\u017een\u00fdm reverzn\u00fdm bodcom v \u0161t\u00fdle Tanto ide o \u00faplne modern\u00fd taktick\u00fd tomahawk a prelomenie. n\u00e1stroj! Ka\u017ed\u00fd War Hawk je dod\u00e1van\u00fd s patentovan\u00fdm k\u013abov\u00fdm puzdrom Secure-Ex.<br \/>\nPARAMETRE PRODUKTU<br \/>\nFarba: \u010cierna<br \/>\nOce\u013e: Drop Forged 1055 Carbon<br \/>\nVe\u013ekos\u0165 hlavice: 76<br \/>\nCelkov\u00e1 ve\u013ekos\u0165: 482 mm<br \/>\nHmotnos\u0165: 836,31 g<br \/>\nMateri\u00e1l rukov\u00e4te: Polypropylene<\/p>\n","protected":false},"excerpt":{"rendered":"<p>Tomahawk Cold Steel WAR HAWK. N\u00e1\u0161 War Hawk kombinuje taktick\u00fd \u0161t\u00fdl a materi\u00e1l pou\u017eit\u00fd v na\u0161om ob\u013e\u00fabenom Trench Hawk s historicky in\u0161pirovan\u00fdmi dizajnov\u00fdmi prvkami zo star\u00fdch bojov\u00fdch ru\u010dn\u00fdch sekier. So svojou \u0161irokou f\u00fazatou hlavou sekery a zakriven\u00fdm vystu\u017een\u00fdm reverzn\u00fdm bodcom v \u0161t\u00fdle Tanto ide o \u00faplne modern\u00fd taktick\u00fd tomahawk a prelomenie. n\u00e1stroj! Ka\u017ed\u00fd War Hawk [&hellip;]<\/p>\n","protected":false},"featured_media":229755,"comment_status":"open","ping_status":"closed","template":"","meta":[],"pwb-brand":[3598],"product_brand":[],"product_cat":[3190],"product_tag":[],"class_list":{"0":"post-335953","1":"product","2":"type-product","3":"status-publish","4":"has-post-thumbnail","6":"pwb-brand-cold-steel-sk","7":"product_cat-sekery-sk","9":"first","10":"instock","11":"sale","12":"taxable","13":"shipping-taxable","14":"purchasable","15":"product-type-simple"},"brands":[{"id":3598,"name":"Cold Steel","slug":"cold-steel-sk"}],"_links":{"self":[{"href":"https:\/\/www.moskito.cz\/sk\/wp-json\/wp\/v2\/product\/335953","targetHints":{"allow":["GET"]}}],"collection":[{"href":"https:\/\/www.moskito.cz\/sk\/wp-json\/wp\/v2\/product"}],"about":[{"href":"https:\/\/www.moskito.cz\/sk\/wp-json\/wp\/v2\/types\/product"}],"replies":[{"embeddable":true,"href":"https:\/\/www.moskito.cz\/sk\/wp-json\/wp\/v2\/comments?post=335953"}],"wp:featuredmedia":[{"embeddable":true,"href":"https:\/\/www.moskito.cz\/sk\/wp-json\/wp\/v2\/media\/229755"}],"wp:attachment":[{"href":"https:\/\/www.moskito.cz\/sk\/wp-json\/wp\/v2\/media?parent=335953"}],"wp:term":[{"taxonomy":"pwb-brand","embeddable":true,"href":"https:\/\/www.moskito.cz\/sk\/wp-json\/wp\/v2\/pwb-brand?post=335953"},{"taxonomy":"product_brand","embeddable":true,"href":"https:\/\/www.moskito.cz\/sk\/wp-json\/wp\/v2\/product_brand?post=335953"},{"taxonomy":"product_cat","embeddable":true,"href":"https:\/\/www.moskito.cz\/sk\/wp-json\/wp\/v2\/product_cat?post=335953"},{"taxonomy":"product_tag","embeddable":true,"href":"https:\/\/www.moskito.cz\/sk\/wp-json\/wp\/v2\/product_tag?post=335953"}],"curies":[{"name":"wp","href":"https:\/\/api.w.org\/{rel}","templated":true}]}}