{"id":336281,"date":"2020-12-02T21:14:04","date_gmt":"2024-04-22T08:44:01","guid":{"rendered":"https:\/\/www.moskito.cz\/produkt\/sportove-zatvaraci-noz-joker\/"},"modified":"2025-07-11T07:53:04","modified_gmt":"2025-07-11T06:53:04","slug":"sportove-zatvaraci-noz-joker","status":"publish","type":"product","link":"https:\/\/www.moskito.cz\/sk\/produkt\/sportove-zatvaraci-noz-joker\/","title":{"rendered":"\u0160portov\u00e9 Zatv\u00e1rac\u00ed N\u00f4\u017e Joker"},"content":{"rendered":"<p>\u0160portov\u00e9 Zatv\u00e1rac\u00ed N\u00f4\u017e <strong>Joker<\/strong> .<br \/>\nNo\u017ee Joker poch\u00e1dzaj\u00fa zo \u0160panielskeho mesta Albacete, ktor\u00e9 je zn\u00e1me tradi\u010dnou v\u00fdrobou no\u017eov a d\u00fdk.<\/p>\n<p>\u010cepe\u013e: Van\u00e1dov\u00e1 oce\u013e molybd\u00e9n<br \/>\nRukov\u00e4\u0165: Ku\u010derav\u00e1 breza a granadilla<br \/>\n\u010cepe\u013e meria 8 cm a v\u00e1\u017ei 75 gr<\/p>\n<p><strong>Joker<\/strong> \u2013 Sme svetovo presl\u00e1ven\u00e1 \u0161panielska spolo\u010dnos\u0165 poch\u00e1dzaj\u00faca z mesta Albacete, uzn\u00e1van\u00e1 po celom svete pre svojich dobr\u00fdch remeseln\u00edkov a majstrovsk\u00e9 no\u017ee.<\/p>\n<p>Joker starostlivo vyr\u00e1ba ka\u017ed\u00fd svoj k\u00fasok ru\u010dne.<\/p>\n<p>Od svojho zalo\u017eenia v roku 1987 sa Joker v\u017edy sna\u017eil spoji\u0165 tradi\u010dn\u00e9 remeslo s najmodernej\u0161\u00edmi technol\u00f3giami v ka\u017edom zo svojich produktov.<\/p>\n<p>Spolo\u010dnos\u0165 Joker pokra\u010duje v hrdej trad\u00edcii \u0161panielskych v\u00fdrobcov mo\u017eov, pri\u010dom pon\u00faka niektor\u00e9 z najlep\u0161\u00edch ostrie a m\u00e1 jeden z najv\u00e4\u010d\u0161\u00edch sortimentov na plan\u00e9te.<\/p>\n","protected":false},"excerpt":{"rendered":"<p>No\u017ee <strong>Joker<\/strong> poch\u00e1dzaj\u00fa zo \u0160panielskeho mesta Albacete, ktor\u00e9 je zn\u00e1me tradi\u010dnou v\u00fdrobou no\u017eov a d\u00fdk.<br \/>\n<strong>Navrhnut\u00e9 a vyroben\u00e9 v \u0160panielsku (Albacete)<\/strong><\/p>\n","protected":false},"featured_media":192401,"comment_status":"open","ping_status":"closed","template":"","meta":[],"pwb-brand":[3399],"product_brand":[],"product_cat":[3186,3233],"product_tag":[],"class_list":{"0":"post-336281","1":"product","2":"type-product","3":"status-publish","4":"has-post-thumbnail","6":"pwb-brand-joker-sk","7":"product_cat-noze-sk","8":"product_cat-zatvaracie-noze","10":"first","11":"instock","12":"taxable","13":"shipping-taxable","14":"purchasable","15":"product-type-simple"},"brands":[{"id":3399,"name":"Joker","slug":"joker-sk"}],"_links":{"self":[{"href":"https:\/\/www.moskito.cz\/sk\/wp-json\/wp\/v2\/product\/336281","targetHints":{"allow":["GET"]}}],"collection":[{"href":"https:\/\/www.moskito.cz\/sk\/wp-json\/wp\/v2\/product"}],"about":[{"href":"https:\/\/www.moskito.cz\/sk\/wp-json\/wp\/v2\/types\/product"}],"replies":[{"embeddable":true,"href":"https:\/\/www.moskito.cz\/sk\/wp-json\/wp\/v2\/comments?post=336281"}],"wp:featuredmedia":[{"embeddable":true,"href":"https:\/\/www.moskito.cz\/sk\/wp-json\/wp\/v2\/media\/192401"}],"wp:attachment":[{"href":"https:\/\/www.moskito.cz\/sk\/wp-json\/wp\/v2\/media?parent=336281"}],"wp:term":[{"taxonomy":"pwb-brand","embeddable":true,"href":"https:\/\/www.moskito.cz\/sk\/wp-json\/wp\/v2\/pwb-brand?post=336281"},{"taxonomy":"product_brand","embeddable":true,"href":"https:\/\/www.moskito.cz\/sk\/wp-json\/wp\/v2\/product_brand?post=336281"},{"taxonomy":"product_cat","embeddable":true,"href":"https:\/\/www.moskito.cz\/sk\/wp-json\/wp\/v2\/product_cat?post=336281"},{"taxonomy":"product_tag","embeddable":true,"href":"https:\/\/www.moskito.cz\/sk\/wp-json\/wp\/v2\/product_tag?post=336281"}],"curies":[{"name":"wp","href":"https:\/\/api.w.org\/{rel}","templated":true}]}}