{"id":336382,"date":"2021-10-18T21:24:53","date_gmt":"2024-04-22T14:40:12","guid":{"rendered":"https:\/\/www.moskito.cz\/?post_type=product&#038;p=336382"},"modified":"2025-05-07T11:13:18","modified_gmt":"2025-05-07T10:13:18","slug":"multifunkcne-klieste-sog-poweraccess-deluxe","status":"publish","type":"product","link":"https:\/\/www.moskito.cz\/sk\/produkt\/multifunkcne-klieste-sog-poweraccess-deluxe\/","title":{"rendered":"Multifunk\u010dn\u00e9 Klie\u0161te SOG POWERACCESS DELUXE"},"content":{"rendered":"<p>N\u00e1\u0161 pr\u00edbeh za\u010d\u00edna vo Vietname, kde \u010dlenovia vysoko utajovanej americkej \u0161peci\u00e1lnej opera\u010dnej jednotky \u2013 zn\u00e1mej ako MACV \u2013 <strong>SOG<\/strong> \u2013 niesli jedine\u010dn\u00fd tajn\u00fd n\u00f4\u017e do d\u017eungle na skryt\u00fdch misi\u00e1ch. O nieko\u013eko rokov nesk\u00f4r, v roku 1986, tento n\u00f4\u017e in\u0161piroval mlad\u00e9ho n\u00e1vrh\u00e1ra menom Spencer Frazer, aby zalo\u017eil \u0161peci\u00e1lne no\u017ee <strong>SOG<\/strong> . Jeho poslanie: reprodukova\u0165 p\u00f4vodn\u00fd n\u00f4\u017e <strong>SOG<\/strong> Bowie a vzda\u0165 hold \u0161peci\u00e1lnej opera\u010dnej jednotke, ktor\u00e1 ho vytvorila. To, \u010do za\u010dalo ako jedin\u00fd pam\u00e4tn\u00fd model, sa \u010doskoro stalo cel\u00fdm radom inovat\u00edvnych n\u00e1strojov \u2013 osved\u010den\u00fdch americk\u00fdmi \u0161peci\u00e1lnymi silami, dokonca ocenen\u00fdch ako vybran\u00fd n\u00f4\u017e Navy SEAL. No\u017ee SOG sa dnes s istotou nosia do t\u00fdch najn\u00e1ro\u010dnej\u0161\u00edch situ\u00e1ci\u00ed. Kovan\u00e9 z trad\u00edcie, tvrden\u00e9 v poli, pilovan\u00e9 pre v\u00e1s.<\/p>\n<p>\u010ci u\u017e chr\u00e1nite ostatn\u00fdch alebo vediete epick\u00fa loveck\u00fa exped\u00edciu, rie\u0161ite jednu z ka\u017edodenn\u00fdch \u017eivotn\u00fdch v\u00fdziev alebo sa stret\u00e1vate so svojimi doteraz najextr\u00e9mnej\u0161\u00edmi podmienkami, urobte si cestu so <strong>SOG<\/strong> .<\/p>\n<p>Multifunk\u010dn\u00e9 Klie\u0161te <strong>SOG<\/strong> POWERACCESS DELUXE.<\/p>\n<p>PowerAccess Deluxe m\u00e1 najviac n\u00e1strojov zo v\u0161etk\u00fdch doteraj\u0161\u00edch produktov SOG (21). Deluxe pon\u00faka p\u00e1kov\u00fd efekt SOG pre maxim\u00e1lnu silu \u00fachopu. Je ulo\u017een\u00fd v nylonovom puzdre s 12-dielnou \u0161es\u0165hrannou sadou.<\/p>\n<p><strong>Mus\u00ed ma\u0165 viac n\u00e1strojov<\/strong><br \/>\nTu je mal\u00fd tip: Pokia\u013e sa chyst\u00e1te na vysok\u00fa \u0161kolu alebo si vyraz\u00edte sami, viac\u00fa\u010delov\u00fd n\u00e1stroj, ako je PowerAccess Deluxe, sa nepochybne bude hodi\u0165.<\/p>\n<p><strong>Obsahuje 21 n\u00e1strojov, najviac zo v\u0161etk\u00fdch n\u00e1strojov SOG multi<\/strong><br \/>\nPredstavuje hlavice klie\u0161t\u00ed Compound Leverage pre hladk\u00e9 otv\u00e1ranie a zatv\u00e1ranie a zv\u00fd\u0161en\u00fa silu \u00fachopu. Celkom 21 n\u00e1strojov je v \u0165a\u017ek\u00fdch podmienkach, nerezov\u00e1 oce\u013e PowerAccess Deluxe, vr\u00e1tane dvoch no\u017eov\u00fdch no\u017eov, otv\u00e1ra\u010da na konzervy a f\u013ea\u0161e, p\u00edly na drevo, dvoch ploch\u00fdch skrutkova\u010dov, kr\u00ed\u017eov\u00e9ho skrutkova\u010da a 1\/4&#8243; meni\u010de so \u0161es\u0165hrannou sadou bitov.<\/p>\n<p><strong>21 N\u00c1STROJOV<\/strong><br \/>\nVr\u00e1tane dvoch no\u017eov, otv\u00e1ra\u010da na konzervy a f\u013ea\u0161e, p\u00edly na drevo, dvoch ploch\u00fdch skrutkova\u010dov, ovl\u00e1da\u010de \u0161perkov a 1\/4&#8243; meni\u010da so \u0161es\u0165hrannou sadou.<\/p>\n<p><strong>ZLO\u017dEN\u00c1 P\u00c1KA<\/strong><br \/>\nPatentovan\u00e1 technol\u00f3gia Compound Leverage spolo\u010dnosti SOG funguje tak, \u017ee vyu\u017e\u00edva viac oto\u010dn\u00fdch bodov, ktor\u00e9 generuj\u00fa v\u00e4\u010d\u0161\u00ed pohyb rukov\u00e4te vo vz\u0165ahu k pohybu klie\u0161t\u00ed. V\u00fdsledkom je v\u00fdhoda p\u00e1kov\u00e9ho efektu, ktor\u00e1 je pribli\u017ene dvakr\u00e1t v\u00e4\u010d\u0161ia ako u konven\u010dn\u00e9ho multifunk\u010dn\u00e9ho n\u00e1stroja, v\u010faka \u010domu je ka\u017ed\u00fd rez hlad\u0161\u00ed a jednoduch\u0161\u00ed.<\/p>\n<p><strong>NEREZOV\u00c1 OCE\u013dOV\u00c1 KON\u0160TRUKCIA 5CR15MOV<\/strong><br \/>\nV\u0161estrann\u00e9 nerezov\u00e9 ocele s podobn\u00fdmi vlastnos\u0165ami ako najlep\u0161ie kovy radu 440, poskytuj\u00face dobr\u00fa schopnos\u0165 ostrenia, dobr\u00fa retenciu hr\u00e1n a vysok\u00fa odolnos\u0165 proti kor\u00f3zii.<\/p>\n<p>HMOTNOS\u0164 PRODUKTU : 8,70 oz<br \/>\nTYP Z OCE\u013dOVEJ \u010cEPELE : Nerezov\u00e1 oce\u013e<br \/>\nDOKON\u010cEN\u00cd : Stone Wash<br \/>\nPO\u010cET N\u00c1STROJOV : 21<br \/>\nTYP Z OCE\u013dOVEJ \u010cEPELE : Nerezov\u00e1 oce\u013e<br \/>\n3STRANN\u00dd S\u00daBOR<br \/>\n\u0160\u00cdDLO<br \/>\nOTV\u00c1RAK NA F\u013dA\u0160E<br \/>\nOTV\u00c1RAK<br \/>\nPLNE OZUBEN\u00c1 \u010cAPIEL<br \/>\nREZA\u010cKA TVRD\u00c9HO DR\u00d4TU<br \/>\nSTREDNE PLOCH\u00dd SKRUTKOV\u00c1K<br \/>\nKLIE\u0160TE NA \u0160PI\u010cKU IHLY<br \/>\nSKRUTKOV\u00c1K PHILIPS<br \/>\n\u00daHLOMER<br \/>\nPRAV\u00cdTKO<br \/>\nSADA 12DIELN\u00ddCH \u0160ES\u0164HRANN\u00ddCH BITOV<\/p>\n<p>The PowerAccess Deluxe m\u00e1 most n\u00e1stroje pre SOG produkt to d\u00e1tum (21). The Deluxe features SOG compound leverage pre maximum gripping strength. Housed in a nylon sheath with 12-piece hex bit kit.<\/p>\n<p>Must have multi tool<br \/>\nTu je mal\u00fd tip: Ak ste hlavou mimo \u0161koly alebo strieka\u0165 z v\u00e1\u0161ho domova, multi-tool ako PowerAccess Deluxe bude undoubtedly \u00eds\u0165 do ruky.<\/p>\n<p>Includes 21 tools, the most pre any SOG multi tool<br \/>\nFeatures Compound Leverage plier heads pre hladk\u00e9 otv\u00e1ranie a zavretie a inkresovan\u00e9 gripping power. Celkov\u00e1 21 n\u00e1strojov s\u00fa na heavy duty, nekone\u010dn\u00e9 steel PowerAccess Deluxe, vr\u00e1tane dvoch n\u00f4\u017e blades, can &amp; l\u00e1hev opener, drevo saw, dva \u0161tvorcov\u00fd skrutkova\u010d, Phillips skrutkova\u010d a 1\/4&#8243; ovl\u00e1da\u010d s hex bitom kit.<\/p>\n<p>21 TOOLS<br \/>\nIncluding dve n\u00f4\u017e blades, can &amp; l\u00e1hev opener, drevo saw, dva flat screwdrivers, \u0161perky driver a 1\/4&#8243; driver with hex bit kit.<\/p>\n<p>COMPOUND LEVERAGE<br \/>\nSOG&#8217;s proprietary Compound Leverage technology works by employing multiple pivot points that generate greater handle travel in relation to plier movement. \u00da\u010delom je \u0161irok\u00e1 \u0161k\u00e1la pr\u00ednosov twice v\u00fdkonom konven\u010dn\u00e9ho multi-toolu, ktor\u00fd rob\u00ed ka\u017ed\u00fd cut smoother and easier.<\/p>\n<p>STAINLESS 5CR15MOV STEEL CONSTRUCTION<br \/>\nAll-around stainless steels s semblantn\u00fdmi kvalitami na najlep\u0161ie 440 Series metals, providing dobrej sharpen ability, good edge retention, a high corrosion rezistencie.<\/p>\n<p>PRODUCT WEIGHT<br \/>\n8.70 oz<br \/>\nUPC<br \/>\n729857008037<br \/>\nBLADE STEEL TYPE<br \/>\nStainless Steel<br \/>\nCOUNTRY OF ORIGIN<br \/>\nChina<br \/>\nFINISH<br \/>\nStone Wash<br \/>\nTOOL COUNT<br \/>\n21<br \/>\nBLADE STEEL TYPE<br \/>\nStainless Steel<br \/>\n1\/4&#8243; DRIVE<br \/>\nYes<br \/>\n3-SIDED FILE<br \/>\nYes<br \/>\nAWL<br \/>\nYes<br \/>\nBOTTLE OPENER<br \/>\nYes<br \/>\nCAN OPENER<br \/>\nYes<br \/>\nFULL SERRATED BLADE<br \/>\nYes<br \/>\nGRIPPER<br \/>\nYes<br \/>\nHARD WIRE CUTTER<br \/>\nYes<br \/>\nMEDIUM FLAT SCREWDRIVER<br \/>\nYes<br \/>\nNEEDLE NOSE PLIERS<br \/>\nYes<br \/>\nPHILIPS SCREWDRIVER<br \/>\nYes<br \/>\nPROTRACTOR<br \/>\nYes<br \/>\nRULER<br \/>\nYes<br \/>\n12-PIECE HEX BIT KIT<br \/>\nYes<\/p>\n<p>&nbsp;<\/p>\n<p>&nbsp;<\/p>\n<p>&nbsp;<\/p>\n","protected":false},"excerpt":{"rendered":"<p>\u010ci u\u017e chr\u00e1nite ostatn\u00fdch alebo vediete epick\u00fa loveck\u00fa exped\u00edciu, rie\u0161ite jednu z ka\u017edodenn\u00fdch \u017eivotn\u00fdch v\u00fdziev alebo sa stret\u00e1vate so svojimi doteraz najextr\u00e9mnej\u0161\u00edmi podmienkami, urobte si cestu so <strong>SOG<\/strong> .<\/p>\n<p><strong>Na v\u0161etky no\u017ee SOG d\u00e1vame do\u017eivotn\u00fa z\u00e1ruku!<\/strong><\/p>\n","protected":false},"featured_media":206938,"comment_status":"open","ping_status":"closed","template":"","meta":[],"pwb-brand":[3231],"product_brand":[],"product_cat":[3342],"product_tag":[3668],"class_list":{"0":"post-336382","1":"product","2":"type-product","3":"status-publish","4":"has-post-thumbnail","6":"pwb-brand-pevny-noz-sog-snarl","7":"product_cat-multi-tool-sk","8":"product_tag-b2b-sk","10":"first","11":"instock","12":"taxable","13":"shipping-taxable","14":"purchasable","15":"product-type-simple"},"brands":[{"id":3231,"name":"Pevn\u00fd N\u00f4\u017e SOG SNARL","slug":"pevny-noz-sog-snarl"}],"_links":{"self":[{"href":"https:\/\/www.moskito.cz\/sk\/wp-json\/wp\/v2\/product\/336382","targetHints":{"allow":["GET"]}}],"collection":[{"href":"https:\/\/www.moskito.cz\/sk\/wp-json\/wp\/v2\/product"}],"about":[{"href":"https:\/\/www.moskito.cz\/sk\/wp-json\/wp\/v2\/types\/product"}],"replies":[{"embeddable":true,"href":"https:\/\/www.moskito.cz\/sk\/wp-json\/wp\/v2\/comments?post=336382"}],"wp:featuredmedia":[{"embeddable":true,"href":"https:\/\/www.moskito.cz\/sk\/wp-json\/wp\/v2\/media\/206938"}],"wp:attachment":[{"href":"https:\/\/www.moskito.cz\/sk\/wp-json\/wp\/v2\/media?parent=336382"}],"wp:term":[{"taxonomy":"pwb-brand","embeddable":true,"href":"https:\/\/www.moskito.cz\/sk\/wp-json\/wp\/v2\/pwb-brand?post=336382"},{"taxonomy":"product_brand","embeddable":true,"href":"https:\/\/www.moskito.cz\/sk\/wp-json\/wp\/v2\/product_brand?post=336382"},{"taxonomy":"product_cat","embeddable":true,"href":"https:\/\/www.moskito.cz\/sk\/wp-json\/wp\/v2\/product_cat?post=336382"},{"taxonomy":"product_tag","embeddable":true,"href":"https:\/\/www.moskito.cz\/sk\/wp-json\/wp\/v2\/product_tag?post=336382"}],"curies":[{"name":"wp","href":"https:\/\/api.w.org\/{rel}","templated":true}]}}