{"id":336707,"date":"2021-10-18T21:45:51","date_gmt":"2024-04-23T09:43:59","guid":{"rendered":"https:\/\/www.moskito.cz\/produkt\/vrhacie-noze-sog-sada-3-kusov\/"},"modified":"2025-05-07T11:13:24","modified_gmt":"2025-05-07T10:13:24","slug":"vrhacie-noze-sog-sada-3-kusov","status":"publish","type":"product","link":"https:\/\/www.moskito.cz\/sk\/produkt\/vrhacie-noze-sog-sada-3-kusov\/","title":{"rendered":"Vrhacie No\u017ee SOG SADA 3 Kusov"},"content":{"rendered":"<p>N\u00e1\u0161 pr\u00edbeh za\u010d\u00edna vo Vietname, kde \u010dlenovia vysoko utajovanej americkej \u0161peci\u00e1lnej opera\u010dnej jednotky \u2013 zn\u00e1mej ako MACV \u2013 <strong>SOG<\/strong> \u2013 niesli jedine\u010dn\u00fd tajn\u00fd n\u00f4\u017e do d\u017eungle na skryt\u00fdch misi\u00e1ch. O nieko\u013eko rokov nesk\u00f4r, v roku 1986, tento n\u00f4\u017e in\u0161piroval mlad\u00e9ho n\u00e1vrh\u00e1ra menom Spencer Frazer, aby zalo\u017eil \u0161peci\u00e1lne no\u017ee <strong>SOG<\/strong> . Jeho poslanie: reprodukova\u0165 p\u00f4vodn\u00fd n\u00f4\u017e <strong>SOG<\/strong> Bowie a vzda\u0165 hold \u0161peci\u00e1lnej opera\u010dnej jednotke, ktor\u00e1 ho vytvorila. To, \u010do za\u010dalo ako jedin\u00fd pam\u00e4tn\u00fd model, sa \u010doskoro stalo cel\u00fdm radom inovat\u00edvnych n\u00e1strojov \u2013 osved\u010den\u00fdch americk\u00fdmi \u0161peci\u00e1lnymi silami, dokonca ocenen\u00fdch ako vybran\u00fd n\u00f4\u017e Navy SEAL. No\u017ee SOG sa dnes s istotou nosia do t\u00fdch najn\u00e1ro\u010dnej\u0161\u00edch situ\u00e1ci\u00ed. Kovan\u00e9 z trad\u00edcie, tvrden\u00e9 v poli, pilovan\u00e9 pre v\u00e1s.<\/p>\n<p>\u010ci u\u017e chr\u00e1nite ostatn\u00fdch alebo vediete epick\u00fa loveck\u00fa exped\u00edciu, rie\u0161ite jednu z ka\u017edodenn\u00fdch \u017eivotn\u00fdch v\u00fdziev alebo sa stret\u00e1vate so svojimi doteraz najextr\u00e9mnej\u0161\u00edmi podmienkami, urobte si cestu so <strong>SOG<\/strong> .<\/p>\n<p>Vrhacie No\u017ee <strong>SOG<\/strong> SADA 3 Kusov.<\/p>\n<p>No\u017ee Fling s\u00fa navrhnut\u00e9 pod\u013ea tradi\u010dn\u00fdch vrhac\u00edch no\u017eov a s\u00fa ide\u00e1lne na s\u00fa\u0165a\u017ee na z\u00e1hrade. Ka\u017ed\u00e1 rukov\u00e4\u0165 no\u017ea je obalen\u00e1 7 stopami paracordu, \u010do v\u00e1m d\u00e1va celkom 21 st\u00f4p, prefekt pre tieto neo\u010dak\u00e1van\u00e9 situ\u00e1cie. S\u00fa\u010das\u0165ou troch no\u017eov je aj balistick\u00e9 nylonov\u00e9 p\u00fazdro. Pozrite sa, kto m\u00f4\u017ee ako prv\u00fd zasiahnu\u0165 b\u00fd\u010die oko!<\/p>\n<p>CELKOV\u00c1 D\u0139\u017dKA : 24 cm<br \/>\nHMOTNOS\u0164 PRODUKTU : 5,40 oz<br \/>\nD\u0139\u017dKA \u010cEPELA : 7 cm<br \/>\nTYP PRODUKTU: Vrhac\u00ed n\u00f4\u017e, pevn\u00e1 \u010depe\u013e<br \/>\nDOKON\u010cEN\u00cd : Sat\u00e9n<br \/>\nTYP Z OCE\u013dOVEJ \u010cEPELE : 3Cr13<br \/>\nTVAR \u010cEPE\u013dA : Spear Point<br \/>\nMATERI\u00c1L RUKOV\u00c4TI : Paracord zabalen\u00fd<br \/>\nFARBA RUKOV\u00c4TI : Zelen\u00e1, Tan<br \/>\nTVRDOS\u0164 : RC 49-51<br \/>\nVR\u00c1TANE PL\u00c1\u0160TE :\u00c1no<br \/>\nFARBA PL\u00c1\u0160TE : \u010cierna<br \/>\nTYP UZAVRETIA PL\u00c1\u0160TE : Such\u00fd zips<br \/>\nMATERI\u00c1L PL\u00c1\u0160TE : Balistick\u00fd nylon<\/p>\n<p>The Fling knives s\u00fa \u0161t\u00fdlov\u00e9 po traditional throwing knives a perfektn\u00e9 pre backyard competitions. Ka\u017ed\u00fd n\u00f4\u017e rukov\u00e4\u0165 je zabalen\u00fd so 7 nohami paracord, d\u00e1va\u0165 v\u00e1m na celkov\u00fa 21 nohav\u00edc, perfektn\u00fd pre tento unexpected situ\u00e1cie. Also zahrnut\u00e9 s tromi knives is ballistic nylon carry sheath. Pozrite sa, \u017ee m\u00f4\u017ee b\u00fd\u0165 oko prv\u00fd!<\/p>\n<p>OVERALL LENGTH<br \/>\n9.5&#8243;<br \/>\nPRODUCT WEIGHT<br \/>\n5.40 oz<br \/>\nBLADE LENGTH<br \/>\n2.8&#8243;<br \/>\nBLADE THICKNESS<br \/>\n0.14&#8243;<br \/>\nUPC<br \/>\n7-29857-99893-2<br \/>\nIS PREORDER<br \/>\nN\/A<br \/>\nPREORDER DATE<br \/>\nN\/A<br \/>\nPRODUCT TYPE<br \/>\nThrowing Knife, Fixed Blade<br \/>\nCOUNTRY OF ORIGIN<br \/>\nChina<br \/>\nPACKAGING<br \/>\nUnibox &#8211; Display Ready<br \/>\nENGRAVABLE<br \/>\nYes<br \/>\nFINISH<br \/>\nSatin<br \/>\nEDGE TYPE<br \/>\nStraight<br \/>\nBLADE STEEL TYPE<br \/>\n3Cr13<br \/>\nBLADE SHAPE<br \/>\nSpear Point<br \/>\nHANDLE MATERIAL<br \/>\nParacord Wrapped<br \/>\nHANDLE COLOR<br \/>\nGreen, Tan<br \/>\nHARDNESS<br \/>\nRc. 49-51<br \/>\nSHEATH INCLUDED<br \/>\nYes<br \/>\nSHEATH COLOR<br \/>\nBlack<br \/>\nSHEATH ATTACHMENT TYPE<br \/>\nBelt Loop<br \/>\nSHEATH CLOSURE TYPE<br \/>\nVelcro<br \/>\nSHEATH MATERIAL<br \/>\nBallistic Nylon<\/p>\n","protected":false},"excerpt":{"rendered":"<p>\u010ci u\u017e chr\u00e1nite ostatn\u00fdch alebo vediete epick\u00fa loveck\u00fa exped\u00edciu, rie\u0161ite jednu z ka\u017edodenn\u00fdch \u017eivotn\u00fdch v\u00fdziev alebo sa stret\u00e1vate so svojimi doteraz najextr\u00e9mnej\u0161\u00edmi podmienkami, urobte si cestu so <strong>SOG<\/strong> .<\/p>\n<p><strong>Na v\u0161etky no\u017ee SOG d\u00e1vame do\u017eivotn\u00fa z\u00e1ruku!<\/strong><\/p>\n","protected":false},"featured_media":206963,"comment_status":"open","ping_status":"closed","template":"","meta":[],"pwb-brand":[3231],"product_brand":[],"product_cat":[3186,3541],"product_tag":[3668],"class_list":{"0":"post-336707","1":"product","2":"type-product","3":"status-publish","4":"has-post-thumbnail","6":"pwb-brand-pevny-noz-sog-snarl","7":"product_cat-noze-sk","8":"product_cat-vrhacie-noze","9":"product_tag-b2b-sk","11":"first","12":"outofstock","13":"taxable","14":"shipping-taxable","15":"purchasable","16":"product-type-simple"},"brands":[{"id":3231,"name":"Pevn\u00fd N\u00f4\u017e SOG SNARL","slug":"pevny-noz-sog-snarl"}],"_links":{"self":[{"href":"https:\/\/www.moskito.cz\/sk\/wp-json\/wp\/v2\/product\/336707","targetHints":{"allow":["GET"]}}],"collection":[{"href":"https:\/\/www.moskito.cz\/sk\/wp-json\/wp\/v2\/product"}],"about":[{"href":"https:\/\/www.moskito.cz\/sk\/wp-json\/wp\/v2\/types\/product"}],"replies":[{"embeddable":true,"href":"https:\/\/www.moskito.cz\/sk\/wp-json\/wp\/v2\/comments?post=336707"}],"wp:featuredmedia":[{"embeddable":true,"href":"https:\/\/www.moskito.cz\/sk\/wp-json\/wp\/v2\/media\/206963"}],"wp:attachment":[{"href":"https:\/\/www.moskito.cz\/sk\/wp-json\/wp\/v2\/media?parent=336707"}],"wp:term":[{"taxonomy":"pwb-brand","embeddable":true,"href":"https:\/\/www.moskito.cz\/sk\/wp-json\/wp\/v2\/pwb-brand?post=336707"},{"taxonomy":"product_brand","embeddable":true,"href":"https:\/\/www.moskito.cz\/sk\/wp-json\/wp\/v2\/product_brand?post=336707"},{"taxonomy":"product_cat","embeddable":true,"href":"https:\/\/www.moskito.cz\/sk\/wp-json\/wp\/v2\/product_cat?post=336707"},{"taxonomy":"product_tag","embeddable":true,"href":"https:\/\/www.moskito.cz\/sk\/wp-json\/wp\/v2\/product_tag?post=336707"}],"curies":[{"name":"wp","href":"https:\/\/api.w.org\/{rel}","templated":true}]}}