{"id":336891,"date":"2021-10-19T19:43:43","date_gmt":"2024-04-23T12:36:26","guid":{"rendered":"https:\/\/www.moskito.cz\/produkt\/takticky-tomahawk-sog\/"},"modified":"2025-05-07T11:13:29","modified_gmt":"2025-05-07T10:13:29","slug":"takticky-tomahawk-sog","status":"publish","type":"product","link":"https:\/\/www.moskito.cz\/sk\/produkt\/takticky-tomahawk-sog\/","title":{"rendered":"TAKTICK\u00dd TOMAHAWK SOG"},"content":{"rendered":"<p>N\u00e1\u0161 pr\u00edbeh za\u010d\u00edna vo Vietname, kde \u010dlenovia vysoko utajovanej americkej \u0161peci\u00e1lnej opera\u010dnej jednotky \u2013 zn\u00e1mej ako MACV \u2013 <strong>SOG<\/strong> \u2013 niesli jedine\u010dn\u00fd tajn\u00fd n\u00f4\u017e do d\u017eungle na skryt\u00fdch misi\u00e1ch. O nieko\u013eko rokov nesk\u00f4r, v roku 1986, tento n\u00f4\u017e in\u0161piroval mlad\u00e9ho n\u00e1vrh\u00e1ra menom Spencer Frazer, aby zalo\u017eil \u0161peci\u00e1lne no\u017ee <strong>SOG<\/strong> . Jeho poslanie: reprodukova\u0165 p\u00f4vodn\u00fd n\u00f4\u017e <strong>SOG<\/strong> Bowie a vzda\u0165 hold \u0161peci\u00e1lnej opera\u010dnej jednotke, ktor\u00e1 ho vytvorila. To, \u010do za\u010dalo ako jedin\u00fd pam\u00e4tn\u00fd model, sa \u010doskoro stalo cel\u00fdm radom inovat\u00edvnych n\u00e1strojov \u2013 osved\u010den\u00fdch americk\u00fdmi \u0161peci\u00e1lnymi silami, dokonca ocenen\u00fdch ako vybran\u00fd n\u00f4\u017e Navy SEAL. No\u017ee SOG sa dnes s istotou nosia do t\u00fdch najn\u00e1ro\u010dnej\u0161\u00edch situ\u00e1ci\u00ed. Kovan\u00e9 z trad\u00edcie, tvrden\u00e9 v poli, pilovan\u00e9 pre v\u00e1s.<\/p>\n<p>\u010ci u\u017e chr\u00e1nite ostatn\u00fdch alebo vediete epick\u00fa loveck\u00fa exped\u00edciu, rie\u0161ite jednu z ka\u017edodenn\u00fdch \u017eivotn\u00fdch v\u00fdziev alebo sa stret\u00e1vate so svojimi doteraz najextr\u00e9mnej\u0161\u00edmi podmienkami, urobte si cestu so <strong>SOG<\/strong> .<\/p>\n<p>TAKTICK\u00dd TOMAHAWK <strong>SOG<\/strong> .<\/p>\n<p>Tactical Tomahawk je zalo\u017een\u00fd na vietnamskom tomahawku a je extr\u00e9mnou evol\u00faciou origin\u00e1lu, ktor\u00fd bol vo svojej dobe pova\u017eovan\u00fd za jednu z najneobvyklej\u0161\u00edch zbran\u00ed. Dnes existuje skuto\u010dn\u00e1 potreba univerz\u00e1lneho n\u00e1stroja na prelomenie oper\u00e1ci\u00ed, h\u013abenie, odstra\u0148ovanie prek\u00e1\u017eok, vy\u0165ahovanie a \u010fal\u0161ie pomocn\u00e9 aplik\u00e1cie. Hlava z nerezovej ocele 420 s povrchovou \u00fapravou Hardcased je upevnen\u00e1 na nylonovej rukov\u00e4ti vystu\u017eenej sklen\u00fdmi vl\u00e1knami pomocou skrutiek pre vysok\u00fa z\u00e1\u0165a\u017e a oce\u013eov\u00e9 obj\u00edmky zais\u0165uj\u00face stabilitu. Bo\u010dn\u00e9 kladivo zais\u0165uje presn\u00e9 umiestnenie pri \u00fadere. Nosia sa v nylonovom puzdre a je to univerz\u00e1lny n\u00e1stroj pre modern\u00e9ho \u010dloveka.<\/p>\n<p><strong>Vynikaj\u00faci n\u00e1stroj v\u00e1s prenesie z misie k t\u00e1bor\u00e1ku<\/strong><br \/>\n15,75&#8243; tomahawk s hlavou z nerezovej ocele 420 s tvrdou povrchovou \u00fapravou upevnenou na nylonov\u00e9 rukov\u00e4te vystu\u017een\u00e9 sklen\u00fdmi vl\u00e1knami s pevn\u00fdmi skrutkami a oce\u013eovou obj\u00edmkou \u200b\u200bpre stabilitu. Bo\u010dn\u00e1 kontrola kladivom zais\u0165uje presn\u00e9 umiestnenie pri b\u00fa\u0161en\u00ed. Nosen\u00e9 v nylonovom p\u00fazdre.<\/p>\n<p><strong>HLAVA Z NEREZOVEJ OCELE 420<\/strong><br \/>\nOdoln\u00fd, dr\u017e\u00ed si ostrie, v\u00fdborn\u00e1 odolnos\u0165 proti kor\u00f3zii&#8230; \u010do viac si pria\u0165?<\/p>\n<p><strong>TVRD\u00dd AKO Klin\u010dek<\/strong><br \/>\nHlava je pripevnen\u00e1 k robustnej rukov\u00e4ti pomocou \u0165a\u017ek\u00fdch skrutiek a oce\u013eovej obj\u00edmky.<\/p>\n<p><strong>BO\u010cN\u00c9 KLADIVO<\/strong><br \/>\nZais\u0165uje presn\u00e9 umiestnenie pri b\u00fa\u0161en\u00ed.<\/p>\n<p>CELKOV\u00c1 D\u0139\u017dKA : 40 cm<br \/>\nHMOTNOS\u0164 PRODUKTU : 24,00 oz<br \/>\nD\u0139\u017dKA \u010cEPELA : 7 cm<br \/>\nDOKON\u010cENIE : \u010cierna<br \/>\nTVRDOS\u0164 : RC 51-53<br \/>\nTYP Z OCE\u013dOVEJ \u010cEPELE : 420 nerez<br \/>\nTYP HRANY : Rovn\u00fd<br \/>\nMATERI\u00c1L RUKOV\u00c4TI : Nylon zosilnen\u00fd sklom<br \/>\nFARBA RUKOV\u00c4TI : \u010cierna<br \/>\nVR\u00c1TANE PL\u00c1\u0160TE : \u00c1no<br \/>\nFARBA PL\u00c1\u0160TE : \u010cierna<br \/>\nMATERI\u00c1L PL\u00c1\u0160TE : Balistick\u00fd nylon<\/p>\n<p>Based on Vietnam Tomahawk, Tactical Tomahawk je extr\u00e9mna evol\u00facia p\u00f4vodn\u00e9ho, \u200b\u200bktor\u00fd bol pova\u017eovan\u00fd za jeden z viacer\u00fdch unusual zlyhania svojho d\u0148a. V\u0161etky tieto s\u00fa real need for a versatile n\u00e1stroj pre breaching operations, excavation, obstacle removal, extraction, a in\u00e9 utility applications. 420 bez\u0161vov\u00e9 steel hlavu s tvrdohlav\u00fdm coating je umiestnen\u00fd do fiberglass reinforced nylon rukov\u00e4\u0165 s heavy-duty bolts a steel ferrule pre stabilitu. Side hammer checkering insures precise placement when pounding. Carried in a nylon sheath this is a universal tool for modern man.<\/p>\n<p>Excellent tool takes you from mission to campfire<br \/>\nA 15.75&#8243; tomahawk s 420 nerezovou steel hlavou s tvrdohlav\u00fdm hrn\u010dekom namontovan\u00e9 na fiberglass reinforced nylon rukov\u00e4\u0165 s heavy-duty bolts a steel ferrule pre stabilitu. Side hammer checkering insures precise placement when pounding. Carried in a nylon sheath.<\/p>\n<p>OVERALL LENGTH<br \/>\n15.75&#8243;<br \/>\nPRODUCT WEIGHT<br \/>\n24.00 oz<br \/>\nBLADE LENGTH<br \/>\n2.75&#8243;<br \/>\nUPC<br \/>\n7-29857-99485-9<br \/>\nIS PREORDER<br \/>\nN\/A<br \/>\nPREORDER DATE<br \/>\nN\/A<br \/>\nPRODUCT TYPE<br \/>\nAxe<br \/>\nFINISH<br \/>\nBlack<br \/>\nPACKAGING<br \/>\nBlister Pack<br \/>\nCOUNTRY OF ORIGIN<br \/>\nChina<br \/>\nENGRAVABLE<br \/>\nYes<br \/>\nHARDNESS<br \/>\nRc. 51-53<br \/>\nBLADE STEEL TYPE<br \/>\n420 Stainless<br \/>\nEDGE TYPE<br \/>\nStraight<br \/>\nHANDLE MATERIAL<br \/>\nGlass-Reinforced Nylon<br \/>\nHANDLE COLOR<br \/>\nBlack<br \/>\nSHEATH INCLUDED<br \/>\nYes<br \/>\nSHEATH COLOR<br \/>\nBlack<br \/>\nSHEATH MATERIAL<br \/>\nBallistic Nylon<br \/>\nSHEATH ATTACHMENT TYPE<br \/>\nBelt Loop<br \/>\nSHEATH CLOSURE TYPE<br \/>\nSnap<\/p>\n","protected":false},"excerpt":{"rendered":"<p>\u010ci u\u017e chr\u00e1nite ostatn\u00fdch alebo vediete epick\u00fa loveck\u00fa exped\u00edciu, rie\u0161ite jednu z ka\u017edodenn\u00fdch \u017eivotn\u00fdch v\u00fdziev alebo sa stret\u00e1vate so svojimi doteraz najextr\u00e9mnej\u0161\u00edmi podmienkami, urobte si cestu so <strong>SOG<\/strong> .<\/p>\n<p><strong>Na v\u0161etky no\u017ee SOG d\u00e1vame do\u017eivotn\u00fa z\u00e1ruku!<\/strong><\/p>\n","protected":false},"featured_media":206998,"comment_status":"open","ping_status":"closed","template":"","meta":[],"pwb-brand":[3231],"product_brand":[],"product_cat":[3190],"product_tag":[3668],"class_list":{"0":"post-336891","1":"product","2":"type-product","3":"status-publish","4":"has-post-thumbnail","6":"pwb-brand-pevny-noz-sog-snarl","7":"product_cat-sekery-sk","8":"product_tag-b2b-sk","10":"first","11":"instock","12":"taxable","13":"shipping-taxable","14":"purchasable","15":"product-type-simple"},"brands":[{"id":3231,"name":"Pevn\u00fd N\u00f4\u017e SOG SNARL","slug":"pevny-noz-sog-snarl"}],"_links":{"self":[{"href":"https:\/\/www.moskito.cz\/sk\/wp-json\/wp\/v2\/product\/336891","targetHints":{"allow":["GET"]}}],"collection":[{"href":"https:\/\/www.moskito.cz\/sk\/wp-json\/wp\/v2\/product"}],"about":[{"href":"https:\/\/www.moskito.cz\/sk\/wp-json\/wp\/v2\/types\/product"}],"replies":[{"embeddable":true,"href":"https:\/\/www.moskito.cz\/sk\/wp-json\/wp\/v2\/comments?post=336891"}],"wp:featuredmedia":[{"embeddable":true,"href":"https:\/\/www.moskito.cz\/sk\/wp-json\/wp\/v2\/media\/206998"}],"wp:attachment":[{"href":"https:\/\/www.moskito.cz\/sk\/wp-json\/wp\/v2\/media?parent=336891"}],"wp:term":[{"taxonomy":"pwb-brand","embeddable":true,"href":"https:\/\/www.moskito.cz\/sk\/wp-json\/wp\/v2\/pwb-brand?post=336891"},{"taxonomy":"product_brand","embeddable":true,"href":"https:\/\/www.moskito.cz\/sk\/wp-json\/wp\/v2\/product_brand?post=336891"},{"taxonomy":"product_cat","embeddable":true,"href":"https:\/\/www.moskito.cz\/sk\/wp-json\/wp\/v2\/product_cat?post=336891"},{"taxonomy":"product_tag","embeddable":true,"href":"https:\/\/www.moskito.cz\/sk\/wp-json\/wp\/v2\/product_tag?post=336891"}],"curies":[{"name":"wp","href":"https:\/\/api.w.org\/{rel}","templated":true}]}}