{"id":337435,"date":"2024-04-30T15:38:06","date_gmt":"2024-04-30T14:41:59","guid":{"rendered":"https:\/\/www.moskito.cz\/produkt\/vystrelovaci-noz-microtech-combat-troodon-1142-1t\/"},"modified":"2025-05-07T11:13:47","modified_gmt":"2025-05-07T10:13:47","slug":"vystrelovaci-noz-microtech-combat-troodon-1142-1t","status":"publish","type":"product","link":"https:\/\/www.moskito.cz\/sk\/produkt\/vystrelovaci-noz-microtech-combat-troodon-1142-1t\/","title":{"rendered":"Vystre\u013eovac\u00ed N\u00f4\u017e Microtech Combat Troodon 1142-1T"},"content":{"rendered":"<p>Vystre\u013eovac\u00ed N\u00f4\u017e <strong>Microtech<\/strong> Combat Troodon 1142-1T.<\/p>\n<p><strong>Combat Troodon<\/strong> D\/E Gen 3 Tactical Black Aluminium, Black je najv\u00e4\u010d\u0161\u00ed OTF (Out The Front) automatick\u00fd n\u00f4\u017e zo s\u00e9rie Troodon, postaven\u00fd pre \u0161irok\u00fa \u0161k\u00e1lu \u00fa\u017eitkov\u00fdch aplik\u00e1ci\u00ed. Je prec\u00edzne spracovan\u00fd a vyzna\u010duje sa prepracovan\u00fdm a pekelne r\u00fdchlym mechanizmom, ktor\u00fd predl\u017euje \u010depe\u013e ostr\u00fa ako britva. 100% vyroben\u00e9 a zmontovan\u00e9 v USA. Navrhol Anthony Marfione, no\u017eiar a majite\u013e Microtech Knives.<\/p>\n<p><strong>Combat Troodon<\/strong> OTF Line &#8211; Troodon znamen\u00e1 v gr\u00e9\u010dtine &#8222;zra\u0148uj\u00faci zub&#8220;. Hoci meno bolo prv\u00fdkr\u00e1t dan\u00e9 dinosaurovi podobn\u00e9mu Raptorovi, meno je rovnako vhodn\u00e9 pre ve\u013ek\u00fd OTF n\u00f4\u017e Microtech, ur\u010den\u00fd na najr\u00f4znej\u0161ie pou\u017eitie a boj zbl\u00edzka. Over-the-top, dvoj\u010dinn\u00fd (D\/A) automatick\u00fd n\u00f4\u017e je ob\u013e\u00faben\u00fdm OTF medzi policajtmi, ozbrojen\u00fdmi silami USA a person\u00e1lom z\u00e1chrann\u00fdch slu\u017eieb. V\u010faka svojej robustnej kon\u0161trukcii je Combat Troodon\u00ae vhodn\u00fd na n\u00e1ro\u010dn\u00e9 pou\u017eitie a v\u00fdhody automatu Out The Front z neho tie\u017e robia vynikaj\u00faci n\u00f4\u017e na ka\u017edodenn\u00e9 nosenie.<\/p>\n<p>M390MK \u2013 spolupr\u00e1ca medzi in\u017einiermi Microtech a B\u00f6hler vy\u00fastila v exkluz\u00edvnej verzii ocele M390 vyroben\u00fa iba pre Microtech. Obsah uhl\u00edka bol zv\u00fd\u0161en\u00fd a podroben\u00fd podrobnej\u0161iemu sk\u00famaniu, \u010d\u00edm sa zlep\u0161ili vlastnosti ocele M390 pre zaistenie lep\u0161ej retencie hr\u00e1n, odolnosti proti kor\u00f3zii a le\u0161teniu. Martenzitick\u00e1 vysoko v\u00fdkonn\u00e1 chr\u00f3mov\u00e1 oce\u013e vyroben\u00e1 pr\u00e1\u0161kovou metalurgiou. V\u010faka svojej zliatinovej koncepcii m\u00e1 extr\u00e9mne vysok\u00fa odolnos\u0165 proti opotrebovaniu a vysok\u00fa odolnos\u0165 proti kor\u00f3zii. Vzh\u013eadom k vysokej odolnosti proti opotrebeniu primerane udr\u017euje tvar ostria, tak\u017ee \u010depe\u013e zost\u00e1va ostr\u00e1 po ve\u013emi dlh\u00fa dobu (vy\u017eaduje minim\u00e1lnu \u00fadr\u017ebu). \u010eal\u0161ou z v\u00fdhod je odolnos\u0165 proti tvorbe &#8222;dr\u00f4tu&#8220; pri ostren\u00ed. Oce\u013e m\u00e1 vysok\u00fd obsah chr\u00f3mu 19,0% (Cr) dopovan\u00e9ho 1,95% uhl\u00edka (C), van\u00e1du 4,0% (V) a je kalen\u00e1 na 59-61 HRC. T\u00e1to super oce\u013e je porovnate\u013en\u00e1 s Carpenter&#8217;s CPM 20CV alebo CTS-204P ocele. V\u00fdrobca B\u00f6hler Edelstahl v Kapfenbergu, Rak\u00fasko.<\/p>\n<p>\u010cepe\u013e &#8211; strojovo br\u00fasen\u00e1, dvojbrit\u00e1 typu D\/E (Double Edge Dagger), \u010dierno potiahnut\u00e1. \u010cepe\u013e bola vyroben\u00e1 s vysok\u00fdm ploch\u00fdm br\u00fasen\u00edm (Flat Grind), \u010do poskytuje vynikaj\u00face rezn\u00e9 vlastnosti. V\u010faka tomu m\u00e1 n\u00f4\u017e vynikaj\u00face prierazn\u00e9 vlastnosti pri zachovan\u00ed pevnosti. Stredovo umiestnen\u00e9 zrno \u010depe\u013e \u010falej spev\u0148uje. Siln\u00fd mechanizmus vys\u00favania\/za\u0165ahovania \u010depele pomocou lisovan\u00e9ho Thumb Slide, stup\u0148ovit\u00e9ho sklzu palca, vy\u017eaduje pre bezpe\u010dnos\u0165 pou\u017eitie \u0161pecifickej sily na prekonanie odporu pru\u017einy. Sp\u00f4sob otv\u00e1rania zais\u0165uje bezprobl\u00e9mov\u00e9 otv\u00e1ranie pre prav\u00e1kov aj \u013eav\u00e1kov.<\/p>\n<p>Rukov\u00e4\u0165 &#8211; vyroben\u00e1 s vynikaj\u00facou presnos\u0165ou v 3D technol\u00f3gii na CNC fr\u00e9zkach, z \u010dierneho eloxovan\u00e9ho hlin\u00edka 6061-T6 potiahnut\u00e9ho Mil-Spec. Povrchov\u00e1 text\u00fara rukov\u00e4te a hlbok\u00e9 z\u00e1rezy (jimping) na nej zais\u0165uj\u00fa, \u017ee n\u00f4\u017e po\u010das pou\u017e\u00edvania nek\u013a\u017ee v ruke. Tenk\u00fd profil a vyfr\u00e9zovan\u00e1 dvojpolohov\u00e1 (prav\u00e1\/\u013eav\u00e1) pevn\u00e1 spona na hlbok\u00e9 nosenie umo\u017e\u0148uje diskr\u00e9tne nosenie no\u017ea vo vrecku, v polohe \u0161pi\u010dkou dole (\u010depe\u013e \u0161pi\u010dkou dole). Klip nesie logo Microtech, s\u00e9riov\u00e9 \u010d\u00edslo a d\u00e1tum v\u00fdroby. Rukov\u00e4\u0165 je zakon\u010den\u00e1 rozb\u00edja\u010dom skla, pevn\u00fdm oce\u013eov\u00fdm trojuholn\u00edkom, do ktor\u00e9ho je zalisovan\u00e1 guli\u010dka z karbidu volfr\u00e1mu. M\u00e1 tie\u017e otvor na prepletenie ozdobnej \u0161n\u00farky.<\/p>\n<p>Technick\u00e9 d\u00e1ta:<br \/>\n\u010c\u00edslo produktu: 1142-1T<br \/>\nN\u00e1zov produktu: Combat Troodon D\/E Gen 3 Tactical Black Aluminium, Black<\/p>\n<p>Celkov\u00e1 d\u013a\u017eka: 24.13 cm<br \/>\nD\u013a\u017eka \u010depele: 9.65 cm<br \/>\nHr\u00fabka \u010depele: 0.33 cm<br \/>\nD\u013a\u017eka rukov\u00e4te: 14.6 cm<br \/>\nHr\u00fabka rukov\u00e4te: 1.50 cm<br \/>\nHmotnos\u0165: 150,0 g \/ 5,3 oz<\/p>\n<p>Materi\u00e1l \u010depele: B\u00f6hler M390MK<br \/>\nTvrdos\u0165 \u010depele: nd<br \/>\nBr\u00fasenie \u010depele: Ploch\u00e9<br \/>\nPovrchov\u00e1 \u00faprava \u010depele: \u010cierny povlak<\/p>\n<p>Materi\u00e1l rukov\u00e4te: 6061-T6 hlin\u00edk<br \/>\nFarba povrchovej \u00fapravy rukov\u00e4te: \u010cierna<br \/>\nMateri\u00e1l backspacer: 6061-T6 hlin\u00edk<br \/>\nFarba backspaceru: \u010dierna<\/p>\n<p>Klip: prav\u00fd\/\u013eav\u00fd, sklon nadol<br \/>\nMateri\u00e1l klipu: Nerezov\u00e1 oce\u013e<\/p>\n<p>Oto\u010dn\u00fd mechanizmus: nd<br \/>\nUzamykac\u00ed mechanizmus: Slide Lock<br \/>\nSp\u00f4sob otv\u00e1rania: Automaticky, stla\u010di\u0165\/vytiahnu\u0165 posuvn\u00fd palec<br \/>\n\u010eal\u0161ie pr\u00edslu\u0161enstvo: \u017eiadne<\/p>\n<p>Dizajn\u00e9r: Tony Marfione<br \/>\nZna\u010dka: Microtech Knives<br \/>\nV\u00fdrobca: Microtech Knives<br \/>\nKrajina p\u00f4vodu: USA<\/p>\n<p><iframe title=\"Microtech Combat Troodon Torture Test\" width=\"800\" height=\"450\" src=\"https:\/\/www.youtube.com\/embed\/xE9TeOFYEjg?feature=oembed\" frameborder=\"0\" allow=\"accelerometer; autoplay; clipboard-write; encrypted-media; gyroscope; picture-in-picture; web-share\" referrerpolicy=\"strict-origin-when-cross-origin\" allowfullscreen><\/iframe><\/p>\n<p>&nbsp;<\/p>\n<p>&nbsp;<\/p>\n","protected":false},"excerpt":{"rendered":"<div class=\"elementor-element elementor-element-bbb542b elementor-widget elementor-widget-woocommerce-product-short-description\" data-id=\"bbb542b\" data-element_type=\"widget\" data-widget_type=\"woocommerce-product-short-description.default\">\n<div class=\"elementor-widget-container\">\n<div class=\"woocommerce-product-details__short-description\">\n<p>V priebehu rokov <strong>Microtech\u00ae Knives<\/strong> naplnil v\u00e1\u0161\u0148ou a zru\u010dnos\u0165ou v\u00fdrobu no\u017eov, a\u017e z nich vytvoril takmer umeleck\u00e9 diela, ktor\u00e9 s\u00fa vrcholom funk\u010dnosti. V\u0161etky diely s\u00fa vyroben\u00e9 v USA.<br \/>\n<strong>Na v\u0161etky no\u017ee Microtech je do\u017eivotn\u00e1 z\u00e1ruka.<\/strong><\/p>\n<p><strong>Doprava zadarmo.<\/strong><\/p>\n<\/div>\n<\/div>\n<\/div>\n","protected":false},"featured_media":337387,"comment_status":"open","ping_status":"closed","template":"","meta":[],"pwb-brand":[3200],"product_brand":[],"product_cat":[3186,3197],"product_tag":[3668],"class_list":{"0":"post-337435","1":"product","2":"type-product","3":"status-publish","4":"has-post-thumbnail","6":"pwb-brand-microtech-sk","7":"product_cat-noze-sk","8":"product_cat-vystrelovacie-noze-sk","9":"product_tag-b2b-sk","11":"first","12":"outofstock","13":"taxable","14":"shipping-taxable","15":"purchasable","16":"product-type-simple"},"brands":[{"id":3200,"name":"Microtech","slug":"microtech-sk"}],"_links":{"self":[{"href":"https:\/\/www.moskito.cz\/sk\/wp-json\/wp\/v2\/product\/337435","targetHints":{"allow":["GET"]}}],"collection":[{"href":"https:\/\/www.moskito.cz\/sk\/wp-json\/wp\/v2\/product"}],"about":[{"href":"https:\/\/www.moskito.cz\/sk\/wp-json\/wp\/v2\/types\/product"}],"replies":[{"embeddable":true,"href":"https:\/\/www.moskito.cz\/sk\/wp-json\/wp\/v2\/comments?post=337435"}],"wp:featuredmedia":[{"embeddable":true,"href":"https:\/\/www.moskito.cz\/sk\/wp-json\/wp\/v2\/media\/337387"}],"wp:attachment":[{"href":"https:\/\/www.moskito.cz\/sk\/wp-json\/wp\/v2\/media?parent=337435"}],"wp:term":[{"taxonomy":"pwb-brand","embeddable":true,"href":"https:\/\/www.moskito.cz\/sk\/wp-json\/wp\/v2\/pwb-brand?post=337435"},{"taxonomy":"product_brand","embeddable":true,"href":"https:\/\/www.moskito.cz\/sk\/wp-json\/wp\/v2\/product_brand?post=337435"},{"taxonomy":"product_cat","embeddable":true,"href":"https:\/\/www.moskito.cz\/sk\/wp-json\/wp\/v2\/product_cat?post=337435"},{"taxonomy":"product_tag","embeddable":true,"href":"https:\/\/www.moskito.cz\/sk\/wp-json\/wp\/v2\/product_tag?post=337435"}],"curies":[{"name":"wp","href":"https:\/\/api.w.org\/{rel}","templated":true}]}}