{"id":337606,"date":"2024-04-30T19:23:30","date_gmt":"2024-04-30T18:28:36","guid":{"rendered":"https:\/\/www.moskito.cz\/produkt\/zatvaraci-noz-crkt-walker-monumen-4000\/"},"modified":"2025-05-07T11:13:50","modified_gmt":"2025-05-07T10:13:50","slug":"zatvaraci-noz-crkt-walker-monumen-4000","status":"publish","type":"product","link":"https:\/\/www.moskito.cz\/sk\/produkt\/zatvaraci-noz-crkt-walker-monumen-4000\/","title":{"rendered":"Zatv\u00e1rac\u00ed N\u00f4\u017e CRKT Walker Monumen 4000"},"content":{"rendered":"<p>Zatv\u00e1rac\u00ed N\u00f4\u017e <strong>CRKT<\/strong> Walker Monumen 4000.<\/p>\n<p>Pod\u013ea jedn\u00e9ho z ob\u013e\u00faben\u00fdch n\u00e1vrhov Michaela Walkera.<\/p>\n<p>Len m\u00e1lo mien v no\u017eiarstve bud\u00ed tak\u00fa \u00factu ako Michael Walker. Klenotn\u00edk, z ktor\u00e9ho sa stal no\u017eiar, je skuto\u010dn\u00fdm majstrom svojho remesla, zn\u00e1my pre svoje umeleck\u00e9 a zdoben\u00e9 n\u00e1vrhy, ktor\u00e9 presahuj\u00fa obvykl\u00fa defin\u00edciu no\u017ea. To je d\u00f4vod, pre\u010do sme nesmierne hrd\u00ed, \u017ee v\u00e1m m\u00f4\u017eeme prinies\u0165 Monument\u2122, jeden z dvoch n\u00e1vrhov Michaela Walkera dostupn\u00fdch v obmedzenom po\u010dte.<br \/>\nDobre postaven\u00fd : Vyroben\u00e9 v Taliansku<br \/>\nPr\u00e9miov\u00e9 materi\u00e1ly : Oce\u013e \u010depele B\u00f6hler M390 pre vynikaj\u00faci rezn\u00fd v\u00fdkon<br \/>\nHladk\u00e9 otv\u00e1ranie : \u010cap guli\u010dkov\u00e9ho lo\u017eiska IKBS\u2122 plynulo rozmiestni \u010depe\u013e<br \/>\nPevn\u00e1 a \u013eahk\u00e1: Tit\u00e1nov\u00e1 rukov\u00e4\u0165 kombinuje pevnos\u0165 s minim\u00e1lnou hmotnos\u0165ou<br \/>\nJednoduch\u00e9 zatv\u00e1ranie: Z\u00e1mok vlo\u017eky je mo\u017en\u00e9 \u013eahko zavrie\u0165 jednou rukou<br \/>\nN\u00edzky profil: hlbok\u00e1 spona na pren\u00e1\u0161anie sa zmest\u00ed hlboko do vrecka<\/p>\n<p>\u010cepe\u013e z ocele M390<br \/>\nBlade Edge Plain<br \/>\nPovrchov\u00e1 \u00faprava \u010depele sat\u00e9n<br \/>\nD\u013a\u017eka \u010depele: 7.80 cm<br \/>\nHr\u00fabka \u010depele: 0,36 cm<br \/>\nCelkov\u00e1 d\u013a\u017eka: 18.25 cm<br \/>\nD\u013a\u017eka v zatvorenom stave: 10.58 cm<br \/>\nHmotnos\u0165: 3,90 oz. (110,56 g)<br \/>\nMateri\u00e1l rukov\u00e4te Titan<br \/>\n\u0160t\u00fdlov\u00fd zatv\u00e1rac\u00ed n\u00f4\u017e s Liner Lock<\/p>\n<p><iframe title=\"CRKT Monument\u2122 | Michael Walker Design\" width=\"800\" height=\"450\" src=\"https:\/\/www.youtube.com\/embed\/tmeUFfRyXQM?feature=oembed\" frameborder=\"0\" allow=\"accelerometer; autoplay; clipboard-write; encrypted-media; gyroscope; picture-in-picture; web-share\" referrerpolicy=\"strict-origin-when-cross-origin\" allowfullscreen><\/iframe><\/p>\n<p>&nbsp;<\/p>\n","protected":false},"excerpt":{"rendered":"<p>N\u00c1VRH\u00c1R:<br \/>\nMichael Walker<br \/>\nTaos, Nov\u00e9 Mexiko<br \/>\nMichael Walker, ktor\u00fd bol v roku 2004 uveden\u00fd do siene sl\u00e1vy \u010dasopisu Blade a prip\u00edsan\u00fd za vyn\u00e1lez viac ako 20 no\u017eov\u00fdch mechanizmov, vr\u00e1tane modern\u00e9ho z\u00e1mku vlo\u017eky, je silou vo svete ultra \u0161pi\u010dkov\u00fdch z\u00e1kazkov\u00fdch no\u017eov. Za\u010d\u00ednal ako \u0161perk\u00e1r, nesk\u00f4r v sebe objavil hlbok\u00fa v\u00e1\u0161e\u0148 pre zatv\u00e1racie no\u017ee, ke\u010f ho pri\u0165ahovalo spojenie stroj\u00e1rstva, priemyseln\u00e9ho dizajnu a umeleck\u00e9ho vyjadrenia. Jeho n\u00e1padn\u00e9 tvary a prepracovan\u00e9 vzory s\u00fa okam\u017eite rozpoznate\u013en\u00e9 a po desa\u0165ro\u010diach v odbore zost\u00e1va jedn\u00fdm z najuzn\u00e1vanej\u0161\u00edch mien v no\u017eiarstve.<\/p>\n<p>Doprava zadarmo.<\/p>\n","protected":false},"featured_media":337558,"comment_status":"open","ping_status":"closed","template":"","meta":[],"pwb-brand":[3249],"product_brand":[],"product_cat":[3186,3233],"product_tag":[3668],"class_list":{"0":"post-337606","1":"product","2":"type-product","3":"status-publish","4":"has-post-thumbnail","6":"pwb-brand-zatvaraci-noz-crkt-delilahs-p-e-c-k-5520","7":"product_cat-noze-sk","8":"product_cat-zatvaracie-noze","9":"product_tag-b2b-sk","11":"first","12":"outofstock","13":"taxable","14":"shipping-taxable","15":"purchasable","16":"product-type-simple"},"brands":[{"id":3249,"name":"Zatv\u00e1rac\u00ed N\u00f4\u017e CRKT DELILAH'S P.E.C.K. 5520","slug":"zatvaraci-noz-crkt-delilahs-p-e-c-k-5520"}],"_links":{"self":[{"href":"https:\/\/www.moskito.cz\/sk\/wp-json\/wp\/v2\/product\/337606","targetHints":{"allow":["GET"]}}],"collection":[{"href":"https:\/\/www.moskito.cz\/sk\/wp-json\/wp\/v2\/product"}],"about":[{"href":"https:\/\/www.moskito.cz\/sk\/wp-json\/wp\/v2\/types\/product"}],"replies":[{"embeddable":true,"href":"https:\/\/www.moskito.cz\/sk\/wp-json\/wp\/v2\/comments?post=337606"}],"wp:featuredmedia":[{"embeddable":true,"href":"https:\/\/www.moskito.cz\/sk\/wp-json\/wp\/v2\/media\/337558"}],"wp:attachment":[{"href":"https:\/\/www.moskito.cz\/sk\/wp-json\/wp\/v2\/media?parent=337606"}],"wp:term":[{"taxonomy":"pwb-brand","embeddable":true,"href":"https:\/\/www.moskito.cz\/sk\/wp-json\/wp\/v2\/pwb-brand?post=337606"},{"taxonomy":"product_brand","embeddable":true,"href":"https:\/\/www.moskito.cz\/sk\/wp-json\/wp\/v2\/product_brand?post=337606"},{"taxonomy":"product_cat","embeddable":true,"href":"https:\/\/www.moskito.cz\/sk\/wp-json\/wp\/v2\/product_cat?post=337606"},{"taxonomy":"product_tag","embeddable":true,"href":"https:\/\/www.moskito.cz\/sk\/wp-json\/wp\/v2\/product_tag?post=337606"}],"curies":[{"name":"wp","href":"https:\/\/api.w.org\/{rel}","templated":true}]}}