{"id":337660,"date":"2024-04-30T19:43:08","date_gmt":"2024-04-30T18:46:08","guid":{"rendered":"https:\/\/www.moskito.cz\/produkt\/zatvaraci-noz-crkt-folts-obverse-7482\/"},"modified":"2025-05-07T11:13:51","modified_gmt":"2025-05-07T10:13:51","slug":"zatvaraci-noz-crkt-folts-obverse-7482","status":"publish","type":"product","link":"https:\/\/www.moskito.cz\/sk\/produkt\/zatvaraci-noz-crkt-folts-obverse-7482\/","title":{"rendered":"Zatv\u00e1rac\u00ed N\u00f4\u017e CRKT Folts Obverse 7482"},"content":{"rendered":"<p>Zatv\u00e1rac\u00ed N\u00f4\u017e <strong>CRKT<\/strong> Folts Obverse 7482.<\/p>\n<p><strong>Obverse<\/strong> , in\u0161pirovan\u00fd svojim menovcom, je v\u00fdzna\u010dn\u00fd zatv\u00e1rac\u00ed n\u00f4\u017e navrhnut\u00fd tak, aby uk\u00e1zal jeho tv\u00e1r. Sat\u00e9nov\u00e1 \u010depe\u013e vyroben\u00e1 z pr\u00e9miovej ocele M390 je elegantn\u00e1 a odoln\u00e1, zatia\u013e \u010do rukov\u00e4\u0165 z uhl\u00edkov\u00fdch vl\u00e1kien s modro eloxovan\u00fdm tit\u00e1nom sp\u00e1ja pevnos\u0165 so \u0161t\u00fdlom. Na funkciu sa nezab\u00fada, s bezpe\u010dn\u00fdm z\u00e1mkom vlo\u017eky pre \u013eahk\u00e9 zatv\u00e1ranie jednou rukou. Nech u\u017e sa na to pozriete z ak\u00e9hoko\u013evek uhla, toto ka\u017edodenn\u00e9 nosenie je jemn\u00fdm vyv\u00e1\u017een\u00edm kr\u00e1sy a sily.<br \/>\nPr\u00e9miov\u00e9 materi\u00e1ly : Oce\u013e \u010depele B\u00f6hler M390 pre vynikaj\u00faci rezn\u00fd v\u00fdkon<br \/>\nHladk\u00e9 otv\u00e1ranie : \u010cepe\u013e s \u010dapom s guli\u010dkov\u00fdm lo\u017eiskom IKBS\u2122 plynulo rozmiestni \u010depe\u013e<br \/>\nPevn\u00e1 a vizu\u00e1lna : Rukov\u00e4\u0165 z uhl\u00edkov\u00fdch vl\u00e1kien s tit\u00e1novou v\u00fdstuhou kombinuje pevnos\u0165 s vizu\u00e1lnou pr\u00ed\u0165a\u017elivos\u0165ou<br \/>\nJednoduch\u00e9 zatv\u00e1ranie: Tit\u00e1nov\u00fd z\u00e1mok sa d\u00e1 \u013eahko zavrie\u0165 jednou rukou<br \/>\nVizu\u00e1lna pr\u00ed\u0165a\u017elivos\u0165: Modr\u00fd eloxovan\u00fd tit\u00e1nov\u00fd backspacer a klipov\u00e9 akcenty.<\/p>\n<p>\u010cepe\u013e z ocele M390<br \/>\nBlade Edge Plain<br \/>\nPovrchov\u00e1 \u00faprava \u010depele sat\u00e9n<br \/>\nD\u013a\u017eka \u010depele: 8.52 cm<br \/>\nHr\u00fabka \u010depele: 0.32 cm<br \/>\nCelkov\u00e1 d\u013a\u017eka: 18.97 cm<br \/>\nHmotnos\u0165 3,40 oz. (96,39 g)<br \/>\nMateri\u00e1l rukov\u00e4te Carbon Fiber with Titanium Bolster<br \/>\n\u0160t\u00fdlov\u00fd zatv\u00e1rac\u00ed n\u00f4\u017e s Liner Lock<\/p>\n<p><iframe title=\"CRKT Obverse | Alan Folts Design\" width=\"800\" height=\"450\" src=\"https:\/\/www.youtube.com\/embed\/pvzdk01nYWo?feature=oembed\" frameborder=\"0\" allow=\"accelerometer; autoplay; clipboard-write; encrypted-media; gyroscope; picture-in-picture; web-share\" referrerpolicy=\"strict-origin-when-cross-origin\" allowfullscreen><\/iframe><\/p>\n<p>&nbsp;<\/p>\n<p>&nbsp;<\/p>\n","protected":false},"excerpt":{"rendered":"<p>N\u00c1VRH\u00c1R<br \/>\nAlan Folts<br \/>\nMelbourne, Florida<br \/>\nKe\u010f d\u00f4jde na no\u017ee, Alan vie v\u0161etko o tom, ako ich \u013eu\u010fom vraca\u0165. Vy\u0161plhal sa na vysok\u00e9 \u0161koly t\u00fdm, \u017ee prihl\u00e1sil no\u017ee na umeleck\u00e9 v\u00fdstavy. Odvtedy je ne\u00fastupn\u00fd vo v\u00fdu\u010dbe a odovzd\u00e1van\u00ed zru\u010dnost\u00ed z\u00e1kazkovej v\u00fdroby no\u017eov ostatn\u00fdm. \u0160pecializuje sa na jedine\u010dn\u00e9 pevn\u00e9 \u010depele, ktor\u00e9 maj\u00fa skvel\u00fa ergon\u00f3miu a elegantn\u00fd futuristick\u00fd dizajn, ako je napr\u00edklad najpred\u00e1vanej\u0161\u00ed rad Folts Minimalist \u00ae.<\/p>\n<p>Doprava zadarmo.<\/p>\n","protected":false},"featured_media":337616,"comment_status":"open","ping_status":"closed","template":"","meta":[],"pwb-brand":[3249],"product_brand":[],"product_cat":[3233,3186],"product_tag":[3668],"class_list":{"0":"post-337660","1":"product","2":"type-product","3":"status-publish","4":"has-post-thumbnail","6":"pwb-brand-zatvaraci-noz-crkt-delilahs-p-e-c-k-5520","7":"product_cat-zatvaracie-noze","8":"product_cat-noze-sk","9":"product_tag-b2b-sk","11":"first","12":"instock","13":"taxable","14":"shipping-taxable","15":"purchasable","16":"product-type-simple"},"brands":[{"id":3249,"name":"Zatv\u00e1rac\u00ed N\u00f4\u017e CRKT DELILAH'S P.E.C.K. 5520","slug":"zatvaraci-noz-crkt-delilahs-p-e-c-k-5520"}],"_links":{"self":[{"href":"https:\/\/www.moskito.cz\/sk\/wp-json\/wp\/v2\/product\/337660","targetHints":{"allow":["GET"]}}],"collection":[{"href":"https:\/\/www.moskito.cz\/sk\/wp-json\/wp\/v2\/product"}],"about":[{"href":"https:\/\/www.moskito.cz\/sk\/wp-json\/wp\/v2\/types\/product"}],"replies":[{"embeddable":true,"href":"https:\/\/www.moskito.cz\/sk\/wp-json\/wp\/v2\/comments?post=337660"}],"wp:featuredmedia":[{"embeddable":true,"href":"https:\/\/www.moskito.cz\/sk\/wp-json\/wp\/v2\/media\/337616"}],"wp:attachment":[{"href":"https:\/\/www.moskito.cz\/sk\/wp-json\/wp\/v2\/media?parent=337660"}],"wp:term":[{"taxonomy":"pwb-brand","embeddable":true,"href":"https:\/\/www.moskito.cz\/sk\/wp-json\/wp\/v2\/pwb-brand?post=337660"},{"taxonomy":"product_brand","embeddable":true,"href":"https:\/\/www.moskito.cz\/sk\/wp-json\/wp\/v2\/product_brand?post=337660"},{"taxonomy":"product_cat","embeddable":true,"href":"https:\/\/www.moskito.cz\/sk\/wp-json\/wp\/v2\/product_cat?post=337660"},{"taxonomy":"product_tag","embeddable":true,"href":"https:\/\/www.moskito.cz\/sk\/wp-json\/wp\/v2\/product_tag?post=337660"}],"curies":[{"name":"wp","href":"https:\/\/api.w.org\/{rel}","templated":true}]}}