{"id":337818,"date":"2024-04-30T20:46:05","date_gmt":"2024-04-30T19:48:35","guid":{"rendered":"https:\/\/www.moskito.cz\/produkt\/pevny-noz-crkt-razel-4037\/"},"modified":"2025-05-07T11:13:55","modified_gmt":"2025-05-07T10:13:55","slug":"pevny-noz-crkt-razel-4037","status":"publish","type":"product","link":"https:\/\/www.moskito.cz\/sk\/produkt\/pevny-noz-crkt-razel-4037\/","title":{"rendered":"Pevn\u00fd N\u00f4\u017e CRKT Razel 4037"},"content":{"rendered":"<p>Pevn\u00fd N\u00f4\u017e <strong>CRKT<\/strong> Razel 4037.<\/p>\n<p>Razel\u2122 je v\u00fdkonn\u00fd vreckov\u00fd n\u00f4\u017e s pevnou \u010depe\u013eou, zalo\u017een\u00fd na p\u00f4vodnom n\u00e1vrhu Jona Grahama, mechanick\u00e9ho no\u017eiara, ktor\u00fd si porad\u00ed s n\u00e1ro\u010dn\u00fdmi ka\u017edodenn\u00fdmi podmienkami \u017eivota v dielni.<\/p>\n<p>Jeho hranat\u00e1 \u010depe\u013e dl\u00e1ta mu d\u00e1va vlastnosti pre viac n\u00e1strojov a umo\u017e\u0148uje mu vynika\u0165 v r\u00f4znych podmienkach, vr\u00e1tane rezania tlakom, \u0161krabania a kr\u00e1jania.<br \/>\nVynikaj\u00faci v\u00fdkon: Oce\u013e \u010depele D2 pre vynikaj\u00face dr\u017eanie ostria<br \/>\nViac\u00fa\u010delov\u00e1 pom\u00f4cka : \u010cepe\u013e dl\u00e1ta vhodn\u00e1 na rezanie alebo \u0161krabanie<br \/>\nSiln\u00e9 a vizu\u00e1lne : Rukov\u00e4\u0165 Micarta kombinuje silu s vizu\u00e1lnou pr\u00ed\u0165a\u017elivos\u0165ou<br \/>\nPohodln\u00e9 nosenie: Vreckov\u00e9 puzdro pre r\u00fdchle nasadenie<br \/>\nMo\u017enosti pr\u00edslu\u0161enstva : Otvor pre \u0161n\u00farku pre pr\u00edvesok<\/p>\n<p>\u010cepe\u013e z ocele D2<br \/>\nBlade Edge Plain<br \/>\nPovrchov\u00e1 \u00faprava \u010depele sat\u00e9n<br \/>\nD\u013a\u017eka \u010depele: 7.55 cm<br \/>\nHr\u00fabka \u010depele: 0.43 cm<br \/>\nCelkov\u00e1 d\u013a\u017eka: 17.14 cm<br \/>\nHmotnos\u0165 4,20 oz. (119,07 g)<br \/>\nMateri\u00e1l rukov\u00e4te Micarta<br \/>\n\u0160t\u00fdlov\u00fd n\u00f4\u017e s pevnou \u010depe\u013eou s puzdrom<br \/>\nMateri\u00e1l pl\u00e1\u0161\u0165a Termoplast<\/p>\n","protected":false},"excerpt":{"rendered":"<p>N\u00c1VRH\u00c1R<br \/>\nJon Graham<br \/>\nCleveland, Tennessee<br \/>\nJon Graham z Clevelandu v Tennessee sa narodil otcovi, ktor\u00fd si v\u00e1\u017eil no\u017eov, av mladom veku ho u\u010dili d\u00f4le\u017eitosti dobr\u00e9ho no\u017ea. &#8222;V siedmich rokoch som dostal svoj prv\u00fd n\u00f4\u017e a odvtedy som bez neho nebol.&#8220; Na konci 80. rokov, ke\u010f bol Jon umiestnen\u00fd v Aviaono AB Italy, objavil v \u010dasopise ru\u010dne vyr\u00e1ban\u00e9 no\u017ee a vedel, \u017ee to je nie\u010do, \u010do chce robi\u0165. Potom, \u010do sa dostal z letectva a zab\u00fdval sa v pr\u00e1ci, za\u010dal Jon v roku 1994 vyr\u00e1ba\u0165 na stole no\u017ee so z\u00e1kladn\u00fdmi n\u00e1strojmi. Unaven\u00fd vytv\u00e1ran\u00edm n\u00e1vrhov in\u00fdch \u013eud\u00ed, Jon v roku 1999 po\u017eiadal svojho brata Josha, aby si vzal nejak\u00e9 vybavenie a nau\u010dil sa, ako vyr\u00e1ba\u0165 no\u017ee vyskladnen\u00edm. Odvtedy je z\u00e1visl\u00fd a neust\u00e1le sa sna\u017e\u00ed zdokona\u013eova\u0165 svoje n\u00e1vrhy a zru\u010dnosti, pri\u010dom stavia na svojich sk\u00fasenostiach ako technik naftov\u00fdch motorov. Graham Knives sa \u0161pecializuje na \u00fa\u017eitkov\u00e9 taktick\u00e9 designy s d\u00f4razom na EDC vreckov\u00e9 no\u017ee s pevnou \u010depe\u013eou, ale jeho ob\u013e\u00faben\u00fdm radom no\u017eov je z\u00e1kazkov\u00fd Razel s dvojit\u00fdm ostr\u00edm, ktor\u00fd spolo\u010dnos\u0165 vyr\u00e1ba v mnoh\u00fdch ve\u013ekostiach a \u0161t\u00fdloch. Je dizajn\u00e9rom CRKT Razel a Folding Razel.<\/p>\n","protected":false},"featured_media":337787,"comment_status":"open","ping_status":"closed","template":"","meta":[],"pwb-brand":[3249],"product_brand":[],"product_cat":[3187,3186],"product_tag":[3668],"class_list":{"0":"post-337818","1":"product","2":"type-product","3":"status-publish","4":"has-post-thumbnail","6":"pwb-brand-zatvaraci-noz-crkt-delilahs-p-e-c-k-5520","7":"product_cat-pevne-noze-sk","8":"product_cat-noze-sk","9":"product_tag-b2b-sk","11":"first","12":"outofstock","13":"sale","14":"taxable","15":"shipping-taxable","16":"purchasable","17":"product-type-simple"},"brands":[{"id":3249,"name":"Zatv\u00e1rac\u00ed N\u00f4\u017e CRKT DELILAH'S P.E.C.K. 5520","slug":"zatvaraci-noz-crkt-delilahs-p-e-c-k-5520"}],"_links":{"self":[{"href":"https:\/\/www.moskito.cz\/sk\/wp-json\/wp\/v2\/product\/337818","targetHints":{"allow":["GET"]}}],"collection":[{"href":"https:\/\/www.moskito.cz\/sk\/wp-json\/wp\/v2\/product"}],"about":[{"href":"https:\/\/www.moskito.cz\/sk\/wp-json\/wp\/v2\/types\/product"}],"replies":[{"embeddable":true,"href":"https:\/\/www.moskito.cz\/sk\/wp-json\/wp\/v2\/comments?post=337818"}],"wp:featuredmedia":[{"embeddable":true,"href":"https:\/\/www.moskito.cz\/sk\/wp-json\/wp\/v2\/media\/337787"}],"wp:attachment":[{"href":"https:\/\/www.moskito.cz\/sk\/wp-json\/wp\/v2\/media?parent=337818"}],"wp:term":[{"taxonomy":"pwb-brand","embeddable":true,"href":"https:\/\/www.moskito.cz\/sk\/wp-json\/wp\/v2\/pwb-brand?post=337818"},{"taxonomy":"product_brand","embeddable":true,"href":"https:\/\/www.moskito.cz\/sk\/wp-json\/wp\/v2\/product_brand?post=337818"},{"taxonomy":"product_cat","embeddable":true,"href":"https:\/\/www.moskito.cz\/sk\/wp-json\/wp\/v2\/product_cat?post=337818"},{"taxonomy":"product_tag","embeddable":true,"href":"https:\/\/www.moskito.cz\/sk\/wp-json\/wp\/v2\/product_tag?post=337818"}],"curies":[{"name":"wp","href":"https:\/\/api.w.org\/{rel}","templated":true}]}}