{"id":337950,"date":"2024-04-30T22:23:47","date_gmt":"2024-04-30T21:27:02","guid":{"rendered":"https:\/\/www.moskito.cz\/produkt\/pevny-noz-crkt-bear-claw-2511er\/"},"modified":"2025-05-07T11:13:59","modified_gmt":"2025-05-07T10:13:59","slug":"pevny-noz-crkt-bear-claw-2511er","status":"publish","type":"product","link":"https:\/\/www.moskito.cz\/sk\/produkt\/pevny-noz-crkt-bear-claw-2511er\/","title":{"rendered":"Pevn\u00fd N\u00f4\u017e CRKT Bear Claw 2511ER"},"content":{"rendered":"<p>Pevn\u00fd N\u00f4\u017e CRKT Bear Claw 2511ER.<\/p>\n<p>Rie\u010dny n\u00f4\u017e. Z\u00e1chran\u00e1rsky n\u00f4\u017e. Nech to nazvete akoko\u013evek, pr\u00e1cu to spln\u00ed.<\/p>\n<p>Bear Claw\u2122 je kompaktn\u00fd n\u00f4\u017e s pevnou \u010depe\u013eou, ktor\u00fd m\u00e1 tup\u00fa \u0161pi\u010dku, ktor\u00e1 zabra\u0148uje prerazeniu hrotu, \u010do z neho rob\u00ed bezpe\u010dnej\u0161ie pren\u00e1\u0161anie na raftoch a nafukovac\u00edch \u010dlnoch. \u010cepe\u013e hawkbill je vyroben\u00e1 z nehrdzavej\u00facej ocele a potiahnut\u00e1 Veff Serrations\u2122, ktor\u00e9 poskytuj\u00fa rezy bez n\u00e1mahy a umo\u017e\u0148uj\u00fa r\u00fdchlu pr\u00e1cu l\u00e1n a popruhov. Bear Claw\u2122 sa v priebehu rokov stal ob\u013e\u00faben\u00fdm medzi raft\u00e1rmi na divokej vode, rie\u010dnymi sprievodcami, nad\u0161encami do vodn\u00fdch \u0161portov a pracovn\u00edkmi z\u00e1chrannej slu\u017eby. Jasne oran\u017eov\u00e1 rukov\u00e4\u0165 m\u00e1 otvor na uchytenie prsta, ktor\u00fd umo\u017e\u0148uje bezpe\u010dn\u00e9 dr\u017eanie vo vlhk\u00fdch podmienkach, zatia\u013e \u010do puzdro je dod\u00e1van\u00e9 s nieko\u013ek\u00fdmi mo\u017enos\u0165ami mont\u00e1\u017ee pre r\u00fdchly pr\u00edstup v n\u00fadzov\u00fdch situ\u00e1ci\u00e1ch \u2013 tak\u017ee sa m\u00f4\u017eete s\u00fastredi\u0165 na \u00falohu, ktor\u00fa m\u00e1te po ruke.<br \/>\nMaxim\u00e1lna \u017eivotnos\u0165: AUS 8 je odoln\u00fd proti kor\u00f3zii<\/p>\n<p>Extr\u00e9mne ostr\u00e9: Veff Serrations\u2122 poskytuj\u00fa vynikaj\u00facu rezn\u00fa silu lana a popruhov<br \/>\nPevn\u00e1 a \u013eahk\u00e1 : Nylonov\u00e1 rukov\u00e4\u0165 vystu\u017een\u00e1 sklom je odoln\u00e1 a \u013eahk\u00e1<br \/>\nV\u00fdnimo\u010dn\u00e1 pri\u013enavos\u0165 : Text\u00farovan\u00e1 rukov\u00e4\u0165 poskytuje pri\u013enavos\u0165 vo vlhk\u00fdch podmienkach<br \/>\nKompatibiln\u00e9 s vybaven\u00edm: Odoln\u00e9 nylonov\u00e9 p\u00fazdro vystu\u017een\u00e9 sklom s mo\u017enos\u0165ou mont\u00e1\u017ee<\/p>\n<p>\u010cepe\u013e oce\u013e AUS 8<br \/>\nBlade Edge Veff Serrations\u2122<br \/>\nPovrchov\u00e1 \u00faprava \u010depele Stonewash<br \/>\nD\u013a\u017eka \u010depele: 6.05 cm<br \/>\nHr\u00fabka \u010depele: 0.34 cm<br \/>\nCelkov\u00e1 d\u013a\u017eka: 14.44 cm<br \/>\nHmotnos\u0165 3,20 oz. (90,72 g)<br \/>\nMateri\u00e1l rukov\u00e4te Nylon vystu\u017een\u00fd sklom<br \/>\n\u0160t\u00fdlov\u00fd n\u00f4\u017e s pevnou \u010depe\u013eou s puzdrom<br \/>\nMateri\u00e1l pl\u00e1\u0161\u0165a Termoplast<\/p>\n<p><iframe title=\"CRKT Bear Claw\u2122 Fixed | Russ Kommer Design\" width=\"800\" height=\"450\" src=\"https:\/\/www.youtube.com\/embed\/-jnZUTVflp8?feature=oembed\" frameborder=\"0\" allow=\"accelerometer; autoplay; clipboard-write; encrypted-media; gyroscope; picture-in-picture; web-share\" referrerpolicy=\"strict-origin-when-cross-origin\" allowfullscreen><\/iframe><\/p>\n<p>&nbsp;<\/p>\n<p>&nbsp;<\/p>\n","protected":false},"excerpt":{"rendered":"<p>N\u00c1VRH\u00c1R<br \/>\nRuss Kommer<br \/>\nFargo, Severn\u00e1 Dakota<br \/>\nPoveda\u0165, \u017ee Russ je outdoorsman, je trochu podcenenie. Profesion\u00e1lny ryb\u00e1rsky a loveck\u00fd sprievodca za\u010dal vyr\u00e1ba\u0165 no\u017ee, ke\u010f mu jeden z jeho klientov priniesol vlastn\u00fd n\u00f4\u017e a obliekol cel\u00e9ho losa \u2013 bez toho, aby ho br\u00fasil. Odvtedy si dal za povinnos\u0165 vyr\u00e1ba\u0165 tak\u00e9 n\u00e1stroje, ktor\u00e9 by pou\u017e\u00edval iba on. Jeho Bear Claw&#8217;s \u2122 a Hoist&#8217;N Lok \u00ae s\u00fa druhy, ktor\u00e9 pou\u017e\u00edvaj\u00fa aj in\u00ed lovci.<\/p>\n","protected":false},"featured_media":337909,"comment_status":"open","ping_status":"closed","template":"","meta":[],"pwb-brand":[3249],"product_brand":[],"product_cat":[3186,3187],"product_tag":[3668],"class_list":{"0":"post-337950","1":"product","2":"type-product","3":"status-publish","4":"has-post-thumbnail","6":"pwb-brand-zatvaraci-noz-crkt-delilahs-p-e-c-k-5520","7":"product_cat-noze-sk","8":"product_cat-pevne-noze-sk","9":"product_tag-b2b-sk","11":"first","12":"outofstock","13":"taxable","14":"shipping-taxable","15":"purchasable","16":"product-type-simple"},"brands":[{"id":3249,"name":"Zatv\u00e1rac\u00ed N\u00f4\u017e CRKT DELILAH'S P.E.C.K. 5520","slug":"zatvaraci-noz-crkt-delilahs-p-e-c-k-5520"}],"_links":{"self":[{"href":"https:\/\/www.moskito.cz\/sk\/wp-json\/wp\/v2\/product\/337950","targetHints":{"allow":["GET"]}}],"collection":[{"href":"https:\/\/www.moskito.cz\/sk\/wp-json\/wp\/v2\/product"}],"about":[{"href":"https:\/\/www.moskito.cz\/sk\/wp-json\/wp\/v2\/types\/product"}],"replies":[{"embeddable":true,"href":"https:\/\/www.moskito.cz\/sk\/wp-json\/wp\/v2\/comments?post=337950"}],"wp:featuredmedia":[{"embeddable":true,"href":"https:\/\/www.moskito.cz\/sk\/wp-json\/wp\/v2\/media\/337909"}],"wp:attachment":[{"href":"https:\/\/www.moskito.cz\/sk\/wp-json\/wp\/v2\/media?parent=337950"}],"wp:term":[{"taxonomy":"pwb-brand","embeddable":true,"href":"https:\/\/www.moskito.cz\/sk\/wp-json\/wp\/v2\/pwb-brand?post=337950"},{"taxonomy":"product_brand","embeddable":true,"href":"https:\/\/www.moskito.cz\/sk\/wp-json\/wp\/v2\/product_brand?post=337950"},{"taxonomy":"product_cat","embeddable":true,"href":"https:\/\/www.moskito.cz\/sk\/wp-json\/wp\/v2\/product_cat?post=337950"},{"taxonomy":"product_tag","embeddable":true,"href":"https:\/\/www.moskito.cz\/sk\/wp-json\/wp\/v2\/product_tag?post=337950"}],"curies":[{"name":"wp","href":"https:\/\/api.w.org\/{rel}","templated":true}]}}