{"id":337998,"date":"2024-04-30T22:39:40","date_gmt":"2024-04-30T21:44:16","guid":{"rendered":"https:\/\/www.moskito.cz\/produkt\/pevny-noz-crkt-razel-chisel-2130\/"},"modified":"2025-05-07T11:14:00","modified_gmt":"2025-05-07T10:14:00","slug":"pevny-noz-crkt-razel-chisel-2130","status":"publish","type":"product","link":"https:\/\/www.moskito.cz\/sk\/produkt\/pevny-noz-crkt-razel-chisel-2130\/","title":{"rendered":"Pevn\u00fd N\u00f4\u017e CRKT Razel Chisel 2130"},"content":{"rendered":"<p>Pevn\u00fd N\u00f4\u017e <strong>CRKT<\/strong> Razel Chisel 2130.<\/p>\n<p>Niekedy je najlep\u0161\u00ed n\u00e1stroj na pr\u00e1cu ten najjednoduch\u0161\u00ed. Sek\u00e1\u010d Razel\u2122 je pevn\u00e1 \u010depe\u013e do v\u00e1\u0161ho vrecka, ktor\u00e9 sa bez okolkov pribli\u017euje ikonick\u00e9mu origin\u00e1lnemu dizajnu Jona Grahama. \u010cepe\u013e je vyroben\u00e1 z ocele s vysok\u00fdm obsahom uhl\u00edka a pomocou jednostranne br\u00fasen\u00e9ho dl\u00e1ta sa \u010depe\u013e neuverite\u013ene \u013eahko preostruje. Hol\u00e1 kovov\u00e1 rukov\u00e4\u0165 udr\u017euje v\u00e1hu na minime, zatia\u013e \u010do prilo\u017een\u00e1 \u0161n\u00farka predl\u017euje rukov\u00e4\u0165 pre lep\u0161iu kontrolu.<br \/>\nJednoduch\u00e9 ostrenie: \u010cepe\u013e z vysoko uhl\u00edkovej nerezovej ocele dobre zaber\u00e1 ostrie<br \/>\nJednoduch\u00e9 ostrenie: Ostrie dl\u00e1ta sa \u013eahko udr\u017euje<br \/>\nMaxim\u00e1lna odolnos\u0165: Rukov\u00e4\u0165 z nerezovej ocele vydr\u017e\u00ed n\u00e1ro\u010dn\u00e9 pou\u017e\u00edvanie<br \/>\nPohodln\u00e9 nosenie: Vreckov\u00e9 puzdro pre r\u00fdchle nasadenie<br \/>\nIn Control : Fob pon\u00faka pred\u013a\u017een\u00fa rukov\u00e4\u0165 pre v\u00e4\u010d\u0161iu kontrolu<\/p>\n<p>\u010cepe\u013e z ocele 8Cr13MoV<br \/>\nBlade Edge Plain<br \/>\nPovrchov\u00e1 \u00faprava \u010depele Stonewash<br \/>\nD\u013a\u017eka \u010depele: 5.08 cm<br \/>\nHr\u00fabka \u010depele: 0.31 cm<br \/>\nCelkov\u00e1 d\u013a\u017eka: 13.49 cm<br \/>\nHmotnos\u0165 2,00 oz. (56,70 g)<br \/>\nMateri\u00e1l rukov\u00e4te Nerezov\u00e1 oce\u013e<br \/>\n\u0160t\u00fdlov\u00fd n\u00f4\u017e s pevnou \u010depe\u013eou s puzdrom<\/p>\n<p><iframe title=\"CRKT Razel\u2122 Chisel | Jon Graham Design\" width=\"800\" height=\"450\" src=\"https:\/\/www.youtube.com\/embed\/w1E1t5aMm7o?feature=oembed\" frameborder=\"0\" allow=\"accelerometer; autoplay; clipboard-write; encrypted-media; gyroscope; picture-in-picture; web-share\" referrerpolicy=\"strict-origin-when-cross-origin\" allowfullscreen><\/iframe><\/p>\n<p>&nbsp;<\/p>\n","protected":false},"excerpt":{"rendered":"<p>N\u00c1VRH\u00c1R<br \/>\nJon Graham<br \/>\nCleveland, Tennessee<br \/>\nJon Graham z Clevelandu v Tennessee sa narodil otcovi, ktor\u00fd si v\u00e1\u017eil no\u017eov, av mladom veku ho u\u010dili d\u00f4le\u017eitosti dobr\u00e9ho no\u017ea. &#8222;V siedmich rokoch som dostal svoj prv\u00fd n\u00f4\u017e a odvtedy som bez neho nebol.&#8220; Na konci 80. rokov, ke\u010f bol Jon umiestnen\u00fd v Aviaono AB Italy, objavil v \u010dasopise ru\u010dne vyr\u00e1ban\u00e9 no\u017ee a vedel, \u017ee to je nie\u010do, \u010do chce robi\u0165. Potom, \u010do sa dostal z letectva a zab\u00fdval sa v pr\u00e1ci, za\u010dal Jon v roku 1994 vyr\u00e1ba\u0165 na stole no\u017ee so z\u00e1kladn\u00fdmi n\u00e1strojmi. Unaven\u00fd vytv\u00e1ran\u00edm n\u00e1vrhov in\u00fdch \u013eud\u00ed, Jon v roku 1999 po\u017eiadal svojho brata Josha, aby si vzal nejak\u00e9 vybavenie a nau\u010dil sa, ako vyr\u00e1ba\u0165 no\u017ee vyskladnen\u00edm. Odvtedy je z\u00e1visl\u00fd a neust\u00e1le sa sna\u017e\u00ed zdokona\u013eova\u0165 svoje n\u00e1vrhy a zru\u010dnosti, pri\u010dom stavia na svojich sk\u00fasenostiach ako technik naftov\u00fdch motorov. Graham Knives sa \u0161pecializuje na \u00fa\u017eitkov\u00e9 taktick\u00e9 designy s d\u00f4razom na EDC vreckov\u00e9 no\u017ee s pevnou \u010depe\u013eou, ale jeho ob\u013e\u00faben\u00fdm radom no\u017eov je z\u00e1kazkov\u00fd Razel s dvojit\u00fdm ostr\u00edm, ktor\u00fd spolo\u010dnos\u0165 vyr\u00e1ba v mnoh\u00fdch ve\u013ekostiach a \u0161t\u00fdloch. Je dizajn\u00e9rom CRKT Razel a Folding Razel.<\/p>\n","protected":false},"featured_media":337959,"comment_status":"open","ping_status":"closed","template":"","meta":[],"pwb-brand":[3249],"product_brand":[],"product_cat":[3186,3187],"product_tag":[3668],"class_list":{"0":"post-337998","1":"product","2":"type-product","3":"status-publish","4":"has-post-thumbnail","6":"pwb-brand-zatvaraci-noz-crkt-delilahs-p-e-c-k-5520","7":"product_cat-noze-sk","8":"product_cat-pevne-noze-sk","9":"product_tag-b2b-sk","11":"first","12":"instock","13":"taxable","14":"shipping-taxable","15":"purchasable","16":"product-type-simple"},"brands":[{"id":3249,"name":"Zatv\u00e1rac\u00ed N\u00f4\u017e CRKT DELILAH'S P.E.C.K. 5520","slug":"zatvaraci-noz-crkt-delilahs-p-e-c-k-5520"}],"_links":{"self":[{"href":"https:\/\/www.moskito.cz\/sk\/wp-json\/wp\/v2\/product\/337998","targetHints":{"allow":["GET"]}}],"collection":[{"href":"https:\/\/www.moskito.cz\/sk\/wp-json\/wp\/v2\/product"}],"about":[{"href":"https:\/\/www.moskito.cz\/sk\/wp-json\/wp\/v2\/types\/product"}],"replies":[{"embeddable":true,"href":"https:\/\/www.moskito.cz\/sk\/wp-json\/wp\/v2\/comments?post=337998"}],"wp:featuredmedia":[{"embeddable":true,"href":"https:\/\/www.moskito.cz\/sk\/wp-json\/wp\/v2\/media\/337959"}],"wp:attachment":[{"href":"https:\/\/www.moskito.cz\/sk\/wp-json\/wp\/v2\/media?parent=337998"}],"wp:term":[{"taxonomy":"pwb-brand","embeddable":true,"href":"https:\/\/www.moskito.cz\/sk\/wp-json\/wp\/v2\/pwb-brand?post=337998"},{"taxonomy":"product_brand","embeddable":true,"href":"https:\/\/www.moskito.cz\/sk\/wp-json\/wp\/v2\/product_brand?post=337998"},{"taxonomy":"product_cat","embeddable":true,"href":"https:\/\/www.moskito.cz\/sk\/wp-json\/wp\/v2\/product_cat?post=337998"},{"taxonomy":"product_tag","embeddable":true,"href":"https:\/\/www.moskito.cz\/sk\/wp-json\/wp\/v2\/product_tag?post=337998"}],"curies":[{"name":"wp","href":"https:\/\/api.w.org\/{rel}","templated":true}]}}