{"id":338036,"date":"2024-05-01T07:48:47","date_gmt":"2024-05-01T06:48:47","guid":{"rendered":"https:\/\/www.moskito.cz\/produkt\/vystrelovaci-noz-microtech-ludt-gen-iii-apocalyptic-1135-10ap\/"},"modified":"2025-05-07T11:14:01","modified_gmt":"2025-05-07T10:14:01","slug":"vystrelovaci-noz-microtech-ludt-gen-iii-apocalyptic-1135-10ap","status":"publish","type":"product","link":"https:\/\/www.moskito.cz\/sk\/produkt\/vystrelovaci-noz-microtech-ludt-gen-iii-apocalyptic-1135-10ap\/","title":{"rendered":"Vystre\u013eovac\u00ed N\u00f4\u017e Microtech LUDT Gen III Apocalyptic 1135-10AP"},"content":{"rendered":"<p>Vystre\u013eovac\u00ed N\u00f4\u017e <strong>Microtech<\/strong> LUDT Gen III Apocalyptic 1135-10AP.<\/p>\n<p><strong>2023 LUDT Gen III<\/strong> je vrcholom dedi\u010dstva <strong>Microtech<\/strong> a rafinovanou iter\u00e1ciou presl\u00e1ven\u00e9ho no\u017ea Underwater Demolition Team. <strong>LUDT<\/strong> , ktor\u00fd vznikol v polovici 90. rokov 20. storo\u010dia, r\u00fdchlo vyst\u00fapil a stal sa jedn\u00fdm z najr\u00fdchlej\u0161ie pred\u00e1van\u00fdch no\u017eov <strong>Microtech<\/strong> v hist\u00f3rii. Po do\u010dasnej prest\u00e1vke v rade Microtech s pote\u0161en\u00edm oznamujeme o\u017eivenie tejto ikonickej \u010depele.<\/p>\n<p><strong>LUDT<\/strong> predstavuje prec\u00edzne spracovan\u00fa \u010depe\u013e s korunovan\u00fdm chrbtom, n\u00e1jazdom na palec, zosilnenou \u0161pi\u010dkou a teraz aj krvavou dr\u00e1\u017ekou\/plnej\u0161ie, \u010do zais\u0165uje bezkonkuren\u010dn\u00fa \u00fa\u010dinnos\u0165 prieniku bez kompromisov v \u0161truktur\u00e1lnej integrite. Povrchov\u00e1 \u00faprava \u010depele nielen zvy\u0161uje jej estetick\u00fa pr\u00ed\u0165a\u017elivos\u0165, ale prispieva aj k jej v\u00fdnimo\u010dnej odolnosti. Rukov\u00e4\u0165 s 3M trak\u010dnou p\u00e1skou hladko integrovanou do dizajnu povy\u0161uje tento n\u00f4\u017e na stav ide\u00e1lnej zlo\u017eky na ka\u017edodenn\u00e9 nosenie (EDC).<\/p>\n<p>Ka\u017ed\u00fd detail, od sp\u00fa\u0161\u0165acieho tla\u010didla po sponu na vrecko, bol zdokonalen\u00fd a vylep\u0161en\u00fd, \u010do zais\u0165uje harmonick\u00fd a sofistikovan\u00fd celkov\u00fd vzh\u013ead. Rukov\u00e4\u0165, prec\u00edzne vyroben\u00e1 z leteck\u00e9ho hlin\u00edka, dod\u00e1va no\u017eu nielen robustnos\u0165, ale taktie\u017e udr\u017euje minim\u00e1lnu hmotnos\u0165. So svojim ergonomick\u00fdm dizajnom a bleskovo r\u00fdchlym nasaden\u00edm je <strong>LUDT<\/strong> pr\u00edkladom dokonalosti vo v\u0161eobj\u00edmaj\u00facej \u010depeli.<\/p>\n<p>S osved\u010den\u00fdm z\u00e1znamom, ktor\u00fd obst\u00e1l v sk\u00fa\u0161ke \u010dasu, sa <strong>LUDT Gen III<\/strong> 2023 triumf\u00e1lne vracia do zostavy. Tento v\u00fdnimo\u010dn\u00fd n\u00e1stroj teraz obsahuje skrutky Torx a vyhraden\u00fd otvor pre \u0161n\u00farku, \u010do k jeho starostliv\u00e9mu remeseln\u00e9mu spracovaniu prid\u00e1va praktick\u00fa vyu\u017eite\u013enos\u0165 a \u010fal\u0161iu vrstvu zabezpe\u010denia.<br \/>\n\u0160pecifik\u00e1cia<\/p>\n<p>D\u013a\u017eka \u010depele: 8.62 cm<br \/>\nD\u013a\u017eka v zatvorenom stave: <span id=\"cwos\" class=\"qv3Wpe\">11.37<\/span> cm<br \/>\nCelkov\u00e1 d\u013a\u017eka: 20cm<br \/>\nOce\u013e \u010depele: Nerezov\u00e1 oce\u013e Bohler M390MK<br \/>\nHr\u00fabka \u010depele: 0.33 cm<br \/>\n\u0160t\u00fdl \u010depele: Drop Point<br \/>\nBr\u00fasenie \u010depele: Ploch\u00e9<br \/>\nPovrchov\u00e1 \u00faprava \u010depele: Apocalyptic<br \/>\nMateri\u00e1l rukov\u00e4te: \u010dierny hlin\u00edk s vlo\u017ekami trak\u010dnej p\u00e1sky 3M<br \/>\nHr\u00fabka rukov\u00e4te: <span id=\"cwos\" class=\"qv3Wpe\">1.28<\/span> cm<br \/>\nUzamykac\u00ed mechanizmus: Tla\u010didlo<br \/>\nZostava \u010dapu: 24 lo\u017e\u00edsk z karbidu krem\u00edka<br \/>\nVreckov\u00fd klip: Nerezov\u00e1 oce\u013e (vykl\u00e1pacie, prav\u00e9 nosenie)<br \/>\nHmotnos\u0165: 3,46 oz.<br \/>\nDizajn\u00e9r: Tony Marfione<br \/>\nKon\u0161trukcia so skrutkou Torx<br \/>\nBlood Groove\/Fuller<br \/>\nVyroben\u00e9 v USA<\/p>\n<p><iframe title=\"Microtech Combat Troodon Torture Test\" width=\"800\" height=\"450\" src=\"https:\/\/www.youtube.com\/embed\/xE9TeOFYEjg?feature=oembed\" frameborder=\"0\" allow=\"accelerometer; autoplay; clipboard-write; encrypted-media; gyroscope; picture-in-picture; web-share\" referrerpolicy=\"strict-origin-when-cross-origin\" allowfullscreen><\/iframe><\/p>\n<p>&nbsp;<\/p>\n","protected":false},"excerpt":{"rendered":"<p><strong>V priebehu rokov Microtech\u00ae Knives naplnil v\u00e1\u0161\u0148ou a zru\u010dnos\u0165ou v\u00fdrobu no\u017eov, a\u017e z nich vytvoril takmer umeleck\u00e9 diela, ktor\u00e9 s\u00fa vrcholom funk\u010dnosti. V\u0161etky diely s\u00fa vyroben\u00e9 v USA.<\/strong><br \/>\n<strong>Na v\u0161etky no\u017ee Microtech je do\u017eivotn\u00e1 z\u00e1ruka.<\/strong><\/p>\n<p><strong>Doprava zadarmo.<\/strong><\/p>\n","protected":false},"featured_media":437791,"comment_status":"open","ping_status":"closed","template":"","meta":[],"pwb-brand":[3200],"product_brand":[],"product_cat":[3197,3186],"product_tag":[3668],"class_list":{"0":"post-338036","1":"product","2":"type-product","3":"status-publish","4":"has-post-thumbnail","6":"pwb-brand-microtech-sk","7":"product_cat-vystrelovacie-noze-sk","8":"product_cat-noze-sk","9":"product_tag-b2b-sk","11":"first","12":"outofstock","13":"taxable","14":"shipping-taxable","15":"purchasable","16":"product-type-simple"},"brands":[{"id":3200,"name":"Microtech","slug":"microtech-sk"}],"_links":{"self":[{"href":"https:\/\/www.moskito.cz\/sk\/wp-json\/wp\/v2\/product\/338036","targetHints":{"allow":["GET"]}}],"collection":[{"href":"https:\/\/www.moskito.cz\/sk\/wp-json\/wp\/v2\/product"}],"about":[{"href":"https:\/\/www.moskito.cz\/sk\/wp-json\/wp\/v2\/types\/product"}],"replies":[{"embeddable":true,"href":"https:\/\/www.moskito.cz\/sk\/wp-json\/wp\/v2\/comments?post=338036"}],"wp:featuredmedia":[{"embeddable":true,"href":"https:\/\/www.moskito.cz\/sk\/wp-json\/wp\/v2\/media\/437791"}],"wp:attachment":[{"href":"https:\/\/www.moskito.cz\/sk\/wp-json\/wp\/v2\/media?parent=338036"}],"wp:term":[{"taxonomy":"pwb-brand","embeddable":true,"href":"https:\/\/www.moskito.cz\/sk\/wp-json\/wp\/v2\/pwb-brand?post=338036"},{"taxonomy":"product_brand","embeddable":true,"href":"https:\/\/www.moskito.cz\/sk\/wp-json\/wp\/v2\/product_brand?post=338036"},{"taxonomy":"product_cat","embeddable":true,"href":"https:\/\/www.moskito.cz\/sk\/wp-json\/wp\/v2\/product_cat?post=338036"},{"taxonomy":"product_tag","embeddable":true,"href":"https:\/\/www.moskito.cz\/sk\/wp-json\/wp\/v2\/product_tag?post=338036"}],"curies":[{"name":"wp","href":"https:\/\/api.w.org\/{rel}","templated":true}]}}