{"id":338373,"date":"2024-05-01T09:31:38","date_gmt":"2024-05-01T08:34:51","guid":{"rendered":"https:\/\/www.moskito.cz\/produkt\/zatvaraci-noz-microtech-stitch-169rl-2flgtta\/"},"modified":"2025-05-07T11:14:12","modified_gmt":"2025-05-07T10:14:12","slug":"zatvaraci-noz-microtech-stitch-169rl-2flgtta","status":"publish","type":"product","link":"https:\/\/www.moskito.cz\/sk\/produkt\/zatvaraci-noz-microtech-stitch-169rl-2flgtta\/","title":{"rendered":"Zatv\u00e1rac\u00ed N\u00f4\u017e Microtech Stitch 169RL-2FLGTTA"},"content":{"rendered":"<p>Zatv\u00e1rac\u00ed N\u00f4\u017e <strong>Microtech<\/strong> Stitch 169RL-2FLGTTA.<\/p>\n<p><strong>Stitch<\/strong> RAM-LOK\u2122 je ru\u010dn\u00e9 spracovanie na\u0161ej klasickej spolupr\u00e1ce Borka Blades. Stitch RAM-LOK\u2122, navrhnut\u00fd tak, aby bol \u0161t\u00fdlov\u00fd aj \u00fa\u017eitkov\u00fd, obsahuje z\u00e1mok RAM-LOK\u2122 Bar Lock, na\u0161e ikonick\u00e9 tla\u010didlo X, \u0161tandardn\u00fd Torx hardv\u00e9r, tit\u00e1nov\u00fd backspacer a rukov\u00e4\u0165 G10. T\u00e1to ru\u010dn\u00e1 zlo\u017eka, doplnen\u00e1 \u010depe\u013eou v \u0161t\u00fdle Stitch, je skvel\u00fdm doplnkom pre ka\u017edodenn\u00e9 nosenie alebo zbierku.<\/p>\n<p>Tento model je vybaven\u00fd vr\u00fabkovanou trieslovou rukov\u00e4\u0165ou G-10. \u010ciasto\u010dne z\u00fabkovan\u00e1 \u010depe\u013e z nerezovej ocele M390MK v \u010diernom preveden\u00ed s dvojfarebn\u00fdm povrchom, pekn\u00fd strih pre ve\u013ek\u00e9 prsty a dr\u00e1\u017ekovanie na n\u00e1jazde pre prsty a palec pre vynikaj\u00faci \u00fachop. Hardv\u00e9r so sat\u00e9nov\u00fdm povrchom, obojstrann\u00e1 spona na vrecko a otvor pre \u0161n\u00farku. Vreckov\u00fd klip obsahuje inform\u00e1cie o modeli, logo Microtech a d\u00e1tum v\u00fdroby. \u010cepe\u013e je opatren\u00e1 paz\u00farom Microtech a logom Borka.<\/p>\n<p>Krajina p\u00f4vodu: USA<br \/>\nD\u00e1tum p\u00f4vodu: 2024<br \/>\nMateri\u00e1l rukov\u00e4te: G10<br \/>\nMateri\u00e1l \u010depele: M390MK<br \/>\n\u0160t\u00fdl \u010depele: Wharncliffe<br \/>\nPovrchov\u00e1 \u00faprava \u010depele: Dvojfarebn\u00e1 sat\u00e9nov\u00e1 \u010dierna<br \/>\nTyp okraja: Z\u00fabkovan\u00fd<br \/>\nTyp z\u00e1mku: RAM-LOK<br \/>\nCelkov\u00e1 d\u013a\u017eka: 21.7 cm<br \/>\nD\u013a\u017eka \u010depele: 9.4 cm<br \/>\nHr\u00fabka \u010depele: 0.4 cm<\/p>\n<p><iframe title=\"Microtech Combat Troodon Torture Test\" width=\"800\" height=\"450\" src=\"https:\/\/www.youtube.com\/embed\/xE9TeOFYEjg?feature=oembed\" frameborder=\"0\" allow=\"accelerometer; autoplay; clipboard-write; encrypted-media; gyroscope; picture-in-picture; web-share\" referrerpolicy=\"strict-origin-when-cross-origin\" allowfullscreen><\/iframe><\/p>\n<p>&nbsp;<\/p>\n<p>&nbsp;<\/p>\n<p>&nbsp;<\/p>\n","protected":false},"excerpt":{"rendered":"<div class=\"elementor-element elementor-element-bbb542b elementor-widget elementor-widget-woocommerce-product-short-description\" data-id=\"bbb542b\" data-element_type=\"widget\" data-widget_type=\"woocommerce-product-short-description.default\">\n<div class=\"elementor-widget-container\">\n<div class=\"woocommerce-product-details__short-description\">\n<p><strong>V priebehu rokov Microtech\u00ae Knives naplnil v\u00e1\u0161\u0148ou a zru\u010dnos\u0165ou v\u00fdrobu no\u017eov, a\u017e z nich vytvoril takmer umeleck\u00e9 diela, ktor\u00e9 s\u00fa vrcholom funk\u010dnosti. V\u0161etky diely s\u00fa vyroben\u00e9 v USA.<\/strong><br \/>\n<strong>Na v\u0161etky no\u017ee Microtech je do\u017eivotn\u00e1 z\u00e1ruka.<\/strong><\/p>\n<p><strong>Doprava zadarmo.<\/strong><\/p>\n<\/div>\n<\/div>\n<\/div>\n","protected":false},"featured_media":338340,"comment_status":"open","ping_status":"closed","template":"","meta":[],"pwb-brand":[3200],"product_brand":[],"product_cat":[3186,3233],"product_tag":[3668],"class_list":{"0":"post-338373","1":"product","2":"type-product","3":"status-publish","4":"has-post-thumbnail","6":"pwb-brand-microtech-sk","7":"product_cat-noze-sk","8":"product_cat-zatvaracie-noze","9":"product_tag-b2b-sk","11":"first","12":"instock","13":"taxable","14":"shipping-taxable","15":"purchasable","16":"product-type-simple"},"brands":[{"id":3200,"name":"Microtech","slug":"microtech-sk"}],"_links":{"self":[{"href":"https:\/\/www.moskito.cz\/sk\/wp-json\/wp\/v2\/product\/338373","targetHints":{"allow":["GET"]}}],"collection":[{"href":"https:\/\/www.moskito.cz\/sk\/wp-json\/wp\/v2\/product"}],"about":[{"href":"https:\/\/www.moskito.cz\/sk\/wp-json\/wp\/v2\/types\/product"}],"replies":[{"embeddable":true,"href":"https:\/\/www.moskito.cz\/sk\/wp-json\/wp\/v2\/comments?post=338373"}],"wp:featuredmedia":[{"embeddable":true,"href":"https:\/\/www.moskito.cz\/sk\/wp-json\/wp\/v2\/media\/338340"}],"wp:attachment":[{"href":"https:\/\/www.moskito.cz\/sk\/wp-json\/wp\/v2\/media?parent=338373"}],"wp:term":[{"taxonomy":"pwb-brand","embeddable":true,"href":"https:\/\/www.moskito.cz\/sk\/wp-json\/wp\/v2\/pwb-brand?post=338373"},{"taxonomy":"product_brand","embeddable":true,"href":"https:\/\/www.moskito.cz\/sk\/wp-json\/wp\/v2\/product_brand?post=338373"},{"taxonomy":"product_cat","embeddable":true,"href":"https:\/\/www.moskito.cz\/sk\/wp-json\/wp\/v2\/product_cat?post=338373"},{"taxonomy":"product_tag","embeddable":true,"href":"https:\/\/www.moskito.cz\/sk\/wp-json\/wp\/v2\/product_tag?post=338373"}],"curies":[{"name":"wp","href":"https:\/\/api.w.org\/{rel}","templated":true}]}}