{"id":338518,"date":"2024-05-01T11:09:28","date_gmt":"2024-05-01T10:10:36","guid":{"rendered":"https:\/\/www.moskito.cz\/produkt\/vystrelovaci-noz-microtech-socom-elite-160a-1ta\/"},"modified":"2025-05-07T11:14:15","modified_gmt":"2025-05-07T10:14:15","slug":"vystrelovaci-noz-microtech-socom-elite-160a-1ta","status":"publish","type":"product","link":"https:\/\/www.moskito.cz\/sk\/produkt\/vystrelovaci-noz-microtech-socom-elite-160a-1ta\/","title":{"rendered":"Vystre\u013eovac\u00ed N\u00f4\u017e Microtech Socom Elite 160A-1TA"},"content":{"rendered":"<p>Vystre\u013eovac\u00ed N\u00f4\u017e <strong>Microtech<\/strong> Socom Elite 160A-1TA.<\/p>\n<p><strong>Socom Elite<\/strong> nastavuje najvy\u0161\u0161\u00ed \u0161tandard pre taktick\u00e9\/\u00fa\u017eitkov\u00e9 pr\u00edbory. Od vzniku p\u00f4vodn\u00e9ho Socomu v roku 1996 je priekopn\u00edkom cel\u00e9ho radu zatv\u00e1rac\u00edch no\u017eov Microtech. V priebehu rokov bol vykonan\u00fd rad vylep\u0161en\u00ed, v\u010faka ktor\u00fdm sa Socom lep\u0161ie prisp\u00f4sob\u00ed r\u00f4znym prostrediam. Auto aj manu\u00e1lna Socom maj\u00fa jedine\u010dn\u00fd tvar rukov\u00e4te, ktor\u00fd sa prisp\u00f4sob\u00ed va\u0161ej ruke. Viete, \u017ee kupujete najlep\u0161\u00ed n\u00e1stroj na trhu bez oh\u013eadu na to, ktor\u00fa \u010depe\u013e svojho druhu si vyberiete: hrot klipu alebo tanto. Integrovan\u00fd rozb\u00edja\u010d skla v z\u00e1kladni rukov\u00e4te a ve\u013ek\u00fd cvo\u010dek, ktor\u00fd umo\u017e\u0148uje \u013eahk\u00e9 otv\u00e1ranie pomocou rukavice, mu dod\u00e1va p\u00f4sobiv\u00fd vzh\u013ead. Robustn\u00e1 spo\u013eahlivos\u0165 Socom z neho rob\u00ed prv\u00fa vo\u013ebu pre komunitu \u0161peci\u00e1lnych oper\u00e1ci\u00ed.<br \/>\n\u0160pecifik\u00e1cia:<\/p>\n<p>D\u013a\u017eka \u010depele: 10.12 cm<br \/>\nD\u013a\u017eka v zatvorenom stave: 14 cm<br \/>\nCelkov\u00e1 d\u013a\u017eka: 25 cm<br \/>\nOce\u013e: M390<br \/>\n\u0160t\u00fdl \u010depele: Clip Point<br \/>\nBr\u00fasenie \u010depele: Ploch\u00e9<br \/>\nPovrchov\u00e1 \u00faprava \u010depele: \u010dierna<br \/>\nMateri\u00e1l rukov\u00e4te: hlin\u00edk s text\u00farovan\u00fdmi vlo\u017ekami<br \/>\nMateri\u00e1l vlo\u017eky: Nerezov\u00e1 oce\u013e<br \/>\nUzamykac\u00ed mechanizmus: Vlo\u017eka<br \/>\nVreckov\u00e1 spona: Nerezov\u00e1 oce\u013e (vykl\u00e1pacia, prav\u00e9 nosenie)<br \/>\nHmotnos\u0165: 5,6 oz.<br \/>\nDizajn\u00e9r: Tony Marfione<br \/>\nVyroben\u00e9 v USA<\/p>\n<p><iframe title=\"Microtech Combat Troodon Torture Test\" width=\"800\" height=\"450\" src=\"https:\/\/www.youtube.com\/embed\/xE9TeOFYEjg?feature=oembed\" frameborder=\"0\" allow=\"accelerometer; autoplay; clipboard-write; encrypted-media; gyroscope; picture-in-picture; web-share\" referrerpolicy=\"strict-origin-when-cross-origin\" allowfullscreen><\/iframe><\/p>\n<p>&nbsp;<\/p>\n","protected":false},"excerpt":{"rendered":"<div class=\"elementor-element elementor-element-bbb542b elementor-widget elementor-widget-woocommerce-product-short-description\" data-id=\"bbb542b\" data-element_type=\"widget\" data-widget_type=\"woocommerce-product-short-description.default\">\n<div class=\"elementor-widget-container\">\n<div class=\"woocommerce-product-details__short-description\">\n<div class=\"elementor-element elementor-element-bbb542b elementor-widget elementor-widget-woocommerce-product-short-description\" data-id=\"bbb542b\" data-element_type=\"widget\" data-widget_type=\"woocommerce-product-short-description.default\">\n<div class=\"elementor-widget-container\">\n<div class=\"woocommerce-product-details__short-description\">\n<div class=\"elementor-element elementor-element-bbb542b elementor-widget elementor-widget-woocommerce-product-short-description\" data-id=\"bbb542b\" data-element_type=\"widget\" data-widget_type=\"woocommerce-product-short-description.default\">\n<div class=\"elementor-widget-container\">\n<div class=\"woocommerce-product-details__short-description\">\n<p><strong>V priebehu rokov Microtech\u00ae Knives naplnil v\u00e1\u0161\u0148ou a zru\u010dnos\u0165ou v\u00fdrobu no\u017eov, a\u017e z nich vytvoril takmer umeleck\u00e9 diela, ktor\u00e9 s\u00fa vrcholom funk\u010dnosti. V\u0161etky diely s\u00fa vyroben\u00e9 v USA.<\/strong><br \/>\n<strong>Na v\u0161etky no\u017ee Microtech je do\u017eivotn\u00e1 z\u00e1ruka.<\/strong><\/p>\n<p><strong>Doprava zadarmo.<\/strong><\/p>\n<\/div>\n<\/div>\n<\/div>\n<\/div>\n<\/div>\n<\/div>\n<\/div>\n<\/div>\n<\/div>\n","protected":false},"featured_media":338484,"comment_status":"open","ping_status":"closed","template":"","meta":[],"pwb-brand":[3200],"product_brand":[],"product_cat":[3186,3197],"product_tag":[3668],"class_list":{"0":"post-338518","1":"product","2":"type-product","3":"status-publish","4":"has-post-thumbnail","6":"pwb-brand-microtech-sk","7":"product_cat-noze-sk","8":"product_cat-vystrelovacie-noze-sk","9":"product_tag-b2b-sk","11":"first","12":"outofstock","13":"taxable","14":"shipping-taxable","15":"purchasable","16":"product-type-simple"},"brands":[{"id":3200,"name":"Microtech","slug":"microtech-sk"}],"_links":{"self":[{"href":"https:\/\/www.moskito.cz\/sk\/wp-json\/wp\/v2\/product\/338518","targetHints":{"allow":["GET"]}}],"collection":[{"href":"https:\/\/www.moskito.cz\/sk\/wp-json\/wp\/v2\/product"}],"about":[{"href":"https:\/\/www.moskito.cz\/sk\/wp-json\/wp\/v2\/types\/product"}],"replies":[{"embeddable":true,"href":"https:\/\/www.moskito.cz\/sk\/wp-json\/wp\/v2\/comments?post=338518"}],"wp:featuredmedia":[{"embeddable":true,"href":"https:\/\/www.moskito.cz\/sk\/wp-json\/wp\/v2\/media\/338484"}],"wp:attachment":[{"href":"https:\/\/www.moskito.cz\/sk\/wp-json\/wp\/v2\/media?parent=338518"}],"wp:term":[{"taxonomy":"pwb-brand","embeddable":true,"href":"https:\/\/www.moskito.cz\/sk\/wp-json\/wp\/v2\/pwb-brand?post=338518"},{"taxonomy":"product_brand","embeddable":true,"href":"https:\/\/www.moskito.cz\/sk\/wp-json\/wp\/v2\/product_brand?post=338518"},{"taxonomy":"product_cat","embeddable":true,"href":"https:\/\/www.moskito.cz\/sk\/wp-json\/wp\/v2\/product_cat?post=338518"},{"taxonomy":"product_tag","embeddable":true,"href":"https:\/\/www.moskito.cz\/sk\/wp-json\/wp\/v2\/product_tag?post=338518"}],"curies":[{"name":"wp","href":"https:\/\/api.w.org\/{rel}","templated":true}]}}