{"id":338580,"date":"2024-05-01T11:37:07","date_gmt":"2024-05-02T08:13:14","guid":{"rendered":"https:\/\/www.moskito.cz\/produkt\/zatvaraci-noz-microtech-amphibian-apocalyptic-137rl-11apflgtod\/"},"modified":"2025-05-07T11:14:16","modified_gmt":"2025-05-07T10:14:16","slug":"zatvaraci-noz-microtech-amphibian-apocalyptic-137rl-11apflgtod","status":"publish","type":"product","link":"https:\/\/www.moskito.cz\/sk\/produkt\/zatvaraci-noz-microtech-amphibian-apocalyptic-137rl-11apflgtod\/","title":{"rendered":"Zatv\u00e1rac\u00ed N\u00f4\u017e Microtech Amphibian Apocalyptic 137RL-11APFLGTOD"},"content":{"rendered":"<p>Zatv\u00e1rac\u00ed N\u00f4\u017e <strong>Microtech<\/strong> Amphibian Apocalyptic 137RL-11APFLGTOD.<\/p>\n<p>Amphibian je skuto\u010dn\u00e1 klasika Marfione, ktor\u00e1 m\u00e1 viac ako 20 rokov. Je to z d\u00e1vnych \u010dias, kedy Microtech Knives mohli by\u0165 automaty aj manu\u00e1ly &#8230; v jednom. To, \u010do tu m\u00e1me, je manu\u00e1lna verzia zah\u0155\u0148aj\u00faca Tonyho vlastn\u00fd RAM-LOK dizajn s obojstrann\u00fdm vreckov\u00fdm klipom a dvoma palcov\u00fdmi kol\u00edkmi pre \u00faplne obojstrann\u00fd n\u00f4\u017e, ktor\u00fd v \u017eiadnom pr\u00edpade ni\u010d neobetuje. Vyzna\u010duje sa patentovanou oce\u013eou \u010depele Bohler M390MK dostupnou iba od Microtech Knives. N\u00f4\u017e je podobn\u00fd probl\u00e9mu MSI Microtech Standard, pokia\u013e ide o ve\u013ekos\u0165, ale pokia\u013e ide o \u0161t\u00fdl, neexistuje \u017eiadne porovnanie. Amphibian je jedn\u00fdm z naj\u00fa\u017easnej\u0161\u00edch designov taktick\u00fdch no\u017eov v\u0161etk\u00fdch \u010dias a sme radi, \u017ee je sp\u00e4\u0165 a dostupn\u00fd pre masy!<br \/>\n\u0160pecifik\u00e1cia:<\/p>\n<p>D\u013a\u017eka \u010depele: <span id=\"cwos\" class=\"qv3Wpe\">9.67<\/span> cm<br \/>\nD\u013a\u017eka v zatvorenom stave: 5,375\u2033<br \/>\nCelkov\u00e1 d\u013a\u017eka: <span id=\"cwos\" class=\"qv3Wpe\">13.42<\/span> cm<br \/>\nOce\u013e \u010depele: Nerezov\u00e1 oce\u013e Bohler M390MK<br \/>\n\u0160t\u00fdl \u010depele: Clip Point<br \/>\nBr\u00fasenie \u010depele: Dut\u00e9<br \/>\nPovrchov\u00e1 \u00faprava \u010depele: Apokalyptick\u00e1<br \/>\nMateri\u00e1l rukov\u00e4te: Vr\u00fabkovan\u00fd OD Green G10<br \/>\nUzamykac\u00ed mechanizmus: RAM-LOK<br \/>\nVreckov\u00fd klip: Titan (vykl\u00e1pac\u00ed, \u013eav\u00e9\/prav\u00e9 nosenie)<br \/>\nHmotnos\u0165: 5,93 oz.<br \/>\nDizajn\u00e9r: Tony Marfione<br \/>\nVyroben\u00e9 v USA<\/p>\n<p><iframe title=\"Microtech Combat Troodon Torture Test\" width=\"800\" height=\"450\" src=\"https:\/\/www.youtube.com\/embed\/xE9TeOFYEjg?feature=oembed\" frameborder=\"0\" allow=\"accelerometer; autoplay; clipboard-write; encrypted-media; gyroscope; picture-in-picture; web-share\" referrerpolicy=\"strict-origin-when-cross-origin\" allowfullscreen><\/iframe><\/p>\n<p>&nbsp;<\/p>\n<p>&nbsp;<\/p>\n","protected":false},"excerpt":{"rendered":"<div class=\"elementor-element elementor-element-bbb542b elementor-widget elementor-widget-woocommerce-product-short-description\" data-id=\"bbb542b\" data-element_type=\"widget\" data-widget_type=\"woocommerce-product-short-description.default\">\n<div class=\"elementor-widget-container\">\n<div class=\"woocommerce-product-details__short-description\">\n<div class=\"elementor-element elementor-element-bbb542b elementor-widget elementor-widget-woocommerce-product-short-description\" data-id=\"bbb542b\" data-element_type=\"widget\" data-widget_type=\"woocommerce-product-short-description.default\">\n<div class=\"elementor-widget-container\">\n<div class=\"woocommerce-product-details__short-description\">\n<div class=\"elementor-element elementor-element-bbb542b elementor-widget elementor-widget-woocommerce-product-short-description\" data-id=\"bbb542b\" data-element_type=\"widget\" data-widget_type=\"woocommerce-product-short-description.default\">\n<div class=\"elementor-widget-container\">\n<div class=\"woocommerce-product-details__short-description\">\n<p><strong>V priebehu rokov Microtech\u00ae Knives naplnil v\u00e1\u0161\u0148ou a zru\u010dnos\u0165ou v\u00fdrobu no\u017eov, a\u017e z nich vytvoril takmer umeleck\u00e9 diela, ktor\u00e9 s\u00fa vrcholom funk\u010dnosti. V\u0161etky diely s\u00fa vyroben\u00e9 v USA.<\/strong><br \/>\n<strong>Na v\u0161etky no\u017ee Microtech je do\u017eivotn\u00e1 z\u00e1ruka.<\/strong><\/p>\n<p><strong>Doprava zadarmo.<\/strong><\/p>\n<\/div>\n<\/div>\n<\/div>\n<\/div>\n<\/div>\n<\/div>\n<\/div>\n<\/div>\n<\/div>\n","protected":false},"featured_media":338532,"comment_status":"open","ping_status":"closed","template":"","meta":[],"pwb-brand":[3200],"product_brand":[],"product_cat":[3186,3233],"product_tag":[3668],"class_list":{"0":"post-338580","1":"product","2":"type-product","3":"status-publish","4":"has-post-thumbnail","6":"pwb-brand-microtech-sk","7":"product_cat-noze-sk","8":"product_cat-zatvaracie-noze","9":"product_tag-b2b-sk","11":"first","12":"instock","13":"taxable","14":"shipping-taxable","15":"purchasable","16":"product-type-simple"},"brands":[{"id":3200,"name":"Microtech","slug":"microtech-sk"}],"_links":{"self":[{"href":"https:\/\/www.moskito.cz\/sk\/wp-json\/wp\/v2\/product\/338580","targetHints":{"allow":["GET"]}}],"collection":[{"href":"https:\/\/www.moskito.cz\/sk\/wp-json\/wp\/v2\/product"}],"about":[{"href":"https:\/\/www.moskito.cz\/sk\/wp-json\/wp\/v2\/types\/product"}],"replies":[{"embeddable":true,"href":"https:\/\/www.moskito.cz\/sk\/wp-json\/wp\/v2\/comments?post=338580"}],"wp:featuredmedia":[{"embeddable":true,"href":"https:\/\/www.moskito.cz\/sk\/wp-json\/wp\/v2\/media\/338532"}],"wp:attachment":[{"href":"https:\/\/www.moskito.cz\/sk\/wp-json\/wp\/v2\/media?parent=338580"}],"wp:term":[{"taxonomy":"pwb-brand","embeddable":true,"href":"https:\/\/www.moskito.cz\/sk\/wp-json\/wp\/v2\/pwb-brand?post=338580"},{"taxonomy":"product_brand","embeddable":true,"href":"https:\/\/www.moskito.cz\/sk\/wp-json\/wp\/v2\/product_brand?post=338580"},{"taxonomy":"product_cat","embeddable":true,"href":"https:\/\/www.moskito.cz\/sk\/wp-json\/wp\/v2\/product_cat?post=338580"},{"taxonomy":"product_tag","embeddable":true,"href":"https:\/\/www.moskito.cz\/sk\/wp-json\/wp\/v2\/product_tag?post=338580"}],"curies":[{"name":"wp","href":"https:\/\/api.w.org\/{rel}","templated":true}]}}