{"id":338682,"date":"2024-05-02T14:28:14","date_gmt":"2024-05-02T13:31:22","guid":{"rendered":"https:\/\/www.moskito.cz\/produkt\/zatvaraci-noz-microtech-socom-bravo-mini-261m-8cfti\/"},"modified":"2025-05-07T11:14:18","modified_gmt":"2025-05-07T10:14:18","slug":"zatvaraci-noz-microtech-socom-bravo-mini-261m-8cfti","status":"publish","type":"product","link":"https:\/\/www.moskito.cz\/sk\/produkt\/zatvaraci-noz-microtech-socom-bravo-mini-261m-8cfti\/","title":{"rendered":"Zatv\u00e1rac\u00ed N\u00f4\u017e Microtech Socom Bravo Mini 261M-8CFTI"},"content":{"rendered":"<p>Zatv\u00e1rac\u00ed N\u00f4\u017e <strong>Microtech<\/strong> Socom Bravo Mini 261M-8CFTI.<\/p>\n<p><strong>Socom Bravo Mini<\/strong> , navrhnut\u00fd spolo\u010dnos\u0165ou Microtech a vyroben\u00fd spolo\u010dnos\u0165ou Rike Knife, je n\u00f4\u017e pre spolupr\u00e1cu so vzorom klasick\u00e9ho Socom. Tento kompaktn\u00fd ru\u010dn\u00fd skladac\u00ed n\u00f4\u017e je vynikaj\u00facim taktick\u00fdm no\u017eom na ve\u013ek\u00e9 za\u0165a\u017eenie. Vyzna\u010duje sa vystu\u017eenou tit\u00e1novou rukov\u00e4\u0165ou 6Al4V so \u0161upinami z uhl\u00edkov\u00fdch vl\u00e1kien a je pon\u00fakan\u00e1 s \u010depe\u013eou s jednoduch\u00fdm ostr\u00edm aj \u010depe\u013eou tanto. Otvor pre \u0161n\u00farku a vreckov\u00fd klip umo\u017e\u0148uj\u00fa funk\u010dn\u00e9 nosenie a ergon\u00f3mia s\u00fa st\u00e1le jedny z najlep\u0161\u00edch v obore.<br \/>\n\u0160pecifik\u00e1cia:<\/p>\n<p>D\u013a\u017eka \u010depele: <span id=\"cwos\" class=\"qv3Wpe\">8.75<\/span> cm<br \/>\nD\u013a\u017eka v zatvorenom stave: <span id=\"cwos\" class=\"qv3Wpe\">10.62<\/span> cm<br \/>\nCelkov\u00e1 d\u013a\u017eka: <span id=\"cwos\" class=\"qv3Wpe\">19.37<\/span> cm<br \/>\nMateri\u00e1l \u010depele: Nerezov\u00e1 oce\u013e Bohler M390<br \/>\n\u0160t\u00fdl \u010depele: Tanto<br \/>\nBr\u00fasenie \u010depele: Ploch\u00e9<br \/>\nPovrchov\u00e1 \u00faprava \u010depele: Bead Blast<br \/>\nMateri\u00e1l rukov\u00e4te: vystu\u017een\u00fd 6Al4V tit\u00e1n so stupnicou z uhl\u00edkov\u00fdch vl\u00e1kien<br \/>\nUzamykac\u00ed mechanizmus: Frame Lock<br \/>\nZostava \u010dapu: Lo\u017eisk\u00e1<br \/>\nVreckov\u00e1 spona: Titan (vykl\u00e1pacie, prav\u00e9 nosenie)<br \/>\nHmotnos\u0165: 3,32 oz.<br \/>\nDizajn\u00e9r: Tony Marfione<\/p>\n<p><iframe title=\"Microtech Combat Troodon Torture Test\" width=\"800\" height=\"450\" src=\"https:\/\/www.youtube.com\/embed\/xE9TeOFYEjg?feature=oembed\" frameborder=\"0\" allow=\"accelerometer; autoplay; clipboard-write; encrypted-media; gyroscope; picture-in-picture; web-share\" referrerpolicy=\"strict-origin-when-cross-origin\" allowfullscreen><\/iframe><\/p>\n<p>&nbsp;<\/p>\n","protected":false},"excerpt":{"rendered":"<div class=\"elementor-element elementor-element-bbb542b elementor-widget elementor-widget-woocommerce-product-short-description\" data-id=\"bbb542b\" data-element_type=\"widget\" data-widget_type=\"woocommerce-product-short-description.default\">\n<div class=\"elementor-widget-container\">\n<div class=\"woocommerce-product-details__short-description\">\n<p><strong>V priebehu rokov Microtech\u00ae Knives naplnil v\u00e1\u0161\u0148ou a zru\u010dnos\u0165ou v\u00fdrobu no\u017eov, a\u017e z nich vytvoril takmer umeleck\u00e9 diela, ktor\u00e9 s\u00fa vrcholom funk\u010dnosti. V\u0161etky diely s\u00fa vyroben\u00e9 v USA.<\/strong><br \/>\n<strong>Na v\u0161etky no\u017ee Microtech je do\u017eivotn\u00e1 z\u00e1ruka.<\/strong><\/p>\n<p><strong>Doprava zadarmo.<\/strong><\/p>\n<\/div>\n<\/div>\n<\/div>\n","protected":false},"featured_media":338639,"comment_status":"open","ping_status":"closed","template":"","meta":[],"pwb-brand":[3200],"product_brand":[],"product_cat":[3186,3233],"product_tag":[3668],"class_list":{"0":"post-338682","1":"product","2":"type-product","3":"status-publish","4":"has-post-thumbnail","6":"pwb-brand-microtech-sk","7":"product_cat-noze-sk","8":"product_cat-zatvaracie-noze","9":"product_tag-b2b-sk","11":"first","12":"outofstock","13":"taxable","14":"shipping-taxable","15":"purchasable","16":"product-type-simple"},"brands":[{"id":3200,"name":"Microtech","slug":"microtech-sk"}],"_links":{"self":[{"href":"https:\/\/www.moskito.cz\/sk\/wp-json\/wp\/v2\/product\/338682","targetHints":{"allow":["GET"]}}],"collection":[{"href":"https:\/\/www.moskito.cz\/sk\/wp-json\/wp\/v2\/product"}],"about":[{"href":"https:\/\/www.moskito.cz\/sk\/wp-json\/wp\/v2\/types\/product"}],"replies":[{"embeddable":true,"href":"https:\/\/www.moskito.cz\/sk\/wp-json\/wp\/v2\/comments?post=338682"}],"wp:featuredmedia":[{"embeddable":true,"href":"https:\/\/www.moskito.cz\/sk\/wp-json\/wp\/v2\/media\/338639"}],"wp:attachment":[{"href":"https:\/\/www.moskito.cz\/sk\/wp-json\/wp\/v2\/media?parent=338682"}],"wp:term":[{"taxonomy":"pwb-brand","embeddable":true,"href":"https:\/\/www.moskito.cz\/sk\/wp-json\/wp\/v2\/pwb-brand?post=338682"},{"taxonomy":"product_brand","embeddable":true,"href":"https:\/\/www.moskito.cz\/sk\/wp-json\/wp\/v2\/product_brand?post=338682"},{"taxonomy":"product_cat","embeddable":true,"href":"https:\/\/www.moskito.cz\/sk\/wp-json\/wp\/v2\/product_cat?post=338682"},{"taxonomy":"product_tag","embeddable":true,"href":"https:\/\/www.moskito.cz\/sk\/wp-json\/wp\/v2\/product_tag?post=338682"}],"curies":[{"name":"wp","href":"https:\/\/api.w.org\/{rel}","templated":true}]}}