{"id":339242,"date":"2024-05-02T20:53:03","date_gmt":"2024-05-02T19:57:50","guid":{"rendered":"https:\/\/www.moskito.cz\/produkt\/zatvaraci-noz-sog-stout-flk-stonewashed-14-03-11-57\/"},"modified":"2025-05-07T11:14:32","modified_gmt":"2025-05-07T10:14:32","slug":"zatvaraci-noz-sog-stout-flk-stonewashed-14-03-11-57","status":"publish","type":"product","link":"https:\/\/www.moskito.cz\/sk\/produkt\/zatvaraci-noz-sog-stout-flk-stonewashed-14-03-11-57\/","title":{"rendered":"Zatv\u00e1rac\u00ed N\u00f4\u017e SOG Stout FLK Stonewashed 14-03-11-57"},"content":{"rendered":"<p>Zatv\u00e1rac\u00ed N\u00f4\u017e <strong>SOG<\/strong> Stout FLK Stonewashed 14-03-11-57.<\/p>\n<p>Kompaktn\u00fd zatv\u00e1rac\u00ed n\u00f4\u017e na ka\u017edodenn\u00e9 nosenie s 2,39-palcov\u00fdm sek\u00e1\u010dikom vyroben\u00fdm zo spo\u013eahlivej ocele CRYO D2, Stout FLK je vreckov\u00fd n\u00f4\u017e s r\u00e1mov\u00fdm z\u00e1mkom, ktor\u00fd sa otv\u00e1ra kopnut\u00edm. Stout FLK s robustnou rukov\u00e4\u0165ou G10 a nerezovou oce\u013eou je v\u00fdsledkom spolupr\u00e1ce dizajn\u00e9ra no\u017eov Mikkela Willumsena a zakladate\u013ea SOG Spencera Frazera. Nenechajte sa zmias\u0165 men\u0161ou ve\u013ekos\u0165ou. Jedn\u00e1 sa o pevn\u00fd n\u00f4\u017e, ktor\u00fd m\u00f4\u017eete s istotou vysun\u00fa\u0165 z vrecka, aby ste sa vysporiadali so v\u0161etk\u00fdmi v\u00fdzvami d\u0148a.<\/p>\n<p>\u0160pecifik\u00e1cia:<br \/>\nD\u013a\u017eka \u010depele: 6 cm<br \/>\nD\u013a\u017eka v zatvorenom stave: 9.2 cm<br \/>\nCelkov\u00e1 d\u013a\u017eka: 15 cm<br \/>\nMateri\u00e1l \u010depele: N\u00e1strojov\u00e1 oce\u013e D2<br \/>\nHr\u00fabka \u010depele: 0,15&#8243;<br \/>\nTvrdos\u0165 \u010depele: 58-60 HRC<br \/>\n\u0160t\u00fdl \u010depele: Cleaver<br \/>\nPovrchov\u00e1 \u00faprava \u010depele: Stonewash<br \/>\nMateri\u00e1l rukov\u00e4te: OD Green G10 a nerezov\u00e1 oce\u013e<br \/>\nUzamykac\u00ed mechanizmus: R\u00e1m<br \/>\nHmotnos\u0165: 3,9 oz.<\/p>\n","protected":false},"excerpt":{"rendered":"<p>Nenechajte sa zmias\u0165 men\u0161ou ve\u013ekos\u0165ou. Jedn\u00e1 sa o pevn\u00fd n\u00f4\u017e, ktor\u00fd m\u00f4\u017eete s istotou vysun\u00fa\u0165 z vrecka, aby ste sa vysporiadali so v\u0161etk\u00fdmi v\u00fdzvami d\u0148a.<\/p>\n","protected":false},"featured_media":339205,"comment_status":"open","ping_status":"closed","template":"","meta":[],"pwb-brand":[3231],"product_brand":[],"product_cat":[3186,3233],"product_tag":[3668],"class_list":{"0":"post-339242","1":"product","2":"type-product","3":"status-publish","4":"has-post-thumbnail","6":"pwb-brand-pevny-noz-sog-snarl","7":"product_cat-noze-sk","8":"product_cat-zatvaracie-noze","9":"product_tag-b2b-sk","11":"first","12":"instock","13":"taxable","14":"shipping-taxable","15":"purchasable","16":"product-type-simple"},"brands":[{"id":3231,"name":"Pevn\u00fd N\u00f4\u017e SOG SNARL","slug":"pevny-noz-sog-snarl"}],"_links":{"self":[{"href":"https:\/\/www.moskito.cz\/sk\/wp-json\/wp\/v2\/product\/339242","targetHints":{"allow":["GET"]}}],"collection":[{"href":"https:\/\/www.moskito.cz\/sk\/wp-json\/wp\/v2\/product"}],"about":[{"href":"https:\/\/www.moskito.cz\/sk\/wp-json\/wp\/v2\/types\/product"}],"replies":[{"embeddable":true,"href":"https:\/\/www.moskito.cz\/sk\/wp-json\/wp\/v2\/comments?post=339242"}],"wp:featuredmedia":[{"embeddable":true,"href":"https:\/\/www.moskito.cz\/sk\/wp-json\/wp\/v2\/media\/339205"}],"wp:attachment":[{"href":"https:\/\/www.moskito.cz\/sk\/wp-json\/wp\/v2\/media?parent=339242"}],"wp:term":[{"taxonomy":"pwb-brand","embeddable":true,"href":"https:\/\/www.moskito.cz\/sk\/wp-json\/wp\/v2\/pwb-brand?post=339242"},{"taxonomy":"product_brand","embeddable":true,"href":"https:\/\/www.moskito.cz\/sk\/wp-json\/wp\/v2\/product_brand?post=339242"},{"taxonomy":"product_cat","embeddable":true,"href":"https:\/\/www.moskito.cz\/sk\/wp-json\/wp\/v2\/product_cat?post=339242"},{"taxonomy":"product_tag","embeddable":true,"href":"https:\/\/www.moskito.cz\/sk\/wp-json\/wp\/v2\/product_tag?post=339242"}],"curies":[{"name":"wp","href":"https:\/\/api.w.org\/{rel}","templated":true}]}}