{"id":339562,"date":"2024-05-04T08:38:58","date_gmt":"2024-05-04T07:40:20","guid":{"rendered":"https:\/\/www.moskito.cz\/produkt\/zatvaraci-noz-spartan-blades-astor-stonewashed-sfbl8gr\/"},"modified":"2025-05-07T11:14:41","modified_gmt":"2025-05-07T10:14:41","slug":"zatvaraci-noz-spartan-blades-astor-stonewashed-sfbl8gr","status":"publish","type":"product","link":"https:\/\/www.moskito.cz\/sk\/produkt\/zatvaraci-noz-spartan-blades-astor-stonewashed-sfbl8gr\/","title":{"rendered":"Zatv\u00e1rac\u00ed N\u00f4\u017e Spartan Blades ASTOR Stonewashed SFBL8GR"},"content":{"rendered":"<p>Zatv\u00e1rac\u00ed N\u00f4\u017e <strong>Spartan Blades<\/strong> ASTOR Stonewashed SFBL8GR.<\/p>\n<p>Predstavujeme <strong>ASTOR<\/strong> , prelomov\u00fa spolupr\u00e1cu medzi Spartan Blades a plodn\u00fdm v\u00fdrobcom no\u017eov Les Georgom. Tento zatv\u00e1rac\u00ed n\u00f4\u017e je navrhnut\u00fd ako robustn\u00fd \u201epracovn\u00fd k\u00f4\u0148\u201c, starostlivo spracovan\u00fd, aby \u013eahko zvl\u00e1dol n\u00e1ro\u010dn\u00e9 pr\u00e1ce. <strong>ASTOR<\/strong> je vybaven\u00fd stupnicou G-10, siln\u00fdm z\u00e1mkom liner a vysoko br\u00fasenou pr\u00e9miovou oce\u013eou \u010depele CTS-XHP, v\u010faka \u010domu je dokonal\u00fdm spolo\u010dn\u00edkom pre \u00falohy, ktor\u00e9 vy\u017eaduj\u00fa extra h\u00fa\u017eevnatos\u0165.<\/p>\n<p>K\u013e\u00fa\u010dov\u00e9 vlastnosti:<\/p>\n<p>Rukov\u00e4\u0165 G-10: Rukov\u00e4\u0165 G-10 <strong>ASTOR<\/strong> poskytuj\u00fa robustn\u00fd a spo\u013eahliv\u00fd \u00fachop a zais\u0165uj\u00fa optim\u00e1lnu kontrolu v r\u00f4znych podmienkach.<br \/>\nThick Liner-Lock: N\u00f4\u017e sa m\u00f4\u017ee pochv\u00e1li\u0165 siln\u00fdm mechanizmom liner-lock, ktor\u00fd zvy\u0161uje jeho robustnos\u0165 a celkov\u00fa odolnos\u0165.<br \/>\nOce\u013e \u010depele CTS-XHP: Pr\u00e9miov\u00e1 oce\u013e \u010depele CTS-XHP zaru\u010duje vynikaj\u00face zachovanie ostria a odolnos\u0165 proti kor\u00f3zii, \u010d\u00edm zvy\u0161uje v\u00fdkon no\u017ea, aby sp\u013a\u0148al vysok\u00e9 \u0161tandardy.<br \/>\nVreckov\u00e1 spona na hlbok\u00e9 nosenie: Spona na hlbok\u00e9 vrecko je v\u0161estrann\u00e1 a je mo\u017en\u00e9 ju nakonfigurova\u0165 na nosenie v \u013eavej ruke prepnut\u00edm na \u013eav\u00fa stranu. Dvojit\u00e9 palcov\u00e9 cvo\u010dky u\u013eah\u010duj\u00fa obojstrann\u00e9 otv\u00e1ranie.<br \/>\nOil Infused Bronze Bushing System (OIBBS): Bronzov\u00e9 dosky (Field) Grade obsahuj\u00fa inovat\u00edvne OIBBS, vylep\u0161uj\u00face mechanizmus otv\u00e1rania \u010depele pre tesn\u00fa, ale hladk\u00fa prev\u00e1dzku. Tento syst\u00e9m je obzvl\u00e1\u0161\u0165 v\u00fdhodn\u00fd pre zatv\u00e1racie no\u017ee, zais\u0165uje spo\u013eahlivos\u0165 pri n\u00edzkych r\u00fdchlostiach, preru\u0161ovanom pou\u017e\u00edvan\u00ed a nerovnomernom za\u0165a\u017een\u00ed.<br \/>\nOcenenie a uznanie:<\/p>\n<p>V\u00ed\u0165az Blade Show 2021: <strong>ASTOR<\/strong> z\u00edskal prest\u00ed\u017eny titul \u201eImportovan\u00fd n\u00f4\u017e roka\u201c na Blade Show 2021, \u010do je d\u00f4kazom jeho v\u00fdnimo\u010dn\u00e9ho dizajnu a v\u00fdkonu.<br \/>\n\u0160pecifik\u00e1cia:<\/p>\n<p>Dizajn\u00e9ri: Les George<br \/>\nD\u013a\u017eka zatvoren\u00e9ho no\u017ea: 12 cm<br \/>\nD\u013a\u017eka \u010depele: 9,5 cm<br \/>\nHr\u00fabka \u010depele: 3 mm<br \/>\nOce\u013e \u010depele: Premium CTS-XHP<br \/>\nTvrdos\u0165 \u010depele: 58-60 HRC (Rockwellova stupnica tvrdosti)<br \/>\n\u0160t\u00fdl \u010depele: Skladacia &#8211; Drop point &#8211; Ploch\u00fd povrch<br \/>\nPovrchov\u00e1 \u00faprava \u010depele: Oto\u010den\u00e1<br \/>\nR\u00e1m: Liner Lock, G-10<br \/>\nHmotnos\u0165: 0,320 LBS (pribli\u017ene 5,12 unca)<br \/>\n<strong>ASTOR<\/strong> nie je len n\u00f4\u017e; je to symbol remeselnej zru\u010dnosti a spo\u013eahlivosti. V\u010faka svojej v\u00ed\u0165aznej kombin\u00e1cii pr\u00e9miov\u00fdch materi\u00e1lov, inovat\u00edvnych funkci\u00ed a cenovej dostupnosti je tento zatv\u00e1rac\u00ed n\u00f4\u017e pripraven\u00fd \u010deli\u0165 akejko\u013evek v\u00fdzve, ktor\u00e1 mu pr\u00edde do cesty. Pozdvihnite svoje ka\u017edodenn\u00e9 nosenie s <strong>ASTOR<\/strong> , skuto\u010dnou \u0161pi\u010dkou vo svete no\u017eov pre ter\u00e9nne pou\u017eitie.<\/p>\n<p>&nbsp;<\/p>\n","protected":false},"excerpt":{"rendered":"<p><strong>V\u00ed\u0165az Blade Show 2021: ASTOR z\u00edskal prest\u00ed\u017eny titul \u201eImportovan\u00fd n\u00f4\u017e roka\u201c na Blade Show 2021, \u010do je d\u00f4kazom jeho v\u00fdnimo\u010dn\u00e9ho dizajnu a v\u00fdkonu.<\/strong><\/p>\n","protected":false},"featured_media":339534,"comment_status":"open","ping_status":"closed","template":"","meta":[],"pwb-brand":[3835],"product_brand":[],"product_cat":[3186,3233],"product_tag":[3668],"class_list":{"0":"post-339562","1":"product","2":"type-product","3":"status-publish","4":"has-post-thumbnail","6":"pwb-brand-spartan-blades-sk","7":"product_cat-noze-sk","8":"product_cat-zatvaracie-noze","9":"product_tag-b2b-sk","11":"first","12":"instock","13":"taxable","14":"shipping-taxable","15":"purchasable","16":"product-type-simple"},"brands":[{"id":3835,"name":"Spartan Blades","slug":"spartan-blades-sk"}],"_links":{"self":[{"href":"https:\/\/www.moskito.cz\/sk\/wp-json\/wp\/v2\/product\/339562","targetHints":{"allow":["GET"]}}],"collection":[{"href":"https:\/\/www.moskito.cz\/sk\/wp-json\/wp\/v2\/product"}],"about":[{"href":"https:\/\/www.moskito.cz\/sk\/wp-json\/wp\/v2\/types\/product"}],"replies":[{"embeddable":true,"href":"https:\/\/www.moskito.cz\/sk\/wp-json\/wp\/v2\/comments?post=339562"}],"wp:featuredmedia":[{"embeddable":true,"href":"https:\/\/www.moskito.cz\/sk\/wp-json\/wp\/v2\/media\/339534"}],"wp:attachment":[{"href":"https:\/\/www.moskito.cz\/sk\/wp-json\/wp\/v2\/media?parent=339562"}],"wp:term":[{"taxonomy":"pwb-brand","embeddable":true,"href":"https:\/\/www.moskito.cz\/sk\/wp-json\/wp\/v2\/pwb-brand?post=339562"},{"taxonomy":"product_brand","embeddable":true,"href":"https:\/\/www.moskito.cz\/sk\/wp-json\/wp\/v2\/product_brand?post=339562"},{"taxonomy":"product_cat","embeddable":true,"href":"https:\/\/www.moskito.cz\/sk\/wp-json\/wp\/v2\/product_cat?post=339562"},{"taxonomy":"product_tag","embeddable":true,"href":"https:\/\/www.moskito.cz\/sk\/wp-json\/wp\/v2\/product_tag?post=339562"}],"curies":[{"name":"wp","href":"https:\/\/api.w.org\/{rel}","templated":true}]}}