{"id":339797,"date":"2021-07-29T19:40:03","date_gmt":"2024-05-13T08:16:37","guid":{"rendered":"https:\/\/www.moskito.cz\/produkt\/zatvaraci-noz-crkt-m16-01z\/"},"modified":"2025-05-07T11:14:45","modified_gmt":"2025-05-07T10:14:45","slug":"zatvaraci-noz-crkt-m16-01z","status":"publish","type":"product","link":"https:\/\/www.moskito.cz\/sk\/produkt\/zatvaraci-noz-crkt-m16-01z\/","title":{"rendered":"Zatv\u00e1rac\u00ed N\u00f4\u017e CRKT M16-01Z"},"content":{"rendered":"<p>Zatv\u00e1rac\u00ed N\u00f4\u017e <strong>CRKT<\/strong> M16-01Z.<\/p>\n<p>Tu je Kit Carson M16 Every Day Carry (EDC) s na\u0161ou kon\u0161trukciou InterFrame z nylonu plnen\u00e9ho sklom.<\/p>\n<p>Na\u0161i pou\u017e\u00edvatelia no\u017eov n\u00e1m povedali: &#8222;Chceme cenovo dostupn\u00fd pracovn\u00fd n\u00f4\u017e, ktor\u00fd m\u00f4\u017eeme tvrdo pou\u017e\u00edva\u0165 bez toho, aby sme sa c\u00edtili previnilo, a ktor\u00fd n\u00e1s nezlom\u00ed, ke\u010f ho nech\u00e1me na stavenisku alebo upust\u00edme do rieky.&#8220; Po\u010duli sme \u0165a. A tak sme sa rozhodli, \u017ee Z EDC bude najlep\u0161ia hodnota vo svete pracovn\u00fdch a \u0161portov\u00fdch no\u017eov.<\/p>\n<p>To za\u010d\u00edna text\u00farovan\u00fdmi nylonov\u00fdmi \u0161upinami plnen\u00fdmi sklom a dvojitou vlo\u017ekou InterFrame z nerezovej ocele 2CR13. Po zostaven\u00ed so sklenen\u00fdmi nylonov\u00fdmi zadn\u00fdmi rozperami a Torx\u00ae spojovac\u00edmi prvkami je v\u00fdsledok \u00fa\u017easne tuh\u00fd.<\/p>\n<p>Nylon plnen\u00fd sklom pon\u00faka vynikaj\u00facu h\u00fa\u017eevnatos\u0165 a odolnos\u0165 vo\u010di rozp\u00fa\u0161\u0165adl\u00e1m. Mazacie podlo\u017eky na \u010dape \u010depele a nastavite\u013en\u00e1 \u010dapov\u00e1 skrutka umo\u017e\u0148uj\u00fa perfektn\u00fa akciu \u010depele. \u010cepe\u013e je vyroben\u00e1 z vysoko uhl\u00edkovej nerezovej ocele 8CR15MoV, ktor\u00e1 poskytuje ide\u00e1lnu kombin\u00e1ciu h\u00fa\u017eevnatosti a schopnosti dr\u017eania ostrie v pracovnom no\u017ei a taktie\u017e umo\u017e\u0148uje \u013eahk\u00e9 br\u00fasenie v ter\u00e9ne. \u0160tandardn\u00e9 modely maj\u00fa povrchov\u00fa \u00fapravu perli\u010dkou.<\/p>\n<p>M16\u00ae-01Z pou\u017e\u00edva na\u0161u ob\u013e\u00faben\u00fa \u010depe\u013e s tenk\u00fdm profilom s hrotom kopije s ostr\u00fdm britom. Je ide\u00e1lny na jemn\u00e9 rezanie a rezb\u00e1rske pr\u00e1ce. Samozrejmos\u0165ou je Carson Flipper, ktor\u00fd ur\u00fdch\u013euje otv\u00e1ranie \u010depele a funguje ako chr\u00e1ni\u010d \u010depele, ke\u010f je \u010depe\u013e otvoren\u00e1.<\/p>\n<p>Tento n\u00f4\u017e je vybaven\u00fd automatick\u00fdm zabezpe\u010den\u00edm vlo\u017eky. Automatizovan\u00e1 bezpe\u010dnos\u0165 vlo\u017eky je inov\u00e1cia zabezpe\u010denia uzamykacej vlo\u017eky, ktor\u00e1 bola pos\u00favan\u00e1 na \u010fal\u0161iu \u00farove\u0148. Automatizovan\u00e1 poistka vlo\u017eky nastavuje kol\u00edk medzi zais\u0165ovaciu vlo\u017eku a r\u00e1m. Tento kol\u00edk funguje ako \u010fal\u0161ia bezpe\u010dnostn\u00e1 vrstva, tak\u017ee je menej pravdepodobn\u00e9, \u017ee sa uzamykacia vlo\u017eka po\u010das pou\u017e\u00edvania uvo\u013en\u00ed.<\/p>\n<p>Ak chcete n\u00f4\u017e zavrie\u0165, zatiahnite za bezpe\u010dnostn\u00fa p\u00e1\u010dku s \u010derven\u00fdm gomb\u00edkom sp\u00e4\u0165, presu\u0148te poistn\u00fa vlo\u017eku a sklopte \u010depe\u013e do zatvorenej polohy. Chcete jeden z najbezpe\u010dnej\u0161\u00edch bezpe\u010dnostn\u00fdch syst\u00e9mov na trhu? Vo\u013eba je automatick\u00e1.<\/p>\n<p>\u0160PECIFIK\u00c1CIA<br \/>\nD\u013a\u017eka \u010depele 3,13 palca (79,38 mm)<br \/>\nBlade Edge Oby\u010dajn\u00fd<br \/>\n\u010cepe\u013e oce\u013e 8Cr13MoV<br \/>\nDokon\u010denie \u010depele Bead Blast<br \/>\nHr\u00fabka \u010depele 0,03 palca (2,03 mm)<br \/>\nCelkov\u00e1 d\u013a\u017eka 7,13 &#8222;(180,98 mm)<br \/>\nZatvoren\u00e1 d\u013a\u017eka 4,00&#8220; (101,60 mm)<br \/>\nHmotnos\u0165 2,30 oz. (65,20 g)<br \/>\nRukov\u00e4\u0165 Nylon vystu\u017een\u00fd sklom<br \/>\n\u0160t\u00fdl Skladac\u00ed n\u00f4\u017e so z\u00e1mkom vlo\u017eky<\/p>\n<p><strong>CRKT\u00ae<\/strong> (Columbia River Knife and Tool\u00ae) bol zalo\u017een\u00fd v roku 1994. Od prv\u00e9ho d\u0148a kladie na prv\u00e9 miesto inov\u00e1ciu a integritu. Zaviazal sa vyr\u00e1ba\u0165 no\u017ee a n\u00e1stroje, ktor\u00e9 by in\u0161pirovali a vydr\u017eali. Spolupracuje s najlep\u0161\u00edmi dizajn\u00e9rmi na svete a pracuje na jednoduchom princ\u00edpe: \u017ee najv\u00e4\u010d\u0161ia vec, ktor\u00fa m\u00f4\u017ee z\u00e1kazn\u00edkom da\u0165, je d\u00f4vera v ruk\u00e1ch.<\/p>\n<p><iframe title=\"M16-01Z Knife | by Kit Carson\" width=\"800\" height=\"450\" src=\"https:\/\/www.youtube.com\/embed\/yvsl0_4sS4Y?feature=oembed\" frameborder=\"0\" allow=\"accelerometer; autoplay; clipboard-write; encrypted-media; gyroscope; picture-in-picture; web-share\" referrerpolicy=\"strict-origin-when-cross-origin\" allowfullscreen><\/iframe><\/p>\n<p>&nbsp;<\/p>\n<p>&nbsp;<\/p>\n","protected":false},"excerpt":{"rendered":"<p>Navrhol Kit Carson vo Vine Grove, Kentucky.<\/p>\n","protected":false},"featured_media":201304,"comment_status":"open","ping_status":"closed","template":"","meta":[],"pwb-brand":[3249],"product_brand":[],"product_cat":[3233,3186],"product_tag":[3668],"class_list":{"0":"post-339797","1":"product","2":"type-product","3":"status-publish","4":"has-post-thumbnail","6":"pwb-brand-zatvaraci-noz-crkt-delilahs-p-e-c-k-5520","7":"product_cat-zatvaracie-noze","8":"product_cat-noze-sk","9":"product_tag-b2b-sk","11":"first","12":"outofstock","13":"taxable","14":"shipping-taxable","15":"purchasable","16":"product-type-simple"},"brands":[{"id":3249,"name":"Zatv\u00e1rac\u00ed N\u00f4\u017e CRKT DELILAH'S P.E.C.K. 5520","slug":"zatvaraci-noz-crkt-delilahs-p-e-c-k-5520"}],"_links":{"self":[{"href":"https:\/\/www.moskito.cz\/sk\/wp-json\/wp\/v2\/product\/339797","targetHints":{"allow":["GET"]}}],"collection":[{"href":"https:\/\/www.moskito.cz\/sk\/wp-json\/wp\/v2\/product"}],"about":[{"href":"https:\/\/www.moskito.cz\/sk\/wp-json\/wp\/v2\/types\/product"}],"replies":[{"embeddable":true,"href":"https:\/\/www.moskito.cz\/sk\/wp-json\/wp\/v2\/comments?post=339797"}],"wp:featuredmedia":[{"embeddable":true,"href":"https:\/\/www.moskito.cz\/sk\/wp-json\/wp\/v2\/media\/201304"}],"wp:attachment":[{"href":"https:\/\/www.moskito.cz\/sk\/wp-json\/wp\/v2\/media?parent=339797"}],"wp:term":[{"taxonomy":"pwb-brand","embeddable":true,"href":"https:\/\/www.moskito.cz\/sk\/wp-json\/wp\/v2\/pwb-brand?post=339797"},{"taxonomy":"product_brand","embeddable":true,"href":"https:\/\/www.moskito.cz\/sk\/wp-json\/wp\/v2\/product_brand?post=339797"},{"taxonomy":"product_cat","embeddable":true,"href":"https:\/\/www.moskito.cz\/sk\/wp-json\/wp\/v2\/product_cat?post=339797"},{"taxonomy":"product_tag","embeddable":true,"href":"https:\/\/www.moskito.cz\/sk\/wp-json\/wp\/v2\/product_tag?post=339797"}],"curies":[{"name":"wp","href":"https:\/\/api.w.org\/{rel}","templated":true}]}}