{"id":340073,"date":"2024-05-15T13:24:50","date_gmt":"2024-05-15T12:29:46","guid":{"rendered":"https:\/\/www.moskito.cz\/produkt\/pevny-noz-microtech-signature-series-socom-alpha-mini-114m-2dlccfs\/"},"modified":"2025-05-07T11:14:52","modified_gmt":"2025-05-07T10:14:52","slug":"pevny-noz-microtech-signature-series-socom-alpha-mini-114m-2dlccfs","status":"publish","type":"product","link":"https:\/\/www.moskito.cz\/sk\/produkt\/pevny-noz-microtech-signature-series-socom-alpha-mini-114m-2dlccfs\/","title":{"rendered":"Pevn\u00fd N\u00f4\u017e Microtech Signature Series Socom Alpha Mini 114M-2DLCCFS"},"content":{"rendered":"<p>Pevn\u00fd N\u00f4\u017e <strong>Microtech<\/strong> Signature Series Socom Alpha Mini 114M-2DLCCFS.<\/p>\n<p>Socom Alpha Mini je elitn\u00e1 pevn\u00e1 \u010depe\u013e zalo\u017een\u00e1 na ob\u013e\u00fabenej sklada\u010dke Socom. Rukov\u00e4\u0165 je zhruba rovnako ve\u013ek\u00e1, ale pevn\u00e1 \u010depe\u013e Socom Alpha m\u00e1 o nie\u010do krat\u0161iu \u010depe\u013e a vytv\u00e1ra tak dokonale vyv\u00e1\u017een\u00fd n\u00f4\u017e. Je navrhnut\u00e1 pre taktick\u00fdch u\u017e\u00edvate\u013eov, zberate\u013eov a kohoko\u013evek, kto ocen\u00ed \u010depe\u013e najvy\u0161\u0161ej kvality.<\/p>\n<p>Tento full tang design sa vyzna\u010duje lemovan\u00edm po celej rukov\u00e4ti, aby v\u00e1m poskytol najbezpe\u010dnej\u0161iu mo\u017en\u00fa manipul\u00e1ciu s touto taktickou pevnou \u010depe\u013eou. Stupnice z fr\u00e9zovan\u00fdch uhl\u00edkov\u00fdch vl\u00e1kien maj\u00fa tvarovan\u00fd tvar pre maxim\u00e1lne ergonomick\u00fd \u00fachop a vytv\u00e1raj\u00fa dokonal\u00fa harm\u00f3niu medzi u\u017e\u00edvate\u013eom a n\u00e1strojom. Tanto \u010depe\u013e je plocho br\u00fasen\u00e1 so zaoblen\u00fdm chrbtom a drsn\u00fdm kamenn\u00fdm povrchom. Socom Alpha mini vy\u017earuje auru \u0161pi\u010dkov\u00e9ho pou\u017e\u00edvate\u013ea ako taktick\u00e1 aj u\u017eito\u010dn\u00e1 pevn\u00e1 \u010depe\u013e. Vyr\u00e1ba sa s dokonale tesn\u00fdmi toleranciami, tak\u017ee viete, \u017ee zvl\u00e1dne v\u0161etko, \u010do na\u0148 m\u00f4\u017eete hodi\u0165. Dod\u00e1va sa s po\u0161vou Kydex s povrchovou \u00fapravou z uhl\u00edkov\u00fdch vl\u00e1kien s Blade-Tech TEK-LOK pre viac mo\u017enost\u00ed nosenia, aby vyhovovali ich \u0161pecifick\u00fdm preferenci\u00e1m.<br \/>\n\u0160pecifik\u00e1cia<\/p>\n<p>D\u013a\u017eka \u010depele: 9.3 cm<br \/>\nD\u013a\u017eka rukov\u00e4te: 11 cm<br \/>\nCelkov\u00e1 d\u013a\u017eka: 20.42 cm<br \/>\nOce\u013e: M390<br \/>\n\u0160t\u00fdl \u010depele: Tanto<br \/>\nBr\u00fasenie \u010depele: Ploch\u00e9<br \/>\nPovrchov\u00e1 \u00faprava \u010depele: Black DLC<br \/>\nMateri\u00e1l rukov\u00e4te: Carbon Fiber<br \/>\nMateri\u00e1l pl\u00e1\u0161\u0165a: Carbon Fiber Finish Kydex<br \/>\nHmotnos\u0165: 6,7 oz.<br \/>\nHmotnos\u0165 s puzdrom: 10,1 oz.<br \/>\nDizajn\u00e9r: Tony Marfione<br \/>\nVyroben\u00e9 v USA<\/p>\n<p><iframe title=\"Microtech Combat Troodon Torture Test\" width=\"800\" height=\"450\" src=\"https:\/\/www.youtube.com\/embed\/xE9TeOFYEjg?feature=oembed\" frameborder=\"0\" allow=\"accelerometer; autoplay; clipboard-write; encrypted-media; gyroscope; picture-in-picture; web-share\" referrerpolicy=\"strict-origin-when-cross-origin\" allowfullscreen><\/iframe><\/p>\n<p>&nbsp;<\/p>\n","protected":false},"excerpt":{"rendered":"<div class=\"elementor-element elementor-element-bbb542b elementor-widget elementor-widget-woocommerce-product-short-description\" data-id=\"bbb542b\" data-element_type=\"widget\" data-widget_type=\"woocommerce-product-short-description.default\">\n<div class=\"elementor-widget-container\">\n<div class=\"woocommerce-product-details__short-description\">\n<div class=\"elementor-element elementor-element-bbb542b elementor-widget elementor-widget-woocommerce-product-short-description\" data-id=\"bbb542b\" data-element_type=\"widget\" data-widget_type=\"woocommerce-product-short-description.default\">\n<div class=\"elementor-widget-container\">\n<div class=\"woocommerce-product-details__short-description\">\n<div class=\"elementor-element elementor-element-bbb542b elementor-widget elementor-widget-woocommerce-product-short-description\" data-id=\"bbb542b\" data-element_type=\"widget\" data-widget_type=\"woocommerce-product-short-description.default\">\n<div class=\"elementor-widget-container\">\n<div class=\"woocommerce-product-details__short-description\">\n<p><strong>V priebehu rokov Microtech\u00ae Knives naplnil v\u00e1\u0161\u0148ou a zru\u010dnos\u0165ou v\u00fdrobu no\u017eov, a\u017e z nich vytvoril takmer umeleck\u00e9 diela, ktor\u00e9 s\u00fa vrcholom funk\u010dnosti. V\u0161etky diely s\u00fa vyroben\u00e9 v USA.<\/strong><br \/>\n<strong>Na v\u0161etky no\u017ee Microtech je do\u017eivotn\u00e1 z\u00e1ruka.<\/strong><\/p>\n<p><strong>Doprava zadarmo.<\/strong><\/p>\n<\/div>\n<\/div>\n<\/div>\n<\/div>\n<\/div>\n<\/div>\n<\/div>\n<\/div>\n<\/div>\n","protected":false},"featured_media":340035,"comment_status":"open","ping_status":"closed","template":"","meta":[],"pwb-brand":[3200],"product_brand":[],"product_cat":[3186,3187],"product_tag":[3668],"class_list":{"0":"post-340073","1":"product","2":"type-product","3":"status-publish","4":"has-post-thumbnail","6":"pwb-brand-microtech-sk","7":"product_cat-noze-sk","8":"product_cat-pevne-noze-sk","9":"product_tag-b2b-sk","11":"first","12":"instock","13":"taxable","14":"shipping-taxable","15":"purchasable","16":"product-type-simple"},"brands":[{"id":3200,"name":"Microtech","slug":"microtech-sk"}],"_links":{"self":[{"href":"https:\/\/www.moskito.cz\/sk\/wp-json\/wp\/v2\/product\/340073","targetHints":{"allow":["GET"]}}],"collection":[{"href":"https:\/\/www.moskito.cz\/sk\/wp-json\/wp\/v2\/product"}],"about":[{"href":"https:\/\/www.moskito.cz\/sk\/wp-json\/wp\/v2\/types\/product"}],"replies":[{"embeddable":true,"href":"https:\/\/www.moskito.cz\/sk\/wp-json\/wp\/v2\/comments?post=340073"}],"wp:featuredmedia":[{"embeddable":true,"href":"https:\/\/www.moskito.cz\/sk\/wp-json\/wp\/v2\/media\/340035"}],"wp:attachment":[{"href":"https:\/\/www.moskito.cz\/sk\/wp-json\/wp\/v2\/media?parent=340073"}],"wp:term":[{"taxonomy":"pwb-brand","embeddable":true,"href":"https:\/\/www.moskito.cz\/sk\/wp-json\/wp\/v2\/pwb-brand?post=340073"},{"taxonomy":"product_brand","embeddable":true,"href":"https:\/\/www.moskito.cz\/sk\/wp-json\/wp\/v2\/product_brand?post=340073"},{"taxonomy":"product_cat","embeddable":true,"href":"https:\/\/www.moskito.cz\/sk\/wp-json\/wp\/v2\/product_cat?post=340073"},{"taxonomy":"product_tag","embeddable":true,"href":"https:\/\/www.moskito.cz\/sk\/wp-json\/wp\/v2\/product_tag?post=340073"}],"curies":[{"name":"wp","href":"https:\/\/api.w.org\/{rel}","templated":true}]}}