{"id":340426,"date":"2024-05-16T14:57:46","date_gmt":"2024-05-16T14:00:58","guid":{"rendered":"https:\/\/www.moskito.cz\/produkt\/pevny-noz-cold-steel-natchez-bowie-16dn\/"},"modified":"2025-05-07T11:15:05","modified_gmt":"2025-05-07T10:15:05","slug":"pevny-noz-cold-steel-natchez-bowie-16dn","status":"publish","type":"product","link":"https:\/\/www.moskito.cz\/sk\/produkt\/pevny-noz-cold-steel-natchez-bowie-16dn\/","title":{"rendered":"Pevn\u00fd N\u00f4\u017e COLD STEEL NATCHEZ BOWIE 16DN"},"content":{"rendered":"<p>Pevn\u00fd N\u00f4\u017e <strong>COLD STEEL<\/strong> NATCHEZ BOWIE 16DN.<\/p>\n<p>\u201eUnder-The Hill\u201c bola notoricky hlu\u010dn\u00e1 n\u00e1bre\u017en\u00e1 \u0161tvr\u0165 Natchez v \u0161t\u00e1te Mississippi na za\u010diatku dev\u00e4tn\u00e1steho storo\u010dia. Tak pochybn\u00fd, \u017ee sa o \u0148om len zriedka zmie\u0148ovali v zdvoril\u00fdch sal\u00f3noch antebellov\u00fdch s\u00eddiel, ktor\u00e9 boli posiate na druhej strane mesta v \u010dase, ke\u010f vl\u00e1dla bavlna.<\/p>\n<p>Natchez Bowie z Cold Steel sa narodil \u201eUnder-The-Hill\u201c a svoj rodokme\u0148 m\u00e1 v t\u00fdch za\u0161l\u00fdch tavern\u00e1ch a sporo osvetlen\u00fdch uliciach. L\u00ednia vy\u0161\u013eachten\u00e1 pre bitku, je to definit\u00edvny bojov\u00fd Bowie. Jeho dlh\u00e1 \u010depe\u013e je dokonale tvarovan\u00e1 pre silu, dosah a p\u00e1kov\u00fd efekt a jej v\u00fdrazn\u00e1 hmotnos\u0165 je bezchybne vyv\u00e1\u017een\u00e1, \u010do jej dod\u00e1va neporovnate\u013en\u00fa \u017eivos\u0165 a r\u00fdchlos\u0165. Skombinujte to v\u0161etko s jeho odporne ostr\u00fdm ostr\u00edm a m\u00e1te n\u00f4\u017e, ktor\u00fd prebod\u00e1va ako d\u00fdka, re\u017ee ako britva a sek\u00e1 ako sek\u00e1\u010dik!<\/p>\n<p>To najlep\u0161ie v materi\u00e1loch a spracovan\u00ed je to, \u010do umo\u017e\u0148uje tak\u00fdto v\u00fdkon. \u010cepe\u013e je vyroben\u00e1 z n\u00e1strojovej ocele CPM-3V. Je to n\u00e1kladn\u00e9 a n\u00e1ro\u010dn\u00e9 na v\u00fdrobu, ale v\u00fdsledn\u00e1 \u010depe\u013e, ktor\u00fa d\u00e1va, je prakticky nezni\u010dite\u013en\u00e1. Ve\u013ek\u00fa \u00falohu v celkovom v\u00fdkone hr\u00e1 aj rukov\u00e4\u0165. M\u00e1 dvojit\u00fd quillionov\u00fd chr\u00e1ni\u010d, podhlavn\u00edk a hlavicu vyroben\u00e9 z vysoko le\u0161tenej nerezovej ocele radu 300 a robustn\u00fa \u010diernu rukov\u00e4\u0165 G10. \u013dahko sa prisp\u00f4sob\u00ed \u0161irokej \u0161k\u00e1le sp\u00f4sobov uchopenia a z\u00e1rove\u0148 posl\u00fa\u017ei ako ve\u013emi impozantn\u00e1 n\u00e1razov\u00e1 zbra\u0148.<\/p>\n<p>Ka\u017ed\u00fd Natchez Bowie je dod\u00e1van\u00fd s puzdrom Secure-Ex, ktor\u00e9 chr\u00e1ni \u010depe\u013e a umo\u017e\u0148uje v\u00e1m ju nosi\u0165 bezpe\u010dne a bezpe\u010dne na boku, v\u017edy pripraven\u00ed br\u00e1ni\u0165 v\u00e1s a va\u0161ich bl\u00edzkych.<\/p>\n<p>Hmotnos\u0165: 624 g<br \/>\nD\u013a\u017eka \u010depele: 29.8 cm<br \/>\nD\u013a\u017eka rukov\u00e4te: 13.6 cm<br \/>\nMateri\u00e1l rukov\u00e4te: Long Polished Black Micarta<br \/>\nFarba: \u010cierna\/Strieborn\u00e1<br \/>\nCelkov\u00e1 ve\u013ekos\u0165: 43.4 cm<br \/>\nMateri\u00e1l puzdra: Secure-Ex\u00ae Sheath<br \/>\nHr\u00fabka \u010depele: 8 mm<br \/>\nOce\u013e: CPM 3-V<\/p>\n<p><iframe title=\"COLD STEEL&#039;S DEADLIEST WEAPON THE NATCHEZ BOWIE\" width=\"800\" height=\"450\" src=\"https:\/\/www.youtube.com\/embed\/q3OE1W9UGrs?feature=oembed\" frameborder=\"0\" allow=\"accelerometer; autoplay; clipboard-write; encrypted-media; gyroscope; picture-in-picture; web-share\" referrerpolicy=\"strict-origin-when-cross-origin\" allowfullscreen><\/iframe><\/p>\n<p>&nbsp;<\/p>\n","protected":false},"excerpt":{"rendered":"<p><strong>Ka\u017ed\u00fd Natchez Bowie je dod\u00e1van\u00fd s puzdrom Secure-Ex, ktor\u00e9 chr\u00e1ni \u010depe\u013e a umo\u017e\u0148uje v\u00e1m ju nosi\u0165 bezpe\u010dne a bezpe\u010dne na boku, v\u017edy pripraven\u00ed br\u00e1ni\u0165 v\u00e1s a va\u0161ich bl\u00edzkych.<\/strong><\/p>\n<p><strong>Doprava zadarmo.<\/strong><\/p>\n","protected":false},"featured_media":340408,"comment_status":"open","ping_status":"closed","template":"","meta":[],"pwb-brand":[3598],"product_brand":[],"product_cat":[3186,3187],"product_tag":[3668],"class_list":{"0":"post-340426","1":"product","2":"type-product","3":"status-publish","4":"has-post-thumbnail","6":"pwb-brand-cold-steel-sk","7":"product_cat-noze-sk","8":"product_cat-pevne-noze-sk","9":"product_tag-b2b-sk","11":"first","12":"instock","13":"taxable","14":"shipping-taxable","15":"purchasable","16":"product-type-simple"},"brands":[{"id":3598,"name":"Cold Steel","slug":"cold-steel-sk"}],"_links":{"self":[{"href":"https:\/\/www.moskito.cz\/sk\/wp-json\/wp\/v2\/product\/340426","targetHints":{"allow":["GET"]}}],"collection":[{"href":"https:\/\/www.moskito.cz\/sk\/wp-json\/wp\/v2\/product"}],"about":[{"href":"https:\/\/www.moskito.cz\/sk\/wp-json\/wp\/v2\/types\/product"}],"replies":[{"embeddable":true,"href":"https:\/\/www.moskito.cz\/sk\/wp-json\/wp\/v2\/comments?post=340426"}],"wp:featuredmedia":[{"embeddable":true,"href":"https:\/\/www.moskito.cz\/sk\/wp-json\/wp\/v2\/media\/340408"}],"wp:attachment":[{"href":"https:\/\/www.moskito.cz\/sk\/wp-json\/wp\/v2\/media?parent=340426"}],"wp:term":[{"taxonomy":"pwb-brand","embeddable":true,"href":"https:\/\/www.moskito.cz\/sk\/wp-json\/wp\/v2\/pwb-brand?post=340426"},{"taxonomy":"product_brand","embeddable":true,"href":"https:\/\/www.moskito.cz\/sk\/wp-json\/wp\/v2\/product_brand?post=340426"},{"taxonomy":"product_cat","embeddable":true,"href":"https:\/\/www.moskito.cz\/sk\/wp-json\/wp\/v2\/product_cat?post=340426"},{"taxonomy":"product_tag","embeddable":true,"href":"https:\/\/www.moskito.cz\/sk\/wp-json\/wp\/v2\/product_tag?post=340426"}],"curies":[{"name":"wp","href":"https:\/\/api.w.org\/{rel}","templated":true}]}}