{"id":340578,"date":"2021-05-11T20:01:54","date_gmt":"2024-05-17T11:09:25","guid":{"rendered":"https:\/\/www.moskito.cz\/?post_type=product&#038;p=340578"},"modified":"2025-05-07T11:15:09","modified_gmt":"2025-05-07T10:15:09","slug":"vrhaci-noz-cold-steel-pro-flight-sport","status":"publish","type":"product","link":"https:\/\/www.moskito.cz\/sk\/produkt\/vrhaci-noz-cold-steel-pro-flight-sport\/","title":{"rendered":"Vrhac\u00ed N\u00f4\u017e Cold Steel Pro Flight Sport"},"content":{"rendered":"<p>Vrhac\u00ed N\u00f4\u017e <strong>Cold Steel<\/strong> Pro Flight Sport.<\/p>\n<p>Celkov\u00e1 d\u013a\u017eka no\u017ea je 33 cm. \u010cepe\u013e 1055 uhl\u00edkov\u00e1 oce\u013e. \u010cierny povrch. Rukov\u00e4\u0165: \u010cierna l uhl\u00edkov\u00e1 oce\u013e Jednodielna kon\u0161trukcia so zaostrenou \u0161pi\u010dkou s dvojit\u00fdm okrajom.<\/p>\n","protected":false},"excerpt":{"rendered":"<p>Vrhac\u00ed tr\u00e9ningov\u00fd n\u00f4\u017e.<\/p>\n","protected":false},"featured_media":198162,"comment_status":"open","ping_status":"closed","template":"","meta":[],"pwb-brand":[3598],"product_brand":[],"product_cat":[3186,3541],"product_tag":[],"class_list":{"0":"post-340578","1":"product","2":"type-product","3":"status-publish","4":"has-post-thumbnail","6":"pwb-brand-cold-steel-sk","7":"product_cat-noze-sk","8":"product_cat-vrhacie-noze","10":"first","11":"outofstock","12":"taxable","13":"shipping-taxable","14":"purchasable","15":"product-type-simple"},"brands":[{"id":3598,"name":"Cold Steel","slug":"cold-steel-sk"}],"_links":{"self":[{"href":"https:\/\/www.moskito.cz\/sk\/wp-json\/wp\/v2\/product\/340578","targetHints":{"allow":["GET"]}}],"collection":[{"href":"https:\/\/www.moskito.cz\/sk\/wp-json\/wp\/v2\/product"}],"about":[{"href":"https:\/\/www.moskito.cz\/sk\/wp-json\/wp\/v2\/types\/product"}],"replies":[{"embeddable":true,"href":"https:\/\/www.moskito.cz\/sk\/wp-json\/wp\/v2\/comments?post=340578"}],"wp:featuredmedia":[{"embeddable":true,"href":"https:\/\/www.moskito.cz\/sk\/wp-json\/wp\/v2\/media\/198162"}],"wp:attachment":[{"href":"https:\/\/www.moskito.cz\/sk\/wp-json\/wp\/v2\/media?parent=340578"}],"wp:term":[{"taxonomy":"pwb-brand","embeddable":true,"href":"https:\/\/www.moskito.cz\/sk\/wp-json\/wp\/v2\/pwb-brand?post=340578"},{"taxonomy":"product_brand","embeddable":true,"href":"https:\/\/www.moskito.cz\/sk\/wp-json\/wp\/v2\/product_brand?post=340578"},{"taxonomy":"product_cat","embeddable":true,"href":"https:\/\/www.moskito.cz\/sk\/wp-json\/wp\/v2\/product_cat?post=340578"},{"taxonomy":"product_tag","embeddable":true,"href":"https:\/\/www.moskito.cz\/sk\/wp-json\/wp\/v2\/product_tag?post=340578"}],"curies":[{"name":"wp","href":"https:\/\/api.w.org\/{rel}","templated":true}]}}