{"id":340918,"date":"2024-05-18T00:08:00","date_gmt":"2024-05-17T23:08:00","guid":{"rendered":"https:\/\/www.moskito.cz\/produkt\/zatvaraci-noz-cold-steel-ti-lite-6-lynn-thompson-signature\/"},"modified":"2025-05-07T11:15:21","modified_gmt":"2025-05-07T10:15:21","slug":"zatvaraci-noz-cold-steel-ti-lite-6-lynn-thompson-signature","status":"publish","type":"product","link":"https:\/\/www.moskito.cz\/sk\/produkt\/zatvaraci-noz-cold-steel-ti-lite-6-lynn-thompson-signature\/","title":{"rendered":"Zatv\u00e1rac\u00ed N\u00f4\u017e Cold Steel Ti-Lite 6&#8243; Lynn Thompson Signature"},"content":{"rendered":"<p>Zatv\u00e1rac\u00ed N\u00f4\u017e <strong>Cold Steel<\/strong> Ti-Lite 6&#8243; Lynn Thompson Signature.<\/p>\n<p>To je v\u00e1\u017eny sen zberate\u013eov no\u017eov. Obmedzen\u00e9 na 3000 kusov po celom svete, ka\u017ed\u00fd n\u00f4\u017e je vyryt\u00fd Lynnov\u00fdm podpisom a jedine\u010dn\u00fdm s\u00e9riov\u00fdm \u010d\u00edslom. Ka\u017ed\u00e1 \u0161katu\u013ea je podp\u00edsan\u00e1 Lynn!<\/p>\n<p>\u00daplne nov\u00fd zatv\u00e1rac\u00ed n\u00f4\u017e <strong>Lynn Thompson Signature Cold Steel Tri-Lite<\/strong> , ktor\u00fd je s\u00fa\u010das\u0165ou kolekcie Lynn Thompson Signature, vytvorenej v\u00fdhradne spolo\u010dnos\u0165ou Cold Steel, je skuto\u010dn\u00fdm majstrovsk\u00fdm dielom \u2013 vykovan\u00fdm pre neporovnate\u013en\u00fa presnos\u0165 a v\u00fdnimo\u010dn\u00fa silu. Ti-Lite, vytvoren\u00fd v spolupr\u00e1ci s Lynn Thompson, renomovanou priekopn\u00ed\u010dkou v odbore no\u017eov, ktorej odborn\u00e9 znalosti a v\u00e1\u0161e\u0148 pre \u010depele presvitaj\u00fa v ka\u017edom detaile, je nevyhnutn\u00fdm doplnkom ka\u017edej zbierky, vyslovene.<\/p>\n<p>Jeho srdcom je v\u00fdnimo\u010dn\u00e1 6-palcov\u00e1 \u010depe\u013e z nerezovej ocele S35VN, ktor\u00e1 sa m\u00f4\u017ee pochv\u00e1li\u0165 v\u00fdnimo\u010dnou odolnos\u0165ou a zachovan\u00edm ostria, \u010do zais\u0165uje, \u017ee v\u00e1\u0161 nov\u00fd spo\u013eahliv\u00fd n\u00e1stroj zostane ostr\u00fd ako britva aj pri t\u00fdch najn\u00e1ro\u010dnej\u0161\u00edch EDC \u00faloh\u00e1ch. T\u00e1to robustn\u00e1 \u010depe\u013e sa prip\u00e1ja k pevnej 7-palcovej rukov\u00e4ti G10, ktor\u00e1 poskytuje ist\u00fd, nek\u013azav\u00fd \u00fachop za ak\u00fdchko\u013evek podmienok a z\u00e1rove\u0148 sa prisp\u00f4sob\u00ed va\u0161ej ruke a bojuje proti \u00fanave pri dlh\u0161ej pr\u00e1ci. Dohromady to znamen\u00e1, \u017ee m\u00e1te k dispoz\u00edcii celkom 13 palcov v\u0161estrann\u00e9ho rezn\u00e9ho v\u00fdkonu, ktor\u00fd zvl\u00e1dne v\u0161etko \u2013 od kr\u00e1jania po prepichovanie a v\u0161etko medzi t\u00fdm.<\/p>\n<p>Navy\u0161e sa v\u010faka spo\u013eahliv\u00e9mu z\u00e1mku Spring Leaf Lock \u013eahko otv\u00e1ra a zatv\u00e1ra iba jednou rukou a bezpe\u010dne sa uzamkne na mieste, ke\u010f zapadne, tak\u017ee sa nikdy nemus\u00edte ob\u00e1va\u0165 n\u00e1hodn\u00e9ho zatvorenia. A preto\u017ee v\u00e1\u017ei iba 7,6 unc\u00ed, budete ho m\u00f4c\u0165 pohodlne nosi\u0165 na opasku, vo vrecku, na batohu alebo kdeko\u013evek inde, bez toho aby ste sa c\u00edtili obmedzovan\u00ed zbyto\u010dnou z\u00e1\u0165a\u017eou alebo objemom. Tu m\u00e1te, Lynn Thompson Signature Cold Steel Tri-Lite. Tento presn\u00fd n\u00e1stroj je ove\u013ea viac ne\u017e len \u010fal\u0161\u00ed zatv\u00e1rac\u00ed n\u00f4\u017e a je skon\u0161truovan\u00fd tak, aby vydr\u017eal n\u00e1ro\u010dn\u00e9 pou\u017eitie v najdrsnej\u0161\u00edch vonkaj\u0161\u00edch podmienkach, tak\u017ee je dokonal\u00fdm partnerom pre v\u0161etky va\u0161e nadch\u00e1dzaj\u00face dobrodru\u017estv\u00e1.<\/p>\n<p>\u2022 Vytvoren\u00e9 exkluz\u00edvne pre Cold Steel v spolupr\u00e1ci s odborn\u00edkom na no\u017ee Lynn Thompson<br \/>\n\u2022 Odoln\u00e1, 6-palcov\u00e1 \u010depe\u013e z nerezovej ocele S35VN si zachov\u00e1va svoje ostrie aj pri n\u00e1ro\u010dn\u00fdch \u00faloh\u00e1ch<br \/>\n\u2022 Rukov\u00e4\u0165 G10 zais\u0165uje proti\u0161mykov\u00fd \u00fachop aj za mokra<br \/>\n\u2022 \u013dahk\u00e1, 13-palcov\u00e1 kon\u0161trukcia je ide\u00e1lna na ka\u017edodenn\u00e9 nosenie<br \/>\n\u2022 Dostato\u010dne univerz\u00e1lne, aby zvl\u00e1dol v\u0161etko od kr\u00e1jania po prepichnutie a \u010fal\u0161ie<\/p>\n<p>Druh poistky: linerlock<br \/>\nOce\u013e: CPM-S35VN<br \/>\nD\u013a\u017eka \u010depele: 15.2 cm<br \/>\nMateri\u00e1l rukov\u00e4te: G10<br \/>\nFarba: Zelen\u00e1<br \/>\nD\u013a\u017eka rukov\u00e4te: 177 mm<br \/>\nHr\u00fabka \u010depele: 0.4 cm<br \/>\nCelkov\u00e1 ve\u013ekos\u0165: 33 cm<br \/>\nHmotnos\u0165: 215 g<\/p>\n<p><iframe title=\"COLD STEEL&#039;S LYNN THOMPSON SIGNATURE SERIES TI LITE\" width=\"800\" height=\"450\" src=\"https:\/\/www.youtube.com\/embed\/TpPZQr5jN84?feature=oembed\" frameborder=\"0\" allow=\"accelerometer; autoplay; clipboard-write; encrypted-media; gyroscope; picture-in-picture; web-share\" referrerpolicy=\"strict-origin-when-cross-origin\" allowfullscreen><\/iframe><\/p>\n<p>&nbsp;<\/p>\n","protected":false},"excerpt":{"rendered":"<p><strong>To je v\u00e1\u017eny sen zberate\u013eov no\u017eov. Obmedzen\u00e9 na 3000 kusov po celom svete, ka\u017ed\u00fd n\u00f4\u017e je vyryt\u00fd Lynnov\u00fdm podpisom a jedine\u010dn\u00fdm s\u00e9riov\u00fdm \u010d\u00edslom.<\/strong><\/p>\n<p><strong>Doprava zadarmo.<\/strong><\/p>\n","protected":false},"featured_media":340846,"comment_status":"open","ping_status":"closed","template":"","meta":[],"pwb-brand":[3598],"product_brand":[],"product_cat":[3233,3186],"product_tag":[3668],"class_list":{"0":"post-340918","1":"product","2":"type-product","3":"status-publish","4":"has-post-thumbnail","6":"pwb-brand-cold-steel-sk","7":"product_cat-zatvaracie-noze","8":"product_cat-noze-sk","9":"product_tag-b2b-sk","11":"first","12":"instock","13":"taxable","14":"shipping-taxable","15":"purchasable","16":"product-type-simple"},"brands":[{"id":3598,"name":"Cold Steel","slug":"cold-steel-sk"}],"_links":{"self":[{"href":"https:\/\/www.moskito.cz\/sk\/wp-json\/wp\/v2\/product\/340918","targetHints":{"allow":["GET"]}}],"collection":[{"href":"https:\/\/www.moskito.cz\/sk\/wp-json\/wp\/v2\/product"}],"about":[{"href":"https:\/\/www.moskito.cz\/sk\/wp-json\/wp\/v2\/types\/product"}],"replies":[{"embeddable":true,"href":"https:\/\/www.moskito.cz\/sk\/wp-json\/wp\/v2\/comments?post=340918"}],"wp:featuredmedia":[{"embeddable":true,"href":"https:\/\/www.moskito.cz\/sk\/wp-json\/wp\/v2\/media\/340846"}],"wp:attachment":[{"href":"https:\/\/www.moskito.cz\/sk\/wp-json\/wp\/v2\/media?parent=340918"}],"wp:term":[{"taxonomy":"pwb-brand","embeddable":true,"href":"https:\/\/www.moskito.cz\/sk\/wp-json\/wp\/v2\/pwb-brand?post=340918"},{"taxonomy":"product_brand","embeddable":true,"href":"https:\/\/www.moskito.cz\/sk\/wp-json\/wp\/v2\/product_brand?post=340918"},{"taxonomy":"product_cat","embeddable":true,"href":"https:\/\/www.moskito.cz\/sk\/wp-json\/wp\/v2\/product_cat?post=340918"},{"taxonomy":"product_tag","embeddable":true,"href":"https:\/\/www.moskito.cz\/sk\/wp-json\/wp\/v2\/product_tag?post=340918"}],"curies":[{"name":"wp","href":"https:\/\/api.w.org\/{rel}","templated":true}]}}