{"id":341020,"date":"2024-05-18T00:31:48","date_gmt":"2024-05-17T23:31:48","guid":{"rendered":"https:\/\/www.moskito.cz\/produkt\/zatvaraci-noz-cold-steel-5-max\/"},"modified":"2025-05-07T11:15:23","modified_gmt":"2025-05-07T10:15:23","slug":"zatvaraci-noz-cold-steel-5-max","status":"publish","type":"product","link":"https:\/\/www.moskito.cz\/sk\/produkt\/zatvaraci-noz-cold-steel-5-max\/","title":{"rendered":"Zatv\u00e1rac\u00ed N\u00f4\u017e Cold Steel 5-MAX"},"content":{"rendered":"<p>Zatv\u00e1rac\u00ed N\u00f4\u017e <strong>Cold Steel<\/strong> 5-MAX.<\/p>\n<p>Predstavujeme <strong>Cold Steel 5 Max<\/strong> , n\u00e1stroj, ktor\u00fd potrebujete na uvo\u013enenie svojho vn\u00fatorn\u00e9ho dobrodruha! Vych\u00e1dza z najpred\u00e1vanej\u0161ieho 4 Max, teraz s dlh\u0161ou \u010depe\u013eou a dosahom.<\/p>\n<p>T\u00e1to zlo\u017eka, vytvoren\u00e1 v spolupr\u00e1ci s dizajn\u00e9rom no\u017eov Andrewom Demkom, zn\u00e1mym v\u00fdrobou niektor\u00fdch z najlep\u0161\u00edch a najodolnej\u0161\u00edch no\u017eov na svete, sa m\u00f4\u017ee pochv\u00e1li\u0165 impozantnou, ako britva ostrou 5-palcovou \u010depe\u013eou vyrobenou z vysoko kvalitnej ocele S35VN. Tento pr\u00e9miov\u00fd materi\u00e1l zais\u0165uje v\u00fdnimo\u010dn\u00e9 zachovanie hr\u00e1n a neuverite\u013en\u00fa odolnos\u0165 proti kor\u00f3zii, ktor\u00e1 \u013eahko odol\u00e1 roky p\u00f4sobenia. \u010cierna povrchov\u00e1 \u00faprava \u010depele navy\u0161e rob\u00ed \u010depe\u013e e\u0161te odolnej\u0161ou a dod\u00e1va n\u00e1dych sofistikovanosti pre dokonal\u00e9 spojenie \u0161t\u00fdlu a hmoty.<\/p>\n<p>Pripojen\u00e1 je tmavo zelen\u00e1, ergonomicky navrhnut\u00e1 rukov\u00e4\u0165 G10, ktor\u00e1 poskytuje vynikaj\u00facu trakciu pre pevn\u00e9 dr\u017eanie, a to aj pri pr\u00e1ci v najn\u00e1ro\u010dnej\u0161\u00edch vonkaj\u0161\u00edch podmienkach. V\u010faka presl\u00e1ven\u00e9mu z\u00e1mku Tri-Ad Lock od <strong>Cold Steel<\/strong> m\u00f4\u017eete veri\u0165, \u017ee va\u0161a \u010depe\u013e zostane po\u010das pou\u017e\u00edvania bezpe\u010dne na svojom mieste a poskytne v\u00e1m pokoj a vynikaj\u00faci v\u00fdkon bez starost\u00ed, ke\u010f to najviac potrebujete.<\/p>\n<p>S celkovou d\u013a\u017ekou 12 1\/8 palca je <strong>5 Max<\/strong> v\u0161estrann\u00fdm n\u00e1strojom schopn\u00fdm zvl\u00e1dnu\u0165 \u0161irok\u00fa \u0161k\u00e1lu \u00faloh \u2013 od kr\u00e1jania cez tuh\u00e9 materi\u00e1ly a\u017e po presn\u00e9 rezanie \u2013 tento n\u00f4\u017e je vhodn\u00fd pre ka\u017ed\u00fa v\u00fdzvu a kedyko\u013evek. \u0160k\u00e1rujte t\u00fato d\u013a\u017eku s hr\u00fabkou 4,8 mm a 12,4 unca. hmotnos\u0165 a m\u00e1te p\u00f4sobivo robustn\u00fd a spo\u013eahliv\u00fd n\u00e1stroj navrhnut\u00fd tak, aby prekonal va\u0161e o\u010dak\u00e1vania aj v t\u00fdch najn\u00e1ro\u010dnej\u0161\u00edch podnikoch.<\/p>\n<p>Vytvoren\u00e9 v spolupr\u00e1ci so svetovo uzn\u00e1van\u00fdm dizajn\u00e9rom no\u017eov Andrewom Demkom<br \/>\nV\u0161estrann\u00e9 n\u00e1radie obstoj\u00ed v rade n\u00e1ro\u010dn\u00fdch vonkaj\u0161\u00edch \u00faloh<br \/>\nM\u00f4\u017ee sa pochv\u00e1li\u0165 5-palcovou \u010depe\u013eou kovanou z ocele S35VN pre v\u00fdnimo\u010dn\u00e9 zachovanie ostria<br \/>\n\u010cierna umyt\u00e1 \u010depe\u013e pre lep\u0161iu odolnos\u0165 a sofistikovan\u00fd vzh\u013ead<br \/>\nRukov\u00e4\u0165 G10 zais\u0165uje proti\u0161mykov\u00fd \u00fachop aj za nepriazniv\u00fdch poveternostn\u00fdch podmienok<br \/>\nRobustn\u00e1 celkov\u00e1 d\u013a\u017eka 12 1\/8 palca a hr\u00fabka \u010depele 4,8 mm<\/p>\n<p>Hmotnos\u0165: 351 g<br \/>\nMateri\u00e1l rukov\u00e4te: G10<br \/>\nFarba: \u010cierna\/Zelen\u00e1<br \/>\nCelkov\u00e1 ve\u013ekos\u0165: 31.1 cm<br \/>\nD\u013a\u017eka rukov\u00e4te: 18.4 cm<br \/>\nHr\u00fabka \u010depele: 0.48 cm<br \/>\nDruh poistky: Tri-Ad Lock<br \/>\nOce\u013e: CPM-S35VN<br \/>\nD\u013a\u017eka \u010depele: 12.7 cm<\/p>\n<p><iframe title=\"COLD STEEL 5 MAX KNIFE\" width=\"800\" height=\"450\" src=\"https:\/\/www.youtube.com\/embed\/OXPJxUYR3dg?feature=oembed\" frameborder=\"0\" allow=\"accelerometer; autoplay; clipboard-write; encrypted-media; gyroscope; picture-in-picture; web-share\" referrerpolicy=\"strict-origin-when-cross-origin\" allowfullscreen><\/iframe><\/p>\n<p>&nbsp;<\/p>\n","protected":false},"excerpt":{"rendered":"<p><strong>Predstavujeme Cold Steel 5 Max, n\u00e1stroj, ktor\u00fd potrebujete na uvo\u013enenie svojho vn\u00fatorn\u00e9ho dobrodruha!<\/strong><\/p>\n<p><strong>Doprava zadarmo.<\/strong><\/p>\n","protected":false},"featured_media":340931,"comment_status":"open","ping_status":"closed","template":"","meta":[],"pwb-brand":[3598],"product_brand":[],"product_cat":[3233,3186],"product_tag":[3668],"class_list":{"0":"post-341020","1":"product","2":"type-product","3":"status-publish","4":"has-post-thumbnail","6":"pwb-brand-cold-steel-sk","7":"product_cat-zatvaracie-noze","8":"product_cat-noze-sk","9":"product_tag-b2b-sk","11":"first","12":"instock","13":"taxable","14":"shipping-taxable","15":"purchasable","16":"product-type-simple"},"brands":[{"id":3598,"name":"Cold Steel","slug":"cold-steel-sk"}],"_links":{"self":[{"href":"https:\/\/www.moskito.cz\/sk\/wp-json\/wp\/v2\/product\/341020","targetHints":{"allow":["GET"]}}],"collection":[{"href":"https:\/\/www.moskito.cz\/sk\/wp-json\/wp\/v2\/product"}],"about":[{"href":"https:\/\/www.moskito.cz\/sk\/wp-json\/wp\/v2\/types\/product"}],"replies":[{"embeddable":true,"href":"https:\/\/www.moskito.cz\/sk\/wp-json\/wp\/v2\/comments?post=341020"}],"wp:featuredmedia":[{"embeddable":true,"href":"https:\/\/www.moskito.cz\/sk\/wp-json\/wp\/v2\/media\/340931"}],"wp:attachment":[{"href":"https:\/\/www.moskito.cz\/sk\/wp-json\/wp\/v2\/media?parent=341020"}],"wp:term":[{"taxonomy":"pwb-brand","embeddable":true,"href":"https:\/\/www.moskito.cz\/sk\/wp-json\/wp\/v2\/pwb-brand?post=341020"},{"taxonomy":"product_brand","embeddable":true,"href":"https:\/\/www.moskito.cz\/sk\/wp-json\/wp\/v2\/product_brand?post=341020"},{"taxonomy":"product_cat","embeddable":true,"href":"https:\/\/www.moskito.cz\/sk\/wp-json\/wp\/v2\/product_cat?post=341020"},{"taxonomy":"product_tag","embeddable":true,"href":"https:\/\/www.moskito.cz\/sk\/wp-json\/wp\/v2\/product_tag?post=341020"}],"curies":[{"name":"wp","href":"https:\/\/api.w.org\/{rel}","templated":true}]}}