{"id":341132,"date":"2024-05-18T01:05:26","date_gmt":"2024-05-18T00:05:26","guid":{"rendered":"https:\/\/www.moskito.cz\/produkt\/zatvaraci-noz-cold-steel-karve\/"},"modified":"2025-05-07T11:15:25","modified_gmt":"2025-05-07T10:15:25","slug":"zatvaraci-noz-cold-steel-karve","status":"publish","type":"product","link":"https:\/\/www.moskito.cz\/sk\/produkt\/zatvaraci-noz-cold-steel-karve\/","title":{"rendered":"Zatv\u00e1rac\u00ed N\u00f4\u017e Cold Steel KARVE"},"content":{"rendered":"<p>Zatv\u00e1rac\u00ed N\u00f4\u017e <strong>Cold Steel<\/strong> KARVE.<\/p>\n<p>Kone\u010dne zatv\u00e1rac\u00ed n\u00f4\u017e, ktor\u00fd je tak\u00fd v\u0161estrann\u00fd a impozantn\u00fd, ako je estetick\u00fd. Novinka od <strong>Cold Steel<\/strong> , Karve je vikingsk\u00fdm a americk\u00fdm in\u017einierstvom navrhnut\u00fd doplnok k na\u0161ej rozsiahlej rade vysoko v\u00fdkonn\u00fdch n\u00e1strojov a pr\u00edborov, ktor\u00e9 umo\u017e\u0148uj\u00fa r\u00fdchlu pr\u00e1cu na ka\u017edej vonkaj\u0161ej \u00falohe na va\u0161om zozname.<\/p>\n<p>V\u010faka svojej kamennej 3,75-palcovej oce\u013eovej \u010depeli AUS 10A sa Karve m\u00f4\u017ee pochv\u00e1li\u0165 vynikaj\u00facim zachovan\u00edm ostria a odolnos\u0165ou proti kor\u00f3zii, tak\u017ee si m\u00f4\u017eete by\u0165 ist\u00ed, \u017ee v\u00e1\u0161 n\u00e1stroj bude pripraven\u00fd na pr\u00e1cu po mnoho rokov. N\u00e1\u0161 robustn\u00fd, \u013eahko ovl\u00e1date\u013en\u00fd uzamykac\u00ed mechanizmus Atlas\u00ae zais\u0165uje \u010depe\u013e na mieste, ke\u010f je zapojen\u00e1, aby ste boli v bezpe\u010d\u00ed a bez starost\u00ed pri ka\u017edom pou\u017eit\u00ed. A pri hr\u00fabke 3,8 mm je \u010depe\u013e dostato\u010dne robustn\u00e1, aby zvl\u00e1dla ak\u00fako\u013evek v\u00fdzvu, ktor\u00fa pred \u0148ou postav\u00edte, a pritom dostato\u010dne \u0161picat\u00e1, aby umo\u017enila zlo\u017eit\u00fa pr\u00e1cu s detailmi a bezkonkuren\u010dn\u00fd prienik \u2013 to v\u0161etko znamen\u00e1, \u017ee m\u00f4\u017eete bez ob\u00e1v pos\u00fava\u0165 svoje outdoorov\u00e9 aktivity na maximum. obmedzi\u0165.<\/p>\n<p>K \u010depeli je pripevnen\u00e1 odoln\u00e1, a napriek tomu \u013eahk\u00e1 rukov\u00e4\u0165 G10, zn\u00e1ma svojou schopnos\u0165ou zaisti\u0165 pevn\u00fd, nek\u013azav\u00fd \u00fachop a z\u00e1rove\u0148 odol\u00e1va\u0165 opotrebovaniu. V kombin\u00e1cii to vedie k no\u017eu o d\u013a\u017eke 8 5\/8 palca a hmotnosti iba 5,5 unca, \u010do z neho rob\u00ed perfektn\u00fd predmet na ka\u017edodenn\u00e9 nosenie. Tak\u017ee, \u010di u\u017e ste outdoorov\u00fd nad\u0161enec, taktick\u00fd pou\u017e\u00edvate\u013e alebo len h\u013ead\u00e1te univerz\u00e1lny n\u00f4\u017e, ktor\u00fd by ste zavesili do vrecka, u\u017e neh\u013eadajte &#8211; je to Cold Steel Karve. M\u00f4\u017ee sa pochv\u00e1li\u0165 3,75&#8243; a 3,8 mm hrubou \u010depe\u013eou z ocele AUS 10A ostr\u00fa ako britva<\/p>\n<p>&#8211; \u010cepe\u013e AUS 10A odol\u00e1va kor\u00f3zii a zachov\u00e1va si svoje ostrie aj po roky tvrd\u00e9ho pou\u017e\u00edvania<br \/>\n&#8211; Odoln\u00fd uzamykac\u00ed mechanizmus Atlas zais\u0165uje \u010depe\u013e na mieste, aby ste boli po\u010das pou\u017e\u00edvania v bezpe\u010d\u00ed<br \/>\n&#8211; Robustn\u00e1, \u013eahk\u00e1 rukov\u00e4\u0165 G10 podporuje ist\u00e9 a pevn\u00e9 dr\u017eanie za ak\u00fdchko\u013evek podmienok<br \/>\n&#8211; Kompaktn\u00fd 8 D\u013a\u017eka 5\/8 palca a hmotnos\u0165 5,5 unca z neho robia ide\u00e1lny pre ka\u017edodenn\u00e9 nosenie<\/p>\n<p>Materi\u00e1l rukov\u00e4te: G10<br \/>\nD\u013a\u017eka rukov\u00e4te: 12.4 cm<br \/>\nD\u013a\u017eka \u010depele: 9.5 cm<br \/>\nDruh poistky: Atlas<br \/>\nHmotnos\u0165: 156 g<br \/>\nCelkov\u00e1 ve\u013ekos\u0165: 21.9 cm<br \/>\nOce\u013e: AUS 10A<br \/>\nHr\u00fabka \u010depele: 0.38 cm<br \/>\nFarba: \u010cierna<\/p>\n<p><iframe title=\"COLD STEEL KARVE\" width=\"800\" height=\"450\" src=\"https:\/\/www.youtube.com\/embed\/6-jbR2s4Geg?feature=oembed\" frameborder=\"0\" allow=\"accelerometer; autoplay; clipboard-write; encrypted-media; gyroscope; picture-in-picture; web-share\" referrerpolicy=\"strict-origin-when-cross-origin\" allowfullscreen><\/iframe><\/p>\n<p>&nbsp;<\/p>\n","protected":false},"excerpt":{"rendered":"<p><strong>Kone\u010dne zatv\u00e1rac\u00ed n\u00f4\u017e, ktor\u00fd je tak\u00fd v\u0161estrann\u00fd a impozantn\u00fd, ako je estetick\u00fd.<\/strong><\/p>\n","protected":false},"featured_media":341078,"comment_status":"open","ping_status":"closed","template":"","meta":[],"pwb-brand":[3598],"product_brand":[],"product_cat":[3233,3186],"product_tag":[3668],"class_list":{"0":"post-341132","1":"product","2":"type-product","3":"status-publish","4":"has-post-thumbnail","6":"pwb-brand-cold-steel-sk","7":"product_cat-zatvaracie-noze","8":"product_cat-noze-sk","9":"product_tag-b2b-sk","11":"first","12":"instock","13":"taxable","14":"shipping-taxable","15":"purchasable","16":"product-type-simple"},"brands":[{"id":3598,"name":"Cold Steel","slug":"cold-steel-sk"}],"_links":{"self":[{"href":"https:\/\/www.moskito.cz\/sk\/wp-json\/wp\/v2\/product\/341132","targetHints":{"allow":["GET"]}}],"collection":[{"href":"https:\/\/www.moskito.cz\/sk\/wp-json\/wp\/v2\/product"}],"about":[{"href":"https:\/\/www.moskito.cz\/sk\/wp-json\/wp\/v2\/types\/product"}],"replies":[{"embeddable":true,"href":"https:\/\/www.moskito.cz\/sk\/wp-json\/wp\/v2\/comments?post=341132"}],"wp:featuredmedia":[{"embeddable":true,"href":"https:\/\/www.moskito.cz\/sk\/wp-json\/wp\/v2\/media\/341078"}],"wp:attachment":[{"href":"https:\/\/www.moskito.cz\/sk\/wp-json\/wp\/v2\/media?parent=341132"}],"wp:term":[{"taxonomy":"pwb-brand","embeddable":true,"href":"https:\/\/www.moskito.cz\/sk\/wp-json\/wp\/v2\/pwb-brand?post=341132"},{"taxonomy":"product_brand","embeddable":true,"href":"https:\/\/www.moskito.cz\/sk\/wp-json\/wp\/v2\/product_brand?post=341132"},{"taxonomy":"product_cat","embeddable":true,"href":"https:\/\/www.moskito.cz\/sk\/wp-json\/wp\/v2\/product_cat?post=341132"},{"taxonomy":"product_tag","embeddable":true,"href":"https:\/\/www.moskito.cz\/sk\/wp-json\/wp\/v2\/product_tag?post=341132"}],"curies":[{"name":"wp","href":"https:\/\/api.w.org\/{rel}","templated":true}]}}