{"id":341202,"date":"2024-05-18T10:49:46","date_gmt":"2024-05-18T12:06:52","guid":{"rendered":"https:\/\/www.moskito.cz\/produkt\/zatvaraci-noz-cold-steel-engage-tanto\/"},"modified":"2025-05-07T11:15:27","modified_gmt":"2025-05-07T10:15:27","slug":"zatvaraci-noz-cold-steel-engage-tanto","status":"publish","type":"product","link":"https:\/\/www.moskito.cz\/sk\/produkt\/zatvaraci-noz-cold-steel-engage-tanto\/","title":{"rendered":"Zatv\u00e1rac\u00ed N\u00f4\u017e Cold Steel ENGAGE TANTO"},"content":{"rendered":"<p>Zatv\u00e1rac\u00ed N\u00f4\u017e <strong>Cold Steel<\/strong> ENGAGE TANTO.<\/p>\n<p><strong>Engage<\/strong> , navrhnut\u00fd pre sebavedom\u00e9 ka\u017edodenn\u00e9 nosenie, je n\u00f4\u017e s bohat\u00fdmi funkciami z 3palcovej nerezovej ocele 4116, ktor\u00e1 je odoln\u00e1 a \u013eahko sa br\u00fasi. V\u010faka patentovan\u00e9mu klzn\u00e9mu z\u00e1mku Atlas\u2122 od Cold Steel, ktor\u00fd zais\u0165uje siln\u00e9 a spo\u013eahliv\u00e9 uzavretie, je \u00faplne obojstrann\u00fd a plne schopn\u00fd splni\u0165 ak\u00fako\u013evek ka\u017edodenn\u00fa \u00falohu. \u013dahko uchopite\u013en\u00e1 rukov\u00e4\u0165 GFN je prestavan\u00e1, aby udr\u017eala roky pou\u017e\u00edvania a je k dispoz\u00edcii na v\u00fdber z troch farieb. Existuj\u00fa dve mo\u017enosti tvaru \u010depele \u2013 tant a. bod klipu.<\/p>\n<p>Nov\u00e9 no\u017ee Engage zna\u010dky Cold Steel s\u00fa k dispoz\u00edcii v \u0161irokej \u0161k\u00e1le \u010depe\u013eov\u00fdch ocel\u00ed a tvarov \u2013 av r\u00f4znych cenov\u00fdch hladin\u00e1ch \u2013 s\u00fa predur\u010den\u00e9 na to, aby sa stali hviezdami ka\u017edodenn\u00e9ho nosenia. Tieto pr\u00e9miov\u00e9 EDC no\u017ee s\u00fa plne obojstrann\u00e9 a s\u00fa navrhnut\u00e9 tak, aby si s istotou poradili s ka\u017edou pr\u00edle\u017eitos\u0165ou, s patentovan\u00fdm posuvn\u00fdm z\u00e1mkom Atlas \u2122 Lock, ktor\u00fd pon\u00faka odoln\u00e9, siln\u00e9 a spo\u013eahliv\u00e9 zamykanie.<\/p>\n<p>\u010cepe\u013e: 4116<\/p>\n<p>Blade style: Tanto<\/p>\n<p>Povrchov\u00e1 \u00faprava \u010depele: Black Stonewash<\/p>\n<p>Z\u00e1mok: Atlas\u00ae Lock<\/p>\n<p>Otv\u00e1rac\u00ed mechanizmus: Kol\u00ed\u010dek, obe strany<\/p>\n<p>V\u00e1ha: 68 g<\/p>\n<p>Celkov\u00e1 d\u013a\u017eka:: 18.5 cm<\/p>\n<p>D\u013a\u017eka \u010depele: 7.6 cm<\/p>\n<p>D\u013a\u017eka zatvoren\u00e9ho no\u017ea:: 10.5 cm<\/p>\n<p>Hr\u00fabka \u010depele: 0.24 cm<\/p>\n<p><iframe title=\"Cold Steel&#039;s Atlas Lock Test featuring the  new Engage 3.5&quot;\" width=\"800\" height=\"450\" src=\"https:\/\/www.youtube.com\/embed\/nh_7tHY8Ypw?feature=oembed\" frameborder=\"0\" allow=\"accelerometer; autoplay; clipboard-write; encrypted-media; gyroscope; picture-in-picture; web-share\" referrerpolicy=\"strict-origin-when-cross-origin\" allowfullscreen><\/iframe><\/p>\n<p>&nbsp;<\/p>\n<p>&nbsp;<\/p>\n<p>&nbsp;<\/p>\n","protected":false},"excerpt":{"rendered":"<p><strong>Engage, navrhnut\u00fd pre sebavedom\u00e9 ka\u017edodenn\u00e9 nosenie, je n\u00f4\u017e s bohat\u00fdmi funkciami z 3-palcovej nerezovej ocele 4116, ktor\u00e1 je odoln\u00e1 a \u013eahko sa br\u00fasi.<\/strong><\/p>\n","protected":false},"featured_media":341187,"comment_status":"open","ping_status":"closed","template":"","meta":[],"pwb-brand":[3598],"product_brand":[],"product_cat":[3186,3233],"product_tag":[3668],"class_list":{"0":"post-341202","1":"product","2":"type-product","3":"status-publish","4":"has-post-thumbnail","6":"pwb-brand-cold-steel-sk","7":"product_cat-noze-sk","8":"product_cat-zatvaracie-noze","9":"product_tag-b2b-sk","11":"first","12":"instock","13":"taxable","14":"shipping-taxable","15":"purchasable","16":"product-type-simple"},"brands":[{"id":3598,"name":"Cold Steel","slug":"cold-steel-sk"}],"_links":{"self":[{"href":"https:\/\/www.moskito.cz\/sk\/wp-json\/wp\/v2\/product\/341202","targetHints":{"allow":["GET"]}}],"collection":[{"href":"https:\/\/www.moskito.cz\/sk\/wp-json\/wp\/v2\/product"}],"about":[{"href":"https:\/\/www.moskito.cz\/sk\/wp-json\/wp\/v2\/types\/product"}],"replies":[{"embeddable":true,"href":"https:\/\/www.moskito.cz\/sk\/wp-json\/wp\/v2\/comments?post=341202"}],"wp:featuredmedia":[{"embeddable":true,"href":"https:\/\/www.moskito.cz\/sk\/wp-json\/wp\/v2\/media\/341187"}],"wp:attachment":[{"href":"https:\/\/www.moskito.cz\/sk\/wp-json\/wp\/v2\/media?parent=341202"}],"wp:term":[{"taxonomy":"pwb-brand","embeddable":true,"href":"https:\/\/www.moskito.cz\/sk\/wp-json\/wp\/v2\/pwb-brand?post=341202"},{"taxonomy":"product_brand","embeddable":true,"href":"https:\/\/www.moskito.cz\/sk\/wp-json\/wp\/v2\/product_brand?post=341202"},{"taxonomy":"product_cat","embeddable":true,"href":"https:\/\/www.moskito.cz\/sk\/wp-json\/wp\/v2\/product_cat?post=341202"},{"taxonomy":"product_tag","embeddable":true,"href":"https:\/\/www.moskito.cz\/sk\/wp-json\/wp\/v2\/product_tag?post=341202"}],"curies":[{"name":"wp","href":"https:\/\/api.w.org\/{rel}","templated":true}]}}