{"id":341273,"date":"2024-05-19T20:11:47","date_gmt":"2024-05-19T19:13:06","guid":{"rendered":"https:\/\/www.moskito.cz\/produkt\/zatvaraci-noz-cold-steel-verdict-spear\/"},"modified":"2025-05-07T11:15:28","modified_gmt":"2025-05-07T10:15:28","slug":"zatvaraci-noz-cold-steel-verdict-spear","status":"publish","type":"product","link":"https:\/\/www.moskito.cz\/sk\/produkt\/zatvaraci-noz-cold-steel-verdict-spear\/","title":{"rendered":"Zatv\u00e1rac\u00ed N\u00f4\u017e Cold Steel VERDICT SPEAR"},"content":{"rendered":"<p>Zatv\u00e1rac\u00ed N\u00f4\u017e <strong>Cold Steel<\/strong> VERDICT SPEAR.<\/p>\n<p>Verdict je \u013eahk\u00fd, \u013eahko sa otv\u00e1ra a je vybaven\u00fd bezpe\u010dn\u00fdm a bezpe\u010dn\u00fdm z\u00e1mkom Tri-Ad \u00ae od Cold Steel a je ide\u00e1lnou vo\u013ebou pre ka\u017edodenn\u00e9 nosenie. 3-palcov\u00e1 \u010depe\u013e z nerezovej ocele 4116 z kamennej ocele \u013eahko zaberie a dr\u017e\u00ed ostrie. S robustnou rukov\u00e4\u0165ou GFN navrhnutou tak, aby udr\u017eala a\u017e roky tvrd\u00e9ho pou\u017e\u00edvania, je t\u00e1to obojstrann\u00e1 zlo\u017eka k dispoz\u00edcii v kombin\u00e1cii \u0161t\u00fdlov \u010depel\u00ed (bod klipu a hrotu kopije) a farieb rukov\u00e4te.<\/p>\n<p>S\u00e9ria Verdikt:<\/p>\n<p>Verdikt je rozhodnutie a rad zatv\u00e1rac\u00edch no\u017eov Verdict od Cold Steel poskytuje u\u017e\u00edvate\u013eom rozhoduj\u00facu mo\u017enos\u0165 ka\u017edodenn\u00e9ho nosenia ako skalu. Verdict sa vyzna\u010duje osved\u010den\u00fdm a d\u00f4veryhodn\u00fdm z\u00e1mkom Tri-Ad\u00ae a je dod\u00e1van\u00fd s dvoma oce\u013eov\u00fdmi a dvoma materi\u00e1lmi rukov\u00e4te a radom tvarov \u010depel\u00ed.<\/p>\n<p>Oce\u013e: 4116SS<br \/>\nFarba: Stone wash\/\u010dierna<br \/>\nMateri\u00e1l rukov\u00e4te: GFN<br \/>\nHmotnos\u0165: 75 g<br \/>\nHr\u00fabka \u010depele: 0.3 cm<br \/>\nCelkov\u00e1 ve\u013ekos\u0165: 18.5 cm<br \/>\nD\u013a\u017eka rukov\u00e4te: 10.6 cm<br \/>\nD\u013a\u017eka \u010depele: 7.9 cm<\/p>\n<p><iframe title=\"COLD STEEL VERDICT LINE OF KNIVES\" width=\"800\" height=\"450\" src=\"https:\/\/www.youtube.com\/embed\/6vn_iWyLzhQ?feature=oembed\" frameborder=\"0\" allow=\"accelerometer; autoplay; clipboard-write; encrypted-media; gyroscope; picture-in-picture; web-share\" referrerpolicy=\"strict-origin-when-cross-origin\" allowfullscreen><\/iframe><\/p>\n<p>&nbsp;<\/p>\n<p>&nbsp;<\/p>\n","protected":false},"excerpt":{"rendered":"<p><strong>Verdict je \u013eahk\u00fd, \u013eahko sa otv\u00e1ra a je vybaven\u00fd bezpe\u010dn\u00fdm a bezpe\u010dn\u00fdm z\u00e1mkom Tri-Ad \u00ae od Cold Steel a je ide\u00e1lnou vo\u013ebou pre ka\u017edodenn\u00e9 nosenie.<\/strong><\/p>\n","protected":false},"featured_media":341253,"comment_status":"open","ping_status":"closed","template":"","meta":[],"pwb-brand":[3598],"product_brand":[],"product_cat":[3186,3233],"product_tag":[3668],"class_list":{"0":"post-341273","1":"product","2":"type-product","3":"status-publish","4":"has-post-thumbnail","6":"pwb-brand-cold-steel-sk","7":"product_cat-noze-sk","8":"product_cat-zatvaracie-noze","9":"product_tag-b2b-sk","11":"first","12":"instock","13":"taxable","14":"shipping-taxable","15":"purchasable","16":"product-type-simple"},"brands":[{"id":3598,"name":"Cold Steel","slug":"cold-steel-sk"}],"_links":{"self":[{"href":"https:\/\/www.moskito.cz\/sk\/wp-json\/wp\/v2\/product\/341273","targetHints":{"allow":["GET"]}}],"collection":[{"href":"https:\/\/www.moskito.cz\/sk\/wp-json\/wp\/v2\/product"}],"about":[{"href":"https:\/\/www.moskito.cz\/sk\/wp-json\/wp\/v2\/types\/product"}],"replies":[{"embeddable":true,"href":"https:\/\/www.moskito.cz\/sk\/wp-json\/wp\/v2\/comments?post=341273"}],"wp:featuredmedia":[{"embeddable":true,"href":"https:\/\/www.moskito.cz\/sk\/wp-json\/wp\/v2\/media\/341253"}],"wp:attachment":[{"href":"https:\/\/www.moskito.cz\/sk\/wp-json\/wp\/v2\/media?parent=341273"}],"wp:term":[{"taxonomy":"pwb-brand","embeddable":true,"href":"https:\/\/www.moskito.cz\/sk\/wp-json\/wp\/v2\/pwb-brand?post=341273"},{"taxonomy":"product_brand","embeddable":true,"href":"https:\/\/www.moskito.cz\/sk\/wp-json\/wp\/v2\/product_brand?post=341273"},{"taxonomy":"product_cat","embeddable":true,"href":"https:\/\/www.moskito.cz\/sk\/wp-json\/wp\/v2\/product_cat?post=341273"},{"taxonomy":"product_tag","embeddable":true,"href":"https:\/\/www.moskito.cz\/sk\/wp-json\/wp\/v2\/product_tag?post=341273"}],"curies":[{"name":"wp","href":"https:\/\/api.w.org\/{rel}","templated":true}]}}