{"id":341357,"date":"2020-12-03T22:49:32","date_gmt":"2024-05-20T11:15:34","guid":{"rendered":"https:\/\/www.moskito.cz\/produkt\/luxusna-manikura-pfeilring-solingen\/"},"modified":"2025-07-11T07:53:06","modified_gmt":"2025-07-11T06:53:06","slug":"luxusna-manikura-pfeilring-solingen","status":"publish","type":"product","link":"https:\/\/www.moskito.cz\/sk\/produkt\/luxusna-manikura-pfeilring-solingen\/","title":{"rendered":"Luxusn\u00e1 manik\u00fara PFEILRING SOLINGEN"},"content":{"rendered":"<p>Luxusn\u00e1 manik\u00fara PFEILRING SOLINGEN.<br \/>\nLuxusn\u00e1 5 dielna manik\u00fara nemeckej zna\u010dky Pfeilring original Solingen v kvalitnom ko\u017eenom \u010diernom puzdre. Manik\u00fary Solingen s\u00fa presl\u00e1ven\u00e9 svojou dlhou \u017eivotnos\u0165ou a svojim \u0161pi\u010dkov\u00fdm spracovan\u00edm. Puzdro je ve\u013emi prakticky rie\u0161en\u00e9 a uzatv\u00e1ra sa na patent. N\u00e1stroje obsiahnut\u00e9 v manik\u00fare maj\u00fa celo\u017eivotn\u00fa z\u00e1ruku, ktor\u00e1 sa nevz\u0165ahuje na po\u0161kodenie zavinen\u00e9 nespr\u00e1vnym pou\u017eit\u00edm alebo ponechan\u00edm vo vlhkom prostred\u00ed.<\/p>\n<p>Solingen je zn\u00e1mka tej najvy\u0161\u0161ej kvality, jej n\u00e1kupom vs\u00e1dzate na kvalitu a zaru\u010den\u00fa spokojnos\u0165!<\/p>\n<p>Puzdro obsahuje n\u00e1stroje vyroben\u00e9 z niklu:<br \/>\nNo\u017enice na ko\u017ei\u010dku<br \/>\nKlie\u0161te na nechty<br \/>\nZaf\u00edrov\u00fd piln\u00edk<br \/>\nPinzeta \u0161ikm\u00e1<br \/>\nJednostrann\u00fd manik\u00farov\u00fd n\u00e1stroj<\/p>\n<p>Puzdro:<br \/>\nMateri\u00e1l prav\u00e1 ko\u017ea<\/p>\n<p>Farba puzdra:<br \/>\n\u010cierna<\/p>\n<p>Povrchov\u00e1 \u00faprava n\u00e1strojov:<br \/>\nLeskl\u00fd nikel<\/p>\n","protected":false},"excerpt":{"rendered":"<p>Luxusn\u00e1 5 dielna manik\u00fara nemeckej zna\u010dky Pfeilring original Solingen v kvalitnom ko\u017eenom \u010diernom r\u00e1movom puzdre.<br \/>\n<strong>Vyroben\u00e9 v Solingene, do\u017eivotn\u00e1 z\u00e1ruka.<\/strong><\/p>\n","protected":false},"featured_media":175737,"comment_status":"open","ping_status":"closed","template":"","meta":[],"pwb-brand":[3898],"product_brand":[],"product_cat":[3644],"product_tag":[],"class_list":{"0":"post-341357","1":"product","2":"type-product","3":"status-publish","4":"has-post-thumbnail","6":"pwb-brand-pfeilring-solingen-sk","7":"product_cat-manikury-sk","9":"first","10":"instock","11":"taxable","12":"shipping-taxable","13":"purchasable","14":"product-type-simple"},"brands":[{"id":3898,"name":"PFEILRING SOLINGEN","slug":"pfeilring-solingen-sk"}],"_links":{"self":[{"href":"https:\/\/www.moskito.cz\/sk\/wp-json\/wp\/v2\/product\/341357","targetHints":{"allow":["GET"]}}],"collection":[{"href":"https:\/\/www.moskito.cz\/sk\/wp-json\/wp\/v2\/product"}],"about":[{"href":"https:\/\/www.moskito.cz\/sk\/wp-json\/wp\/v2\/types\/product"}],"replies":[{"embeddable":true,"href":"https:\/\/www.moskito.cz\/sk\/wp-json\/wp\/v2\/comments?post=341357"}],"wp:featuredmedia":[{"embeddable":true,"href":"https:\/\/www.moskito.cz\/sk\/wp-json\/wp\/v2\/media\/175737"}],"wp:attachment":[{"href":"https:\/\/www.moskito.cz\/sk\/wp-json\/wp\/v2\/media?parent=341357"}],"wp:term":[{"taxonomy":"pwb-brand","embeddable":true,"href":"https:\/\/www.moskito.cz\/sk\/wp-json\/wp\/v2\/pwb-brand?post=341357"},{"taxonomy":"product_brand","embeddable":true,"href":"https:\/\/www.moskito.cz\/sk\/wp-json\/wp\/v2\/product_brand?post=341357"},{"taxonomy":"product_cat","embeddable":true,"href":"https:\/\/www.moskito.cz\/sk\/wp-json\/wp\/v2\/product_cat?post=341357"},{"taxonomy":"product_tag","embeddable":true,"href":"https:\/\/www.moskito.cz\/sk\/wp-json\/wp\/v2\/product_tag?post=341357"}],"curies":[{"name":"wp","href":"https:\/\/api.w.org\/{rel}","templated":true}]}}