{"id":341411,"date":"2024-05-20T13:39:46","date_gmt":"2024-05-20T12:42:32","guid":{"rendered":"https:\/\/www.moskito.cz\/produkt\/vystrelovaci-noz-microtech-glykon-bayonet-apocalyptic-184-12apnc\/"},"modified":"2025-05-07T11:15:38","modified_gmt":"2025-05-07T10:15:38","slug":"vystrelovaci-noz-microtech-glykon-bayonet-apocalyptic-184-12apnc","status":"publish","type":"product","link":"https:\/\/www.moskito.cz\/sk\/produkt\/vystrelovaci-noz-microtech-glykon-bayonet-apocalyptic-184-12apnc\/","title":{"rendered":"Vystre\u013eovac\u00ed N\u00f4\u017e Microtech Glykon Bayonet Apocalyptic 184-12APNC"},"content":{"rendered":"<p>Vystre\u013eovac\u00ed N\u00f4\u017e <strong>Microtech<\/strong> Glykon Bayonet Apocalyptic 184-12APNC.<\/p>\n<p><strong>Microtech Glyk\u00f3n Bayonet<\/strong> Natural Clear Rukov\u00e4\u0165 s apokalyptick\u00fdm prekryt\u00edm Apocalyptic Full Serrated 184-12APNC<\/p>\n<p>T\u00e1to kr\u00e1sna nov\u00e1 konfigur\u00e1cia Microtech je pomenovan\u00e1 po r\u00edmskom had\u00edm bohu. Tento OTF ur\u010dite zaujme svojou \u00fa\u017easnou silou. \u013dahko zakriven\u00e9 \u0161asi v kombin\u00e1cii s impingom pom\u00e1ha tomuto no\u017eu by\u0165 \u010fal\u0161\u00edm k\u00faskom vo va\u0161om arzen\u00e1li, ktor\u00fd bude ur\u010dite hitom. V\u010faka nov\u00e9mu patentovan\u00e9mu trojstrann\u00e9mu tla\u010didlu je Glyk\u00f3n extr\u00e9mne u\u017e\u00edvate\u013esky pr\u00edvetiv\u00fd. Obojstrann\u00e1 vreckov\u00e1 spona d\u00e1va tomuto no\u017eu skuto\u010dne prisp\u00f4sobite\u013en\u00fd z\u00e1\u017eitok.<\/p>\n<p>Tento model m\u00e1 rukov\u00e4te z pr\u00edrodn\u00e9ho \u010d\u00edreho eloxovan\u00e9ho hlin\u00edka s apokalyptickou povrchovou vrstvou z tit\u00e1nu. Bajonetov\u00e1 \u010depe\u013e z nerezovej ocele M390 s apokalyptickou \u00fapravou s plne z\u00fabkovan\u00fdm ostr\u00edm. Hardv\u00e9r v apokalyptickom preveden\u00ed, obojstrann\u00fd vreckov\u00fd klip a otvor na \u0161n\u00farku. Klip obsahuje inform\u00e1cie o modeli, logo Microtech, s\u00e9riov\u00e9 \u010d\u00edslo a d\u00e1tum v\u00fdroby.<\/p>\n<p>Krajina p\u00f4vodu: USA<br \/>\nMateri\u00e1l rukov\u00e4te: Hlin\u00edk<br \/>\nMateri\u00e1l \u010depele: M390<br \/>\n\u0160t\u00fdl \u010depele: Bajonet<br \/>\nPovrchov\u00e1 \u00faprava \u010depele: Apkoalyptick\u00e1<br \/>\nTyp okraja: Plne vr\u00fabkovan\u00e9<br \/>\nModel\/Vzor: Glyk\u00f3n<br \/>\nTyp no\u017ea: Dvoj\u010dinn\u00e9 automatick\u00e9 OTF<br \/>\nTyp z\u00e1mku: OTF<br \/>\nD\u013a\u017eka \u010depele: 9.37 cm<br \/>\nD\u013a\u017eka v zatvorenom stave: 13.12 cm<br \/>\nCelkov\u00e1 d\u013a\u017eka: 22.5 cm<br \/>\nOce\u013e: M390<\/p>\n<p><iframe title=\"Microtech Combat Troodon Torture Test\" width=\"800\" height=\"450\" src=\"https:\/\/www.youtube.com\/embed\/xE9TeOFYEjg?feature=oembed\" frameborder=\"0\" allow=\"accelerometer; autoplay; clipboard-write; encrypted-media; gyroscope; picture-in-picture; web-share\" referrerpolicy=\"strict-origin-when-cross-origin\" allowfullscreen><\/iframe><\/p>\n<p>&nbsp;<\/p>\n<p>&nbsp;<\/p>\n","protected":false},"excerpt":{"rendered":"<div class=\"elementor-element elementor-element-bbb542b elementor-widget elementor-widget-woocommerce-product-short-description\" data-id=\"bbb542b\" data-element_type=\"widget\" data-widget_type=\"woocommerce-product-short-description.default\">\n<div class=\"elementor-widget-container\">\n<div class=\"woocommerce-product-details__short-description\">\n<p><strong>V priebehu rokov Microtech\u00ae Knives naplnil v\u00e1\u0161\u0148ou a zru\u010dnos\u0165ou v\u00fdrobu no\u017eov, a\u017e z nich vytvoril takmer umeleck\u00e9 diela, ktor\u00e9 s\u00fa vrcholom funk\u010dnosti. V\u0161etky diely s\u00fa vyroben\u00e9 v USA.<\/strong><br \/>\n<strong>Na v\u0161etky no\u017ee Microtech je do\u017eivotn\u00e1 z\u00e1ruka.<\/strong><\/p>\n<p><strong>Doprava zadarmo.<\/strong><\/p>\n<\/div>\n<\/div>\n<\/div>\n","protected":false},"featured_media":341369,"comment_status":"open","ping_status":"closed","template":"","meta":[],"pwb-brand":[3200],"product_brand":[],"product_cat":[3186,3197],"product_tag":[3668],"class_list":{"0":"post-341411","1":"product","2":"type-product","3":"status-publish","4":"has-post-thumbnail","6":"pwb-brand-microtech-sk","7":"product_cat-noze-sk","8":"product_cat-vystrelovacie-noze-sk","9":"product_tag-b2b-sk","11":"first","12":"outofstock","13":"taxable","14":"shipping-taxable","15":"purchasable","16":"product-type-simple"},"brands":[{"id":3200,"name":"Microtech","slug":"microtech-sk"}],"_links":{"self":[{"href":"https:\/\/www.moskito.cz\/sk\/wp-json\/wp\/v2\/product\/341411","targetHints":{"allow":["GET"]}}],"collection":[{"href":"https:\/\/www.moskito.cz\/sk\/wp-json\/wp\/v2\/product"}],"about":[{"href":"https:\/\/www.moskito.cz\/sk\/wp-json\/wp\/v2\/types\/product"}],"replies":[{"embeddable":true,"href":"https:\/\/www.moskito.cz\/sk\/wp-json\/wp\/v2\/comments?post=341411"}],"wp:featuredmedia":[{"embeddable":true,"href":"https:\/\/www.moskito.cz\/sk\/wp-json\/wp\/v2\/media\/341369"}],"wp:attachment":[{"href":"https:\/\/www.moskito.cz\/sk\/wp-json\/wp\/v2\/media?parent=341411"}],"wp:term":[{"taxonomy":"pwb-brand","embeddable":true,"href":"https:\/\/www.moskito.cz\/sk\/wp-json\/wp\/v2\/pwb-brand?post=341411"},{"taxonomy":"product_brand","embeddable":true,"href":"https:\/\/www.moskito.cz\/sk\/wp-json\/wp\/v2\/product_brand?post=341411"},{"taxonomy":"product_cat","embeddable":true,"href":"https:\/\/www.moskito.cz\/sk\/wp-json\/wp\/v2\/product_cat?post=341411"},{"taxonomy":"product_tag","embeddable":true,"href":"https:\/\/www.moskito.cz\/sk\/wp-json\/wp\/v2\/product_tag?post=341411"}],"curies":[{"name":"wp","href":"https:\/\/api.w.org\/{rel}","templated":true}]}}