{"id":341512,"date":"2024-05-20T14:15:48","date_gmt":"2024-05-20T13:18:07","guid":{"rendered":"https:\/\/www.moskito.cz\/produkt\/zatvaraci-noz-microtech-borka-stitch-apocalyptic-169-10ap\/"},"modified":"2025-05-07T11:15:40","modified_gmt":"2025-05-07T10:15:40","slug":"zatvaraci-noz-microtech-borka-stitch-apocalyptic-169-10ap","status":"publish","type":"product","link":"https:\/\/www.moskito.cz\/sk\/produkt\/zatvaraci-noz-microtech-borka-stitch-apocalyptic-169-10ap\/","title":{"rendered":"Zatv\u00e1rac\u00ed N\u00f4\u017e Microtech\/Borka Stitch Apocalyptic 169-10AP"},"content":{"rendered":"<p>Zatv\u00e1rac\u00ed N\u00f4\u017e <strong>Microtech\/Borka<\/strong> Stitch Apocalyptic 169-10AP.<\/p>\n<p><strong>Stitch<\/strong> je kr\u00e1sna taktick\u00e1 spolupr\u00e1ca medzi Tonym Marfione a Sebastijanom Berenjim, AKA Borka. Vyu\u017e\u00edva \u00fa\u017easn\u00fd Sebastijanov dizajn Stitch a sp\u00e1ja ho s \u00fa\u017easn\u00fdm Tonyho automatick\u00fdm otv\u00e1rac\u00edm mechanizmom, aby vytvoril jednu z naj\u00fa\u017easnej\u0161\u00edch produk\u010dn\u00fdch spolupr\u00e1c roku 2017. 3,625&#8243; \u010depe\u013e s hrotom kopije sa vyzna\u010duje ploch\u00fdm br\u00fasen\u00edm, apokalyptick\u00fdm povrchom a ryhovan\u00edm na prstoch a palcovej rampe. vynikaj\u00faca k\u00fapa pri jemnej\u0161\u00edch rezn\u00fdch \u00fakonoch Rukov\u00e4\u0165 je z silne fr\u00e9zovan\u00e9ho hlin\u00edka s \u010diernym eloxovan\u00fdm povrchom Mil-Spec Hardcoat a vyrazen\u00fdm hlin\u00edkov\u00fdm backspacerom Toto je dlho o\u010dak\u00e1van\u00fd produk\u010dn\u00fd model sl\u00e1vneho customu, v\u010faka ktor\u00e9mu m\u00e1te \u0161ancu ma\u0165 n\u00f4\u017e Borka za zlomok ceny.<\/p>\n<p>\u0160pecifik\u00e1cia:<\/p>\n<p>D\u013a\u017eka \u010depele: 8,5 cm<br \/>\nD\u013a\u017eka rukov\u00e4te: 12.5 cm<br \/>\nCelkov\u00e1 d\u013a\u017eka: 21 cm<br \/>\nOce\u013e: M390<br \/>\n\u0160t\u00fdl \u010depele: Spear Point<br \/>\nBr\u00fasenie \u010depele: Ploch\u00e9<br \/>\nPovrchov\u00e1 \u00faprava \u010depele: Apokalyptick\u00e1<br \/>\nMateri\u00e1l rukov\u00e4te: Fr\u00e9zovan\u00fd hlin\u00edk, eloxovan\u00fd tvrd\u00fd povlak Mil-Spec<br \/>\nUzamykac\u00ed mechanizmus: Tla\u010didlo<br \/>\nVreckov\u00e1 spona: Nerezov\u00e1 oce\u013e (vykl\u00e1pacia, prav\u00e9 nosenie)<br \/>\nHmotnos\u0165: 6,3 oz.<br \/>\nDizajn\u00e9ri: Sebastijan Berenji a Tony Marfione<br \/>\nVyroben\u00e9 v USA<\/p>\n<p><iframe title=\"Microtech Combat Troodon Torture Test\" width=\"800\" height=\"450\" src=\"https:\/\/www.youtube.com\/embed\/xE9TeOFYEjg?feature=oembed\" frameborder=\"0\" allow=\"accelerometer; autoplay; clipboard-write; encrypted-media; gyroscope; picture-in-picture; web-share\" referrerpolicy=\"strict-origin-when-cross-origin\" allowfullscreen><\/iframe><\/p>\n<p>&nbsp;<\/p>\n<p>&nbsp;<\/p>\n<p>&nbsp;<\/p>\n","protected":false},"excerpt":{"rendered":"<div class=\"elementor-element elementor-element-bbb542b elementor-widget elementor-widget-woocommerce-product-short-description\" data-id=\"bbb542b\" data-element_type=\"widget\" data-widget_type=\"woocommerce-product-short-description.default\">\n<div class=\"elementor-widget-container\">\n<div class=\"woocommerce-product-details__short-description\">\n<p><strong>V priebehu rokov Microtech\u00ae Knives naplnil v\u00e1\u0161\u0148ou a zru\u010dnos\u0165ou v\u00fdrobu no\u017eov, a\u017e z nich vytvoril takmer umeleck\u00e9 diela, ktor\u00e9 s\u00fa vrcholom funk\u010dnosti. V\u0161etky diely s\u00fa vyroben\u00e9 v USA.<\/strong><br \/>\n<strong>Na v\u0161etky no\u017ee Microtech je do\u017eivotn\u00e1 z\u00e1ruka.<\/strong><\/p>\n<p><strong>Doprava zadarmo.<\/strong><\/p>\n<\/div>\n<\/div>\n<\/div>\n","protected":false},"featured_media":341475,"comment_status":"open","ping_status":"closed","template":"","meta":[],"pwb-brand":[3200],"product_brand":[],"product_cat":[3186,3197],"product_tag":[3668],"class_list":{"0":"post-341512","1":"product","2":"type-product","3":"status-publish","4":"has-post-thumbnail","6":"pwb-brand-microtech-sk","7":"product_cat-noze-sk","8":"product_cat-vystrelovacie-noze-sk","9":"product_tag-b2b-sk","11":"first","12":"instock","13":"taxable","14":"shipping-taxable","15":"purchasable","16":"product-type-simple"},"brands":[{"id":3200,"name":"Microtech","slug":"microtech-sk"}],"_links":{"self":[{"href":"https:\/\/www.moskito.cz\/sk\/wp-json\/wp\/v2\/product\/341512","targetHints":{"allow":["GET"]}}],"collection":[{"href":"https:\/\/www.moskito.cz\/sk\/wp-json\/wp\/v2\/product"}],"about":[{"href":"https:\/\/www.moskito.cz\/sk\/wp-json\/wp\/v2\/types\/product"}],"replies":[{"embeddable":true,"href":"https:\/\/www.moskito.cz\/sk\/wp-json\/wp\/v2\/comments?post=341512"}],"wp:featuredmedia":[{"embeddable":true,"href":"https:\/\/www.moskito.cz\/sk\/wp-json\/wp\/v2\/media\/341475"}],"wp:attachment":[{"href":"https:\/\/www.moskito.cz\/sk\/wp-json\/wp\/v2\/media?parent=341512"}],"wp:term":[{"taxonomy":"pwb-brand","embeddable":true,"href":"https:\/\/www.moskito.cz\/sk\/wp-json\/wp\/v2\/pwb-brand?post=341512"},{"taxonomy":"product_brand","embeddable":true,"href":"https:\/\/www.moskito.cz\/sk\/wp-json\/wp\/v2\/product_brand?post=341512"},{"taxonomy":"product_cat","embeddable":true,"href":"https:\/\/www.moskito.cz\/sk\/wp-json\/wp\/v2\/product_cat?post=341512"},{"taxonomy":"product_tag","embeddable":true,"href":"https:\/\/www.moskito.cz\/sk\/wp-json\/wp\/v2\/product_tag?post=341512"}],"curies":[{"name":"wp","href":"https:\/\/api.w.org\/{rel}","templated":true}]}}